{"id":31755,"date":"2014-08-14T10:15:08","date_gmt":"2014-08-14T08:15:08","guid":{"rendered":"http:\/\/www.bikun.eu\/home-2\/"},"modified":"2017-07-18T17:51:36","modified_gmt":"2017-07-18T15:51:36","slug":"home","status":"publish","type":"page","link":"https:\/\/www.bikun.eu\/de\/","title":{"rendered":"Home"},"content":{"rendered":"<div class=\"wpb-content-wrapper\"><p>[vc_row margin_top=&#8220;-50px&#8220; type=&#8220;1&#8243; bg_repeat=&#8220;repeat&#8220; min_height=&#8220;350px&#8220; el_class=&#8220;homeslidetop&#8220;][vc_column][vc_column_text css_animation=&#8220;fadeInUpBig&#8220; css=&#8220;.vc_custom_1467283946006{margin-top: 32px !important;}&#8220;]<\/p>\n<p><img decoding=\"async\" class=\"aligncenter wp-image-32847 size-full\" src=\"https:\/\/www.bikun.eu\/wp-content\/uploads\/2014\/08\/home_img.png\" alt=\"\" width=\"1177\" height=\"340\" srcset=\"https:\/\/www.bikun.eu\/wp-content\/uploads\/2014\/08\/home_img.png 1177w, https:\/\/www.bikun.eu\/wp-content\/uploads\/2014\/08\/home_img-600x173.png 600w\" sizes=\"(max-width: 1177px) 100vw, 1177px\" \/><\/p>\n<p>[\/vc_column_text][vc_single_image image=&#8220;32853&#8243; img_size=&#8220;full&#8220; alignment=&#8220;center&#8220; css_animation=&#8220;fadeInDownBig&#8220; el_class=&#8220;cnbutton&#8220;][\/vc_column][\/vc_row][vc_row type=&#8220;5&#8243; bg_color=&#8220;#f0f0f0&#8243; bg_repeat=&#8220;repeat-y&#8220; padding_top=&#8220;80&#8243; padding_bottom=&#8220;40&#8243; enable_parallax=&#8220;false&#8220; parallax_speed=&#8220;0.25&#8243;][vc_column offset=&#8220;vc_col-lg-12 vc_col-md-12 vc_col-xs-12&#8243;][vc_column_text css_animation=&#8220;fadeIn&#8220;]<\/p>\n<h1 style=\"text-align: center; font-weight: 200;\">Be Cool, Be Cold<\/h1>\n<p>[\/vc_column_text][vc_empty_space height=&#8220;30px&#8220;][\/vc_column][vc_column offset=&#8220;vc_hidden-xs&#8220;][vc_empty_space height=&#8220;40px&#8220;][\/vc_column][vc_column width=&#8220;1\/2&#8243; offset=&#8220;vc_col-lg-4 vc_col-md-4 vc_col-xs-12&#8243;][vc_empty_space height=&#8220;5px&#8220;][vc_column_text]<\/p>\n<h4 style=\"line-height: 30px;\">Schenken Sie Ihrem K\u00f6rper mit Bikun jede Menge Wohlbefinden und angenehme Frische!<\/h4>\n<p>[\/vc_column_text][vc_empty_space height=&#8220;26px&#8220;]<div class=\"standard-arrow bullet-top\"><ul>\n<li style=\"text-align: left;\">Bringt den Kreislauf in Schwung<\/li>\n<li style=\"text-align: left;\">Lindert Entz\u00fcndungen<\/li>\n<li style=\"text-align: left;\">Regt das Lymphsystem an<\/li>\n<li style=\"text-align: left;\">Befreit den K\u00f6rper von Giftstoffen<\/li>\n<li style=\"text-align: left;\">Bringt die Lebensenergie zur\u00fcck<\/li>\n<li style=\"text-align: left;\">Beseitigt \u00fcberm\u00e4\u00dfige Fl\u00fcssigkeitsansammlungen<\/li>\n<li style=\"text-align: left;\">Anwendung der Reibesitzb\u00e4der<\/li>\n<\/ul>\n<\/div>[vc_empty_space height=&#8220;50px&#8220;][vc_column_text]<\/p>\n<p style=\"text-align: left;\"><a href=\"\/reibesitzbad\" class=\"dt-btn-l dt-btn\">REIBESITZB\u00c4DER<\/a><\/p>\n<p>[\/vc_column_text][\/vc_column][vc_column width=&#8220;1\/2&#8243; animation=&#8220;zoomIn&#8220; offset=&#8220;vc_col-lg-4 vc_col-md-4 vc_col-xs-12&#8243;][vc_empty_space height=&#8220;10px&#8220;][vc_column_text]<\/p>\n<p><img decoding=\"async\" class=\"aligncenter wp-image-28915 size-full\" src=\"https:\/\/www.bikun.eu\/wp-content\/uploads\/2015\/04\/bikun_326.png\" alt=\"\" \/><\/p>\n<p>[\/vc_column_text][vc_empty_space height=&#8220;30px&#8220;][\/vc_column][vc_column offset=&#8220;vc_col-lg-4 vc_col-md-4 vc_col-xs-12&#8243;][vc_empty_space height=&#8220;10px&#8220;][vc_column_text css_animation=&#8220;fadeIn&#8220;]<\/p>\n<h2 style=\"text-align: center;\"><strong>62375<\/strong><\/h2>\n<p>[\/vc_column_text][vc_empty_space height=&#8220;30px&#8220;][vc_column_text]<\/p>\n<h4 style=\"text-align: center;\"><span style=\"color: #3dd1c6;\">Bikun weltweit<\/span><\/h4>\n<p>[\/vc_column_text][vc_empty_space height=&#8220;50px&#8220;][vc_column_text css_animation=&#8220;fadeIn&#8220;]<\/p>\n<h2 style=\"text-align: center;\"><strong>19<\/strong><\/h2>\n<p>[\/vc_column_text][vc_empty_space height=&#8220;30px&#8220;][vc_column_text]<\/p>\n<h4 style=\"text-align: center;\"><span style=\"color: #3dd1c6;\">L\u00e4nder, in denen es erh\u00e4ltlich ist<br \/>\n<\/span><\/h4>\n<p>[\/vc_column_text][vc_empty_space height=&#8220;50px&#8220;][vc_column_text css_animation=&#8220;fadeIn&#8220;]<\/p>\n<h2 style=\"text-align: center;\"><strong>23400<\/strong><\/h2>\n<p>[\/vc_column_text][vc_empty_space height=&#8220;30px&#8220;][vc_column_text]<\/p>\n<h4 style=\"text-align: center;\"><span style=\"color: #3dd1c6;\">Kunden, die es verwenden<br \/>\n<\/span><\/h4>\n<p>[\/vc_column_text][vc_empty_space height=&#8220;10px&#8220;][\/vc_column][\/vc_row][vc_row type=&#8220;5&#8243; bg_color=&#8220;#ffffff&#8220; bg_position=&#8220;center&#8220; bg_repeat=&#8220;repeat&#8220; padding_top=&#8220;75&#8243; padding_bottom=&#8220;75&#8243; enable_parallax=&#8220;false&#8220; parallax_speed=&#8220;0.5&#8243;][vc_column animation=&#8220;zoomIn&#8220; offset=&#8220;vc_col-lg-12 vc_col-md-12 vc_col-xs-12&#8243;][vc_column_text]<\/p>\n<h1 style=\"font-weight: 200; text-align: center;\">Super promo -10%<\/h1>\n<p style=\"text-align: center;\">Um das zu feiern 50 Jahre der SEB Marke alle Produkte auf der Website um 10% diskontiert werden.<\/p>\n<p>[\/vc_column_text][vc_empty_space height=&#8220;36px&#8220;][vc_column_text]<\/p>\n<p style=\"text-align: center;\"><a href=\"\/de\/bikun\/\" class=\"dt-btn-l dt-btn\">Bikun kaufen<\/a><\/p>\n<p>[\/vc_column_text][\/vc_column][\/vc_row][vc_row type=&#8220;5&#8243; bg_color=&#8220;#f0f0f0&#8243; padding_bottom=&#8220;50px&#8220;][vc_column width=&#8220;2\/3&#8243;][vc_empty_space height=&#8220;80px&#8220;][vc_column_text css_animation=&#8220;fadeInLeft&#8220;]<\/p>\n<h1 style=\"text-align: left; font-weight: 200;\">Erfrischende Einlage<\/h1>\n<p>[\/vc_column_text][vc_empty_space height=&#8220;16px&#8220;][vc_column_text css_animation=&#8220;fadeInLeftBig&#8220;]<\/p>\n<h4 style=\"line-height: 30px;\">Ein altbew\u00e4hrtes Heilmittel in moderner Ausf\u00fchrung!<\/h4>\n<p>[\/vc_column_text][vc_empty_space height=&#8220;34px&#8220;]<section id=\"benefits-grid-1\" class=\"benefits-grid wf-container benefits-style-one icons-bg accent-bg accent-hover-bg custom-icon-color custom-icon-hover-color\" data-width=\"200px\" data-columns=\"2\"><style type=\"text\/css\">#benefits-grid-1.icons-bg .benefits-grid-ico { height: 36px; line-height: 36px; width: 36px;-webkit-border-radius: 100px;-moz-border-radius: 100px;-ms-border-radius: 100px;-o-border-radius: 100px;border-radius: 100px; }#benefits-grid-1.icons-bg .benefits-grid-ico > .fa { font-size: 20px; line-height: 36px; }#benefits-grid-1.custom-icon-color .benefits-grid-ico > .fa,\n\t\t\t\t\t#benefits-grid-1.custom-icon-color .benefits-grid-ico > .fa:before { color: #ffffff; }#benefits-grid-1.custom-icon-hover-color a.benefits-grid-ico:hover > .fa,\n\t\t\t\t\t#benefits-grid-1.custom-icon-hover-color a.benefits-grid-ico:hover > .fa:before { color: #ffffff; -webkit-text-fill-color: #ffffff; }<\/style><div class=\"wf-cell\"><div><div class=\"text-big\"><div class=\"wf-table\"><div class=\"wf-td\"><a href=\"#\" class=\"benefits-grid-ico fadeInLeft animate-element\"><i class=\"fa icon-help\"><\/i><\/a><\/div><div class=\"wf-td\"><h5>Reibesitzb\u00e4der<\/h5><\/div><\/div><p style=\"text-align: justify;\">Mit dieser <strong>rundum nat\u00fcrlichen Methode<\/strong> lassen sich <strong>Schlacken<\/strong> und <strong>\u00dcbersch\u00fcsse<\/strong>, die f\u00fcr viele Krankheiten verantwortlich sind, aus dem K\u00f6rper <strong>ausscheiden.<\/strong><\/p>\n<\/div><\/div><\/div><div class=\"wf-cell\"><div><div class=\"text-big\"><div class=\"wf-table\"><div class=\"wf-td\"><a href=\"#\" class=\"benefits-grid-ico fadeInLeft animate-element\"><i class=\"fa fa-sun-o\"><\/i><\/a><\/div><div class=\"wf-td\"><h5>Vorteile<\/h5><\/div><\/div><p style=\"text-align: justify;\">Eine <strong>kontinuierliche Anwendung<\/strong> von Bikun beg\u00fcnstigt eine <strong>nat\u00fcrliche Wiederherstellung<\/strong> des k\u00f6rperlich-seelischen Gleichgewichts und schenkt neue <strong>Lebensenergie<\/strong><\/p>\n<\/div><\/div><\/div><div class=\"wf-cell\"><div><div class=\"text-big\"><div class=\"wf-table\"><div class=\"wf-td\"><a href=\"#\" class=\"benefits-grid-ico fadeInLeft animate-element\"><i class=\"fa fa-clock-o\"><\/i><\/a><\/div><div class=\"wf-td\"><h5>Wann<\/h5><\/div><\/div><p style=\"text-align: justify;\">Den <strong>gr\u00f6\u00dften Nutzen<\/strong> aus den <strong>Reibesitzb\u00e4dern<\/strong> zieht man bei einer t\u00e4glichen, ca. <strong>15-min\u00fctigen<\/strong> Anwendung von <strong>Bikun<\/strong><\/p>\n<\/div><\/div><\/div><div class=\"wf-cell\"><div><div class=\"text-big\"><div class=\"wf-table\"><div class=\"wf-td\"><a href=\"#\" class=\"benefits-grid-ico fadeInLeft animate-element\"><i class=\"fa fa-tint\"><\/i><\/a><\/div><div class=\"wf-td\"><h5>Vorbereitung<\/h5><\/div><\/div><p style=\"text-align: justify;\">Die Geleinlage vor der Behandlung mindestens <strong>60 Minuten<\/strong> ins <strong>Gefrierfach<\/strong> geben<\/p>\n<\/div><\/div><\/div><div class=\"wf-cell\"><div><div class=\"text-big\"><div class=\"wf-table\"><div class=\"wf-td\"><a href=\"#\" class=\"benefits-grid-ico fadeInLeft animate-element\"><i class=\"fa icon-check\"><\/i><\/a><\/div><div class=\"wf-td\"><h5>Anwendung<\/h5><\/div><\/div><p style=\"text-align: justify;\">Die <strong>Geleinlage<\/strong> in die Stoffh\u00fclle geben und direkt auf den <strong>Leistenbereich<\/strong> <strong>auflegen<\/strong><\/p>\n<\/div><\/div><\/div><div class=\"wf-cell\"><div><div class=\"text-big\"><div class=\"wf-table\"><div class=\"wf-td\"><a href=\"#\" class=\"benefits-grid-ico fadeInLeft animate-element\"><i class=\"fa fa-plus\"><\/i><\/a><\/div><div class=\"wf-td\"><h5>Medizinprodukt<\/h5><\/div><\/div><p style=\"text-align: justify;\">Bikun ist eine in <strong>Italien<\/strong> <strong>entwickelte und hergestellte Erfindung<\/strong>, die vom Gesundheitsministerium als <strong>Medizinprodukt<\/strong> der Klasse 1 eingestuft wurde<\/p>\n<\/div><\/div><\/div><\/section>[vc_empty_space height=&#8220;80px&#8220;][\/vc_column][vc_column width=&#8220;1\/3&#8243;][vc_empty_space height=&#8220;80px&#8220;][vc_column_text css_animation=&#8220;fadeInRight&#8220; css=&#8220;.vc_custom_1429541078021{margin-top: 65px !important;margin-right: -40px !important;margin-left: -170px !important;}&#8220;]<\/p>\n<p><img decoding=\"async\" class=\"alignright wp-image-25613 size-full\" src=\"https:\/\/www.bikun.eu\/wp-content\/uploads\/2015\/04\/bikun_421.jpg\" alt=\"\" \/><\/p>\n<p>[\/vc_column_text][\/vc_column][\/vc_row][vc_row][vc_column][vc_raw_js]<\/p>\n<p>JTNDc2NyaXB0JTIwdHlwZSUzRCUyMnRleHQlMkZqYXZhc2NyaXB0JTIyJTNFalF1ZXJ5JTI4JTI3LmNuYnV0dG9uJTI3JTI5Lm9uJTI4JTI3Y2xpY2slMjclMkMlMjBmdW5jdGlvbiUyOCUyOSU3QiUyMHdpbmRvdy5vcGVuJTI4JTI3aHR0cCUzQSUyRiUyRnd3dy5jZW50cm9uYXR1cmFsZS5pdCUyNyUyQyUyN19ibGFuayUyNyUyOSUzQiUyMCU3RCUyOSUzQiUzQyUyRnNjcmlwdCUzRQ==<\/p>\n<p>[\/vc_raw_js][\/vc_column][\/vc_row]<\/p>\n<\/div>","protected":false},"excerpt":{"rendered":"<p>[vc_row margin_top=&#8220;-50px&#8220; type=&#8220;1&#8243; bg_repeat=&#8220;repeat&#8220; min_height=&#8220;350px&#8220; el_class=&#8220;homeslidetop&#8220;][vc_column][vc_column_text css_animation=&#8220;fadeInUpBig&#8220; css=&#8220;.vc_custom_1467283946006{margin-top: 32px !important;}&#8220;] [\/vc_column_text][vc_single_image image=&#8220;32853&#8243; img_size=&#8220;full&#8220; alignment=&#8220;center&#8220; css_animation=&#8220;fadeInDownBig&#8220; el_class=&#8220;cnbutton&#8220;][\/vc_column][\/vc_row][vc_row type=&#8220;5&#8243; bg_color=&#8220;#f0f0f0&#8243; bg_repeat=&#8220;repeat-y&#8220; padding_top=&#8220;80&#8243; padding_bottom=&#8220;40&#8243; enable_parallax=&#8220;false&#8220; parallax_speed=&#8220;0.25&#8243;][vc_column offset=&#8220;vc_col-lg-12 vc_col-md-12 vc_col-xs-12&#8243;][vc_column_text css_animation=&#8220;fadeIn&#8220;] Be Cool, Be Cold [\/vc_column_text][vc_empty_space height=&#8220;30px&#8220;][\/vc_column][vc_column offset=&#8220;vc_hidden-xs&#8220;][vc_empty_space height=&#8220;40px&#8220;][\/vc_column][vc_column width=&#8220;1\/2&#8243; offset=&#8220;vc_col-lg-4 vc_col-md-4 vc_col-xs-12&#8243;][vc_empty_space height=&#8220;5px&#8220;][vc_column_text] Schenken Sie Ihrem K\u00f6rper mit Bikun jede Menge Wohlbefinden und angenehme Frische! [\/vc_column_text][vc_empty_space height=&#8220;26px&#8220;][vc_empty_space height=&#8220;50px&#8220;][vc_column_text]&hellip;<\/p>\n","protected":false},"author":1,"featured_media":0,"parent":0,"menu_order":0,"comment_status":"closed","ping_status":"closed","template":"","meta":{"footnotes":""},"class_list":["post-31755","page","type-page","status-publish","hentry","description-off"],"yoast_head":"<!-- This site is optimized with the Yoast SEO plugin v27.3 - https:\/\/yoast.com\/product\/yoast-seo-wordpress\/ -->\n<title>Bikun - Bagni Derivativi per il benessere della persona<\/title>\n<meta name=\"description\" content=\"Bikun - Bagni Derivativi: \u00e8 un cuscinetto in gel rinfrescante destinato alla zona perineale, per il benessere del corpo e la purificazione dell&#039;organismo.\" \/>\n<meta name=\"robots\" content=\"index, follow, max-snippet:-1, max-image-preview:large, max-video-preview:-1\" \/>\n<link rel=\"canonical\" href=\"https:\/\/www.bikun.eu\/de\/home\/\" \/>\n<meta property=\"og:locale\" content=\"de_DE\" \/>\n<meta property=\"og:type\" content=\"article\" \/>\n<meta property=\"og:title\" content=\"Bikun - Bagni Derivativi per il benessere della persona\" \/>\n<meta property=\"og:description\" content=\"Bikun - Bagni Derivativi: \u00e8 un cuscinetto in gel rinfrescante destinato alla zona perineale, per il benessere del corpo e la purificazione dell&#039;organismo.\" \/>\n<meta property=\"og:url\" content=\"https:\/\/www.bikun.eu\/de\/home\/\" \/>\n<meta property=\"og:site_name\" content=\"Bikun\" \/>\n<meta property=\"article:modified_time\" content=\"2017-07-18T15:51:36+00:00\" \/>\n<meta property=\"og:image\" content=\"https:\/\/www.bikun.eu\/wp-content\/uploads\/2014\/08\/home_img.png\" \/>\n\t<meta property=\"og:image:width\" content=\"1177\" \/>\n\t<meta property=\"og:image:height\" content=\"340\" \/>\n\t<meta property=\"og:image:type\" content=\"image\/png\" \/>\n<meta name=\"twitter:label1\" content=\"Gesch\u00e4tzte Lesezeit\" \/>\n\t<meta name=\"twitter:data1\" content=\"3\u00a0Minuten\" \/>\n<script type=\"application\/ld+json\" class=\"yoast-schema-graph\">{\"@context\":\"https:\\\/\\\/schema.org\",\"@graph\":[{\"@type\":\"WebPage\",\"@id\":\"https:\\\/\\\/www.bikun.eu\\\/de\\\/home\\\/\",\"url\":\"https:\\\/\\\/www.bikun.eu\\\/de\\\/home\\\/\",\"name\":\"Bikun - Bagni Derivativi per il benessere della persona\",\"isPartOf\":{\"@id\":\"https:\\\/\\\/www.bikun.eu\\\/#website\"},\"primaryImageOfPage\":{\"@id\":\"https:\\\/\\\/www.bikun.eu\\\/de\\\/home\\\/#primaryimage\"},\"image\":{\"@id\":\"https:\\\/\\\/www.bikun.eu\\\/de\\\/home\\\/#primaryimage\"},\"thumbnailUrl\":\"https:\\\/\\\/www.bikun.eu\\\/wp-content\\\/uploads\\\/2014\\\/08\\\/home_img.png\",\"datePublished\":\"2014-08-14T08:15:08+00:00\",\"dateModified\":\"2017-07-18T15:51:36+00:00\",\"description\":\"Bikun - Bagni Derivativi: \u00e8 un cuscinetto in gel rinfrescante destinato alla zona perineale, per il benessere del corpo e la purificazione dell'organismo.\",\"breadcrumb\":{\"@id\":\"https:\\\/\\\/www.bikun.eu\\\/de\\\/home\\\/#breadcrumb\"},\"inLanguage\":\"de\",\"potentialAction\":[{\"@type\":\"ReadAction\",\"target\":[\"https:\\\/\\\/www.bikun.eu\\\/de\\\/home\\\/\"]}]},{\"@type\":\"ImageObject\",\"inLanguage\":\"de\",\"@id\":\"https:\\\/\\\/www.bikun.eu\\\/de\\\/home\\\/#primaryimage\",\"url\":\"https:\\\/\\\/www.bikun.eu\\\/wp-content\\\/uploads\\\/2014\\\/08\\\/home_img.png\",\"contentUrl\":\"https:\\\/\\\/www.bikun.eu\\\/wp-content\\\/uploads\\\/2014\\\/08\\\/home_img.png\"},{\"@type\":\"BreadcrumbList\",\"@id\":\"https:\\\/\\\/www.bikun.eu\\\/de\\\/home\\\/#breadcrumb\",\"itemListElement\":[{\"@type\":\"ListItem\",\"position\":1,\"name\":\"Start\",\"item\":\"https:\\\/\\\/www.bikun.eu\\\/de\\\/home\\\/\"},{\"@type\":\"ListItem\",\"position\":2,\"name\":\"Home\"}]},{\"@type\":\"WebSite\",\"@id\":\"https:\\\/\\\/www.bikun.eu\\\/#website\",\"url\":\"https:\\\/\\\/www.bikun.eu\\\/\",\"name\":\"Bikun\",\"description\":\"dimagrire con i bagni derivativi\",\"potentialAction\":[{\"@type\":\"SearchAction\",\"target\":{\"@type\":\"EntryPoint\",\"urlTemplate\":\"https:\\\/\\\/www.bikun.eu\\\/?s={search_term_string}\"},\"query-input\":{\"@type\":\"PropertyValueSpecification\",\"valueRequired\":true,\"valueName\":\"search_term_string\"}}],\"inLanguage\":\"de\"}]}<\/script>\n<!-- \/ Yoast SEO plugin. -->","yoast_head_json":{"title":"Bikun - Bagni Derivativi per il benessere della persona","description":"Bikun - Bagni Derivativi: \u00e8 un cuscinetto in gel rinfrescante destinato alla zona perineale, per il benessere del corpo e la purificazione dell'organismo.","robots":{"index":"index","follow":"follow","max-snippet":"max-snippet:-1","max-image-preview":"max-image-preview:large","max-video-preview":"max-video-preview:-1"},"canonical":"https:\/\/www.bikun.eu\/de\/home\/","og_locale":"de_DE","og_type":"article","og_title":"Bikun - Bagni Derivativi per il benessere della persona","og_description":"Bikun - Bagni Derivativi: \u00e8 un cuscinetto in gel rinfrescante destinato alla zona perineale, per il benessere del corpo e la purificazione dell'organismo.","og_url":"https:\/\/www.bikun.eu\/de\/home\/","og_site_name":"Bikun","article_modified_time":"2017-07-18T15:51:36+00:00","og_image":[{"width":1177,"height":340,"url":"https:\/\/www.bikun.eu\/wp-content\/uploads\/2014\/08\/home_img.png","type":"image\/png"}],"twitter_misc":{"Gesch\u00e4tzte Lesezeit":"3\u00a0Minuten"},"schema":{"@context":"https:\/\/schema.org","@graph":[{"@type":"WebPage","@id":"https:\/\/www.bikun.eu\/de\/home\/","url":"https:\/\/www.bikun.eu\/de\/home\/","name":"Bikun - Bagni Derivativi per il benessere della persona","isPartOf":{"@id":"https:\/\/www.bikun.eu\/#website"},"primaryImageOfPage":{"@id":"https:\/\/www.bikun.eu\/de\/home\/#primaryimage"},"image":{"@id":"https:\/\/www.bikun.eu\/de\/home\/#primaryimage"},"thumbnailUrl":"https:\/\/www.bikun.eu\/wp-content\/uploads\/2014\/08\/home_img.png","datePublished":"2014-08-14T08:15:08+00:00","dateModified":"2017-07-18T15:51:36+00:00","description":"Bikun - Bagni Derivativi: \u00e8 un cuscinetto in gel rinfrescante destinato alla zona perineale, per il benessere del corpo e la purificazione dell'organismo.","breadcrumb":{"@id":"https:\/\/www.bikun.eu\/de\/home\/#breadcrumb"},"inLanguage":"de","potentialAction":[{"@type":"ReadAction","target":["https:\/\/www.bikun.eu\/de\/home\/"]}]},{"@type":"ImageObject","inLanguage":"de","@id":"https:\/\/www.bikun.eu\/de\/home\/#primaryimage","url":"https:\/\/www.bikun.eu\/wp-content\/uploads\/2014\/08\/home_img.png","contentUrl":"https:\/\/www.bikun.eu\/wp-content\/uploads\/2014\/08\/home_img.png"},{"@type":"BreadcrumbList","@id":"https:\/\/www.bikun.eu\/de\/home\/#breadcrumb","itemListElement":[{"@type":"ListItem","position":1,"name":"Start","item":"https:\/\/www.bikun.eu\/de\/home\/"},{"@type":"ListItem","position":2,"name":"Home"}]},{"@type":"WebSite","@id":"https:\/\/www.bikun.eu\/#website","url":"https:\/\/www.bikun.eu\/","name":"Bikun","description":"dimagrire con i bagni derivativi","potentialAction":[{"@type":"SearchAction","target":{"@type":"EntryPoint","urlTemplate":"https:\/\/www.bikun.eu\/?s={search_term_string}"},"query-input":{"@type":"PropertyValueSpecification","valueRequired":true,"valueName":"search_term_string"}}],"inLanguage":"de"}]}},"_links":{"self":[{"href":"https:\/\/www.bikun.eu\/de\/wp-json\/wp\/v2\/pages\/31755","targetHints":{"allow":["GET"]}}],"collection":[{"href":"https:\/\/www.bikun.eu\/de\/wp-json\/wp\/v2\/pages"}],"about":[{"href":"https:\/\/www.bikun.eu\/de\/wp-json\/wp\/v2\/types\/page"}],"author":[{"embeddable":true,"href":"https:\/\/www.bikun.eu\/de\/wp-json\/wp\/v2\/users\/1"}],"replies":[{"embeddable":true,"href":"https:\/\/www.bikun.eu\/de\/wp-json\/wp\/v2\/comments?post=31755"}],"version-history":[{"count":0,"href":"https:\/\/www.bikun.eu\/de\/wp-json\/wp\/v2\/pages\/31755\/revisions"}],"wp:attachment":[{"href":"https:\/\/www.bikun.eu\/de\/wp-json\/wp\/v2\/media?parent=31755"}],"curies":[{"name":"wp","href":"https:\/\/api.w.org\/{rel}","templated":true}]}}