{"id":31758,"date":"2014-06-16T11:01:19","date_gmt":"2014-06-16T09:01:19","guid":{"rendered":"http:\/\/www.bikun.eu\/bikun-2\/"},"modified":"2023-05-15T10:56:08","modified_gmt":"2023-05-15T08:56:08","slug":"bikun","status":"publish","type":"page","link":"https:\/\/www.bikun.eu\/de\/bikun\/","title":{"rendered":"Bikun"},"content":{"rendered":"<div class=\"wpb-content-wrapper\"><p>[vc_row margin_top=&#8220;60&#8243; margin_bottom=&#8220;60&#8243;][vc_column offset=&#8220;vc_col-lg-6 vc_col-md-12 vc_col-xs-12&#8243;][vc_column_text css_animation=&#8220;fadeInLeft&#8220;]<\/p>\n<h2>Reibesitzb\u00e4der<\/h2>\n<p>[\/vc_column_text][vc_empty_space height=&#8220;16px&#8220;][vc_column_text]<\/p>\n<p style=\"text-align: justify;\"><strong>Reibesitzb\u00e4der<\/strong> sind ein \u00fcberaus einfaches und <strong>nat\u00fcrliches Heilmittel<\/strong> mit wohltuender Wirkung auf den <strong>K\u00f6rper<\/strong>, auf die <strong>Schlafqualit\u00e4t<\/strong> und die grundlegenden <strong>Lebensfunktionen<\/strong> des menschlichen Organismus.\u00a0<strong>Millionen Menschen<\/strong> auf der ganzen Welt <strong>schw\u00f6ren auf die Wohltat<\/strong> der t\u00e4glichen Anwendung der Reibesitzb\u00e4der, die in Kombination mit einer <strong>ausgewogenen Ern\u00e4hrung<\/strong> dazu beitragen, die Gesundheit, das <strong>Wohlbefinden<\/strong> und die <strong>Vitalit\u00e4t<\/strong> zu f\u00f6rdern und das <strong>k\u00f6rperlich-seelische Gleichgewicht<\/strong> wiederherzustellen.<\/p>\n<p style=\"text-align: justify;\"><a title=\"cosa sono i bagni derivativi\" href=\"https:\/\/www.bikun.eu\/de\/reibesitzbad\/\"><em>Um mehr zu wissen&#8230;.<\/em><\/a><\/p>\n<p>[\/vc_column_text][vc_empty_space height=&#8220;60px&#8220;][vc_column_text css_animation=&#8220;fadeInLeftBig&#8220;]<\/p>\n<h2>Was spricht f\u00fcr die Methode<\/h2>\n<p>[\/vc_column_text][vc_empty_space height=&#8220;16px&#8220;][vc_column_text]<\/p>\n<p style=\"text-align: justify;\"><strong>Bikun<\/strong> ist eine bequeme Einlage <strong>mit einem nat\u00fcrlichen, <\/strong><strong>ungiftigen<\/strong><strong> Gel<\/strong> und einer <strong>g\u00e4nzlich keimfreien und hypoallergenen <\/strong><strong>Schutzh\u00fclle<\/strong>, die sich f\u00fcr die Praktizierung der <strong>Reibesitzb\u00e4der<\/strong> nach der Methode von Louis Kuhne <strong>bestes eignet<\/strong>. Die kontinuierliche Anwendung<strong> hat vielf\u00e4ltige positive Wirkungen auf den K\u00f6rper<\/strong>, so z.B.: St\u00e4rkung des Bindegewebes, Verbesserung der Durchblutung, Ankurbelung des Lymph- und Immunsystems, Verbesserung des Fl\u00fcssigkeitskreislaufs und allgemeine Entspannung des K\u00f6rpers.<\/p>\n<p>[\/vc_column_text][vc_empty_space height=&#8220;40px&#8220;][\/vc_column][vc_column offset=&#8220;vc_col-lg-6 vc_col-md-12 vc_col-xs-12&#8243;][vc_single_image image=&#8220;30900&#8243; img_size=&#8220;full&#8220; alignment=&#8220;center&#8220; css_animation=&#8220;fadeInRight&#8220; css=&#8220;.vc_custom_1429540302518{margin-top: -60px !important;}&#8220;][vc_empty_space height=&#8220;40px&#8220;][\/vc_column][\/vc_row][vc_row animation=&#8220;zoomIn&#8220; type=&#8220;5&#8243; bg_color=&#8220;#f0f0f0&#8243; padding_top=&#8220;60px&#8220; padding_bottom=&#8220;60px&#8220;][vc_column width=&#8220;1\/2&#8243;][vc_column_text css_animation=&#8220;fadeIn&#8220;]<\/p>\n<h2 style=\"text-align: center;\">Bikun jetzt kaufen<\/h2>\n<h2 style=\"text-align: center;\"><\/h2>\n<p>[\/vc_column_text][vc_empty_space][vc_column_text css_animation=&#8220;fadeInUp&#8220;]<\/p>\n<p style=\"text-align: center;\"><a href=\"\/de\/warenkorb\/?add-to-cart=31989\" class=\"dt-btn-l dt-btn\">In den Warenkorb legen &#8211;\u00a0 \u20ac <del>39,00<\/del> &#8211; 35,10<\/a><\/p>\n<p>[\/vc_column_text][\/vc_column][vc_column width=&#8220;1\/2&#8243;][vc_column_text]<\/p>\n<p style=\"text-align: justify;\">Bikun, eine in Italien entwickelte und hergestellte Erfindung, ist geradezu <strong>ideal in Entspannungsmomenten <\/strong>oder <strong>nach sportlicher Bet\u00e4tigung<\/strong>.<\/p>\n<p style=\"text-align: justify;\">Nach der K\u00fchlung der Einlage im Gefrierfach <strong>auf den Leistenbereich auflegen<\/strong>, um <strong>in den Genuss der entspannenden und wohltuenden Wirkung der Reibesitzb\u00e4der<\/strong> zu kommen. Die Anwendungen k\u00f6nnen auch mehrmals am Tag erfolgen.<\/p>\n<p>[\/vc_column_text][\/vc_column][\/vc_row][vc_row][vc_column][vc_empty_space height=&#8220;60px&#8220;][vc_column_text css_animation=&#8220;fadeInDown&#8220;]<\/p>\n<h2 style=\"text-align: center;\">Anwendungsbereiche<\/h2>\n<p style=\"text-align: center;\">Bikun sorgt z.B. bei folgenden Beschwerden f\u00fcr Linderung<\/p>\n<p>[\/vc_column_text][vc_empty_space height=&#8220;60px&#8220;][\/vc_column][\/vc_row][vc_row el_class=&#8220;bikunlists&#8220;][vc_column width=&#8220;1\/4&#8243;]<div class=\"standard-arrow list-divider bullet-top\"><ul>\n<li style=\"text-align: justify;\">Akne<\/li>\n<li style=\"text-align: justify;\">Erm\u00fcdungserscheinungen<\/li>\n<li style=\"text-align: justify;\">Allergien<\/li>\n<li style=\"text-align: justify;\">Appetitlosigkeit<\/li>\n<li style=\"text-align: justify;\">Arthrose<\/li>\n<li style=\"text-align: justify;\">Arthritis<\/li>\n<\/ul>\n<\/div>[vc_empty_space height=&#8220;60px&#8220;][\/vc_column][vc_column width=&#8220;1\/4&#8243;]<div class=\"standard-arrow list-divider bullet-top\"><ul>\n<li style=\"text-align: justify;\">Asthma<\/li>\n<li style=\"text-align: justify;\">Haarausfall<\/li>\n<li style=\"text-align: justify;\">Zellulitis<\/li>\n<li style=\"text-align: justify;\">Nackenschmerzen<\/li>\n<li style=\"text-align: justify;\">Ekzeme<\/li>\n<li style=\"text-align: justify;\">H\u00e4morrhoiden<\/li>\n<\/ul>\n<\/div>[vc_empty_space height=&#8220;60px&#8220;][\/vc_column][vc_column width=&#8220;1\/4&#8243;]<div class=\"standard-arrow list-divider bullet-top\"><ul>\n<li style=\"text-align: justify;\">Herpes<\/li>\n<li style=\"text-align: justify;\">Inkontinenz<\/li>\n<li style=\"text-align: justify;\">Grippe<\/li>\n<li style=\"text-align: justify;\">Schlaflosigkeit<\/li>\n<li style=\"text-align: justify;\">Beschwerden in den Wechseljahren<\/li>\n<\/ul>\n<\/div>[vc_empty_space height=&#8220;60px&#8220;][\/vc_column][vc_column width=&#8220;1\/4&#8243;]<div class=\"standard-arrow list-divider bullet-top\"><ul>\n<li style=\"text-align: justify;\">Menstruationsbeschwerden<\/li>\n<li style=\"text-align: justify;\">Gewichtsprobleme<\/li>\n<li style=\"text-align: justify;\">Sexuelle Probleme<\/li>\n<li style=\"text-align: justify;\">Schlafprobleme<\/li>\n<li style=\"text-align: justify;\">Verstopfung<\/li>\n<li style=\"text-align: justify;\">Sonnenbrand<\/li>\n<\/ul>\n<\/div>[vc_empty_space height=&#8220;60px&#8220;][\/vc_column][\/vc_row][vc_row margin_bottom=&#8220;-30px&#8220; type=&#8220;5&#8243; bg_color=&#8220;#f0f0f0&#8243; padding_top=&#8220;60px&#8220; padding_bottom=&#8220;60px&#8220;][vc_column width=&#8220;1\/3&#8243;][vc_column_text css_animation=&#8220;fadeInLeft&#8220;]<\/p>\n<h3>Certificazioni<\/h3>\n<p>[\/vc_column_text][vc_empty_space height=&#8220;24px&#8220;][vc_single_image image=&#8220;30848&#8243; img_size=&#8220;full&#8220; css_animation=&#8220;zoomInLeft&#8220; el_class=&#8220;certific&#8220;][\/vc_column][vc_column width=&#8220;2\/3&#8243; animation=&#8220;zoomInRight&#8220;][vc_accordion][vc_accordion_tab title=&#8220;Verwendung&#8220;][vc_column_text]<\/p>\n<p style=\"text-align: justify;\">K\u00fchlen Sie die Einlage mindestens <strong>60 Minuten im Gefrierfach<\/strong>, geben Sie sie dann in ihre Schutzh\u00fclle aus Stoff, um den direkten Hautkontakt zu vermeiden und legen Sie sie auf Ihren <strong>Leisten- und Intimbereich<\/strong>. Auf diese Weise kommen Sie in den Genuss der entspannenden, wohltuenden Wirkung des Reibesitzbades. Die <strong>Anwendungen<\/strong> k\u00f6nnen <strong>mehrmals am Tag<\/strong> auch w\u00e4hrend der Ruhezeiten und in Momenten der Entspannung erfolgen.<\/p>\n<p>[\/vc_column_text][vc_empty_space height=&#8220;20px&#8220;][\/vc_accordion_tab][vc_accordion_tab title=&#8220;Zusammensetzung&#8220;][vc_column_text]<\/p>\n<p style=\"text-align: justify;\"><strong>Ungiftiges GEL:<\/strong> destilliertes Wasser, Zellulose, Lebensmittelfarbe und Zus\u00e4tze. Bei versehentlichem Hautkontakt mit Wasser absp\u00fclen, ohne zu reiben.<\/p>\n<p style=\"text-align: justify;\"><strong>\u00c4u\u00dferer \u00dcberzug<\/strong>: Anatomisch geformte, absolut keimfreie und hypoallergene Einlage mit hoher mechanischer Reibfestigkeit, randlos hochfrequenzverschwei\u00dft und mit ca. <strong>100 g Viskosegel gef\u00fcllt.<\/strong><\/p>\n<p style=\"text-align: justify;\">F\u00fcr maximale Hygiene ist das Produkt in einer Vakuumverpackung versiegelt.<\/p>\n<p>[\/vc_column_text][vc_empty_space height=&#8220;20px&#8220;][\/vc_accordion_tab][vc_accordion_tab title=&#8220;Hinweise und Zertifizierungen&#8220;][vc_column_text]<\/p>\n<p style=\"text-align: justify;\">Bikun ist f\u00fcr M\u00e4nner und Frauen geeignet <strong>und muss gem\u00e4\u00df der oben angef\u00fchrten Anleitung verwendet werden<\/strong>. Eine Verwendung f\u00fcr andere, als die angegebenen Zwecke ist unzul\u00e4ssig.<\/p>\n<p style=\"text-align: justify;\">Das Produkt wurde vom Gesundheitsministerium als <strong>Medizinprodukt der Klasse 1 <\/strong>Eintragsnummer 1242252 <strong>zertifiziert<\/strong>.<\/p>\n<p>[\/vc_column_text][vc_empty_space height=&#8220;20px&#8220;][\/vc_accordion_tab][\/vc_accordion][\/vc_column][\/vc_row]<\/p>\n<\/div>","protected":false},"excerpt":{"rendered":"<p>[vc_row margin_top=&#8220;60&#8243; margin_bottom=&#8220;60&#8243;][vc_column offset=&#8220;vc_col-lg-6 vc_col-md-12 vc_col-xs-12&#8243;][vc_column_text css_animation=&#8220;fadeInLeft&#8220;] Reibesitzb\u00e4der [\/vc_column_text][vc_empty_space height=&#8220;16px&#8220;][vc_column_text] Reibesitzb\u00e4der sind ein \u00fcberaus einfaches und nat\u00fcrliches Heilmittel mit wohltuender Wirkung auf den K\u00f6rper, auf die Schlafqualit\u00e4t und die grundlegenden Lebensfunktionen des menschlichen Organismus.\u00a0Millionen Menschen auf der ganzen Welt schw\u00f6ren auf die Wohltat der t\u00e4glichen Anwendung der Reibesitzb\u00e4der, die in Kombination mit einer ausgewogenen Ern\u00e4hrung&hellip;<\/p>\n","protected":false},"author":1,"featured_media":0,"parent":0,"menu_order":1,"comment_status":"closed","ping_status":"closed","template":"","meta":{"footnotes":""},"class_list":["post-31758","page","type-page","status-publish","hentry","description-off"],"yoast_head":"<!-- This site is optimized with the Yoast SEO plugin v27.3 - https:\/\/yoast.com\/product\/yoast-seo-wordpress\/ -->\n<title>Bikun - Bagni Derivativi Zona Perineale<\/title>\n<meta name=\"description\" content=\"Cuscinetto Bikun in gel rinfrescante destinato alla zona perineale, per il benessere del corpo e la purificazione dell&#039;organismo.\" \/>\n<meta name=\"robots\" content=\"index, follow, max-snippet:-1, max-image-preview:large, max-video-preview:-1\" \/>\n<link rel=\"canonical\" href=\"https:\/\/www.bikun.eu\/de\/bikun\/\" \/>\n<meta property=\"og:locale\" content=\"de_DE\" \/>\n<meta property=\"og:type\" content=\"article\" \/>\n<meta property=\"og:title\" content=\"Bikun - Bagni Derivativi Zona Perineale\" \/>\n<meta property=\"og:description\" content=\"Cuscinetto Bikun in gel rinfrescante destinato alla zona perineale, per il benessere del corpo e la purificazione dell&#039;organismo.\" \/>\n<meta property=\"og:url\" content=\"https:\/\/www.bikun.eu\/de\/bikun\/\" \/>\n<meta property=\"og:site_name\" content=\"Bikun\" \/>\n<meta property=\"article:modified_time\" content=\"2023-05-15T08:56:08+00:00\" \/>\n<meta name=\"twitter:label1\" content=\"Gesch\u00e4tzte Lesezeit\" \/>\n\t<meta name=\"twitter:data1\" content=\"4\u00a0Minuten\" \/>\n<script type=\"application\/ld+json\" class=\"yoast-schema-graph\">{\"@context\":\"https:\\\/\\\/schema.org\",\"@graph\":[{\"@type\":\"WebPage\",\"@id\":\"https:\\\/\\\/www.bikun.eu\\\/de\\\/bikun\\\/\",\"url\":\"https:\\\/\\\/www.bikun.eu\\\/de\\\/bikun\\\/\",\"name\":\"Bikun - Bagni Derivativi Zona Perineale\",\"isPartOf\":{\"@id\":\"https:\\\/\\\/www.bikun.eu\\\/#website\"},\"datePublished\":\"2014-06-16T09:01:19+00:00\",\"dateModified\":\"2023-05-15T08:56:08+00:00\",\"description\":\"Cuscinetto Bikun in gel rinfrescante destinato alla zona perineale, per il benessere del corpo e la purificazione dell'organismo.\",\"breadcrumb\":{\"@id\":\"https:\\\/\\\/www.bikun.eu\\\/de\\\/bikun\\\/#breadcrumb\"},\"inLanguage\":\"de\",\"potentialAction\":[{\"@type\":\"ReadAction\",\"target\":[\"https:\\\/\\\/www.bikun.eu\\\/de\\\/bikun\\\/\"]}]},{\"@type\":\"BreadcrumbList\",\"@id\":\"https:\\\/\\\/www.bikun.eu\\\/de\\\/bikun\\\/#breadcrumb\",\"itemListElement\":[{\"@type\":\"ListItem\",\"position\":1,\"name\":\"Start\",\"item\":\"https:\\\/\\\/www.bikun.eu\\\/de\\\/home\\\/\"},{\"@type\":\"ListItem\",\"position\":2,\"name\":\"Bikun\"}]},{\"@type\":\"WebSite\",\"@id\":\"https:\\\/\\\/www.bikun.eu\\\/#website\",\"url\":\"https:\\\/\\\/www.bikun.eu\\\/\",\"name\":\"Bikun\",\"description\":\"dimagrire con i bagni derivativi\",\"potentialAction\":[{\"@type\":\"SearchAction\",\"target\":{\"@type\":\"EntryPoint\",\"urlTemplate\":\"https:\\\/\\\/www.bikun.eu\\\/?s={search_term_string}\"},\"query-input\":{\"@type\":\"PropertyValueSpecification\",\"valueRequired\":true,\"valueName\":\"search_term_string\"}}],\"inLanguage\":\"de\"}]}<\/script>\n<!-- \/ Yoast SEO plugin. -->","yoast_head_json":{"title":"Bikun - Bagni Derivativi Zona Perineale","description":"Cuscinetto Bikun in gel rinfrescante destinato alla zona perineale, per il benessere del corpo e la purificazione dell'organismo.","robots":{"index":"index","follow":"follow","max-snippet":"max-snippet:-1","max-image-preview":"max-image-preview:large","max-video-preview":"max-video-preview:-1"},"canonical":"https:\/\/www.bikun.eu\/de\/bikun\/","og_locale":"de_DE","og_type":"article","og_title":"Bikun - Bagni Derivativi Zona Perineale","og_description":"Cuscinetto Bikun in gel rinfrescante destinato alla zona perineale, per il benessere del corpo e la purificazione dell'organismo.","og_url":"https:\/\/www.bikun.eu\/de\/bikun\/","og_site_name":"Bikun","article_modified_time":"2023-05-15T08:56:08+00:00","twitter_misc":{"Gesch\u00e4tzte Lesezeit":"4\u00a0Minuten"},"schema":{"@context":"https:\/\/schema.org","@graph":[{"@type":"WebPage","@id":"https:\/\/www.bikun.eu\/de\/bikun\/","url":"https:\/\/www.bikun.eu\/de\/bikun\/","name":"Bikun - Bagni Derivativi Zona Perineale","isPartOf":{"@id":"https:\/\/www.bikun.eu\/#website"},"datePublished":"2014-06-16T09:01:19+00:00","dateModified":"2023-05-15T08:56:08+00:00","description":"Cuscinetto Bikun in gel rinfrescante destinato alla zona perineale, per il benessere del corpo e la purificazione dell'organismo.","breadcrumb":{"@id":"https:\/\/www.bikun.eu\/de\/bikun\/#breadcrumb"},"inLanguage":"de","potentialAction":[{"@type":"ReadAction","target":["https:\/\/www.bikun.eu\/de\/bikun\/"]}]},{"@type":"BreadcrumbList","@id":"https:\/\/www.bikun.eu\/de\/bikun\/#breadcrumb","itemListElement":[{"@type":"ListItem","position":1,"name":"Start","item":"https:\/\/www.bikun.eu\/de\/home\/"},{"@type":"ListItem","position":2,"name":"Bikun"}]},{"@type":"WebSite","@id":"https:\/\/www.bikun.eu\/#website","url":"https:\/\/www.bikun.eu\/","name":"Bikun","description":"dimagrire con i bagni derivativi","potentialAction":[{"@type":"SearchAction","target":{"@type":"EntryPoint","urlTemplate":"https:\/\/www.bikun.eu\/?s={search_term_string}"},"query-input":{"@type":"PropertyValueSpecification","valueRequired":true,"valueName":"search_term_string"}}],"inLanguage":"de"}]}},"_links":{"self":[{"href":"https:\/\/www.bikun.eu\/de\/wp-json\/wp\/v2\/pages\/31758","targetHints":{"allow":["GET"]}}],"collection":[{"href":"https:\/\/www.bikun.eu\/de\/wp-json\/wp\/v2\/pages"}],"about":[{"href":"https:\/\/www.bikun.eu\/de\/wp-json\/wp\/v2\/types\/page"}],"author":[{"embeddable":true,"href":"https:\/\/www.bikun.eu\/de\/wp-json\/wp\/v2\/users\/1"}],"replies":[{"embeddable":true,"href":"https:\/\/www.bikun.eu\/de\/wp-json\/wp\/v2\/comments?post=31758"}],"version-history":[{"count":1,"href":"https:\/\/www.bikun.eu\/de\/wp-json\/wp\/v2\/pages\/31758\/revisions"}],"predecessor-version":[{"id":38502,"href":"https:\/\/www.bikun.eu\/de\/wp-json\/wp\/v2\/pages\/31758\/revisions\/38502"}],"wp:attachment":[{"href":"https:\/\/www.bikun.eu\/de\/wp-json\/wp\/v2\/media?parent=31758"}],"curies":[{"name":"wp","href":"https:\/\/api.w.org\/{rel}","templated":true}]}}