{"id":31772,"date":"2015-06-30T10:20:58","date_gmt":"2015-06-30T08:20:58","guid":{"rendered":"http:\/\/www.bikun.eu\/bikun-family-2\/"},"modified":"2023-05-15T11:03:19","modified_gmt":"2023-05-15T09:03:19","slug":"bikun-family","status":"publish","type":"page","link":"https:\/\/www.bikun.eu\/de\/bikun-family\/","title":{"rendered":"Bikun Family"},"content":{"rendered":"<div class=\"wpb-content-wrapper\"><p>[vc_row margin_top=&#8220;60&#8243; margin_bottom=&#8220;60&#8243;][vc_column offset=&#8220;vc_col-lg-6 vc_col-md-12 vc_col-xs-12&#8243;][vc_column_text css_animation=&#8220;fadeInLeft&#8220;]<\/p>\n<h2>Drei in eins&#8230;<\/h2>\n<p>[\/vc_column_text][vc_empty_space height=&#8220;16px&#8220;][vc_column_text]<\/p>\n<p style=\"text-align: justify;\"><strong>Bikun<\/strong> bietet mit dem neuen <strong>Familienformat<\/strong> eine tolle 3-in-1-L\u00f6sung an! Die Packung enth\u00e4lt <strong>3 Bikun-Einlagen<\/strong>, <strong>2 Schutzh\u00fcllen<\/strong> aus weicher Baumwolle f\u00fcr die Anwendung und <strong>das neue Handbuch<\/strong>, mit dem Sie Ihr Wissen \u00fcber diese einfache, aber effiziente Methode erweitern k\u00f6nnen.<\/p>\n<p style=\"text-align: justify;\">Das ist aber noch nicht alles: Der <strong>Family Pack<\/strong> (inklusive praktischem und hygienischem <strong>Etui f\u00fcr das Gefrierfach)<\/strong> \u00fcberzeugt au\u00dferdem durch einen \u00fcberaus attraktiven Endverkaufspreis.<\/p>\n<p>[\/vc_column_text][vc_empty_space height=&#8220;60px&#8220;][vc_column_text css_animation=&#8220;fadeInLeftBig&#8220;]<\/p>\n<h2>Das Handbuch<\/h2>\n<p>[\/vc_column_text][vc_empty_space height=&#8220;16px&#8220;][vc_column_text]<\/p>\n<p style=\"text-align: justify;\"><strong>Bikun<\/strong> ist eine komfortable <strong>Einlage mit einem nat\u00fcrlichen, absolut ungiftigen Gel<\/strong> f\u00fcr die Praktizierung der <strong>Reibesitzb\u00e4der<\/strong> nach der Methode von Louis Kuhne. Die wohltuende Wirkung dieser einfachen, aber effizienten Methode ist vielf\u00e4ltig und wissenschaftlich erwiesen. Es braucht nur ein paar Handgriffe und ein bisschen Zeit f\u00fcr Entspannung.<\/p>\n<p style=\"text-align: justify;\">Um mehr dar\u00fcber zu erfahren, hier klicken<strong>.<\/strong><\/p>\n<p>[\/vc_column_text][vc_empty_space height=&#8220;20&#8243;][vc_column_text css_animation=&#8220;fadeInUp&#8220;]<\/p>\n<p style=\"text-align: left;\"><a href=\"https:\/\/www.bikun.eu\/wp-content\/uploads\/2015\/06\/nuovo_manuale_bikun_web.pdf\" class=\"dt-btn-l dt-btn\" target=\"_blank\">Das neue handbuch herunterladen<\/a><\/p>\n<p>[\/vc_column_text][vc_empty_space height=&#8220;40px&#8220;][\/vc_column][vc_column offset=&#8220;vc_col-lg-6 vc_col-md-12 vc_col-xs-12&#8243;][vc_single_image image=&#8220;31594&#8243; img_size=&#8220;full&#8220; alignment=&#8220;center&#8220; css_animation=&#8220;fadeInRight&#8220; css=&#8220;.vc_custom_1436973275603{margin-top: -60px !important;}&#8220;][vc_empty_space height=&#8220;40px&#8220;][\/vc_column][\/vc_row][vc_row animation=&#8220;zoomIn&#8220; type=&#8220;5&#8243; bg_color=&#8220;#f0f0f0&#8243; padding_top=&#8220;60px&#8220; padding_bottom=&#8220;60px&#8220;][vc_column width=&#8220;1\/3&#8243;][vc_column_text css_animation=&#8220;fadeIn&#8220;]<\/p>\n<h2 style=\"text-align: center;\"><span style=\"font-size: 27px;\">Family Pack jetzt kaufen<\/span><\/h2>\n<h2 style=\"text-align: center;\"><\/h2>\n<p>[\/vc_column_text][vc_empty_space][vc_column_text css_animation=&#8220;fadeInUp&#8220;]<\/p>\n<p style=\"text-align: center;\"><a href=\"\/de\/warenkorb\/?add-to-cart=31985\" class=\"dt-btn-l dt-btn\">In den Warenkorb legen &#8211; \u20ac <del>88,70<\/del> &#8211; 79,80<\/a><\/p>\n<p>[\/vc_column_text][\/vc_column][vc_column width=&#8220;1\/3&#8243;]<div class=\"standard-arrow bullet-top\"><ul>\n<li style=\"text-align: justify;\">3 Bikun<\/li>\n<li style=\"text-align: justify;\">2 Schutzh\u00fcllen aus Baumwolle<\/li>\n<li style=\"text-align: justify;\">Bedienungshandbuch<\/li>\n<li style=\"text-align: justify;\">Etui f\u00fcr das Gefrierfach<\/li>\n<\/ul>\n<\/div>[\/vc_column][\/vc_row][vc_row][vc_column][vc_empty_space height=&#8220;60px&#8220;][vc_column_text css_animation=&#8220;fadeInDown&#8220;]<\/p>\n<h2 style=\"text-align: center;\">Anwendungsbereiche<\/h2>\n<p style=\"text-align: center;\">Bikun sorgt z.B. bei folgenden Beschwerden f\u00fcr Linderung<\/p>\n<p>[\/vc_column_text][vc_empty_space height=&#8220;60px&#8220;][\/vc_column][\/vc_row][vc_row][vc_column width=&#8220;1\/4&#8243;]<div class=\"standard-arrow list-divider bullet-top\"><ul>\n<li style=\"text-align: justify;\">Akne<\/li>\n<li style=\"text-align: justify;\">Erm\u00fcdungserscheinungen<\/li>\n<li style=\"text-align: justify;\">Allergien<\/li>\n<li style=\"text-align: justify;\">Appetitlosigkeit<\/li>\n<li style=\"text-align: justify;\">Arthrose<\/li>\n<li style=\"text-align: justify;\">Arthritis<\/li>\n<\/ul>\n<\/div>[vc_empty_space height=&#8220;60px&#8220;][\/vc_column][vc_column width=&#8220;1\/4&#8243;]<div class=\"standard-arrow list-divider bullet-top\"><ul>\n<li>Asthma<\/li>\n<li>Haarausfall<\/li>\n<li>Zellulitis<\/li>\n<li>Nackenschmerzen<\/li>\n<li>Ekzeme<\/li>\n<li>H\u00e4morrhoiden<\/li>\n<\/ul>\n<\/div>[vc_empty_space height=&#8220;60px&#8220;][\/vc_column][vc_column width=&#8220;1\/4&#8243;]<div class=\"standard-arrow list-divider bullet-top\"><ul>\n<li>Fibromyalgie<\/li>\n<li>Herpes<\/li>\n<li>Inkontinenz<\/li>\n<li>Grippe<\/li>\n<li>Schlaflosigkeit<\/li>\n<li>Beschwerden in den Wechseljahren<\/li>\n<\/ul>\n<\/div>[vc_empty_space height=&#8220;60px&#8220;][\/vc_column][vc_column width=&#8220;1\/4&#8243;]<div class=\"standard-arrow list-divider bullet-top\"><ul>\n<li>Menstruationsbeschwerden<\/li>\n<li>Gewichtsprobleme<\/li>\n<li>Sexuelle Probleme<\/li>\n<li>Schlafprobleme<\/li>\n<li>Verstopfung<\/li>\n<li>Sonnenbrand<\/li>\n<\/ul>\n<\/div>[vc_empty_space height=&#8220;60px&#8220;][\/vc_column][\/vc_row][vc_row margin_bottom=&#8220;-30px&#8220; type=&#8220;5&#8243; bg_color=&#8220;#f0f0f0&#8243; padding_top=&#8220;60px&#8220; padding_bottom=&#8220;60px&#8220;][vc_column width=&#8220;1\/3&#8243;][vc_column_text css_animation=&#8220;fadeInLeft&#8220;]<\/p>\n<h3>Certificazioni<\/h3>\n<p>[\/vc_column_text][vc_empty_space height=&#8220;24px&#8220;][vc_single_image image=&#8220;30848&#8243; img_size=&#8220;full&#8220; css_animation=&#8220;zoomInLeft&#8220; el_class=&#8220;certific&#8220;][\/vc_column][vc_column width=&#8220;2\/3&#8243; animation=&#8220;zoomInRight&#8220;][vc_accordion][vc_accordion_tab title=&#8220;Verwendung&#8220;][vc_column_text]<\/p>\n<p style=\"text-align: justify;\">K\u00fchlen Sie die Einlage mindestens <strong>60 Minuten im Gefrierfach<\/strong>, geben Sie sie dann in ihre Schutzh\u00fclle aus Stoff, um den direkten Hautkontakt zu vermeiden und legen Sie sie auf Ihren <strong>Leisten- und Intimbereich<\/strong>. Auf diese Weise kommen Sie in den Genuss der entspannenden, wohltuenden Wirkung des Reibesitzbades. Die <strong>Anwendungen<\/strong> k\u00f6nnen <strong>mehrmals am Tag<\/strong> auch w\u00e4hrend der Ruhezeiten und in Momenten der Entspannung erfolgen.<\/p>\n<p>[\/vc_column_text][vc_empty_space height=&#8220;20px&#8220;][\/vc_accordion_tab][vc_accordion_tab title=&#8220;Zusammensetzung&#8220;][vc_column_text]<\/p>\n<p style=\"text-align: justify;\"><strong>Ungiftiges GEL:<\/strong> destilliertes Wasser, Zellulose, Lebensmittelfarbe und Zus\u00e4tze. Bei versehentlichem Hautkontakt mit Wasser absp\u00fclen, ohne zu reiben.<\/p>\n<p style=\"text-align: justify;\"><strong>\u00c4u\u00dferer \u00dcberzug<\/strong>: Anatomisch geformte, absolut keimfreie und hypoallergene Einlage mit hoher mechanischer Reibfestigkeit, randlos hochfrequenzverschwei\u00dft und mit ca. <strong>100 g Viskosegel gef\u00fcllt.<\/strong><\/p>\n<p style=\"text-align: justify;\">F\u00fcr maximale Hygiene ist das Produkt in einer Vakuumverpackung versiegelt.<\/p>\n<p>[\/vc_column_text][vc_empty_space height=&#8220;20px&#8220;][\/vc_accordion_tab][vc_accordion_tab title=&#8220;Hinweise und Zertifizierungen&#8220;][vc_column_text]<\/p>\n<p style=\"text-align: justify;\">Bikun ist f\u00fcr M\u00e4nner und Frauen geeignet <strong>und muss gem\u00e4\u00df der oben angef\u00fchrten Anleitung verwendet werden<\/strong>. Eine Verwendung f\u00fcr andere, als die angegebenen Zwecke ist unzul\u00e4ssig.<\/p>\n<p style=\"text-align: justify;\">Das Produkt wurde vom Gesundheitsministerium als <strong>Medizinprodukt der Klasse 1 <\/strong>Eintragsnummer 1242252 <strong>zertifiziert.<\/strong><\/p>\n<p>[\/vc_column_text][vc_empty_space height=&#8220;20px&#8220;][\/vc_accordion_tab][\/vc_accordion][\/vc_column][\/vc_row]<\/p>\n<\/div>","protected":false},"excerpt":{"rendered":"<p>[vc_row margin_top=&#8220;60&#8243; margin_bottom=&#8220;60&#8243;][vc_column offset=&#8220;vc_col-lg-6 vc_col-md-12 vc_col-xs-12&#8243;][vc_column_text css_animation=&#8220;fadeInLeft&#8220;] Drei in eins&#8230; [\/vc_column_text][vc_empty_space height=&#8220;16px&#8220;][vc_column_text] Bikun bietet mit dem neuen Familienformat eine tolle 3-in-1-L\u00f6sung an! Die Packung enth\u00e4lt 3 Bikun-Einlagen, 2 Schutzh\u00fcllen aus weicher Baumwolle f\u00fcr die Anwendung und das neue Handbuch, mit dem Sie Ihr Wissen \u00fcber diese einfache, aber effiziente Methode erweitern k\u00f6nnen. Das ist aber&hellip;<\/p>\n","protected":false},"author":1,"featured_media":0,"parent":0,"menu_order":0,"comment_status":"closed","ping_status":"closed","template":"","meta":{"footnotes":""},"class_list":["post-31772","page","type-page","status-publish","hentry","description-off"],"yoast_head":"<!-- This site is optimized with the Yoast SEO plugin v27.3 - https:\/\/yoast.com\/product\/yoast-seo-wordpress\/ -->\n<title>Bikun Family - Tre Bikun e un manuale sui Bagni Derivativi<\/title>\n<meta name=\"description\" content=\"Bikun Family Pack \u00e8 in promozione fino a fine agosto. Comprende tre Bikun, le cover di cotone e il nuovo manuale sulla pratica dei bagni derivativi.\" \/>\n<meta name=\"robots\" content=\"index, follow, max-snippet:-1, max-image-preview:large, max-video-preview:-1\" \/>\n<link rel=\"canonical\" href=\"https:\/\/www.bikun.eu\/de\/bikun-family\/\" \/>\n<meta property=\"og:locale\" content=\"de_DE\" \/>\n<meta property=\"og:type\" content=\"article\" \/>\n<meta property=\"og:title\" content=\"Bikun Family - Tre Bikun e un manuale sui Bagni Derivativi\" \/>\n<meta property=\"og:description\" content=\"Bikun Family Pack \u00e8 in promozione fino a fine agosto. Comprende tre Bikun, le cover di cotone e il nuovo manuale sulla pratica dei bagni derivativi.\" \/>\n<meta property=\"og:url\" content=\"https:\/\/www.bikun.eu\/de\/bikun-family\/\" \/>\n<meta property=\"og:site_name\" content=\"Bikun\" \/>\n<meta property=\"article:modified_time\" content=\"2023-05-15T09:03:19+00:00\" \/>\n<meta name=\"twitter:label1\" content=\"Gesch\u00e4tzte Lesezeit\" \/>\n\t<meta name=\"twitter:data1\" content=\"4\u00a0Minuten\" \/>\n<script type=\"application\/ld+json\" class=\"yoast-schema-graph\">{\"@context\":\"https:\\\/\\\/schema.org\",\"@graph\":[{\"@type\":\"WebPage\",\"@id\":\"https:\\\/\\\/www.bikun.eu\\\/de\\\/bikun-family\\\/\",\"url\":\"https:\\\/\\\/www.bikun.eu\\\/de\\\/bikun-family\\\/\",\"name\":\"Bikun Family - Tre Bikun e un manuale sui Bagni Derivativi\",\"isPartOf\":{\"@id\":\"https:\\\/\\\/www.bikun.eu\\\/#website\"},\"datePublished\":\"2015-06-30T08:20:58+00:00\",\"dateModified\":\"2023-05-15T09:03:19+00:00\",\"description\":\"Bikun Family Pack \u00e8 in promozione fino a fine agosto. Comprende tre Bikun, le cover di cotone e il nuovo manuale sulla pratica dei bagni derivativi.\",\"breadcrumb\":{\"@id\":\"https:\\\/\\\/www.bikun.eu\\\/de\\\/bikun-family\\\/#breadcrumb\"},\"inLanguage\":\"de\",\"potentialAction\":[{\"@type\":\"ReadAction\",\"target\":[\"https:\\\/\\\/www.bikun.eu\\\/de\\\/bikun-family\\\/\"]}]},{\"@type\":\"BreadcrumbList\",\"@id\":\"https:\\\/\\\/www.bikun.eu\\\/de\\\/bikun-family\\\/#breadcrumb\",\"itemListElement\":[{\"@type\":\"ListItem\",\"position\":1,\"name\":\"Start\",\"item\":\"https:\\\/\\\/www.bikun.eu\\\/de\\\/home\\\/\"},{\"@type\":\"ListItem\",\"position\":2,\"name\":\"Bikun Family\"}]},{\"@type\":\"WebSite\",\"@id\":\"https:\\\/\\\/www.bikun.eu\\\/#website\",\"url\":\"https:\\\/\\\/www.bikun.eu\\\/\",\"name\":\"Bikun\",\"description\":\"dimagrire con i bagni derivativi\",\"potentialAction\":[{\"@type\":\"SearchAction\",\"target\":{\"@type\":\"EntryPoint\",\"urlTemplate\":\"https:\\\/\\\/www.bikun.eu\\\/?s={search_term_string}\"},\"query-input\":{\"@type\":\"PropertyValueSpecification\",\"valueRequired\":true,\"valueName\":\"search_term_string\"}}],\"inLanguage\":\"de\"}]}<\/script>\n<!-- \/ Yoast SEO plugin. -->","yoast_head_json":{"title":"Bikun Family - Tre Bikun e un manuale sui Bagni Derivativi","description":"Bikun Family Pack \u00e8 in promozione fino a fine agosto. Comprende tre Bikun, le cover di cotone e il nuovo manuale sulla pratica dei bagni derivativi.","robots":{"index":"index","follow":"follow","max-snippet":"max-snippet:-1","max-image-preview":"max-image-preview:large","max-video-preview":"max-video-preview:-1"},"canonical":"https:\/\/www.bikun.eu\/de\/bikun-family\/","og_locale":"de_DE","og_type":"article","og_title":"Bikun Family - Tre Bikun e un manuale sui Bagni Derivativi","og_description":"Bikun Family Pack \u00e8 in promozione fino a fine agosto. Comprende tre Bikun, le cover di cotone e il nuovo manuale sulla pratica dei bagni derivativi.","og_url":"https:\/\/www.bikun.eu\/de\/bikun-family\/","og_site_name":"Bikun","article_modified_time":"2023-05-15T09:03:19+00:00","twitter_misc":{"Gesch\u00e4tzte Lesezeit":"4\u00a0Minuten"},"schema":{"@context":"https:\/\/schema.org","@graph":[{"@type":"WebPage","@id":"https:\/\/www.bikun.eu\/de\/bikun-family\/","url":"https:\/\/www.bikun.eu\/de\/bikun-family\/","name":"Bikun Family - Tre Bikun e un manuale sui Bagni Derivativi","isPartOf":{"@id":"https:\/\/www.bikun.eu\/#website"},"datePublished":"2015-06-30T08:20:58+00:00","dateModified":"2023-05-15T09:03:19+00:00","description":"Bikun Family Pack \u00e8 in promozione fino a fine agosto. Comprende tre Bikun, le cover di cotone e il nuovo manuale sulla pratica dei bagni derivativi.","breadcrumb":{"@id":"https:\/\/www.bikun.eu\/de\/bikun-family\/#breadcrumb"},"inLanguage":"de","potentialAction":[{"@type":"ReadAction","target":["https:\/\/www.bikun.eu\/de\/bikun-family\/"]}]},{"@type":"BreadcrumbList","@id":"https:\/\/www.bikun.eu\/de\/bikun-family\/#breadcrumb","itemListElement":[{"@type":"ListItem","position":1,"name":"Start","item":"https:\/\/www.bikun.eu\/de\/home\/"},{"@type":"ListItem","position":2,"name":"Bikun Family"}]},{"@type":"WebSite","@id":"https:\/\/www.bikun.eu\/#website","url":"https:\/\/www.bikun.eu\/","name":"Bikun","description":"dimagrire con i bagni derivativi","potentialAction":[{"@type":"SearchAction","target":{"@type":"EntryPoint","urlTemplate":"https:\/\/www.bikun.eu\/?s={search_term_string}"},"query-input":{"@type":"PropertyValueSpecification","valueRequired":true,"valueName":"search_term_string"}}],"inLanguage":"de"}]}},"_links":{"self":[{"href":"https:\/\/www.bikun.eu\/de\/wp-json\/wp\/v2\/pages\/31772","targetHints":{"allow":["GET"]}}],"collection":[{"href":"https:\/\/www.bikun.eu\/de\/wp-json\/wp\/v2\/pages"}],"about":[{"href":"https:\/\/www.bikun.eu\/de\/wp-json\/wp\/v2\/types\/page"}],"author":[{"embeddable":true,"href":"https:\/\/www.bikun.eu\/de\/wp-json\/wp\/v2\/users\/1"}],"replies":[{"embeddable":true,"href":"https:\/\/www.bikun.eu\/de\/wp-json\/wp\/v2\/comments?post=31772"}],"version-history":[{"count":1,"href":"https:\/\/www.bikun.eu\/de\/wp-json\/wp\/v2\/pages\/31772\/revisions"}],"predecessor-version":[{"id":38512,"href":"https:\/\/www.bikun.eu\/de\/wp-json\/wp\/v2\/pages\/31772\/revisions\/38512"}],"wp:attachment":[{"href":"https:\/\/www.bikun.eu\/de\/wp-json\/wp\/v2\/media?parent=31772"}],"curies":[{"name":"wp","href":"https:\/\/api.w.org\/{rel}","templated":true}]}}