{"id":31778,"date":"2015-05-15T15:11:34","date_gmt":"2015-05-15T13:11:34","guid":{"rendered":"http:\/\/www.bikun.eu\/i-bagni-derivativi-2\/"},"modified":"2017-05-15T09:52:52","modified_gmt":"2017-05-15T07:52:52","slug":"reibesitzbad","status":"publish","type":"page","link":"https:\/\/www.bikun.eu\/de\/reibesitzbad\/","title":{"rendered":"Reibesitzbad"},"content":{"rendered":"<div class=\"wpb-content-wrapper\"><p>[vc_row][vc_column width=&#8220;2\/3&#8243;][vc_column_text css_animation=&#8220;fadeInUp&#8220;]<\/p>\n<h2>Reibesitzbad<\/h2>\n<p>[\/vc_column_text][vc_empty_space height=&#8220;16px&#8220;][vc_column_text]<\/p>\n<p style=\"text-align: justify;\">Der sind Hunderttausende von Menschen, die es praktizieren. Unsere <strong>Verdauung verursacht Tag um Tag eine gro\u00dfe Menge an \u201c\u00dcbersch\u00fcssen\u201d<\/strong>, die auf konstante Weise auf nat\u00fcrlichem Wege und \u00fcber die Transpiration ausgeschieden werden sollten. Trotzdem behindert unser vieles Sitzen sowie die Verwendung von zu enger Kleidung unseren Darm in seinen regelm\u00e4\u00dfigen Bewegungen, die der Ausscheidung der Schlacken dienen. <strong>Daraus ergibt sich generell eine verheerende Belastung unserer Gesundheit.<\/strong><\/p>\n<p style=\"text-align: justify;\"><span style=\"color: #3dd1c6;\"><strong>Eine nat\u00fcrliche L\u00f6sung<\/strong><\/span><\/p>\n<p style=\"text-align: justify;\">Das Reibesitzbad ist eine <strong>nat\u00fcrliche Methode, die das Verdauungssystem wieder in Gang bringt und die F\u00e4higkeit des Organismus,<\/strong> \u00dcbersch\u00fcsse auszuscheiden, wiederherstellt durch die F\u00f6rderung der<strong> inneren Reinigung aktiviert das Reibesitzbad diverse Funktionen,<\/strong> die eine gr\u00f6\u00dfere Widerstandsf\u00e4higkeit gegen\u00fcber Temperaturschwankungen gew\u00e4hrleisten, mehr Energie, einen tieferen und ges\u00fcnderen Schlaf, bessere Widerstandskraft und die Neuformung des K\u00f6rpers.<\/p>\n<p>[\/vc_column_text][vc_empty_space height=&#8220;16px&#8220;][vc_column_text css_animation=&#8220;fadeInUp&#8220;]<\/p>\n<h2>W\u00e4hlen Sie das richtige Produkt f\u00fcr Sie!<\/h2>\n<p>[\/vc_column_text][vc_empty_space height=&#8220;16px&#8220;][vc_column_text]<\/p>\n<p><a title=\"bagni derivativi bikun\" href=\"https:\/\/www.bikun.eu\/de\/bikun\/\"><img decoding=\"async\" class=\"alignleft size-thumbnail wp-image-31141\" style=\"margin: 0 28px 10px 0;\" src=\"https:\/\/www.bikun.eu\/wp-content\/uploads\/2015\/04\/bikun_product_image-150x150.jpg\" alt=\"bikun_product_image\" width=\"150\" height=\"150\" srcset=\"https:\/\/www.bikun.eu\/wp-content\/uploads\/2015\/04\/bikun_product_image-150x150.jpg 150w, https:\/\/www.bikun.eu\/wp-content\/uploads\/2015\/04\/bikun_product_image-100x100.jpg 100w, https:\/\/www.bikun.eu\/wp-content\/uploads\/2015\/04\/bikun_product_image.jpg 300w\" sizes=\"(max-width: 150px) 100vw, 150px\" \/><\/a> <a title=\"bagni derivativi b-bikun\" href=\"https:\/\/www.bikun.eu\/en\/b-bikun\/\"><img decoding=\"async\" class=\"alignleft size-thumbnail wp-image-31143\" style=\"margin: 0 28px 10px 0;\" src=\"https:\/\/www.bikun.eu\/wp-content\/uploads\/2015\/05\/b-bikun_product_image-150x150.jpg\" alt=\"b-bikun_product_image\" width=\"150\" height=\"150\" srcset=\"https:\/\/www.bikun.eu\/wp-content\/uploads\/2015\/05\/b-bikun_product_image-150x150.jpg 150w, https:\/\/www.bikun.eu\/wp-content\/uploads\/2015\/05\/b-bikun_product_image-100x100.jpg 100w, https:\/\/www.bikun.eu\/wp-content\/uploads\/2015\/05\/b-bikun_product_image.jpg 300w\" sizes=\"(max-width: 150px) 100vw, 150px\" \/><\/a><a title=\"bracciale in gel mykun\" href=\"https:\/\/www.bikun.eu\/en\/mykun\/\"><img decoding=\"async\" class=\"alignleft size-thumbnail wp-image-31147\" style=\"margin: 0 28px 10px 0;\" src=\"https:\/\/www.bikun.eu\/wp-content\/uploads\/2015\/05\/mykun_product_image-150x150.jpg\" alt=\"mykun_product_image\" width=\"150\" height=\"150\" srcset=\"https:\/\/www.bikun.eu\/wp-content\/uploads\/2015\/05\/mykun_product_image-150x150.jpg 150w, https:\/\/www.bikun.eu\/wp-content\/uploads\/2015\/05\/mykun_product_image-100x100.jpg 100w, https:\/\/www.bikun.eu\/wp-content\/uploads\/2015\/05\/mykun_product_image.jpg 300w\" sizes=\"(max-width: 150px) 100vw, 150px\" \/><\/a><a title=\"cuscinetto in gel per il viso eyelife\" href=\"https:\/\/www.bikun.eu\/en\/eyelife\/\"><img decoding=\"async\" class=\"alignleft size-thumbnail wp-image-31145\" style=\"margin: 0 28px 10px 0;\" src=\"https:\/\/www.bikun.eu\/wp-content\/uploads\/2015\/05\/eyelife_product_image-150x150.jpg\" alt=\"eyelife_product_image\" width=\"150\" height=\"150\" srcset=\"https:\/\/www.bikun.eu\/wp-content\/uploads\/2015\/05\/eyelife_product_image-150x150.jpg 150w, https:\/\/www.bikun.eu\/wp-content\/uploads\/2015\/05\/eyelife_product_image-100x100.jpg 100w, https:\/\/www.bikun.eu\/wp-content\/uploads\/2015\/05\/eyelife_product_image.jpg 300w\" sizes=\"(max-width: 150px) 100vw, 150px\" \/><\/a><\/p>\n<p>[\/vc_column_text][\/vc_column][vc_column width=&#8220;1\/3&#8243;][vc_column_text]<\/p>\n<h2>Therapeutische Vorteile<\/h2>\n<p>[\/vc_column_text][vc_empty_space height=&#8220;16px&#8220;]<div class=\"standard-arrow list-divider bullet-top\"><ul>\n<li style=\"text-align: justify;\">Erm\u00fcdungserscheinungen<\/li>\n<li style=\"text-align: justify;\">Allergien<\/li>\n<li style=\"text-align: justify;\">Appetitlosigkeit<\/li>\n<li style=\"text-align: justify;\">Arthrose<\/li>\n<li style=\"text-align: justify;\">Asthma<\/li>\n<li style=\"text-align: justify;\">Zellulitis<\/li>\n<li style=\"text-align: justify;\">H\u00e4morrhoiden<\/li>\n<li style=\"text-align: justify;\">Schlaflosigkeit<\/li>\n<li style=\"text-align: justify;\">Beschwerden in den Wechseljahren<\/li>\n<li style=\"text-align: justify;\">Menstruationsbeschwerden<\/li>\n<li style=\"text-align: justify;\">Gewichtsprobleme<\/li>\n<li style=\"text-align: justify;\">Sonnenbrand<\/li>\n<\/ul>\n<\/div>[\/vc_column][\/vc_row][vc_row][vc_column width=&#8220;1\/1&#8243;][vc_raw_js]<\/p>\n<p>JTNDc2NyaXB0JTIwdHlwZSUzRCUyMnRleHQlMkZqYXZhc2NyaXB0JTIyJTNFJTBBdmFyJTIwJTI0aiUyMCUzRCUyMGpRdWVyeSUzQiUwQSUyNGolMjglMjIlMjNmYW5jeS1oZWFkZXIlMjBoMSUyMHNwYW4lM0Fjb250YWlucyUyOCUyN0JhZ25pJTIwZGVyaXZhdGl2aSUyNyUyOSUyMiUyOS5odG1sJTI4JTIyUmVpYmVzaXR6YmFkJTIyJTI5JTNCJTBBJTNDJTJGc2NyaXB0JTNF<\/p>\n<p>[\/vc_raw_js][\/vc_column][\/vc_row]<\/p>\n<\/div>","protected":false},"excerpt":{"rendered":"<p>[vc_row][vc_column width=&#8220;2\/3&#8243;][vc_column_text css_animation=&#8220;fadeInUp&#8220;] Reibesitzbad [\/vc_column_text][vc_empty_space height=&#8220;16px&#8220;][vc_column_text] Der sind Hunderttausende von Menschen, die es praktizieren. Unsere Verdauung verursacht Tag um Tag eine gro\u00dfe Menge an \u201c\u00dcbersch\u00fcssen\u201d, die auf konstante Weise auf nat\u00fcrlichem Wege und \u00fcber die Transpiration ausgeschieden werden sollten. Trotzdem behindert unser vieles Sitzen sowie die Verwendung von zu enger Kleidung unseren Darm in seinen&hellip;<\/p>\n","protected":false},"author":1,"featured_media":0,"parent":0,"menu_order":0,"comment_status":"closed","ping_status":"closed","template":"","meta":{"footnotes":""},"class_list":["post-31778","page","type-page","status-publish","hentry","description-off"],"yoast_head":"<!-- This site is optimized with the Yoast SEO plugin v27.3 - https:\/\/yoast.com\/product\/yoast-seo-wordpress\/ -->\n<title>Reibesitzbad<\/title>\n<meta name=\"description\" content=\"Reibesitzbad\" \/>\n<meta name=\"robots\" content=\"index, follow, max-snippet:-1, max-image-preview:large, max-video-preview:-1\" \/>\n<link rel=\"canonical\" href=\"https:\/\/www.bikun.eu\/de\/reibesitzbad\/\" \/>\n<meta property=\"og:locale\" content=\"de_DE\" \/>\n<meta property=\"og:type\" content=\"article\" \/>\n<meta property=\"og:title\" content=\"Reibesitzbad\" \/>\n<meta property=\"og:description\" content=\"Reibesitzbad\" \/>\n<meta property=\"og:url\" content=\"https:\/\/www.bikun.eu\/de\/reibesitzbad\/\" \/>\n<meta property=\"og:site_name\" content=\"Bikun\" \/>\n<meta property=\"article:modified_time\" content=\"2017-05-15T07:52:52+00:00\" \/>\n<meta property=\"og:image\" content=\"https:\/\/www.bikun.eu\/wp-content\/uploads\/2015\/04\/bikun_product_image.jpg\" \/>\n\t<meta property=\"og:image:width\" content=\"300\" \/>\n\t<meta property=\"og:image:height\" content=\"300\" \/>\n\t<meta property=\"og:image:type\" content=\"image\/jpeg\" \/>\n<meta name=\"twitter:label1\" content=\"Gesch\u00e4tzte Lesezeit\" \/>\n\t<meta name=\"twitter:data1\" content=\"1\u00a0Minute\" \/>\n<script type=\"application\/ld+json\" class=\"yoast-schema-graph\">{\"@context\":\"https:\\\/\\\/schema.org\",\"@graph\":[{\"@type\":\"WebPage\",\"@id\":\"https:\\\/\\\/www.bikun.eu\\\/de\\\/reibesitzbad\\\/\",\"url\":\"https:\\\/\\\/www.bikun.eu\\\/de\\\/reibesitzbad\\\/\",\"name\":\"Reibesitzbad\",\"isPartOf\":{\"@id\":\"https:\\\/\\\/www.bikun.eu\\\/#website\"},\"primaryImageOfPage\":{\"@id\":\"https:\\\/\\\/www.bikun.eu\\\/de\\\/reibesitzbad\\\/#primaryimage\"},\"image\":{\"@id\":\"https:\\\/\\\/www.bikun.eu\\\/de\\\/reibesitzbad\\\/#primaryimage\"},\"thumbnailUrl\":\"https:\\\/\\\/www.bikun.eu\\\/wp-content\\\/uploads\\\/2015\\\/04\\\/bikun_product_image-150x150.jpg\",\"datePublished\":\"2015-05-15T13:11:34+00:00\",\"dateModified\":\"2017-05-15T07:52:52+00:00\",\"description\":\"Reibesitzbad\",\"breadcrumb\":{\"@id\":\"https:\\\/\\\/www.bikun.eu\\\/de\\\/reibesitzbad\\\/#breadcrumb\"},\"inLanguage\":\"de\",\"potentialAction\":[{\"@type\":\"ReadAction\",\"target\":[\"https:\\\/\\\/www.bikun.eu\\\/de\\\/reibesitzbad\\\/\"]}]},{\"@type\":\"ImageObject\",\"inLanguage\":\"de\",\"@id\":\"https:\\\/\\\/www.bikun.eu\\\/de\\\/reibesitzbad\\\/#primaryimage\",\"url\":\"https:\\\/\\\/www.bikun.eu\\\/wp-content\\\/uploads\\\/2015\\\/04\\\/bikun_product_image-150x150.jpg\",\"contentUrl\":\"https:\\\/\\\/www.bikun.eu\\\/wp-content\\\/uploads\\\/2015\\\/04\\\/bikun_product_image-150x150.jpg\"},{\"@type\":\"BreadcrumbList\",\"@id\":\"https:\\\/\\\/www.bikun.eu\\\/de\\\/reibesitzbad\\\/#breadcrumb\",\"itemListElement\":[{\"@type\":\"ListItem\",\"position\":1,\"name\":\"Start\",\"item\":\"https:\\\/\\\/www.bikun.eu\\\/de\\\/home\\\/\"},{\"@type\":\"ListItem\",\"position\":2,\"name\":\"Reibesitzbad\"}]},{\"@type\":\"WebSite\",\"@id\":\"https:\\\/\\\/www.bikun.eu\\\/#website\",\"url\":\"https:\\\/\\\/www.bikun.eu\\\/\",\"name\":\"Bikun\",\"description\":\"dimagrire con i bagni derivativi\",\"potentialAction\":[{\"@type\":\"SearchAction\",\"target\":{\"@type\":\"EntryPoint\",\"urlTemplate\":\"https:\\\/\\\/www.bikun.eu\\\/?s={search_term_string}\"},\"query-input\":{\"@type\":\"PropertyValueSpecification\",\"valueRequired\":true,\"valueName\":\"search_term_string\"}}],\"inLanguage\":\"de\"}]}<\/script>\n<!-- \/ Yoast SEO plugin. -->","yoast_head_json":{"title":"Reibesitzbad","description":"Reibesitzbad","robots":{"index":"index","follow":"follow","max-snippet":"max-snippet:-1","max-image-preview":"max-image-preview:large","max-video-preview":"max-video-preview:-1"},"canonical":"https:\/\/www.bikun.eu\/de\/reibesitzbad\/","og_locale":"de_DE","og_type":"article","og_title":"Reibesitzbad","og_description":"Reibesitzbad","og_url":"https:\/\/www.bikun.eu\/de\/reibesitzbad\/","og_site_name":"Bikun","article_modified_time":"2017-05-15T07:52:52+00:00","og_image":[{"width":300,"height":300,"url":"https:\/\/www.bikun.eu\/wp-content\/uploads\/2015\/04\/bikun_product_image.jpg","type":"image\/jpeg"}],"twitter_misc":{"Gesch\u00e4tzte Lesezeit":"1\u00a0Minute"},"schema":{"@context":"https:\/\/schema.org","@graph":[{"@type":"WebPage","@id":"https:\/\/www.bikun.eu\/de\/reibesitzbad\/","url":"https:\/\/www.bikun.eu\/de\/reibesitzbad\/","name":"Reibesitzbad","isPartOf":{"@id":"https:\/\/www.bikun.eu\/#website"},"primaryImageOfPage":{"@id":"https:\/\/www.bikun.eu\/de\/reibesitzbad\/#primaryimage"},"image":{"@id":"https:\/\/www.bikun.eu\/de\/reibesitzbad\/#primaryimage"},"thumbnailUrl":"https:\/\/www.bikun.eu\/wp-content\/uploads\/2015\/04\/bikun_product_image-150x150.jpg","datePublished":"2015-05-15T13:11:34+00:00","dateModified":"2017-05-15T07:52:52+00:00","description":"Reibesitzbad","breadcrumb":{"@id":"https:\/\/www.bikun.eu\/de\/reibesitzbad\/#breadcrumb"},"inLanguage":"de","potentialAction":[{"@type":"ReadAction","target":["https:\/\/www.bikun.eu\/de\/reibesitzbad\/"]}]},{"@type":"ImageObject","inLanguage":"de","@id":"https:\/\/www.bikun.eu\/de\/reibesitzbad\/#primaryimage","url":"https:\/\/www.bikun.eu\/wp-content\/uploads\/2015\/04\/bikun_product_image-150x150.jpg","contentUrl":"https:\/\/www.bikun.eu\/wp-content\/uploads\/2015\/04\/bikun_product_image-150x150.jpg"},{"@type":"BreadcrumbList","@id":"https:\/\/www.bikun.eu\/de\/reibesitzbad\/#breadcrumb","itemListElement":[{"@type":"ListItem","position":1,"name":"Start","item":"https:\/\/www.bikun.eu\/de\/home\/"},{"@type":"ListItem","position":2,"name":"Reibesitzbad"}]},{"@type":"WebSite","@id":"https:\/\/www.bikun.eu\/#website","url":"https:\/\/www.bikun.eu\/","name":"Bikun","description":"dimagrire con i bagni derivativi","potentialAction":[{"@type":"SearchAction","target":{"@type":"EntryPoint","urlTemplate":"https:\/\/www.bikun.eu\/?s={search_term_string}"},"query-input":{"@type":"PropertyValueSpecification","valueRequired":true,"valueName":"search_term_string"}}],"inLanguage":"de"}]}},"_links":{"self":[{"href":"https:\/\/www.bikun.eu\/de\/wp-json\/wp\/v2\/pages\/31778","targetHints":{"allow":["GET"]}}],"collection":[{"href":"https:\/\/www.bikun.eu\/de\/wp-json\/wp\/v2\/pages"}],"about":[{"href":"https:\/\/www.bikun.eu\/de\/wp-json\/wp\/v2\/types\/page"}],"author":[{"embeddable":true,"href":"https:\/\/www.bikun.eu\/de\/wp-json\/wp\/v2\/users\/1"}],"replies":[{"embeddable":true,"href":"https:\/\/www.bikun.eu\/de\/wp-json\/wp\/v2\/comments?post=31778"}],"version-history":[{"count":0,"href":"https:\/\/www.bikun.eu\/de\/wp-json\/wp\/v2\/pages\/31778\/revisions"}],"wp:attachment":[{"href":"https:\/\/www.bikun.eu\/de\/wp-json\/wp\/v2\/media?parent=31778"}],"curies":[{"name":"wp","href":"https:\/\/api.w.org\/{rel}","templated":true}]}}