{"id":31784,"date":"2014-04-23T11:18:35","date_gmt":"2014-04-23T09:18:35","guid":{"rendered":"http:\/\/www.bikun.eu\/b-bikun-2\/"},"modified":"2023-05-15T10:59:23","modified_gmt":"2023-05-15T08:59:23","slug":"b-bikun","status":"publish","type":"page","link":"https:\/\/www.bikun.eu\/de\/b-bikun\/","title":{"rendered":"B-Bikun"},"content":{"rendered":"<div class=\"wpb-content-wrapper\"><p>[vc_row margin_top=&#8220;60&#8243; margin_bottom=&#8220;60&#8243;][vc_column offset=&#8220;vc_col-lg-6 vc_col-md-12 vc_col-xs-12&#8243;][vc_column_text css_animation=&#8220;fadeInLeft&#8220;]<\/p>\n<h2>Reibesitzb\u00e4der<\/h2>\n<p>[\/vc_column_text][vc_empty_space height=&#8220;16px&#8220;][vc_column_text]<\/p>\n<p style=\"text-align: justify;\">Basierend auf der Methode von Louis Kuhne, garantiert<strong> B-Bikun<\/strong> die <strong>wohltuende<\/strong> und <strong>entspannende Wirkung der Reibesitzb\u00e4der.<\/strong> Eine <strong>nat\u00fcrliche Anwendung<\/strong>, die \u00fcber die <strong>K\u00fchlung<\/strong> des <strong>Dammbereichs<\/strong> dazu beitr\u00e4gt, <strong>Schmerzen und Beschwerden zu lindern,<\/strong> die nicht nur auf den Beckenbereich, sondern auf den gesamten <strong>Organismus<\/strong> ausstrahlen. Eine <strong>kontinuierliche Anwendung<\/strong> beg\u00fcnstigt die St\u00e4rkung des Bindegewebes, verbessert die Durchblutung, regt das Lymph- und Immunsystem an und schenkt unserem K\u00f6rper <strong>neue Lebensenergie<\/strong>.<\/p>\n<p style=\"text-align: justify;\"><a title=\"cosa sono i bagni derivativi\" href=\"https:\/\/www.bikun.eu\/de\/reibesitzbad\/\"><em>Um mehr zu wissen &#8230;<\/em><\/a><\/p>\n<p>[\/vc_column_text][vc_empty_space height=&#8220;60px&#8220;][vc_column_text css_animation=&#8220;fadeInLeftBig&#8220;]<\/p>\n<h2>Wann soll es verwendet werden<\/h2>\n<p>[\/vc_column_text][vc_empty_space height=&#8220;16px&#8220;][vc_column_text]<\/p>\n<p style=\"text-align: justify;\">Die anatomisch geformte Einlage <strong>B-Bikun<\/strong> ist gr\u00f6\u00dfer als das Modell Bikun und enth\u00e4lt <strong>80% mehr nat\u00fcrliches Gel<\/strong>. Dadurch ist eine bessere Abdeckung des behandelten Bereichs und eine l\u00e4ngere <strong>K\u00fchlung<\/strong> (bis zu <strong>40 Minuten<\/strong>) garantiert.<\/p>\n<p style=\"text-align: justify;\">F\u00fcr <strong>B-Bikun<\/strong> gibt es keine Kontraindikationen. Es kann w\u00e4hrend der <strong>Ruhezeiten und in Momenten der Entspannung<\/strong> oder als <strong>regenerierende Ma\u00dfnahme nach sportlicher Bet\u00e4tigung <\/strong>angewendet werden. F\u00fcr M\u00e4nner und Frauen geeignet.<\/p>\n<p>[\/vc_column_text][vc_empty_space height=&#8220;40px&#8220;][\/vc_column][vc_column offset=&#8220;vc_col-lg-6 vc_col-md-12 vc_col-xs-12&#8243;][vc_single_image image=&#8220;30938&#8243; img_size=&#8220;full&#8220; alignment=&#8220;center&#8220; css_animation=&#8220;fadeInRight&#8220; css=&#8220;.vc_custom_1429607443426{margin-top: -60px !important;}&#8220;][vc_empty_space height=&#8220;40px&#8220;][\/vc_column][\/vc_row][vc_row animation=&#8220;zoomIn&#8220; type=&#8220;5&#8243; bg_color=&#8220;#f0f0f0&#8243; padding_top=&#8220;60px&#8220; padding_bottom=&#8220;60px&#8220;][vc_column width=&#8220;1\/2&#8243;][vc_column_text css_animation=&#8220;fadeIn&#8220;]<\/p>\n<h2 style=\"text-align: center;\">B-Bikun jetzt kaufen<\/h2>\n<p>[\/vc_column_text][vc_empty_space][vc_column_text css_animation=&#8220;fadeInUp&#8220;]<\/p>\n<p style=\"text-align: center;\"><a href=\"\/de\/warenkorb\/?add-to-cart=31988\" class=\"dt-btn-l dt-btn\">In den Warenkorb legen &#8211; \u20ac <del>45,00<\/del> &#8211; 40,50<\/a><\/p>\n<p>[\/vc_column_text][\/vc_column][vc_column width=&#8220;1\/2&#8243;][vc_column_text]<\/p>\n<p style=\"text-align: justify;\">B-Bikun, eine in Italien entwickelte und hergestellte Erfindung, besteht aus einem<strong> nat\u00fcrlichen, ungiftigen Gel <\/strong>in einer<strong> keimfreien und antibakteriellen Schutzh\u00fclle.<\/strong><\/p>\n<p style=\"text-align: justify;\">Die Einlage ca. 60 Minuten im Gefrierfach k\u00fchlen und <strong>auf den Leistenbereich auflegen<\/strong>, um <strong>in den Genuss der entspannenden und wohltuenden Wirkung der Reibesitzb\u00e4der<\/strong> zu kommen. Die Anwendungen k\u00f6nnen auch mehrmals am Tag erfolgen.<\/p>\n<p>[\/vc_column_text][\/vc_column][\/vc_row][vc_row][vc_column][vc_empty_space height=&#8220;60px&#8220;][vc_column_text css_animation=&#8220;fadeInDown&#8220;]<\/p>\n<h2 style=\"text-align: center;\">Anwendungen<\/h2>\n<p>[\/vc_column_text][vc_empty_space height=&#8220;60px&#8220;][\/vc_column][\/vc_row][vc_row][vc_column width=&#8220;1\/4&#8243;]<div class=\"standard-arrow list-divider bullet-top\"><ul>\n<li>Akne<\/li>\n<li>Erm\u00fcdungserscheinungen<\/li>\n<li>Allergien<\/li>\n<li>Appetitlosigkeit<\/li>\n<li>Arthrose<\/li>\n<li>Arthritis<\/li>\n<\/ul>\n<\/div>[vc_empty_space height=&#8220;60px&#8220;][\/vc_column][vc_column width=&#8220;1\/4&#8243;]<div class=\"standard-arrow list-divider bullet-top\"><ul>\n<li>Asthma<\/li>\n<li>Haarausfall<\/li>\n<li>Zellulitis<\/li>\n<li>Nackenschmerzen<\/li>\n<li>Ekzeme<\/li>\n<li>H\u00e4morrhoiden<\/li>\n<\/ul>\n<\/div>[vc_empty_space height=&#8220;60px&#8220;][\/vc_column][vc_column width=&#8220;1\/4&#8243;]<div class=\"standard-arrow list-divider bullet-top\"><ul>\n<li>Fibromyalgie<\/li>\n<li>Herpes<\/li>\n<li>Inkontinenz<\/li>\n<li>Grippe<\/li>\n<li>Schlaflosigkeit<\/li>\n<li>Beschwerden in den Wechseljahren<\/li>\n<\/ul>\n<\/div>[vc_empty_space height=&#8220;60px&#8220;][\/vc_column][vc_column width=&#8220;1\/4&#8243;]<div class=\"standard-arrow list-divider bullet-top\"><ul>\n<li>Menstruationsbeschwerden<\/li>\n<li>Gewichtsprobleme<\/li>\n<li>Sexuelle Probleme<\/li>\n<li>Schlafprobleme<\/li>\n<li>Verstopfung<\/li>\n<li>Sonnenbrand<\/li>\n<\/ul>\n<\/div>[vc_empty_space height=&#8220;60px&#8220;][\/vc_column][\/vc_row][vc_row margin_bottom=&#8220;-30px&#8220; type=&#8220;5&#8243; bg_color=&#8220;#f0f0f0&#8243; padding_top=&#8220;60px&#8220; padding_bottom=&#8220;60px&#8220;][vc_column width=&#8220;1\/3&#8243;][vc_column_text css_animation=&#8220;fadeInLeft&#8220;]<\/p>\n<h3>Certificazioni<\/h3>\n<p>[\/vc_column_text][vc_empty_space height=&#8220;24px&#8220;][vc_single_image image=&#8220;30848&#8243; img_size=&#8220;full&#8220; css_animation=&#8220;zoomInLeft&#8220; el_class=&#8220;certific&#8220;][\/vc_column][vc_column width=&#8220;2\/3&#8243; animation=&#8220;zoomInRight&#8220;][vc_accordion][vc_accordion_tab title=&#8220;Verwendung&#8220;][vc_column_text]<\/p>\n<p style=\"text-align: justify;\">K\u00fchlen Sie die Einlage mindestens <strong>60 Minuten im Gefrierfach<\/strong>, geben Sie sie dann in ihre Schutzh\u00fclle aus Stoff, um den direkten Hautkontakt zu vermeiden und legen Sie sie auf Ihren <strong>Leisten- und Intimbereich<\/strong>. Auf diese Weise kommen Sie in den Genuss der entspannenden, wohltuenden Wirkung des Reibesitzbades. Die <strong>Anwendungen<\/strong> k\u00f6nnen <strong>mehrmals am Tag<\/strong> auch w\u00e4hrend der Ruhezeiten und in Momenten der Entspannung erfolgen.<\/p>\n<p>[\/vc_column_text][vc_empty_space height=&#8220;20px&#8220;][\/vc_accordion_tab][vc_accordion_tab title=&#8220;Zusammensetzung&#8220;][vc_column_text]<\/p>\n<p style=\"text-align: justify;\"><strong>Ungiftiges GEL:<\/strong> destilliertes Wasser, Zellulose, Lebensmittelfarbe und Zus\u00e4tze. Bei versehentlichem Hautkontakt mit Wasser absp\u00fclen, ohne zu reiben.<\/p>\n<p style=\"text-align: justify;\"><strong>\u00c4u\u00dferer \u00dcberzug<\/strong>: Anatomisch geformte, absolut keimfreie und hypoallergene Einlage mit hoher mechanischer Reibfestigkeit, randlos hochfrequenzverschwei\u00dft und mit ca. <strong>100 g Viskosegel gef\u00fcllt.<\/strong><\/p>\n<p style=\"text-align: justify;\">F\u00fcr maximale Hygiene ist das Produkt in einer Vakuumverpackung versiegelt.<\/p>\n<p>[\/vc_column_text][vc_empty_space height=&#8220;20px&#8220;][\/vc_accordion_tab][vc_accordion_tab title=&#8220;Hinweise und Zertifizierungen&#8220;][vc_column_text]<\/p>\n<p style=\"text-align: justify;\">B-Bikun ist f\u00fcr M\u00e4nner und Frauen geeignet <strong>und muss gem\u00e4\u00df der oben angef\u00fchrten Anleitung verwendet werden<\/strong>. Eine Verwendung f\u00fcr andere, als die angegebenen Zwecke ist unzul\u00e4ssig.<\/p>\n<p style=\"text-align: justify;\">Das Produkt wurde vom Gesundheitsministerium als <strong>Medizinprodukt der Klasse 1 <\/strong>Eintragsnummer 1242252 <strong>zertifiziert<\/strong>.<\/p>\n<p>[\/vc_column_text][vc_empty_space height=&#8220;20px&#8220;][\/vc_accordion_tab][\/vc_accordion][\/vc_column][\/vc_row]<\/p>\n<\/div>","protected":false},"excerpt":{"rendered":"<p>[vc_row margin_top=&#8220;60&#8243; margin_bottom=&#8220;60&#8243;][vc_column offset=&#8220;vc_col-lg-6 vc_col-md-12 vc_col-xs-12&#8243;][vc_column_text css_animation=&#8220;fadeInLeft&#8220;] Reibesitzb\u00e4der [\/vc_column_text][vc_empty_space height=&#8220;16px&#8220;][vc_column_text] Basierend auf der Methode von Louis Kuhne, garantiert B-Bikun die wohltuende und entspannende Wirkung der Reibesitzb\u00e4der. Eine nat\u00fcrliche Anwendung, die \u00fcber die K\u00fchlung des Dammbereichs dazu beitr\u00e4gt, Schmerzen und Beschwerden zu lindern, die nicht nur auf den Beckenbereich, sondern auf den gesamten Organismus ausstrahlen. Eine&hellip;<\/p>\n","protected":false},"author":1,"featured_media":0,"parent":0,"menu_order":2,"comment_status":"closed","ping_status":"closed","template":"","meta":{"footnotes":""},"class_list":["post-31784","page","type-page","status-publish","hentry","description-off"],"yoast_head":"<!-- This site is optimized with the Yoast SEO plugin v27.3 - https:\/\/yoast.com\/product\/yoast-seo-wordpress\/ -->\n<title>B-Bikun - Cuscino rinfrescante bagni derivativi - Zona perineale<\/title>\n<meta name=\"description\" content=\"Il cuscinetto B-Bikun \u00e8 una versione allargata di Bikun, il cuscino in gel rinfrescante per il benessere del corpo, dedicato alla zona perineale.\" \/>\n<meta name=\"robots\" content=\"index, follow, max-snippet:-1, max-image-preview:large, max-video-preview:-1\" \/>\n<link rel=\"canonical\" href=\"https:\/\/www.bikun.eu\/de\/b-bikun\/\" \/>\n<meta property=\"og:locale\" content=\"de_DE\" \/>\n<meta property=\"og:type\" content=\"article\" \/>\n<meta property=\"og:title\" content=\"B-Bikun - Cuscino rinfrescante bagni derivativi - Zona perineale\" \/>\n<meta property=\"og:description\" content=\"Il cuscinetto B-Bikun \u00e8 una versione allargata di Bikun, il cuscino in gel rinfrescante per il benessere del corpo, dedicato alla zona perineale.\" \/>\n<meta property=\"og:url\" content=\"https:\/\/www.bikun.eu\/de\/b-bikun\/\" \/>\n<meta property=\"og:site_name\" content=\"Bikun\" \/>\n<meta property=\"article:modified_time\" content=\"2023-05-15T08:59:23+00:00\" \/>\n<meta name=\"twitter:label1\" content=\"Gesch\u00e4tzte Lesezeit\" \/>\n\t<meta name=\"twitter:data1\" content=\"4\u00a0Minuten\" \/>\n<script type=\"application\/ld+json\" class=\"yoast-schema-graph\">{\"@context\":\"https:\\\/\\\/schema.org\",\"@graph\":[{\"@type\":\"WebPage\",\"@id\":\"https:\\\/\\\/www.bikun.eu\\\/de\\\/b-bikun\\\/\",\"url\":\"https:\\\/\\\/www.bikun.eu\\\/de\\\/b-bikun\\\/\",\"name\":\"B-Bikun - Cuscino rinfrescante bagni derivativi - Zona perineale\",\"isPartOf\":{\"@id\":\"https:\\\/\\\/www.bikun.eu\\\/#website\"},\"datePublished\":\"2014-04-23T09:18:35+00:00\",\"dateModified\":\"2023-05-15T08:59:23+00:00\",\"description\":\"Il cuscinetto B-Bikun \u00e8 una versione allargata di Bikun, il cuscino in gel rinfrescante per il benessere del corpo, dedicato alla zona perineale.\",\"breadcrumb\":{\"@id\":\"https:\\\/\\\/www.bikun.eu\\\/de\\\/b-bikun\\\/#breadcrumb\"},\"inLanguage\":\"de\",\"potentialAction\":[{\"@type\":\"ReadAction\",\"target\":[\"https:\\\/\\\/www.bikun.eu\\\/de\\\/b-bikun\\\/\"]}]},{\"@type\":\"BreadcrumbList\",\"@id\":\"https:\\\/\\\/www.bikun.eu\\\/de\\\/b-bikun\\\/#breadcrumb\",\"itemListElement\":[{\"@type\":\"ListItem\",\"position\":1,\"name\":\"Start\",\"item\":\"https:\\\/\\\/www.bikun.eu\\\/de\\\/home\\\/\"},{\"@type\":\"ListItem\",\"position\":2,\"name\":\"B-Bikun\"}]},{\"@type\":\"WebSite\",\"@id\":\"https:\\\/\\\/www.bikun.eu\\\/#website\",\"url\":\"https:\\\/\\\/www.bikun.eu\\\/\",\"name\":\"Bikun\",\"description\":\"dimagrire con i bagni derivativi\",\"potentialAction\":[{\"@type\":\"SearchAction\",\"target\":{\"@type\":\"EntryPoint\",\"urlTemplate\":\"https:\\\/\\\/www.bikun.eu\\\/?s={search_term_string}\"},\"query-input\":{\"@type\":\"PropertyValueSpecification\",\"valueRequired\":true,\"valueName\":\"search_term_string\"}}],\"inLanguage\":\"de\"}]}<\/script>\n<!-- \/ Yoast SEO plugin. -->","yoast_head_json":{"title":"B-Bikun - Cuscino rinfrescante bagni derivativi - Zona perineale","description":"Il cuscinetto B-Bikun \u00e8 una versione allargata di Bikun, il cuscino in gel rinfrescante per il benessere del corpo, dedicato alla zona perineale.","robots":{"index":"index","follow":"follow","max-snippet":"max-snippet:-1","max-image-preview":"max-image-preview:large","max-video-preview":"max-video-preview:-1"},"canonical":"https:\/\/www.bikun.eu\/de\/b-bikun\/","og_locale":"de_DE","og_type":"article","og_title":"B-Bikun - Cuscino rinfrescante bagni derivativi - Zona perineale","og_description":"Il cuscinetto B-Bikun \u00e8 una versione allargata di Bikun, il cuscino in gel rinfrescante per il benessere del corpo, dedicato alla zona perineale.","og_url":"https:\/\/www.bikun.eu\/de\/b-bikun\/","og_site_name":"Bikun","article_modified_time":"2023-05-15T08:59:23+00:00","twitter_misc":{"Gesch\u00e4tzte Lesezeit":"4\u00a0Minuten"},"schema":{"@context":"https:\/\/schema.org","@graph":[{"@type":"WebPage","@id":"https:\/\/www.bikun.eu\/de\/b-bikun\/","url":"https:\/\/www.bikun.eu\/de\/b-bikun\/","name":"B-Bikun - Cuscino rinfrescante bagni derivativi - Zona perineale","isPartOf":{"@id":"https:\/\/www.bikun.eu\/#website"},"datePublished":"2014-04-23T09:18:35+00:00","dateModified":"2023-05-15T08:59:23+00:00","description":"Il cuscinetto B-Bikun \u00e8 una versione allargata di Bikun, il cuscino in gel rinfrescante per il benessere del corpo, dedicato alla zona perineale.","breadcrumb":{"@id":"https:\/\/www.bikun.eu\/de\/b-bikun\/#breadcrumb"},"inLanguage":"de","potentialAction":[{"@type":"ReadAction","target":["https:\/\/www.bikun.eu\/de\/b-bikun\/"]}]},{"@type":"BreadcrumbList","@id":"https:\/\/www.bikun.eu\/de\/b-bikun\/#breadcrumb","itemListElement":[{"@type":"ListItem","position":1,"name":"Start","item":"https:\/\/www.bikun.eu\/de\/home\/"},{"@type":"ListItem","position":2,"name":"B-Bikun"}]},{"@type":"WebSite","@id":"https:\/\/www.bikun.eu\/#website","url":"https:\/\/www.bikun.eu\/","name":"Bikun","description":"dimagrire con i bagni derivativi","potentialAction":[{"@type":"SearchAction","target":{"@type":"EntryPoint","urlTemplate":"https:\/\/www.bikun.eu\/?s={search_term_string}"},"query-input":{"@type":"PropertyValueSpecification","valueRequired":true,"valueName":"search_term_string"}}],"inLanguage":"de"}]}},"_links":{"self":[{"href":"https:\/\/www.bikun.eu\/de\/wp-json\/wp\/v2\/pages\/31784","targetHints":{"allow":["GET"]}}],"collection":[{"href":"https:\/\/www.bikun.eu\/de\/wp-json\/wp\/v2\/pages"}],"about":[{"href":"https:\/\/www.bikun.eu\/de\/wp-json\/wp\/v2\/types\/page"}],"author":[{"embeddable":true,"href":"https:\/\/www.bikun.eu\/de\/wp-json\/wp\/v2\/users\/1"}],"replies":[{"embeddable":true,"href":"https:\/\/www.bikun.eu\/de\/wp-json\/wp\/v2\/comments?post=31784"}],"version-history":[{"count":1,"href":"https:\/\/www.bikun.eu\/de\/wp-json\/wp\/v2\/pages\/31784\/revisions"}],"predecessor-version":[{"id":38507,"href":"https:\/\/www.bikun.eu\/de\/wp-json\/wp\/v2\/pages\/31784\/revisions\/38507"}],"wp:attachment":[{"href":"https:\/\/www.bikun.eu\/de\/wp-json\/wp\/v2\/media?parent=31784"}],"curies":[{"name":"wp","href":"https:\/\/api.w.org\/{rel}","templated":true}]}}