{"id":31787,"date":"2014-04-23T14:50:39","date_gmt":"2014-04-23T12:50:39","guid":{"rendered":"http:\/\/www.bikun.eu\/mykun-2\/"},"modified":"2023-05-15T11:08:12","modified_gmt":"2023-05-15T09:08:12","slug":"mykun","status":"publish","type":"page","link":"https:\/\/www.bikun.eu\/de\/mykun\/","title":{"rendered":"Mykun"},"content":{"rendered":"<div class=\"wpb-content-wrapper\"><p>[vc_row margin_top=&#8220;60&#8243; margin_bottom=&#8220;60&#8243;][vc_column offset=&#8220;vc_col-lg-6 vc_col-md-12 vc_col-xs-12&#8243;][vc_column_text css_animation=&#8220;fadeInLeft&#8220;]<\/p>\n<h2>F\u00fcr Ihr Wohlbefinden<\/h2>\n<p>[\/vc_column_text][vc_empty_space height=&#8220;16px&#8220;][vc_column_text]<\/p>\n<p style=\"text-align: justify;\"><strong>Mykun<\/strong> ist ein <strong>Armband mit einem k\u00fchlenden Gel<\/strong>, das f\u00fcr ein angenehmes <strong>Frischegef\u00fchl<\/strong> sorgt und<strong> bei vielen Beschwerden f\u00fcr Linderung sorgt<\/strong>.<\/p>\n<p>[\/vc_column_text][vc_empty_space height=&#8220;20&#8243;][vc_empty_space height=&#8220;40px&#8220;]<div class=\"standard-arrow bullet-top\"><ul>\n<li style=\"text-align: justify;\">Sorgt nach einem Hitzschlag schnell wieder f\u00fcr Wohlbefinden<\/li>\n<li style=\"text-align: justify;\">Lindert das Unwohlsein bei fiebrigen Zust\u00e4nden<\/li>\n<li style=\"text-align: justify;\">Bessert das Wohlbefinden bei \u00dcbelkeit<\/li>\n<li style=\"text-align: justify;\">Schenkt bei Erm\u00fcdungserscheinungen neue Lebenskraft<\/li>\n<\/ul>\n<\/div>[\/vc_column][vc_column offset=&#8220;vc_col-lg-6 vc_col-md-12 vc_col-xs-12&#8243;][vc_single_image image=&#8220;31123&#8243; img_size=&#8220;full&#8220; alignment=&#8220;center&#8220; css_animation=&#8220;fadeInRight&#8220; css=&#8220;.vc_custom_1431620833211{margin-top: -60px !important;}&#8220;][vc_empty_space height=&#8220;40px&#8220;][\/vc_column][\/vc_row][vc_row animation=&#8220;zoomIn&#8220; type=&#8220;5&#8243; bg_color=&#8220;#f0f0f0&#8243; padding_top=&#8220;60px&#8220; padding_bottom=&#8220;60px&#8220;][vc_column width=&#8220;1\/2&#8243;][vc_column_text css_animation=&#8220;fadeIn&#8220;]<\/p>\n<h2 style=\"text-align: center;\">Mykun jetzt kaufen<\/h2>\n<p>[\/vc_column_text][vc_empty_space][vc_column_text css_animation=&#8220;fadeInUp&#8220;]<\/p>\n<p style=\"text-align: center;\"><a href=\"\/de\/warenkorb\/?add-to-cart=31987\" class=\"dt-btn-l dt-btn\">In den Warenkorb legen &#8211; \u20ac <del>19,90<\/del> &#8211; 17,90<\/a><\/p>\n<p>[\/vc_column_text][\/vc_column][vc_column width=&#8220;1\/2&#8243;][vc_column_text]<\/p>\n<p style=\"text-align: justify;\">Eine in Italien entwickelte und hergestellte Erfindung<\/p>\n<p style=\"text-align: justify;\">Das Armband je nach pers\u00f6nlichem K\u00e4lteempfinden im Gefrierfach oder im K\u00fchlschrank k\u00fchlen und <strong>am Handgelenk anbringen<\/strong>, um in den <strong>vollen Genuss der erfrischenden und k\u00fchlenden Wirkung<\/strong> zu kommen. Die Anwendungen k\u00f6nnen auch mehrmals am Tag erfolgen.<\/p>\n<p>[\/vc_column_text][\/vc_column][\/vc_row][vc_row][vc_column][vc_empty_space height=&#8220;60px&#8220;][vc_column_text css_animation=&#8220;fadeInDown&#8220;]<\/p>\n<h2 style=\"text-align: center;\">Anwendungen<\/h2>\n<p>[\/vc_column_text][vc_empty_space height=&#8220;60px&#8220;][\/vc_column][\/vc_row][vc_row][vc_column]<section id=\"benefits-grid-1\" class=\"benefits-grid wf-container benefits-style-one icons-bg accent-bg accent-hover-bg custom-icon-color custom-icon-hover-color\" data-width=\"350px\" data-columns=\"2\"><style type=\"text\/css\">#benefits-grid-1.icons-bg .benefits-grid-ico { height: 36px; line-height: 36px; width: 36px;-webkit-border-radius: 100px;-moz-border-radius: 100px;-ms-border-radius: 100px;-o-border-radius: 100px;border-radius: 100px; }#benefits-grid-1.icons-bg .benefits-grid-ico > .fa { font-size: 20px; line-height: 36px; }#benefits-grid-1.custom-icon-color .benefits-grid-ico > .fa,\n\t\t\t\t\t#benefits-grid-1.custom-icon-color .benefits-grid-ico > .fa:before { color: #ffffff; }#benefits-grid-1.custom-icon-hover-color a.benefits-grid-ico:hover > .fa,\n\t\t\t\t\t#benefits-grid-1.custom-icon-hover-color a.benefits-grid-ico:hover > .fa:before { color: #dddddd; -webkit-text-fill-color: #dddddd; }<\/style><div class=\"wf-cell\"><div><div class=\"text-big\"><div class=\"wf-table\"><div class=\"wf-td\"><a href=\"#\" class=\"benefits-grid-ico fadeInLeft animate-element\"><i class=\"fa fa-users\"><\/i><\/a><\/div><div class=\"wf-td\"><h5>\u00dcbelkeit in der Schwangerschaft<\/h5><\/div><\/div><p style=\"text-align: justify;\">Zu den typischen Beschwerden in der Schwangerschaft geh\u00f6rt <strong>die \u00dcbelkeit<\/strong>, eine absolut harmlose Begleiterscheinung, die der <strong>werdenden Mutter aber sehr zusetzen kann<\/strong>. Gut bew\u00e4hrt hat sich die Methode, <strong>die Handgelenke in kaltes Wasser zu tauchen<\/strong>. Alternativ dazu kann man das <strong>Mykun-Armband anlegen<\/strong>, nachdem man es <strong>ca. 60 Minuten<\/strong> im Gefrierfach oder im K\u00fchlschrank gek\u00fchlt hat. Dies h\u00e4ngt davon ab, wie k\u00e4lteempfindlich man ist.<\/p>\n<\/div><\/div><\/div><div class=\"wf-cell\"><div><div class=\"text-big\"><div class=\"wf-table\"><div class=\"wf-td\"><a href=\"#\" class=\"benefits-grid-ico fadeInLeft animate-element\"><i class=\"fa fa-times\"><\/i><\/a><\/div><div class=\"wf-td\"><h5>Zerrung des Handgelenks<\/h5><\/div><\/div><p style=\"text-align: justify;\">Eine <strong>Sehnenentz\u00fcndung<\/strong> wird durch falsch ausgef\u00fchrte Bewegungen oder extreme sportliche Aktivit\u00e4ten ausgel\u00f6st. Sie f\u00fchrt zu <strong>einem erh\u00f6hten Blutfluss,<\/strong> <strong>verursacht Schmerzen<\/strong> und eine <strong>eingeschr\u00e4nkte Beweglichkeit<\/strong>. Eine <strong>wirksame L\u00f6sung<\/strong> besteht in der Fixierung <strong>des Handgelenks in einer Ruheposition <\/strong>und <strong>der Verwendung von Mykun<\/strong> w\u00e4hrend eines Zeitraums von 10-15 Minuten (auch <strong>mehrmals pro Tag<\/strong>).<\/p>\n<\/div><\/div><\/div><div class=\"wf-cell\"><div><div class=\"text-big\"><div class=\"wf-table\"><div class=\"wf-td\"><a href=\"#\" class=\"benefits-grid-ico fadeInLeft animate-element\"><i class=\"fa fa-tint\"><\/i><\/a><\/div><div class=\"wf-td\"><h5>Hitzschlag<\/h5><\/div><\/div><p style=\"text-align: justify;\">Das <strong>rasche Ansteigen<\/strong> <strong>der<\/strong> <strong>K\u00f6rpertemperatur<\/strong> f\u00fchrt zum sogenannten \u201e<strong>Hitzschlag<\/strong>\u201c; der Organismus <strong>drosselt<\/strong> die Schwei\u00dfbildung und den <strong>W\u00e4rmeaustausch<\/strong> unseres K\u00f6rpers nach au\u00dfen. Als <strong>wirksam<\/strong> hat sich das Abreiben mit einem kalten, nassen Schwamm oder das <strong>Anlegen des Mykun-Armbandes<\/strong> erwiesen. Unter diesen Umst\u00e4nden sorgt die <strong>Kombination aus Mykun und Bikun<\/strong> f\u00fcr eine <strong>noch effizientere und raschere W\u00e4rmezerstreuung<\/strong>.<\/p>\n<\/div><\/div><\/div><div class=\"wf-cell\"><div><div class=\"text-big\"><div class=\"wf-table\"><div class=\"wf-td\"><a href=\"#\" class=\"benefits-grid-ico fadeInLeft animate-element\"><i class=\"fa fa-magic\"><\/i><\/a><\/div><div class=\"wf-td\"><h5>Fieber<\/h5><\/div><\/div><p style=\"text-align: justify;\">Bei Fieber kommt man fast nicht ohne Eisbeutel aus. Sehr oft l\u00e4sst sich mit diesem simplen Mittel die Temperatur senken. Au\u00dferdem sorgt es wieder f\u00fcr einen klareren Verstand, da die Auswirkungen des Fiebers gemildert werden. Das <strong>Abreiben mit einem nassen Schwamm,<\/strong> die Verwendung des Mykun-Bandes (vor allem an den Handgelenken) oder das Auflegen der Bikun-Einlage k\u00f6nnen sehr gut dabei helfen, die Temperatur zu senken.<\/p>\n<\/div><\/div><\/div><\/section>[vc_empty_space height=&#8220;60px&#8220;][\/vc_column][\/vc_row][vc_row margin_bottom=&#8220;-30px&#8220; type=&#8220;5&#8243; bg_color=&#8220;#f0f0f0&#8243; padding_top=&#8220;60px&#8220; padding_bottom=&#8220;60px&#8220;][vc_column width=&#8220;1\/3&#8243;][vc_column_text css_animation=&#8220;fadeInLeft&#8220;]<\/p>\n<h3>Certificazioni<\/h3>\n<p>[\/vc_column_text][vc_empty_space height=&#8220;24px&#8220;][vc_single_image image=&#8220;30848&#8243; img_size=&#8220;full&#8220; css_animation=&#8220;zoomInLeft&#8220; el_class=&#8220;certific&#8220;][\/vc_column][vc_column width=&#8220;2\/3&#8243; animation=&#8220;zoomInRight&#8220;][vc_accordion][vc_accordion_tab title=&#8220;Verwendung&#8220;][vc_column_text]<\/p>\n<p style=\"text-align: justify;\">Das <strong>Gel-Armband<\/strong> mindestens <strong>60 Minuten im Gefrierfach <\/strong>oder im K\u00fchlschrank (nach pers\u00f6nlichem K\u00e4lteempfinden) k\u00fchlen, <strong>am Handgelenk<\/strong> anbringen und mit dem Klettverschluss verschlie\u00dfen. Die <strong>Anwendungen <\/strong>k\u00f6nnen <strong>mehrmals am Tag<\/strong> auch w\u00e4hrend der Ruhezeiten und in Momenten der Entspannung erfolgen.<\/p>\n<p>[\/vc_column_text][vc_empty_space height=&#8220;20px&#8220;][\/vc_accordion_tab][vc_accordion_tab title=&#8220;Zusammensetzung&#8220;][vc_column_text]<\/p>\n<p style=\"text-align: justify;\"><strong>Ungiftiges GEL:<\/strong> destilliertes Wasser, Zellulose, Lebensmittelfarbe und Zus\u00e4tze. Bei versehentlichem Hautkontakt mit Wasser absp\u00fclen, ohne zu reiben.<\/p>\n<p style=\"text-align: justify;\"><strong>\u00c4u\u00dferer \u00dcberzug<\/strong>: Anatomisch geformtes, absolut keimfreies und hypoallergenes Armband, randlos hochfrequenzverschwei\u00dft und mit ca. <strong>50 g Viskosegel gef\u00fcllt.<\/strong><\/p>\n<p style=\"text-align: justify;\">F\u00fcr maximale Hygiene ist das Produkt in einer Vakuumverpackung versiegelt.<\/p>\n<p>[\/vc_column_text][vc_empty_space height=&#8220;20px&#8220;][\/vc_accordion_tab][vc_accordion_tab title=&#8220;Hinweise und Zertifizierungen&#8220;][vc_column_text]<\/p>\n<p style=\"text-align: justify;\">Das Mykun-Armband ist f\u00fcr M\u00e4nner und Frauen geeignet <strong>und muss gem\u00e4\u00df der oben angef\u00fchrten Anleitung verwendet werden<\/strong>. Eine Verwendung f\u00fcr andere, als die angegebenen Zwecke ist unzul\u00e4ssig.<\/p>\n<p style=\"text-align: justify;\">Das Produkt wurde vom Gesundheitsministerium als <strong>Medizinprodukt der Klasse 1<\/strong> &#8211; Eintragsnummer 1269622 <strong>zertifiziert.<\/strong><\/p>\n<p>[\/vc_column_text][vc_empty_space height=&#8220;20px&#8220;][\/vc_accordion_tab][\/vc_accordion][\/vc_column][\/vc_row]<\/p>\n<\/div>","protected":false},"excerpt":{"rendered":"<p>[vc_row margin_top=&#8220;60&#8243; margin_bottom=&#8220;60&#8243;][vc_column offset=&#8220;vc_col-lg-6 vc_col-md-12 vc_col-xs-12&#8243;][vc_column_text css_animation=&#8220;fadeInLeft&#8220;] F\u00fcr Ihr Wohlbefinden [\/vc_column_text][vc_empty_space height=&#8220;16px&#8220;][vc_column_text] Mykun ist ein Armband mit einem k\u00fchlenden Gel, das f\u00fcr ein angenehmes Frischegef\u00fchl sorgt und bei vielen Beschwerden f\u00fcr Linderung sorgt. [\/vc_column_text][vc_empty_space height=&#8220;20&#8243;][vc_empty_space height=&#8220;40px&#8220;][\/vc_column][vc_column offset=&#8220;vc_col-lg-6 vc_col-md-12 vc_col-xs-12&#8243;][vc_single_image image=&#8220;31123&#8243; img_size=&#8220;full&#8220; alignment=&#8220;center&#8220; css_animation=&#8220;fadeInRight&#8220; css=&#8220;.vc_custom_1431620833211{margin-top: -60px !important;}&#8220;][vc_empty_space height=&#8220;40px&#8220;][\/vc_column][\/vc_row][vc_row animation=&#8220;zoomIn&#8220; type=&#8220;5&#8243; bg_color=&#8220;#f0f0f0&#8243; padding_top=&#8220;60px&#8220; padding_bottom=&#8220;60px&#8220;][vc_column width=&#8220;1\/2&#8243;][vc_column_text css_animation=&#8220;fadeIn&#8220;] Mykun&hellip;<\/p>\n","protected":false},"author":1,"featured_media":0,"parent":0,"menu_order":3,"comment_status":"closed","ping_status":"closed","template":"","meta":{"footnotes":""},"class_list":["post-31787","page","type-page","status-publish","hentry","description-off"],"yoast_head":"<!-- This site is optimized with the Yoast SEO plugin v27.3 - https:\/\/yoast.com\/product\/yoast-seo-wordpress\/ -->\n<title>Mykun - Cuscino rinfrescante da polso - Bagni derivativi<\/title>\n<meta name=\"description\" content=\"Cuscinetto rinfrescante Mykun per il benessere del corpo. Si applica sui polsi e abbassa la temperatura corporea con effetti benefici per l&#039;organismo.\" \/>\n<meta name=\"robots\" content=\"index, follow, max-snippet:-1, max-image-preview:large, max-video-preview:-1\" \/>\n<link rel=\"canonical\" href=\"https:\/\/www.bikun.eu\/de\/mykun\/\" \/>\n<meta property=\"og:locale\" content=\"de_DE\" \/>\n<meta property=\"og:type\" content=\"article\" \/>\n<meta property=\"og:title\" content=\"Mykun - Cuscino rinfrescante da polso - Bagni derivativi\" \/>\n<meta property=\"og:description\" content=\"Cuscinetto rinfrescante Mykun per il benessere del corpo. Si applica sui polsi e abbassa la temperatura corporea con effetti benefici per l&#039;organismo.\" \/>\n<meta property=\"og:url\" content=\"https:\/\/www.bikun.eu\/de\/mykun\/\" \/>\n<meta property=\"og:site_name\" content=\"Bikun\" \/>\n<meta property=\"article:modified_time\" content=\"2023-05-15T09:08:12+00:00\" \/>\n<meta name=\"twitter:label1\" content=\"Gesch\u00e4tzte Lesezeit\" \/>\n\t<meta name=\"twitter:data1\" content=\"3\u00a0Minuten\" \/>\n<script type=\"application\/ld+json\" class=\"yoast-schema-graph\">{\"@context\":\"https:\\\/\\\/schema.org\",\"@graph\":[{\"@type\":\"WebPage\",\"@id\":\"https:\\\/\\\/www.bikun.eu\\\/de\\\/mykun\\\/\",\"url\":\"https:\\\/\\\/www.bikun.eu\\\/de\\\/mykun\\\/\",\"name\":\"Mykun - Cuscino rinfrescante da polso - Bagni derivativi\",\"isPartOf\":{\"@id\":\"https:\\\/\\\/www.bikun.eu\\\/#website\"},\"datePublished\":\"2014-04-23T12:50:39+00:00\",\"dateModified\":\"2023-05-15T09:08:12+00:00\",\"description\":\"Cuscinetto rinfrescante Mykun per il benessere del corpo. Si applica sui polsi e abbassa la temperatura corporea con effetti benefici per l'organismo.\",\"breadcrumb\":{\"@id\":\"https:\\\/\\\/www.bikun.eu\\\/de\\\/mykun\\\/#breadcrumb\"},\"inLanguage\":\"de\",\"potentialAction\":[{\"@type\":\"ReadAction\",\"target\":[\"https:\\\/\\\/www.bikun.eu\\\/de\\\/mykun\\\/\"]}]},{\"@type\":\"BreadcrumbList\",\"@id\":\"https:\\\/\\\/www.bikun.eu\\\/de\\\/mykun\\\/#breadcrumb\",\"itemListElement\":[{\"@type\":\"ListItem\",\"position\":1,\"name\":\"Start\",\"item\":\"https:\\\/\\\/www.bikun.eu\\\/de\\\/home\\\/\"},{\"@type\":\"ListItem\",\"position\":2,\"name\":\"Mykun\"}]},{\"@type\":\"WebSite\",\"@id\":\"https:\\\/\\\/www.bikun.eu\\\/#website\",\"url\":\"https:\\\/\\\/www.bikun.eu\\\/\",\"name\":\"Bikun\",\"description\":\"dimagrire con i bagni derivativi\",\"potentialAction\":[{\"@type\":\"SearchAction\",\"target\":{\"@type\":\"EntryPoint\",\"urlTemplate\":\"https:\\\/\\\/www.bikun.eu\\\/?s={search_term_string}\"},\"query-input\":{\"@type\":\"PropertyValueSpecification\",\"valueRequired\":true,\"valueName\":\"search_term_string\"}}],\"inLanguage\":\"de\"}]}<\/script>\n<!-- \/ Yoast SEO plugin. -->","yoast_head_json":{"title":"Mykun - Cuscino rinfrescante da polso - Bagni derivativi","description":"Cuscinetto rinfrescante Mykun per il benessere del corpo. Si applica sui polsi e abbassa la temperatura corporea con effetti benefici per l'organismo.","robots":{"index":"index","follow":"follow","max-snippet":"max-snippet:-1","max-image-preview":"max-image-preview:large","max-video-preview":"max-video-preview:-1"},"canonical":"https:\/\/www.bikun.eu\/de\/mykun\/","og_locale":"de_DE","og_type":"article","og_title":"Mykun - Cuscino rinfrescante da polso - Bagni derivativi","og_description":"Cuscinetto rinfrescante Mykun per il benessere del corpo. Si applica sui polsi e abbassa la temperatura corporea con effetti benefici per l'organismo.","og_url":"https:\/\/www.bikun.eu\/de\/mykun\/","og_site_name":"Bikun","article_modified_time":"2023-05-15T09:08:12+00:00","twitter_misc":{"Gesch\u00e4tzte Lesezeit":"3\u00a0Minuten"},"schema":{"@context":"https:\/\/schema.org","@graph":[{"@type":"WebPage","@id":"https:\/\/www.bikun.eu\/de\/mykun\/","url":"https:\/\/www.bikun.eu\/de\/mykun\/","name":"Mykun - Cuscino rinfrescante da polso - Bagni derivativi","isPartOf":{"@id":"https:\/\/www.bikun.eu\/#website"},"datePublished":"2014-04-23T12:50:39+00:00","dateModified":"2023-05-15T09:08:12+00:00","description":"Cuscinetto rinfrescante Mykun per il benessere del corpo. Si applica sui polsi e abbassa la temperatura corporea con effetti benefici per l'organismo.","breadcrumb":{"@id":"https:\/\/www.bikun.eu\/de\/mykun\/#breadcrumb"},"inLanguage":"de","potentialAction":[{"@type":"ReadAction","target":["https:\/\/www.bikun.eu\/de\/mykun\/"]}]},{"@type":"BreadcrumbList","@id":"https:\/\/www.bikun.eu\/de\/mykun\/#breadcrumb","itemListElement":[{"@type":"ListItem","position":1,"name":"Start","item":"https:\/\/www.bikun.eu\/de\/home\/"},{"@type":"ListItem","position":2,"name":"Mykun"}]},{"@type":"WebSite","@id":"https:\/\/www.bikun.eu\/#website","url":"https:\/\/www.bikun.eu\/","name":"Bikun","description":"dimagrire con i bagni derivativi","potentialAction":[{"@type":"SearchAction","target":{"@type":"EntryPoint","urlTemplate":"https:\/\/www.bikun.eu\/?s={search_term_string}"},"query-input":{"@type":"PropertyValueSpecification","valueRequired":true,"valueName":"search_term_string"}}],"inLanguage":"de"}]}},"_links":{"self":[{"href":"https:\/\/www.bikun.eu\/de\/wp-json\/wp\/v2\/pages\/31787","targetHints":{"allow":["GET"]}}],"collection":[{"href":"https:\/\/www.bikun.eu\/de\/wp-json\/wp\/v2\/pages"}],"about":[{"href":"https:\/\/www.bikun.eu\/de\/wp-json\/wp\/v2\/types\/page"}],"author":[{"embeddable":true,"href":"https:\/\/www.bikun.eu\/de\/wp-json\/wp\/v2\/users\/1"}],"replies":[{"embeddable":true,"href":"https:\/\/www.bikun.eu\/de\/wp-json\/wp\/v2\/comments?post=31787"}],"version-history":[{"count":1,"href":"https:\/\/www.bikun.eu\/de\/wp-json\/wp\/v2\/pages\/31787\/revisions"}],"predecessor-version":[{"id":38518,"href":"https:\/\/www.bikun.eu\/de\/wp-json\/wp\/v2\/pages\/31787\/revisions\/38518"}],"wp:attachment":[{"href":"https:\/\/www.bikun.eu\/de\/wp-json\/wp\/v2\/media?parent=31787"}],"curies":[{"name":"wp","href":"https:\/\/api.w.org\/{rel}","templated":true}]}}