{"id":31791,"date":"2013-10-30T09:23:07","date_gmt":"2013-10-30T08:23:07","guid":{"rendered":"http:\/\/www.bikun.eu\/eyelife-2\/"},"modified":"2023-05-15T11:18:18","modified_gmt":"2023-05-15T09:18:18","slug":"eyelife","status":"publish","type":"page","link":"https:\/\/www.bikun.eu\/de\/eyelife\/","title":{"rendered":"Eyelife"},"content":{"rendered":"<div class=\"wpb-content-wrapper\"><p>[vc_row margin_top=&#8220;60&#8243; margin_bottom=&#8220;60&#8243;][vc_column offset=&#8220;vc_col-lg-6 vc_col-md-12 vc_col-xs-12&#8243;][vc_column_text css_animation=&#8220;fadeInLeft&#8220;]<\/p>\n<h2>Wellness f\u00fcr Ihre Augen<\/h2>\n<p>[\/vc_column_text][vc_empty_space height=&#8220;16px&#8220;][vc_column_text]<\/p>\n<p style=\"text-align: justify;\"><strong>EyeLife<\/strong> ist eine <strong>wohltuende Augenauflage<\/strong> <strong>mit einem k\u00fchlenden Gel<\/strong>, die gleichzeitig erfrischend, <strong>lindernd<\/strong> und <strong>revitalisierend<\/strong> wirkt. EyeLife ist ein effizientes System, das <strong>das Prinzip der Reibesitzb\u00e4der nutzt<\/strong>, um der Augenpartie und dem gesamten Gesicht alle Vorteile dieser Methode zugute kommen zu lassen.<\/p>\n<p style=\"text-align: justify;\">Seine <strong>Anwendung<\/strong> empfiehlt sich sowohl w\u00e4hrend der <strong>Ruhezeiten<\/strong> mit entspannender und revitalisierender Funktion, als auch als <strong>wohltuender Helfer<\/strong> bei geschwollenen oder stark beanspruchten Augen.<\/p>\n<p>[\/vc_column_text][vc_empty_space height=&#8220;20&#8243;][vc_empty_space height=&#8220;20px&#8220;]<div class=\"standard-arrow bullet-top\"><ul>\n<li style=\"text-align: justify;\">Entspannt und erfrischt Augen und Gesicht<\/li>\n<li style=\"text-align: justify;\">Revitalisiert eine geschwollene, m\u00fcde, schwere oder gereizte Augenpartie<\/li>\n<li style=\"text-align: justify;\">Wohltuend bei \u00fcberbeanspruchten Augen<\/li>\n<li style=\"text-align: justify;\">Wirkt beruhigend bei Augen- oder Lidverletzungen<\/li>\n<li style=\"text-align: justify;\">Lindert Entz\u00fcndungen der Nasennebenh\u00f6hlen<\/li>\n<li style=\"text-align: justify;\">Wirkt erfrischend, straffend und abschwellend auf die Augenpartie<\/li>\n<\/ul>\n<\/div>[\/vc_column][vc_column offset=&#8220;vc_col-lg-6 vc_col-md-12 vc_col-xs-12&#8243;][vc_single_image image=&#8220;31126&#8243; img_size=&#8220;full&#8220; alignment=&#8220;center&#8220; css_animation=&#8220;fadeInRight&#8220; css=&#8220;.vc_custom_1431622655726{margin-top: -60px !important;}&#8220;][vc_empty_space height=&#8220;40px&#8220;][\/vc_column][\/vc_row][vc_row animation=&#8220;zoomIn&#8220; type=&#8220;5&#8243; bg_color=&#8220;#f0f0f0&#8243; padding_top=&#8220;60px&#8220; padding_bottom=&#8220;60px&#8220;][vc_column width=&#8220;1\/2&#8243;][vc_column_text css_animation=&#8220;fadeIn&#8220;]<\/p>\n<h2 style=\"text-align: center;\">EyeLife jetzt kaufen<\/h2>\n<p>[\/vc_column_text][vc_empty_space][vc_column_text css_animation=&#8220;fadeInUp&#8220;]<\/p>\n<p style=\"text-align: center;\"><a href=\"\/de\/warenkorb\/?add-to-cart=31986\" class=\"dt-btn-l dt-btn\">In den Warenkorb legen &#8211; \u20ac <del>19,90<\/del> &#8211; 17,90<\/a><\/p>\n<p>[\/vc_column_text][\/vc_column][vc_column width=&#8220;1\/2&#8243;][vc_column_text]<\/p>\n<p style=\"text-align: justify;\">EyeLife, eine in Italien entwickelte und hergestellte Erfindung, ist geradezu<strong> ideal in Entspannungsmomenten <\/strong>sowie <strong>bei Entz\u00fcndungen oder \u00fcberbeanspruchten Augen<\/strong>.<\/p>\n<p style=\"text-align: justify;\">Die Auflage ca. 60 Minuten im K\u00fchlschrank k\u00fchlen und <strong>auf das Gesicht legen<\/strong>, um <strong>die Augenpartie zu erfrischen und zu entspannen<\/strong>. Die Anwendungen k\u00f6nnen auch mehrmals am Tag erfolgen.<\/p>\n<p>[\/vc_column_text][\/vc_column][\/vc_row][vc_row][vc_column][vc_empty_space height=&#8220;60px&#8220;][vc_column_text css_animation=&#8220;fadeInDown&#8220;]<\/p>\n<h2 style=\"text-align: center;\">Anwendungen<\/h2>\n<p>[\/vc_column_text][vc_empty_space height=&#8220;60px&#8220;][\/vc_column][\/vc_row][vc_row][vc_column]<section id=\"benefits-grid-1\" class=\"benefits-grid wf-container benefits-style-one icons-bg accent-bg accent-hover-bg custom-icon-color custom-icon-hover-color\" data-width=\"350px\" data-columns=\"2\"><style type=\"text\/css\">#benefits-grid-1.icons-bg .benefits-grid-ico { height: 36px; line-height: 36px; width: 36px;-webkit-border-radius: 100px;-moz-border-radius: 100px;-ms-border-radius: 100px;-o-border-radius: 100px;border-radius: 100px; }#benefits-grid-1.icons-bg .benefits-grid-ico > .fa { font-size: 20px; line-height: 36px; }#benefits-grid-1.custom-icon-color .benefits-grid-ico > .fa,\n\t\t\t\t\t#benefits-grid-1.custom-icon-color .benefits-grid-ico > .fa:before { color: #ffffff; }#benefits-grid-1.custom-icon-hover-color a.benefits-grid-ico:hover > .fa,\n\t\t\t\t\t#benefits-grid-1.custom-icon-hover-color a.benefits-grid-ico:hover > .fa:before { color: #dddddd; -webkit-text-fill-color: #dddddd; }<\/style><div class=\"wf-cell\"><div><div class=\"text-big\"><div class=\"wf-table\"><div class=\"wf-td\"><a href=\"#\" class=\"benefits-grid-ico fadeInLeft animate-element\"><i class=\"fa fa-magic\"><\/i><\/a><\/div><div class=\"wf-td\"><h5>\u00c4sthetische Anwendung<\/h5><\/div><\/div><p style=\"text-align: justify;\">Ideal f\u00fcr Frauen ist die <strong>Anwendung von EyeLife auf dem ungeschminkten Gesicht<\/strong> nach der K\u00fchlung im K\u00fchlschrank oder im Gefrierfach (nach pers\u00f6nlichem K\u00e4lteempfinden), da es <strong>das Schminken erleichtert<\/strong> und die <strong>Augenlider<\/strong> sowie die <strong>Augenpartie strafft.<\/strong> Gem\u00e4\u00df dem Prinzip der <strong>Reibesitzb\u00e4der<\/strong> <strong>strafft<\/strong> und <strong>st\u00e4rkt<\/strong> es die <strong>Gesichtshaut<\/strong> und <strong>beugt der Faltenbildung vor<\/strong>.<\/p>\n<\/div><\/div><\/div><div class=\"wf-cell\"><div><div class=\"text-big\"><div class=\"wf-table\"><div class=\"wf-td\"><a href=\"#\" class=\"benefits-grid-ico fadeInLeft animate-element\"><i class=\"fa fa-user\"><\/i><\/a><\/div><div class=\"wf-td\"><h5>Kopfweh<\/h5><\/div><\/div><p style=\"text-align: justify;\">Das, was gemeinhin als <strong>\u201eKopfweh\u201c<\/strong> bezeichnet wird, kann vielf\u00e4ltige, durch <strong>Stress<\/strong> oder <strong>einen schlechten Gesundheitszustand<\/strong> bedingte Ursachen haben. Eine davon ist die <strong>Verstopfung der Nasennebenh\u00f6hlen<\/strong>, die oft zu <strong>Kopfschmerzen und Migr\u00e4ne<\/strong> (auch bei gleichzeitiger Sinusitis und Pollenallergie) f\u00fchrt. Das Auflegen von <strong>EyeLife lindert die Symptome<\/strong>.<\/p>\n<\/div><\/div><\/div><div class=\"wf-cell\"><div><div class=\"text-big\"><div class=\"wf-table\"><div class=\"wf-td\"><a href=\"#\" class=\"benefits-grid-ico fadeInLeft animate-element\"><i class=\"fa fa-eye\"><\/i><\/a><\/div><div class=\"wf-td\"><h5>Augenleiden<\/h5><\/div><\/div><p style=\"text-align: justify;\">Ideal f\u00fcr die <strong>Vorbeugung<\/strong> oder als effizientes <strong>Heilmittel<\/strong> bei <strong>Augenbeschwerden<\/strong>, aber auch Problemen mit den Augenlidern und Lidr\u00e4ndern, wie z.B.: <strong>Bindehautentz\u00fcndung<\/strong>, <strong>Gerstenkorn<\/strong>, <strong>Lidentz\u00fcndungen<\/strong> oder <strong>Hagelkorn<\/strong>. <strong>EyeLife auftragen<\/strong>, nachdem es mindestens 60 Minuten im K\u00fchlschrank oder Gefrierfach (nach pers\u00f6nlichem K\u00e4lteempfinden) gek\u00fchlt wurde.<\/p>\n<\/div><\/div><\/div><div class=\"wf-cell\"><div><div class=\"text-big\"><div class=\"wf-table\"><div class=\"wf-td\"><a href=\"#\" class=\"benefits-grid-ico fadeInLeft animate-element\"><i class=\"fa fa-plus\"><\/i><\/a><\/div><div class=\"wf-td\"><h5>Schwellungen und R\u00f6tungen<\/h5><\/div><\/div><p style=\"text-align: justify;\"><strong>EyeLife<\/strong> hat eine <strong>abschwellende<\/strong>, <strong>reizlindernde<\/strong> und <strong>entw\u00e4ssernde Wirkung auf die Augen<\/strong> und die <strong>Augenpartie<\/strong>. Es tr\u00e4gt zum Abschwellen der Tr\u00e4nens\u00e4cke bei. Es verschafft <strong>Linderung bei \u00fcberbeanspruchten Augen<\/strong>, z.B. durch Bildschirmarbeit, Zugluft, zu viel Sonne sowie die Verwendung von Kontaktlinsen.<\/p>\n<\/div><\/div><\/div><\/section>[vc_empty_space height=&#8220;60px&#8220;][\/vc_column][\/vc_row][vc_row margin_bottom=&#8220;-30px&#8220; type=&#8220;5&#8243; bg_color=&#8220;#f0f0f0&#8243; padding_top=&#8220;60px&#8220; padding_bottom=&#8220;60px&#8220;][vc_column width=&#8220;1\/3&#8243;][vc_column_text css_animation=&#8220;fadeInLeft&#8220;]<\/p>\n<h3>Certificazioni<\/h3>\n<p>[\/vc_column_text][vc_empty_space height=&#8220;24px&#8220;][vc_single_image image=&#8220;30848&#8243; img_size=&#8220;full&#8220; css_animation=&#8220;zoomInLeft&#8220; el_class=&#8220;certific&#8220;][\/vc_column][vc_column width=&#8220;2\/3&#8243; animation=&#8220;zoomInRight&#8220;][vc_accordion][vc_accordion_tab title=&#8220;Verwendung&#8220;][vc_column_text]<\/p>\n<p style=\"text-align: justify;\">Das <strong>Gel-Armband<\/strong> mindestens <strong>60 Minuten im Gefrierfach <\/strong>oder im K\u00fchlschrank (nach pers\u00f6nlichem K\u00e4lteempfinden) k\u00fchlen, <strong>am Handgelenk<\/strong> anbringen und mit dem Klettverschluss verschlie\u00dfen. Die <strong>Anwendungen <\/strong>k\u00f6nnen <strong>mehrmals am Tag<\/strong> auch w\u00e4hrend der Ruhezeiten und in Momenten der Entspannung erfolgen.<\/p>\n<p>[\/vc_column_text][vc_empty_space height=&#8220;20px&#8220;][\/vc_accordion_tab][vc_accordion_tab title=&#8220;Zusammensetzung&#8220;][vc_column_text]<\/p>\n<p style=\"text-align: justify;\"><strong>Ungiftiges GEL:<\/strong> destilliertes Wasser, Zellulose, Lebensmittelfarbe und Zus\u00e4tze. Bei versehentlichem Hautkontakt mit Wasser absp\u00fclen, ohne zu reiben.<\/p>\n<p style=\"text-align: justify;\"><strong>\u00c4u\u00dferer \u00dcberzug<\/strong>: Anatomisch geformtes, absolut keimfreies und hypoallergenes Armband, randlos hochfrequenzverschwei\u00dft und mit ca. <strong>50 g Viskosegel gef\u00fcllt.<\/strong><\/p>\n<p style=\"text-align: justify;\">F\u00fcr maximale Hygiene ist das Produkt in einer Vakuumverpackung versiegelt.<\/p>\n<p>[\/vc_column_text][vc_empty_space height=&#8220;20px&#8220;][\/vc_accordion_tab][vc_accordion_tab title=&#8220;Hinweise und Zertifizierungen&#8220;][vc_column_text]<\/p>\n<p style=\"text-align: justify;\">Die EyeLife-Auflage ist f\u00fcr M\u00e4nner und Frauen geeignet <strong>und muss gem\u00e4\u00df der oben angef\u00fchrten Anleitung verwendet werden<\/strong>. Eine Verwendung f\u00fcr andere, als die angegebenen Zwecke ist unzul\u00e4ssig.<\/p>\n<p style=\"text-align: justify;\">Das Produkt wurde vom Gesundheitsministerium als <strong>Medizinprodukt der Klasse 1 <\/strong>Eintragsnummer 1269624 <strong>zertifiziert<\/strong>.<\/p>\n<p>[\/vc_column_text][vc_empty_space height=&#8220;20px&#8220;][\/vc_accordion_tab][\/vc_accordion][\/vc_column][\/vc_row]<\/p>\n<\/div>","protected":false},"excerpt":{"rendered":"<p>[vc_row margin_top=&#8220;60&#8243; margin_bottom=&#8220;60&#8243;][vc_column offset=&#8220;vc_col-lg-6 vc_col-md-12 vc_col-xs-12&#8243;][vc_column_text css_animation=&#8220;fadeInLeft&#8220;] Wellness f\u00fcr Ihre Augen [\/vc_column_text][vc_empty_space height=&#8220;16px&#8220;][vc_column_text] EyeLife ist eine wohltuende Augenauflage mit einem k\u00fchlenden Gel, die gleichzeitig erfrischend, lindernd und revitalisierend wirkt. EyeLife ist ein effizientes System, das das Prinzip der Reibesitzb\u00e4der nutzt, um der Augenpartie und dem gesamten Gesicht alle Vorteile dieser Methode zugute kommen zu lassen.&hellip;<\/p>\n","protected":false},"author":1,"featured_media":0,"parent":0,"menu_order":4,"comment_status":"closed","ping_status":"closed","template":"","meta":{"footnotes":""},"class_list":["post-31791","page","type-page","status-publish","hentry","description-off"],"yoast_head":"<!-- This site is optimized with the Yoast SEO plugin v27.3 - https:\/\/yoast.com\/product\/yoast-seo-wordpress\/ -->\n<title>Eyelife - Cuscino rinfrescante per gli occhi - Bagni derivativi<\/title>\n<meta name=\"description\" content=\"Cuscinetto rinfrescante Eyelife per gli occhi. Contribuisce ad alleviare i disturbi degli occhi, la febbre e produce effetti benefici per l&#039;organismo.\" \/>\n<meta name=\"robots\" content=\"index, follow, max-snippet:-1, max-image-preview:large, max-video-preview:-1\" \/>\n<link rel=\"canonical\" href=\"https:\/\/www.bikun.eu\/de\/eyelife\/\" \/>\n<meta property=\"og:locale\" content=\"de_DE\" \/>\n<meta property=\"og:type\" content=\"article\" \/>\n<meta property=\"og:title\" content=\"Eyelife - Cuscino rinfrescante per gli occhi - Bagni derivativi\" \/>\n<meta property=\"og:description\" content=\"Cuscinetto rinfrescante Eyelife per gli occhi. Contribuisce ad alleviare i disturbi degli occhi, la febbre e produce effetti benefici per l&#039;organismo.\" \/>\n<meta property=\"og:url\" content=\"https:\/\/www.bikun.eu\/de\/eyelife\/\" \/>\n<meta property=\"og:site_name\" content=\"Bikun\" \/>\n<meta property=\"article:modified_time\" content=\"2023-05-15T09:18:18+00:00\" \/>\n<meta name=\"twitter:label1\" content=\"Gesch\u00e4tzte Lesezeit\" \/>\n\t<meta name=\"twitter:data1\" content=\"3\u00a0Minuten\" \/>\n<script type=\"application\/ld+json\" class=\"yoast-schema-graph\">{\"@context\":\"https:\\\/\\\/schema.org\",\"@graph\":[{\"@type\":\"WebPage\",\"@id\":\"https:\\\/\\\/www.bikun.eu\\\/de\\\/eyelife\\\/\",\"url\":\"https:\\\/\\\/www.bikun.eu\\\/de\\\/eyelife\\\/\",\"name\":\"Eyelife - Cuscino rinfrescante per gli occhi - Bagni derivativi\",\"isPartOf\":{\"@id\":\"https:\\\/\\\/www.bikun.eu\\\/#website\"},\"datePublished\":\"2013-10-30T08:23:07+00:00\",\"dateModified\":\"2023-05-15T09:18:18+00:00\",\"description\":\"Cuscinetto rinfrescante Eyelife per gli occhi. Contribuisce ad alleviare i disturbi degli occhi, la febbre e produce effetti benefici per l'organismo.\",\"breadcrumb\":{\"@id\":\"https:\\\/\\\/www.bikun.eu\\\/de\\\/eyelife\\\/#breadcrumb\"},\"inLanguage\":\"de\",\"potentialAction\":[{\"@type\":\"ReadAction\",\"target\":[\"https:\\\/\\\/www.bikun.eu\\\/de\\\/eyelife\\\/\"]}]},{\"@type\":\"BreadcrumbList\",\"@id\":\"https:\\\/\\\/www.bikun.eu\\\/de\\\/eyelife\\\/#breadcrumb\",\"itemListElement\":[{\"@type\":\"ListItem\",\"position\":1,\"name\":\"Start\",\"item\":\"https:\\\/\\\/www.bikun.eu\\\/de\\\/home\\\/\"},{\"@type\":\"ListItem\",\"position\":2,\"name\":\"Eyelife\"}]},{\"@type\":\"WebSite\",\"@id\":\"https:\\\/\\\/www.bikun.eu\\\/#website\",\"url\":\"https:\\\/\\\/www.bikun.eu\\\/\",\"name\":\"Bikun\",\"description\":\"dimagrire con i bagni derivativi\",\"potentialAction\":[{\"@type\":\"SearchAction\",\"target\":{\"@type\":\"EntryPoint\",\"urlTemplate\":\"https:\\\/\\\/www.bikun.eu\\\/?s={search_term_string}\"},\"query-input\":{\"@type\":\"PropertyValueSpecification\",\"valueRequired\":true,\"valueName\":\"search_term_string\"}}],\"inLanguage\":\"de\"}]}<\/script>\n<!-- \/ Yoast SEO plugin. -->","yoast_head_json":{"title":"Eyelife - Cuscino rinfrescante per gli occhi - Bagni derivativi","description":"Cuscinetto rinfrescante Eyelife per gli occhi. Contribuisce ad alleviare i disturbi degli occhi, la febbre e produce effetti benefici per l'organismo.","robots":{"index":"index","follow":"follow","max-snippet":"max-snippet:-1","max-image-preview":"max-image-preview:large","max-video-preview":"max-video-preview:-1"},"canonical":"https:\/\/www.bikun.eu\/de\/eyelife\/","og_locale":"de_DE","og_type":"article","og_title":"Eyelife - Cuscino rinfrescante per gli occhi - Bagni derivativi","og_description":"Cuscinetto rinfrescante Eyelife per gli occhi. Contribuisce ad alleviare i disturbi degli occhi, la febbre e produce effetti benefici per l'organismo.","og_url":"https:\/\/www.bikun.eu\/de\/eyelife\/","og_site_name":"Bikun","article_modified_time":"2023-05-15T09:18:18+00:00","twitter_misc":{"Gesch\u00e4tzte Lesezeit":"3\u00a0Minuten"},"schema":{"@context":"https:\/\/schema.org","@graph":[{"@type":"WebPage","@id":"https:\/\/www.bikun.eu\/de\/eyelife\/","url":"https:\/\/www.bikun.eu\/de\/eyelife\/","name":"Eyelife - Cuscino rinfrescante per gli occhi - Bagni derivativi","isPartOf":{"@id":"https:\/\/www.bikun.eu\/#website"},"datePublished":"2013-10-30T08:23:07+00:00","dateModified":"2023-05-15T09:18:18+00:00","description":"Cuscinetto rinfrescante Eyelife per gli occhi. Contribuisce ad alleviare i disturbi degli occhi, la febbre e produce effetti benefici per l'organismo.","breadcrumb":{"@id":"https:\/\/www.bikun.eu\/de\/eyelife\/#breadcrumb"},"inLanguage":"de","potentialAction":[{"@type":"ReadAction","target":["https:\/\/www.bikun.eu\/de\/eyelife\/"]}]},{"@type":"BreadcrumbList","@id":"https:\/\/www.bikun.eu\/de\/eyelife\/#breadcrumb","itemListElement":[{"@type":"ListItem","position":1,"name":"Start","item":"https:\/\/www.bikun.eu\/de\/home\/"},{"@type":"ListItem","position":2,"name":"Eyelife"}]},{"@type":"WebSite","@id":"https:\/\/www.bikun.eu\/#website","url":"https:\/\/www.bikun.eu\/","name":"Bikun","description":"dimagrire con i bagni derivativi","potentialAction":[{"@type":"SearchAction","target":{"@type":"EntryPoint","urlTemplate":"https:\/\/www.bikun.eu\/?s={search_term_string}"},"query-input":{"@type":"PropertyValueSpecification","valueRequired":true,"valueName":"search_term_string"}}],"inLanguage":"de"}]}},"_links":{"self":[{"href":"https:\/\/www.bikun.eu\/de\/wp-json\/wp\/v2\/pages\/31791","targetHints":{"allow":["GET"]}}],"collection":[{"href":"https:\/\/www.bikun.eu\/de\/wp-json\/wp\/v2\/pages"}],"about":[{"href":"https:\/\/www.bikun.eu\/de\/wp-json\/wp\/v2\/types\/page"}],"author":[{"embeddable":true,"href":"https:\/\/www.bikun.eu\/de\/wp-json\/wp\/v2\/users\/1"}],"replies":[{"embeddable":true,"href":"https:\/\/www.bikun.eu\/de\/wp-json\/wp\/v2\/comments?post=31791"}],"version-history":[{"count":1,"href":"https:\/\/www.bikun.eu\/de\/wp-json\/wp\/v2\/pages\/31791\/revisions"}],"predecessor-version":[{"id":38525,"href":"https:\/\/www.bikun.eu\/de\/wp-json\/wp\/v2\/pages\/31791\/revisions\/38525"}],"wp:attachment":[{"href":"https:\/\/www.bikun.eu\/de\/wp-json\/wp\/v2\/media?parent=31791"}],"curies":[{"name":"wp","href":"https:\/\/api.w.org\/{rel}","templated":true}]}}