{"id":31923,"date":"2015-05-15T18:41:52","date_gmt":"2015-05-15T16:41:52","guid":{"rendered":"http:\/\/www.bikun.eu\/condizioni-generali-vendita-2\/"},"modified":"2020-05-04T01:01:37","modified_gmt":"2020-05-03T23:01:37","slug":"rahmenbedingungen","status":"publish","type":"page","link":"https:\/\/www.bikun.eu\/de\/rahmenbedingungen\/","title":{"rendered":"Rahmenbedingungen"},"content":{"rendered":"<div class=\"wpb-content-wrapper\"><p>[vc_row][vc_column][vc_row_inner][vc_column_inner width=&#8220;2\/3&#8243;][vc_column_text]<\/p>\n<h3>Rahmenbedingungen<\/h3>\n<p>[\/vc_column_text][vc_empty_space height=&#8220;16px&#8220;][vc_column_text]<\/p>\n<p style=\"text-align: justify;\">\u00a0Lieferungen von Gegenst\u00e4nden &#8211; Produkten &#8211; von Point Gesundheit und Wellness von Busca Sergio Sitz in Padua (PD) Piazza del Santo 14A &#8211; 35123 &#8211; N.REA: PD &#8211; 346655 \u00fcber die Website www.bikun.eu an Dritte &#8211; nachfolgend Kunde \/ n &#8211; werden von diesen allgemeinen Gesch\u00e4ftsbedingungen, die folgenden Bedingungen und Konditionen, die ein integraler und wesentlicher aller Vertr\u00e4ge zwischen www.bikun sind geregelt. EU und Kunden.<\/p>\n<p style=\"text-align: justify;\">Punkt Gesundheit und Wellness beh\u00e4lt sich das Recht vor, jederzeit die Rahmenbedingungen \u00e4ndern, werden die \u00c4nderungen wirksam, sobald Ver\u00f6ffentlichung auf wwwbikun.eu, vorausgesetzt, dass sie angewendet werden, nachdem dieser Ver\u00f6ffentlichung nur auf die Verk\u00e4ufe abgeschlossen.<\/p>\n<p style=\"text-align: justify;\"><span style=\"color: #3d948d;\"><strong>Auftragsannahme und Abschluss des Vertrages<\/strong><\/span><\/p>\n<p style=\"text-align: justify;\">Der Kauf der Anforderung wird in den folgenden Schritten ab:<\/p>\n<ul style=\"text-align: justify;\">\n<li>\u00a0Mit einer Bestellung, sendet der Kunde in <strong>BIKUN.EU<\/strong> einen Vorschlag, um ein Produkt oder Produkte ausgew\u00e4hlt erwerben. Das Versenden der Bestellung bedeutet Zustimmung (im Sinne des Art. 10 DL 185\/1999), um weitere Mitteilungen von <strong>BIKUN.EU<\/strong> unten beschrieben, die sich ausschlie\u00dflich auf den Abschluss und die Ausf\u00fchrung abzielen erhalten Kaufvertrag.<\/li>\n<li><strong>BIKUN.EU<\/strong> Best\u00e4tigung mit einer E-Mail-Eingang der Bestellung durch den Kunden, mit der Zuweisung eines &#8222;Customer Order Number &#8218;, in jeder weiteren Kommunikation mit <strong>BIKUN.EU<\/strong> verwendet werden.<\/li>\n<li>Der Kunde hat 24 Stunden Zeit, von der Online-Bestellung zu kommunizieren, um ihre m\u00f6gliche Annullierung <strong>BIKUN.EU<\/strong>, durch den Aufruf. +39.049.57.36.975 Oder senden Sie eine E-Mail an info@bikun.eu. In jedem Fall <strong>BIKUN.EU<\/strong> \u00fcberpr\u00fcfen Sie den Ist-Bestand Verf\u00fcgbarkeit der ben\u00f6tigten Waren und werden telefonisch unter der Nummer durch den Kunden zu kommunizieren, wenn der Auftrag angenommen werden kann oder nicht.<\/li>\n<li><strong>BIKUN.EU<\/strong> liefern dann den Auftrag an die f\u00fcr die Durchf\u00fchrung der angegebene Lieferadresse verantwortlich Kurier. Die Zahlung durch den Kunden wird mit der on-line zum Zeitpunkt des Kaufs gew\u00e4hlte Methode.<\/li>\n<\/ul>\n<p style=\"text-align: justify;\"><span style=\"color: #3d948d;\"><strong>Preise<\/strong><\/span><\/p>\n<p style=\"text-align: justify;\">Wenn nicht anders angegeben alle in <strong>BIKUN.EU<\/strong> genannten Preise enthalten die gesetzliche Mehrwertsteuer (22%). Die Verkaufspreise der Produkte wird die in der zum Zeitpunkt des Vertragsabschlusses und in <strong>BIKUN.EU<\/strong> sichtbar sein. Im Falle einer \u00c4nderung der Preise <strong>BIKUN.EU<\/strong> immer noch &#8218;dem Kunden die, die zum Zeitpunkt der Auftragspreis anzuwenden.<\/p>\n<p>&nbsp;<\/p>\n<p><span style=\"color: #3d948d;\"><strong>Legge applicabile e foro competente<\/strong><\/span><\/p>\n<p style=\"text-align: justify;\">Nel caso di utente consumatore sar\u00e0 competente il Tribunale di residenza o domicilio del consumatore, se ubicati in Italia. Per ogni altra controversia sar\u00e0 competente, invece, il Tribunale di Padova. L\u2019utente pu\u00f2 utilizzare la procedura alternativa extragiudiziale dell\u2019Unione Europea accessibile al link <a href=\"https:\/\/ec.europa.eu\/consumers\/odr\" target=\"_blank\" rel=\"noopener\">https:\/\/ec.europa.eu\/consumers\/odr<\/a>.<\/p>\n<p>[\/vc_column_text][\/vc_column_inner][vc_column_inner width=&#8220;1\/3&#8243;][vc_column_text]<\/p>\n<h3>Produkte-Hersteller<\/h3>\n<p>[\/vc_column_text][vc_empty_space height=&#8220;16px&#8220;][vc_column_text]<\/p>\n<p style=\"text-align: justify;\">Alle Einzelteile zu verkaufen in der E-Commerce-Portal bikun.eu sind hergestellt und vertrieben bei:<\/p>\n<p style=\"text-align: justify;\"><strong>Punto Salute e Benessere di\u00a0 Busca Sergio<br \/>\n<\/strong>Piazza del Santo 14A &#8211; Padua (PD) &#8211; 35123<br \/>\nRegistriert in den Unternehmen von Padua\u00a0n\u00b0 346655<\/p>\n<p style=\"text-align: justify;\"><strong>Telefon:<\/strong> <a title=\"Chiama\" href=\"tel:+390495736975\">049.57.36.975<\/a><br \/>\n<strong>E-mail: <\/strong><a href=\"mailto:info@bikun.eu\">info@bikun.eu<\/a><\/p>\n<p>[\/vc_column_text][vc_empty_space][vc_column_text]<\/p>\n<h3>Zahlungsmethode<\/h3>\n<p>[\/vc_column_text][vc_empty_space height=&#8220;16px&#8220;][vc_column_text]<\/p>\n<p style=\"text-align: justify;\"><strong>BIKUN.EU<\/strong> bietet 3 Zahlungsmethode, der\u00a0am Ende der Bestellung gew\u00e4hlt werden:<\/p>\n<ul style=\"text-align: justify;\">\n<li>Online-Zahlung per Kreditkarte \u00fcber PayPal-System;<\/li>\n<li>Online-Zahlung \u00fcber PayPal-Konten<\/li>\n<li>Zahlung per \u00dcberweisung;<\/li>\n<\/ul>\n<p style=\"text-align: justify;\">Die \u00dcbertragung muss zugunsten der cc vorgenommen werden:<\/p>\n<p style=\"text-align: justify;\"><strong>Beg\u00fcnstigter: Punto salute e benessere di Busca Sergio<\/strong><br \/>\n<strong>IBAN: IT94B0760112100000055007330<\/strong><\/p>\n<p style=\"text-align: justify;\"><strong>N.B.<\/strong><br \/>\nDie Ware wird nach Zahlungseingang verschickt. Um den Prozess k\u00f6nnen Sie \u00fcber faxal Anzahl <strong>049.57.36.975<\/strong>\u00a0oder per E-Mail an <strong>info@bikun.eu<\/strong> Kopie der Kupon von der Bank zu senden zu beschleunigen.<\/p>\n<p>[\/vc_column_text][\/vc_column_inner][\/vc_row_inner][\/vc_column][\/vc_row][vc_row][vc_column][vc_raw_js]<\/p>\n<p>JTNDc2NyaXB0JTIwdHlwZSUzRCUyMnRleHQlMkZqYXZhc2NyaXB0JTIyJTNFJTBBdmFyJTIwJTI0aiUyMCUzRCUyMGpRdWVyeSUzQiUwQSUyNGolMjglMjIlMjNmYW5jeS1oZWFkZXIlMjBoMSUyMHNwYW4lM0Fjb250YWlucyUyOCUyN0NvbmRpemlvbmklMjBnZW5lcmFsaSUyMGRpJTIwdmVuZGl0YSUyNyUyOSUyMiUyOS5odG1sJTI4JTIyUmFobWVuYmVkaW5ndW5nZW4lMjIlMjklM0IlMEElM0MlMkZzY3JpcHQlM0U=<\/p>\n<p>[\/vc_raw_js][\/vc_column][\/vc_row]<\/p>\n<\/div>","protected":false},"excerpt":{"rendered":"<p>[vc_row][vc_column][vc_row_inner][vc_column_inner width=&#8220;2\/3&#8243;][vc_column_text] Rahmenbedingungen [\/vc_column_text][vc_empty_space height=&#8220;16px&#8220;][vc_column_text] \u00a0Lieferungen von Gegenst\u00e4nden &#8211; Produkten &#8211; von Point Gesundheit und Wellness von Busca Sergio Sitz in Padua (PD) Piazza del Santo 14A &#8211; 35123 &#8211; N.REA: PD &#8211; 346655 \u00fcber die Website www.bikun.eu an Dritte &#8211; nachfolgend Kunde \/ n &#8211; werden von diesen allgemeinen Gesch\u00e4ftsbedingungen, die folgenden Bedingungen und&hellip;<\/p>\n","protected":false},"author":1,"featured_media":0,"parent":0,"menu_order":0,"comment_status":"closed","ping_status":"closed","template":"","meta":{"footnotes":""},"class_list":["post-31923","page","type-page","status-publish","hentry","description-off"],"yoast_head":"<!-- This site is optimized with the Yoast SEO plugin v27.3 - https:\/\/yoast.com\/product\/yoast-seo-wordpress\/ -->\n<title>Aiuto: Condizioni generali<\/title>\n<meta name=\"description\" content=\"Condizioni generali di contratto per gli acquisti. Dettagli su ordini e prezzi dei prodotti Bikun.\" \/>\n<meta name=\"robots\" content=\"index, follow, max-snippet:-1, max-image-preview:large, max-video-preview:-1\" \/>\n<link rel=\"canonical\" href=\"https:\/\/www.bikun.eu\/de\/rahmenbedingungen\/\" \/>\n<meta property=\"og:locale\" content=\"de_DE\" \/>\n<meta property=\"og:type\" content=\"article\" \/>\n<meta property=\"og:title\" content=\"Aiuto: Condizioni generali\" \/>\n<meta property=\"og:description\" content=\"Condizioni generali di contratto per gli acquisti. Dettagli su ordini e prezzi dei prodotti Bikun.\" \/>\n<meta property=\"og:url\" content=\"https:\/\/www.bikun.eu\/de\/rahmenbedingungen\/\" \/>\n<meta property=\"og:site_name\" content=\"Bikun\" \/>\n<meta property=\"article:modified_time\" content=\"2020-05-03T23:01:37+00:00\" \/>\n<meta name=\"twitter:label1\" content=\"Gesch\u00e4tzte Lesezeit\" \/>\n\t<meta name=\"twitter:data1\" content=\"3\u00a0Minuten\" \/>\n<script type=\"application\/ld+json\" class=\"yoast-schema-graph\">{\"@context\":\"https:\\\/\\\/schema.org\",\"@graph\":[{\"@type\":\"WebPage\",\"@id\":\"https:\\\/\\\/www.bikun.eu\\\/de\\\/rahmenbedingungen\\\/\",\"url\":\"https:\\\/\\\/www.bikun.eu\\\/de\\\/rahmenbedingungen\\\/\",\"name\":\"Aiuto: Condizioni generali\",\"isPartOf\":{\"@id\":\"https:\\\/\\\/www.bikun.eu\\\/#website\"},\"datePublished\":\"2015-05-15T16:41:52+00:00\",\"dateModified\":\"2020-05-03T23:01:37+00:00\",\"description\":\"Condizioni generali di contratto per gli acquisti. Dettagli su ordini e prezzi dei prodotti Bikun.\",\"breadcrumb\":{\"@id\":\"https:\\\/\\\/www.bikun.eu\\\/de\\\/rahmenbedingungen\\\/#breadcrumb\"},\"inLanguage\":\"de\",\"potentialAction\":[{\"@type\":\"ReadAction\",\"target\":[\"https:\\\/\\\/www.bikun.eu\\\/de\\\/rahmenbedingungen\\\/\"]}]},{\"@type\":\"BreadcrumbList\",\"@id\":\"https:\\\/\\\/www.bikun.eu\\\/de\\\/rahmenbedingungen\\\/#breadcrumb\",\"itemListElement\":[{\"@type\":\"ListItem\",\"position\":1,\"name\":\"Start\",\"item\":\"https:\\\/\\\/www.bikun.eu\\\/de\\\/home\\\/\"},{\"@type\":\"ListItem\",\"position\":2,\"name\":\"Rahmenbedingungen\"}]},{\"@type\":\"WebSite\",\"@id\":\"https:\\\/\\\/www.bikun.eu\\\/#website\",\"url\":\"https:\\\/\\\/www.bikun.eu\\\/\",\"name\":\"Bikun\",\"description\":\"dimagrire con i bagni derivativi\",\"potentialAction\":[{\"@type\":\"SearchAction\",\"target\":{\"@type\":\"EntryPoint\",\"urlTemplate\":\"https:\\\/\\\/www.bikun.eu\\\/?s={search_term_string}\"},\"query-input\":{\"@type\":\"PropertyValueSpecification\",\"valueRequired\":true,\"valueName\":\"search_term_string\"}}],\"inLanguage\":\"de\"}]}<\/script>\n<!-- \/ Yoast SEO plugin. -->","yoast_head_json":{"title":"Aiuto: Condizioni generali","description":"Condizioni generali di contratto per gli acquisti. Dettagli su ordini e prezzi dei prodotti Bikun.","robots":{"index":"index","follow":"follow","max-snippet":"max-snippet:-1","max-image-preview":"max-image-preview:large","max-video-preview":"max-video-preview:-1"},"canonical":"https:\/\/www.bikun.eu\/de\/rahmenbedingungen\/","og_locale":"de_DE","og_type":"article","og_title":"Aiuto: Condizioni generali","og_description":"Condizioni generali di contratto per gli acquisti. Dettagli su ordini e prezzi dei prodotti Bikun.","og_url":"https:\/\/www.bikun.eu\/de\/rahmenbedingungen\/","og_site_name":"Bikun","article_modified_time":"2020-05-03T23:01:37+00:00","twitter_misc":{"Gesch\u00e4tzte Lesezeit":"3\u00a0Minuten"},"schema":{"@context":"https:\/\/schema.org","@graph":[{"@type":"WebPage","@id":"https:\/\/www.bikun.eu\/de\/rahmenbedingungen\/","url":"https:\/\/www.bikun.eu\/de\/rahmenbedingungen\/","name":"Aiuto: Condizioni generali","isPartOf":{"@id":"https:\/\/www.bikun.eu\/#website"},"datePublished":"2015-05-15T16:41:52+00:00","dateModified":"2020-05-03T23:01:37+00:00","description":"Condizioni generali di contratto per gli acquisti. Dettagli su ordini e prezzi dei prodotti Bikun.","breadcrumb":{"@id":"https:\/\/www.bikun.eu\/de\/rahmenbedingungen\/#breadcrumb"},"inLanguage":"de","potentialAction":[{"@type":"ReadAction","target":["https:\/\/www.bikun.eu\/de\/rahmenbedingungen\/"]}]},{"@type":"BreadcrumbList","@id":"https:\/\/www.bikun.eu\/de\/rahmenbedingungen\/#breadcrumb","itemListElement":[{"@type":"ListItem","position":1,"name":"Start","item":"https:\/\/www.bikun.eu\/de\/home\/"},{"@type":"ListItem","position":2,"name":"Rahmenbedingungen"}]},{"@type":"WebSite","@id":"https:\/\/www.bikun.eu\/#website","url":"https:\/\/www.bikun.eu\/","name":"Bikun","description":"dimagrire con i bagni derivativi","potentialAction":[{"@type":"SearchAction","target":{"@type":"EntryPoint","urlTemplate":"https:\/\/www.bikun.eu\/?s={search_term_string}"},"query-input":{"@type":"PropertyValueSpecification","valueRequired":true,"valueName":"search_term_string"}}],"inLanguage":"de"}]}},"_links":{"self":[{"href":"https:\/\/www.bikun.eu\/de\/wp-json\/wp\/v2\/pages\/31923","targetHints":{"allow":["GET"]}}],"collection":[{"href":"https:\/\/www.bikun.eu\/de\/wp-json\/wp\/v2\/pages"}],"about":[{"href":"https:\/\/www.bikun.eu\/de\/wp-json\/wp\/v2\/types\/page"}],"author":[{"embeddable":true,"href":"https:\/\/www.bikun.eu\/de\/wp-json\/wp\/v2\/users\/1"}],"replies":[{"embeddable":true,"href":"https:\/\/www.bikun.eu\/de\/wp-json\/wp\/v2\/comments?post=31923"}],"version-history":[{"count":2,"href":"https:\/\/www.bikun.eu\/de\/wp-json\/wp\/v2\/pages\/31923\/revisions"}],"predecessor-version":[{"id":34874,"href":"https:\/\/www.bikun.eu\/de\/wp-json\/wp\/v2\/pages\/31923\/revisions\/34874"}],"wp:attachment":[{"href":"https:\/\/www.bikun.eu\/de\/wp-json\/wp\/v2\/media?parent=31923"}],"curies":[{"name":"wp","href":"https:\/\/api.w.org\/{rel}","templated":true}]}}