{"id":31925,"date":"2015-05-15T19:16:48","date_gmt":"2015-05-15T17:16:48","guid":{"rendered":"http:\/\/www.bikun.eu\/spedizioni-e-consegne-2\/"},"modified":"2022-04-26T09:43:03","modified_gmt":"2022-04-26T07:43:03","slug":"versand-und-lieferung","status":"publish","type":"page","link":"https:\/\/www.bikun.eu\/de\/versand-und-lieferung\/","title":{"rendered":"Versand und Lieferung"},"content":{"rendered":"<div class=\"wpb-content-wrapper\"><p>[vc_row][vc_column][vc_row_inner][vc_column_inner width=&#8220;2\/3&#8243;][vc_column_text]<\/p>\n<h3>Sendungen<\/h3>\n<p>[\/vc_column_text][vc_empty_space height=&#8220;16px&#8220;][vc_column_text]<\/p>\n<p style=\"text-align: justify;\"><strong>BIKUN.EU<\/strong> wird, nach dem Abschluss der Bestellung eine E-Mail mit der Best\u00e4tigung Eingang der Bestellung schicken; der Kunde wird aufgefordert, die E-Mail ausdrucken und aufbewahren.<\/p>\n<p style=\"text-align: justify;\">Wenn nicht empfangen wird, wird der Kunde gebeten, <strong>BIKUN.EU<\/strong> kontaktieren. Im Falle eines m\u00f6glichen Ausfalls, auch nicht vor\u00fcbergehend, um Ihren Auftrag zu einem teilweisen oder vollst\u00e4ndigen BIKUN.EU sofort senden Sie eine E-Mail an Vereinbarungen mit dem Kunden machen zu verarbeiten, sofern die M\u00f6glichkeit f\u00fcr den Kunden, um Annullierung, Teil anfordern Reihenfolge.<\/p>\n<p style=\"text-align: justify;\"><span style=\"color: #3dd1c6;\"><strong>Lieferungen<\/strong><\/span><\/p>\n<p style=\"text-align: justify;\"><strong>BIKUN.EU<\/strong> f\u00fcr die Leistungserbringung in ganz Italien und in der Welt verwendet ein Partner der absoluten Prestige:\u00a0BRT-DPD und DHL.<\/p>\n<p style=\"text-align: justify;\">Normalerweise f\u00fcr Bestellungen, die vor 10.30 Uhr erhielt die Auftragsabwicklung erfolgt am gleichen Tag und die Lieferung innerhalb von 4 Werktagen stattfindet.<br \/>\nF\u00fcr nach 10:30 Uhr Verarbeitungs Auftragseingang findet am folgenden Tag.<\/p>\n<p style=\"text-align: justify;\"><strong>Sie liefern bis zu einem H\u00f6chstbetrag von 2.000 Gramm.<\/strong><\/p>\n<p style=\"text-align: justify;\"><strong>N.B.<\/strong><br \/>\nDie Zeiten sind wie von der italienischen Post Spa angegeben und deshalb k\u00f6nnen wir nicht garantieren, obwohl die Erfahrung zeigt, dass fast immer eingehalten werden.<br \/>\nLieferung von Montag bis Freitag statt w\u00e4hrend der normalen Arbeitszeitzonen.<\/p>\n<p style=\"text-align: justify;\">Der Kurier liefert den ersten Durchgang; wenn Sie nicht finden k\u00f6nnen, jemand zu Hause das Paket bei der Post verantwortlich gesammelt werden<br \/>\n<strong>BIKUN.EU werden alles tun, um die Produkte an den Verbraucher innerhalb der angegebenen Zeit zu liefern.<\/strong><\/p>\n<p style=\"text-align: justify;\">Der Verbraucher wird gebeten, BIKUN.EU f\u00fcr Lieferverz\u00f6gerungen zu kontaktieren und keine schlechten Service nicht zu berichten.<\/p>\n<p>[\/vc_column_text][vc_empty_space height=&#8220;16px&#8220;][vc_column_text]<\/p>\n<p style=\"text-align: justify;\"><span style=\"color: #3dd1c6;\"><strong>Noten<\/strong><\/span><\/p>\n<p style=\"text-align: justify;\">Wir liefern bis zu einem Maximum von 2.000ga Pack.<br \/>\nDie auf der Rechnung angegebene Preis wird neben dem Produkt zum Zeitpunkt des Abschlusses der Auftrag zus\u00e4tzlich zu Beitrag zu den Versandkosten, ohne Ber\u00fccksichtigung von Aktualisierungen trat nach.<br \/>\n<strong>BIKUN.EU<\/strong> beh\u00e4lt sich vor, ohne vorherige Ank\u00fcndigung, die Produktpreise und Rohstoffkosten zu \u00e4ndern. Alle neuen Betr\u00e4ge werden ab dem Zeitpunkt wirksam sie sind auf der Website Centronaturale.it ver\u00f6ffentlicht und wird den Umsatz von diesem Zeitpunkt get\u00e4tigt werden.<\/p>\n<p>[\/vc_column_text][\/vc_column_inner][vc_column_inner width=&#8220;1\/3&#8243;][vc_column_text]<\/p>\n<h3>Versandkosten<\/h3>\n<p>[\/vc_column_text][vc_empty_space height=&#8220;16px&#8220;][vc_column_text]Alle unten aufgef\u00fchrten Preise sind inklusive Mehrwertsteuer.[\/vc_column_text][vc_empty_space height=&#8220;16px&#8220;]<div class=\"standard-arrow list-divider bullet-top\"><p style=\"text-align: justify;\"><span style=\"color: #3dd1c6;\"><strong>TRANSPORT F\u00dcR ITALIEN UND INSELN<\/strong><\/span><\/p>\n<ul style=\"text-align: justify;\">\n<li><span style=\"color: #333333;\"><strong>\u20ac 3,99<\/strong><\/span><\/li>\n<\/ul>\n<p>&nbsp;<\/p>\n<p style=\"text-align: justify;\"><span style=\"color: #3dd1c6;\"><strong>TRANSPORT F\u00dcR UE UND EXTRA UE<\/strong><\/span><\/p>\n<ul style=\"text-align: justify;\">\n<li><span style=\"color: #333333;\"><strong>\u20ac 11,99<\/strong><\/span><\/li>\n<\/ul>\n<p>&nbsp;<\/p>\n<p style=\"text-align: justify;\"><span style=\"color: #3dd1c6;\"><strong>TRANSPORT F\u00dcR USA und CANADA<\/strong><\/span><\/p>\n<ul style=\"text-align: justify;\">\n<li><span style=\"color: #333333;\"><strong>\u20ac 21,99<\/strong><\/span><\/li>\n<\/ul>\n<p>&nbsp;<\/p>\n<p style=\"text-align: justify;\"><span style=\"color: #3dd1c6;\"><strong>KOSTENLOSER TRANSPORT<\/strong><\/span><\/p>\n<p style=\"text-align: justify;\"><span style=\"color: #333333;\"><strong>Seit mehr als 39,00 \u20ac alle Bestellungen Versand ist kostenlos f\u00fcr Italien.<\/strong><\/span><\/p>\n<\/div>[\/vc_column_inner][\/vc_row_inner][\/vc_column][\/vc_row][vc_row][vc_column][vc_raw_js]JTNDc2NyaXB0JTIwdHlwZSUzRCUyMnRleHQlMkZqYXZhc2NyaXB0JTIyJTNFJTBBdmFyJTIwJTI0aiUyMCUzRCUyMGpRdWVyeSUzQiUwQSUyNGolMjglMjIlMjNmYW5jeS1oZWFkZXIlMjBoMSUyMHNwYW4lM0Fjb250YWlucyUyOCUyN0Nvc3RpJTIwZGklMjBzcGVkaXppb25lJTIwZSUyMGNvbnNlZ25lJTI3JTI5JTIyJTI5Lmh0bWwlMjglMjJWZXJzYW5kJTIwdW5kJTIwTGllZmVydW5nJTIyJTI5JTNCJTBBJTNDJTJGc2NyaXB0JTNF[\/vc_raw_js][\/vc_column][\/vc_row]<\/p>\n<\/div>","protected":false},"excerpt":{"rendered":"<p>[vc_row][vc_column][vc_row_inner][vc_column_inner width=&#8220;2\/3&#8243;][vc_column_text] Sendungen [\/vc_column_text][vc_empty_space height=&#8220;16px&#8220;][vc_column_text] BIKUN.EU wird, nach dem Abschluss der Bestellung eine E-Mail mit der Best\u00e4tigung Eingang der Bestellung schicken; der Kunde wird aufgefordert, die E-Mail ausdrucken und aufbewahren. Wenn nicht empfangen wird, wird der Kunde gebeten, BIKUN.EU kontaktieren. Im Falle eines m\u00f6glichen Ausfalls, auch nicht vor\u00fcbergehend, um Ihren Auftrag zu einem teilweisen oder&hellip;<\/p>\n","protected":false},"author":1,"featured_media":0,"parent":0,"menu_order":0,"comment_status":"closed","ping_status":"closed","template":"","meta":{"footnotes":""},"class_list":["post-31925","page","type-page","status-publish","hentry","description-off"],"yoast_head":"<!-- This site is optimized with the Yoast SEO plugin v27.3 - https:\/\/yoast.com\/product\/yoast-seo-wordpress\/ -->\n<title>- Bikun<\/title>\n<meta name=\"robots\" content=\"index, follow, max-snippet:-1, max-image-preview:large, max-video-preview:-1\" \/>\n<link rel=\"canonical\" href=\"https:\/\/www.bikun.eu\/de\/versand-und-lieferung\/\" \/>\n<meta property=\"og:locale\" content=\"de_DE\" \/>\n<meta property=\"og:type\" content=\"article\" \/>\n<meta property=\"og:title\" content=\"- Bikun\" \/>\n<meta property=\"og:description\" content=\"[vc_row][vc_column][vc_row_inner][vc_column_inner width=&#8220;2\/3&#8243;][vc_column_text] Sendungen [\/vc_column_text][vc_empty_space height=&#8220;16px&#8220;][vc_column_text] BIKUN.EU wird, nach dem Abschluss der Bestellung eine E-Mail mit der Best\u00e4tigung Eingang der Bestellung schicken; der Kunde wird aufgefordert, die E-Mail ausdrucken und aufbewahren. Wenn nicht empfangen wird, wird der Kunde gebeten, BIKUN.EU kontaktieren. Im Falle eines m\u00f6glichen Ausfalls, auch nicht vor\u00fcbergehend, um Ihren Auftrag zu einem teilweisen oder&hellip;\" \/>\n<meta property=\"og:url\" content=\"https:\/\/www.bikun.eu\/de\/versand-und-lieferung\/\" \/>\n<meta property=\"og:site_name\" content=\"Bikun\" \/>\n<meta property=\"article:modified_time\" content=\"2022-04-26T07:43:03+00:00\" \/>\n<meta name=\"twitter:label1\" content=\"Gesch\u00e4tzte Lesezeit\" \/>\n\t<meta name=\"twitter:data1\" content=\"2\u00a0Minuten\" \/>\n<script type=\"application\/ld+json\" class=\"yoast-schema-graph\">{\"@context\":\"https:\\\/\\\/schema.org\",\"@graph\":[{\"@type\":\"WebPage\",\"@id\":\"https:\\\/\\\/www.bikun.eu\\\/de\\\/versand-und-lieferung\\\/\",\"url\":\"https:\\\/\\\/www.bikun.eu\\\/de\\\/versand-und-lieferung\\\/\",\"name\":\"- Bikun\",\"isPartOf\":{\"@id\":\"https:\\\/\\\/www.bikun.eu\\\/#website\"},\"datePublished\":\"2015-05-15T17:16:48+00:00\",\"dateModified\":\"2022-04-26T07:43:03+00:00\",\"breadcrumb\":{\"@id\":\"https:\\\/\\\/www.bikun.eu\\\/de\\\/versand-und-lieferung\\\/#breadcrumb\"},\"inLanguage\":\"de\",\"potentialAction\":[{\"@type\":\"ReadAction\",\"target\":[\"https:\\\/\\\/www.bikun.eu\\\/de\\\/versand-und-lieferung\\\/\"]}]},{\"@type\":\"BreadcrumbList\",\"@id\":\"https:\\\/\\\/www.bikun.eu\\\/de\\\/versand-und-lieferung\\\/#breadcrumb\",\"itemListElement\":[{\"@type\":\"ListItem\",\"position\":1,\"name\":\"Start\",\"item\":\"https:\\\/\\\/www.bikun.eu\\\/de\\\/home\\\/\"},{\"@type\":\"ListItem\",\"position\":2,\"name\":\"Versand und Lieferung\"}]},{\"@type\":\"WebSite\",\"@id\":\"https:\\\/\\\/www.bikun.eu\\\/#website\",\"url\":\"https:\\\/\\\/www.bikun.eu\\\/\",\"name\":\"Bikun\",\"description\":\"dimagrire con i bagni derivativi\",\"potentialAction\":[{\"@type\":\"SearchAction\",\"target\":{\"@type\":\"EntryPoint\",\"urlTemplate\":\"https:\\\/\\\/www.bikun.eu\\\/?s={search_term_string}\"},\"query-input\":{\"@type\":\"PropertyValueSpecification\",\"valueRequired\":true,\"valueName\":\"search_term_string\"}}],\"inLanguage\":\"de\"}]}<\/script>\n<!-- \/ Yoast SEO plugin. -->","yoast_head_json":{"title":"- Bikun","robots":{"index":"index","follow":"follow","max-snippet":"max-snippet:-1","max-image-preview":"max-image-preview:large","max-video-preview":"max-video-preview:-1"},"canonical":"https:\/\/www.bikun.eu\/de\/versand-und-lieferung\/","og_locale":"de_DE","og_type":"article","og_title":"- Bikun","og_description":"[vc_row][vc_column][vc_row_inner][vc_column_inner width=&#8220;2\/3&#8243;][vc_column_text] Sendungen [\/vc_column_text][vc_empty_space height=&#8220;16px&#8220;][vc_column_text] BIKUN.EU wird, nach dem Abschluss der Bestellung eine E-Mail mit der Best\u00e4tigung Eingang der Bestellung schicken; der Kunde wird aufgefordert, die E-Mail ausdrucken und aufbewahren. Wenn nicht empfangen wird, wird der Kunde gebeten, BIKUN.EU kontaktieren. Im Falle eines m\u00f6glichen Ausfalls, auch nicht vor\u00fcbergehend, um Ihren Auftrag zu einem teilweisen oder&hellip;","og_url":"https:\/\/www.bikun.eu\/de\/versand-und-lieferung\/","og_site_name":"Bikun","article_modified_time":"2022-04-26T07:43:03+00:00","twitter_misc":{"Gesch\u00e4tzte Lesezeit":"2\u00a0Minuten"},"schema":{"@context":"https:\/\/schema.org","@graph":[{"@type":"WebPage","@id":"https:\/\/www.bikun.eu\/de\/versand-und-lieferung\/","url":"https:\/\/www.bikun.eu\/de\/versand-und-lieferung\/","name":"- Bikun","isPartOf":{"@id":"https:\/\/www.bikun.eu\/#website"},"datePublished":"2015-05-15T17:16:48+00:00","dateModified":"2022-04-26T07:43:03+00:00","breadcrumb":{"@id":"https:\/\/www.bikun.eu\/de\/versand-und-lieferung\/#breadcrumb"},"inLanguage":"de","potentialAction":[{"@type":"ReadAction","target":["https:\/\/www.bikun.eu\/de\/versand-und-lieferung\/"]}]},{"@type":"BreadcrumbList","@id":"https:\/\/www.bikun.eu\/de\/versand-und-lieferung\/#breadcrumb","itemListElement":[{"@type":"ListItem","position":1,"name":"Start","item":"https:\/\/www.bikun.eu\/de\/home\/"},{"@type":"ListItem","position":2,"name":"Versand und Lieferung"}]},{"@type":"WebSite","@id":"https:\/\/www.bikun.eu\/#website","url":"https:\/\/www.bikun.eu\/","name":"Bikun","description":"dimagrire con i bagni derivativi","potentialAction":[{"@type":"SearchAction","target":{"@type":"EntryPoint","urlTemplate":"https:\/\/www.bikun.eu\/?s={search_term_string}"},"query-input":{"@type":"PropertyValueSpecification","valueRequired":true,"valueName":"search_term_string"}}],"inLanguage":"de"}]}},"_links":{"self":[{"href":"https:\/\/www.bikun.eu\/de\/wp-json\/wp\/v2\/pages\/31925","targetHints":{"allow":["GET"]}}],"collection":[{"href":"https:\/\/www.bikun.eu\/de\/wp-json\/wp\/v2\/pages"}],"about":[{"href":"https:\/\/www.bikun.eu\/de\/wp-json\/wp\/v2\/types\/page"}],"author":[{"embeddable":true,"href":"https:\/\/www.bikun.eu\/de\/wp-json\/wp\/v2\/users\/1"}],"replies":[{"embeddable":true,"href":"https:\/\/www.bikun.eu\/de\/wp-json\/wp\/v2\/comments?post=31925"}],"version-history":[{"count":5,"href":"https:\/\/www.bikun.eu\/de\/wp-json\/wp\/v2\/pages\/31925\/revisions"}],"predecessor-version":[{"id":37973,"href":"https:\/\/www.bikun.eu\/de\/wp-json\/wp\/v2\/pages\/31925\/revisions\/37973"}],"wp:attachment":[{"href":"https:\/\/www.bikun.eu\/de\/wp-json\/wp\/v2\/media?parent=31925"}],"curies":[{"name":"wp","href":"https:\/\/api.w.org\/{rel}","templated":true}]}}