{"id":31926,"date":"2015-05-16T15:55:23","date_gmt":"2015-05-16T13:55:23","guid":{"rendered":"http:\/\/www.bikun.eu\/diritto-di-recesso-2\/"},"modified":"2020-05-04T01:52:11","modified_gmt":"2020-05-03T23:52:11","slug":"das-widerrufsrecht","status":"publish","type":"page","link":"https:\/\/www.bikun.eu\/de\/das-widerrufsrecht\/","title":{"rendered":"Das Widerrufsrecht"},"content":{"rendered":"<div class=\"wpb-content-wrapper\"><p>[vc_row][vc_column][vc_row_inner][vc_column_inner width=&#8220;2\/3&#8243;][vc_column_text]<\/p>\n<h3>Rahmenbedingungen<\/h3>\n<p>[\/vc_column_text][vc_empty_space height=&#8220;16px&#8220;][vc_column_text]<\/p>\n<p style=\"text-align: justify;\">Das Widerrufsrecht kann jederzeit nach Abschluss des Kaufprozesses und in jedem Fall innerhalb von 20 Kalendertagen nach Erhalt der Ware durch Kommunikation ausge\u00fcbt werden, um die Gesundheit und das Wohlbefinden von Busca Sergio Bereitschaft zeigen, dieses Recht zu \u00fcben und stellen die folgende Daten ein:<\/p>\n<ul style=\"text-align: justify;\">\n<li>Nummer und Datum des Eingangs der Rechnung;<\/li>\n<li>Im Falle einer teilweisen R\u00fcckzug, Beschreibung und Menge der Produkte, die Sie zur\u00fcckgeben m\u00f6chten und der Bank, auf der die \u00dcbertragung von der Erstattung (ABI CODE CAB-Code C \/ C BANK) zu erhalten.<\/li>\n<\/ul>\n<p style=\"text-align: justify;\">Im Falle, dass der Kontoinhaber anders ein als der Rechnung ist, muss erw\u00e4hnt werden.<\/p>\n<p style=\"text-align: justify;\">Als Alternative zu einer R\u00fcck\u00fcberweisung der Verbraucher k\u00f6nnen w\u00e4hlen, eine Frist, die die gleichen durch Lieferung einer Bank\u00fcberweisung vorgenommen werden.<\/p>\n<p style=\"text-align: justify;\">Der Widerruf und die oben angeforderten k\u00f6nnen Bikun.eu auf folgende Weise \u00fcbermittelt werden Daten:<\/p>\n<ul style=\"text-align: justify;\">\n<li>Senden einer E-Mail an: info@bikun.eu;<\/li>\n<li>Durch den Aufruf der folgenden Nummer: +39.049.57.36.975;<\/li>\n<li>Schicken\u00a0Sie einen Brief per Einschreiben mit R\u00fcckschein an folgende Adresse: Point Gesundheit und Wellness von Busca Sergio Sitz in Padua (PD) Piazza del Santo 14A &#8211; CAP 35123.<\/li>\n<\/ul>\n<p style=\"text-align: justify;\">An der gleichen Adresse bikun.eu, innerhalb von 20 Tagen nach Erhalt der Ware, muss der Verbraucher f\u00fcr seine R\u00fcckkehr (vollst\u00e4ndige oder teilweise) durch gew\u00f6hnliche Postpaket liefern.<\/p>\n<p style=\"text-align: justify;\">Die R\u00fcckzahlung der bereits bezahlten Betrags und entspricht den gesamten Auftrag (einschlie\u00dflich des Beitrags Porto) oder der Anteil der Produkte, f\u00fcr die er zur\u00fcckgenommen wird (in diesem Fall ausgeschlossen die Beitrags Versand) wird mit der gew\u00e4hlten Methode durchgef\u00fchrt werden, und kostenlos, innerhalb von 14 Tagen nach Versand der Ware durch den Verbraucher.<\/p>\n<p>[\/vc_column_text][\/vc_column_inner][vc_column_inner width=&#8220;1\/3&#8243;][vc_column_text]<\/p>\n<h3>Das Widerrufsrecht<\/h3>\n<p>[\/vc_column_text][vc_empty_space height=&#8220;16px&#8220;][vc_column_text]<\/p>\n<p style=\"text-align: justify;\">Die Gesetzesverordnung n.185 22.05.1999 \u00fcber den Schutz der Verbraucher im Hinblick auf Fernabsatzvertr\u00e4ge sieht Artikel 5 die M\u00f6glichkeit f\u00fcr den Verbraucher, um die Aus\u00fcbung des Widerrufsrechts.<\/p>\n<p style=\"text-align: justify;\">Dieses Recht ist die M\u00f6glichkeit, ausschlie\u00dflich zugunsten der Verbraucher aus der so bedingungslos, dh zur\u00fccktreten, ohne Kosten und ohne irgendeine Erkl\u00e4rung <strong>Bikun.eu<\/strong> bereitzustellen. Der Kunde hat jedoch Artikel zur\u00fcckgeben, wenn bereits erhalten.<\/p>\n<p style=\"text-align: justify;\"><strong>Bikun.eu<\/strong> R\u00fcckerstattung f\u00fcr den Verbraucher jede Summe bereits \u00fcber die Zahlung des Preises der Produkte und dem Beitrag der Versand bezahlt.<\/p>\n<p>[\/vc_column_text][\/vc_column_inner][\/vc_row_inner][\/vc_column][\/vc_row][vc_row][vc_column][vc_raw_js]JTNDc2NyaXB0JTIwdHlwZSUzRCUyMnRleHQlMkZqYXZhc2NyaXB0JTIyJTNFJTBBdmFyJTIwJTI0aiUyMCUzRCUyMGpRdWVyeSUzQiUwQSUyNGolMjglMjIlMjNmYW5jeS1oZWFkZXIlMjBoMSUyMHNwYW4lM0Fjb250YWlucyUyOCUyN0Rpcml0dG8lMjBkaSUyMHJlY2Vzc28lMjclMjklMjIlMjkuaHRtbCUyOCUyMkRhcyUyMFdpZGVycnVmc3JlY2h0JTIyJTI5JTNCJTBBJTNDJTJGc2NyaXB0JTNF[\/vc_raw_js][\/vc_column][\/vc_row]<\/p>\n<\/div>","protected":false},"excerpt":{"rendered":"<p>[vc_row][vc_column][vc_row_inner][vc_column_inner width=&#8220;2\/3&#8243;][vc_column_text] Rahmenbedingungen [\/vc_column_text][vc_empty_space height=&#8220;16px&#8220;][vc_column_text] Das Widerrufsrecht kann jederzeit nach Abschluss des Kaufprozesses und in jedem Fall innerhalb von 20 Kalendertagen nach Erhalt der Ware durch Kommunikation ausge\u00fcbt werden, um die Gesundheit und das Wohlbefinden von Busca Sergio Bereitschaft zeigen, dieses Recht zu \u00fcben und stellen die folgende Daten ein: Nummer und Datum des Eingangs&hellip;<\/p>\n","protected":false},"author":1,"featured_media":0,"parent":0,"menu_order":0,"comment_status":"closed","ping_status":"closed","template":"","meta":{"footnotes":""},"class_list":["post-31926","page","type-page","status-publish","hentry","description-off"],"yoast_head":"<!-- This site is optimized with the Yoast SEO plugin v27.3 - https:\/\/yoast.com\/product\/yoast-seo-wordpress\/ -->\n<title>- Bikun<\/title>\n<meta name=\"description\" content=\"Condizioni e tempi per esercitare il diritto di recesso sull&#039;acquisto dei prodotti Bikun.\" \/>\n<meta name=\"robots\" content=\"index, follow, max-snippet:-1, max-image-preview:large, max-video-preview:-1\" \/>\n<link rel=\"canonical\" href=\"https:\/\/www.bikun.eu\/de\/das-widerrufsrecht\/\" \/>\n<meta property=\"og:locale\" content=\"de_DE\" \/>\n<meta property=\"og:type\" content=\"article\" \/>\n<meta property=\"og:title\" content=\"- Bikun\" \/>\n<meta property=\"og:description\" content=\"Condizioni e tempi per esercitare il diritto di recesso sull&#039;acquisto dei prodotti Bikun.\" \/>\n<meta property=\"og:url\" content=\"https:\/\/www.bikun.eu\/de\/das-widerrufsrecht\/\" \/>\n<meta property=\"og:site_name\" content=\"Bikun\" \/>\n<meta property=\"article:modified_time\" content=\"2020-05-03T23:52:11+00:00\" \/>\n<meta name=\"twitter:label1\" content=\"Gesch\u00e4tzte Lesezeit\" \/>\n\t<meta name=\"twitter:data1\" content=\"2\u00a0Minuten\" \/>\n<script type=\"application\/ld+json\" class=\"yoast-schema-graph\">{\"@context\":\"https:\\\/\\\/schema.org\",\"@graph\":[{\"@type\":\"WebPage\",\"@id\":\"https:\\\/\\\/www.bikun.eu\\\/de\\\/das-widerrufsrecht\\\/\",\"url\":\"https:\\\/\\\/www.bikun.eu\\\/de\\\/das-widerrufsrecht\\\/\",\"name\":\"- Bikun\",\"isPartOf\":{\"@id\":\"https:\\\/\\\/www.bikun.eu\\\/#website\"},\"datePublished\":\"2015-05-16T13:55:23+00:00\",\"dateModified\":\"2020-05-03T23:52:11+00:00\",\"description\":\"Condizioni e tempi per esercitare il diritto di recesso sull'acquisto dei prodotti Bikun.\",\"breadcrumb\":{\"@id\":\"https:\\\/\\\/www.bikun.eu\\\/de\\\/das-widerrufsrecht\\\/#breadcrumb\"},\"inLanguage\":\"de\",\"potentialAction\":[{\"@type\":\"ReadAction\",\"target\":[\"https:\\\/\\\/www.bikun.eu\\\/de\\\/das-widerrufsrecht\\\/\"]}]},{\"@type\":\"BreadcrumbList\",\"@id\":\"https:\\\/\\\/www.bikun.eu\\\/de\\\/das-widerrufsrecht\\\/#breadcrumb\",\"itemListElement\":[{\"@type\":\"ListItem\",\"position\":1,\"name\":\"Start\",\"item\":\"https:\\\/\\\/www.bikun.eu\\\/de\\\/home\\\/\"},{\"@type\":\"ListItem\",\"position\":2,\"name\":\"Das Widerrufsrecht\"}]},{\"@type\":\"WebSite\",\"@id\":\"https:\\\/\\\/www.bikun.eu\\\/#website\",\"url\":\"https:\\\/\\\/www.bikun.eu\\\/\",\"name\":\"Bikun\",\"description\":\"dimagrire con i bagni derivativi\",\"potentialAction\":[{\"@type\":\"SearchAction\",\"target\":{\"@type\":\"EntryPoint\",\"urlTemplate\":\"https:\\\/\\\/www.bikun.eu\\\/?s={search_term_string}\"},\"query-input\":{\"@type\":\"PropertyValueSpecification\",\"valueRequired\":true,\"valueName\":\"search_term_string\"}}],\"inLanguage\":\"de\"}]}<\/script>\n<!-- \/ Yoast SEO plugin. -->","yoast_head_json":{"title":"- Bikun","description":"Condizioni e tempi per esercitare il diritto di recesso sull'acquisto dei prodotti Bikun.","robots":{"index":"index","follow":"follow","max-snippet":"max-snippet:-1","max-image-preview":"max-image-preview:large","max-video-preview":"max-video-preview:-1"},"canonical":"https:\/\/www.bikun.eu\/de\/das-widerrufsrecht\/","og_locale":"de_DE","og_type":"article","og_title":"- Bikun","og_description":"Condizioni e tempi per esercitare il diritto di recesso sull'acquisto dei prodotti Bikun.","og_url":"https:\/\/www.bikun.eu\/de\/das-widerrufsrecht\/","og_site_name":"Bikun","article_modified_time":"2020-05-03T23:52:11+00:00","twitter_misc":{"Gesch\u00e4tzte Lesezeit":"2\u00a0Minuten"},"schema":{"@context":"https:\/\/schema.org","@graph":[{"@type":"WebPage","@id":"https:\/\/www.bikun.eu\/de\/das-widerrufsrecht\/","url":"https:\/\/www.bikun.eu\/de\/das-widerrufsrecht\/","name":"- Bikun","isPartOf":{"@id":"https:\/\/www.bikun.eu\/#website"},"datePublished":"2015-05-16T13:55:23+00:00","dateModified":"2020-05-03T23:52:11+00:00","description":"Condizioni e tempi per esercitare il diritto di recesso sull'acquisto dei prodotti Bikun.","breadcrumb":{"@id":"https:\/\/www.bikun.eu\/de\/das-widerrufsrecht\/#breadcrumb"},"inLanguage":"de","potentialAction":[{"@type":"ReadAction","target":["https:\/\/www.bikun.eu\/de\/das-widerrufsrecht\/"]}]},{"@type":"BreadcrumbList","@id":"https:\/\/www.bikun.eu\/de\/das-widerrufsrecht\/#breadcrumb","itemListElement":[{"@type":"ListItem","position":1,"name":"Start","item":"https:\/\/www.bikun.eu\/de\/home\/"},{"@type":"ListItem","position":2,"name":"Das Widerrufsrecht"}]},{"@type":"WebSite","@id":"https:\/\/www.bikun.eu\/#website","url":"https:\/\/www.bikun.eu\/","name":"Bikun","description":"dimagrire con i bagni derivativi","potentialAction":[{"@type":"SearchAction","target":{"@type":"EntryPoint","urlTemplate":"https:\/\/www.bikun.eu\/?s={search_term_string}"},"query-input":{"@type":"PropertyValueSpecification","valueRequired":true,"valueName":"search_term_string"}}],"inLanguage":"de"}]}},"_links":{"self":[{"href":"https:\/\/www.bikun.eu\/de\/wp-json\/wp\/v2\/pages\/31926","targetHints":{"allow":["GET"]}}],"collection":[{"href":"https:\/\/www.bikun.eu\/de\/wp-json\/wp\/v2\/pages"}],"about":[{"href":"https:\/\/www.bikun.eu\/de\/wp-json\/wp\/v2\/types\/page"}],"author":[{"embeddable":true,"href":"https:\/\/www.bikun.eu\/de\/wp-json\/wp\/v2\/users\/1"}],"replies":[{"embeddable":true,"href":"https:\/\/www.bikun.eu\/de\/wp-json\/wp\/v2\/comments?post=31926"}],"version-history":[{"count":2,"href":"https:\/\/www.bikun.eu\/de\/wp-json\/wp\/v2\/pages\/31926\/revisions"}],"predecessor-version":[{"id":34883,"href":"https:\/\/www.bikun.eu\/de\/wp-json\/wp\/v2\/pages\/31926\/revisions\/34883"}],"wp:attachment":[{"href":"https:\/\/www.bikun.eu\/de\/wp-json\/wp\/v2\/media?parent=31926"}],"curies":[{"name":"wp","href":"https:\/\/api.w.org\/{rel}","templated":true}]}}