{"id":31932,"date":"2015-05-16T15:07:49","date_gmt":"2015-05-16T13:07:49","guid":{"rendered":"http:\/\/www.bikun.eu\/modalita-di-pagamento-2\/"},"modified":"2025-02-14T10:53:21","modified_gmt":"2025-02-14T09:53:21","slug":"zahlungsmethoden","status":"publish","type":"page","link":"https:\/\/www.bikun.eu\/de\/zahlungsmethoden\/","title":{"rendered":"Zahlungsmethoden"},"content":{"rendered":"<div class=\"wpb-content-wrapper\"><p>[vc_row][vc_column][vc_row_inner][vc_column_inner width=&#8220;2\/3&#8243;][vc_column_text]<\/p>\n<h3>Zahlungsmethoden<\/h3>\n<p>[\/vc_column_text][vc_empty_space height=&#8220;16px&#8220;][vc_column_text]<\/p>\n<p style=\"text-align: justify;\"><strong>BIKUN.EU<\/strong> bietet 3 Modi der Zahlung am Ende der Bestellung gew\u00e4hlt werden:<\/p>\n<ul>\n<li style=\"text-align: justify;\">Online-Zahlung per Kreditkarte \u00fcber PayPal-System;<\/li>\n<li style=\"text-align: justify;\">Online-Zahlung \u00fcber PayPal-Konten<\/li>\n<li style=\"text-align: justify;\">Zahlung per \u00dcberweisung;<\/li>\n<\/ul>\n<p>Die \u00dcbertragung muss zugunsten der cc vorgenommen werden:<\/p>\n<p style=\"text-align: justify;\"><strong>Beg\u00fcnstigter: Punto Salute Srls<\/strong><br \/>\n<strong>IBAN: IT 92 T 02008 12105 000105562782<br \/>\n<\/strong><\/p>\n<p style=\"text-align: justify;\"><strong>N.B.<\/strong><br \/>\nDie Ware wird nach Zahlungseingang verschickt. Um den Prozess zu beschleunigen, k\u00f6nnen Sie \u00fcber faxal Anzahl <strong>049.57.36.975<\/strong>\u00a0oder per E-Mail an <strong>info@bikun.eu<\/strong> Kopie der Kupon von der Bank zu senden.<\/p>\n<p>[\/vc_column_text][\/vc_column_inner][vc_column_inner width=&#8220;1\/3&#8243;][vc_column_text]<\/p>\n<h3>Was ist PayPal<\/h3>\n<p>[\/vc_column_text][vc_empty_space height=&#8220;16px&#8220;][vc_column_text]<\/p>\n<p style=\"font-size: 12px; text-align: justify;\"><strong>PayPal<\/strong> ist der Zahlungsmethode,\u00a0der\u00a0Bikun.eu empfiehlt. Erm\u00f6glicht jedermann mit einer E-Mail-Adresse, um Online-Zahlungen durch Kreditkarten zu machen, auch Prepaid. Bikun.eu Benutzer k\u00f6nnen PayPal nutzen, um einfach und schnell gekauft bezahlte Ware zu bekommen.<\/p>\n<p style=\"text-align: justify;\"><strong>PayPal<\/strong> sch\u00fctzt die Privatsph\u00e4re und sch\u00fctzt Ihre finanziellen Informationen und pers\u00f6nlich mit fortgeschrittenen Systemen f\u00fcr die automatische Verschl\u00fcsselung. Dar\u00fcber hinaus ein Team von Betrugsbek\u00e4mpfungs steuert Transaktionen <strong>24 Stunden 24<\/strong> und, wenn Sie in Online-Shops einkaufen, k\u00f6nnen Sie auf PayPal-K\u00e4uferschutz z\u00e4hlen.<\/p>\n<p style=\"text-align: justify;\">Wenn Sie kaufen mit <strong>PayPal<\/strong>, Vorteile der hohen Schutzstandards f\u00fcr Ihren Einkauf. Jedes Mal, wenn Sie einen Artikel kaufen, erhalten Sie eine Best\u00e4tigung per E-Mail, den \u00dcberblick \u00fcber die Transaktion, die Sie durchgef\u00fchrt haben, zu halten. Wenn Sie online kaufen und sich den Kaufgegenstand nicht erhalten, k\u00f6nnen Sie f\u00fcr den vollen Wert des Kauf gesch\u00fctzt werden.<\/p>\n<p>[\/vc_column_text][\/vc_column_inner][\/vc_row_inner][\/vc_column][\/vc_row][vc_row][vc_column][vc_raw_js]JTNDc2NyaXB0JTIwdHlwZSUzRCUyMnRleHQlMkZqYXZhc2NyaXB0JTIyJTNFJTBBdmFyJTIwJTI0aiUyMCUzRCUyMGpRdWVyeSUzQiUwQSUyNGolMjglMjIlMjNmYW5jeS1oZWFkZXIlMjBoMSUyMHNwYW4lM0Fjb250YWlucyUyOCUyN01vZGFsaXQlQzMlQTAlMjBkaSUyMHBhZ2FtZW50byUyNyUyOSUyMiUyOS5odG1sJTI4JTIyWmFobHVuZ3NtZXRob2RlbiUyMiUyOSUzQiUwQSUzQyUyRnNjcmlwdCUzRQ==[\/vc_raw_js][\/vc_column][\/vc_row]<\/p>\n<\/div>","protected":false},"excerpt":{"rendered":"<p>[vc_row][vc_column][vc_row_inner][vc_column_inner width=&#8220;2\/3&#8243;][vc_column_text] Zahlungsmethoden [\/vc_column_text][vc_empty_space height=&#8220;16px&#8220;][vc_column_text] BIKUN.EU bietet 3 Modi der Zahlung am Ende der Bestellung gew\u00e4hlt werden: Online-Zahlung per Kreditkarte \u00fcber PayPal-System; Online-Zahlung \u00fcber PayPal-Konten Zahlung per \u00dcberweisung; Die \u00dcbertragung muss zugunsten der cc vorgenommen werden: Beg\u00fcnstigter: Punto Salute Srls IBAN: IT 92 T 02008 12105 000105562782 N.B. Die Ware wird nach Zahlungseingang verschickt. Um&hellip;<\/p>\n","protected":false},"author":1,"featured_media":0,"parent":0,"menu_order":0,"comment_status":"closed","ping_status":"closed","template":"","meta":{"footnotes":""},"class_list":["post-31932","page","type-page","status-publish","hentry","description-off"],"yoast_head":"<!-- This site is optimized with the Yoast SEO plugin v27.3 - https:\/\/yoast.com\/product\/yoast-seo-wordpress\/ -->\n<title>Modalit\u00e0 di pagamento<\/title>\n<meta name=\"robots\" content=\"index, follow, max-snippet:-1, max-image-preview:large, max-video-preview:-1\" \/>\n<link rel=\"canonical\" href=\"https:\/\/www.bikun.eu\/de\/zahlungsmethoden\/\" \/>\n<meta property=\"og:locale\" content=\"de_DE\" \/>\n<meta property=\"og:type\" content=\"article\" \/>\n<meta property=\"og:title\" content=\"Modalit\u00e0 di pagamento\" \/>\n<meta property=\"og:description\" content=\"[vc_row][vc_column][vc_row_inner][vc_column_inner width=&#8220;2\/3&#8243;][vc_column_text] Zahlungsmethoden [\/vc_column_text][vc_empty_space height=&#8220;16px&#8220;][vc_column_text] BIKUN.EU bietet 3 Modi der Zahlung am Ende der Bestellung gew\u00e4hlt werden: Online-Zahlung per Kreditkarte \u00fcber PayPal-System; Online-Zahlung \u00fcber PayPal-Konten Zahlung per \u00dcberweisung; Die \u00dcbertragung muss zugunsten der cc vorgenommen werden: Beg\u00fcnstigter: Punto Salute Srls IBAN: IT 92 T 02008 12105 000105562782 N.B. Die Ware wird nach Zahlungseingang verschickt. Um&hellip;\" \/>\n<meta property=\"og:url\" content=\"https:\/\/www.bikun.eu\/de\/zahlungsmethoden\/\" \/>\n<meta property=\"og:site_name\" content=\"Bikun\" \/>\n<meta property=\"article:modified_time\" content=\"2025-02-14T09:53:21+00:00\" \/>\n<meta name=\"twitter:label1\" content=\"Gesch\u00e4tzte Lesezeit\" \/>\n\t<meta name=\"twitter:data1\" content=\"2\u00a0Minuten\" \/>\n<script type=\"application\/ld+json\" class=\"yoast-schema-graph\">{\"@context\":\"https:\\\/\\\/schema.org\",\"@graph\":[{\"@type\":\"WebPage\",\"@id\":\"https:\\\/\\\/www.bikun.eu\\\/de\\\/zahlungsmethoden\\\/\",\"url\":\"https:\\\/\\\/www.bikun.eu\\\/de\\\/zahlungsmethoden\\\/\",\"name\":\"Modalit\u00e0 di pagamento\",\"isPartOf\":{\"@id\":\"https:\\\/\\\/www.bikun.eu\\\/#website\"},\"datePublished\":\"2015-05-16T13:07:49+00:00\",\"dateModified\":\"2025-02-14T09:53:21+00:00\",\"breadcrumb\":{\"@id\":\"https:\\\/\\\/www.bikun.eu\\\/de\\\/zahlungsmethoden\\\/#breadcrumb\"},\"inLanguage\":\"de\",\"potentialAction\":[{\"@type\":\"ReadAction\",\"target\":[\"https:\\\/\\\/www.bikun.eu\\\/de\\\/zahlungsmethoden\\\/\"]}]},{\"@type\":\"BreadcrumbList\",\"@id\":\"https:\\\/\\\/www.bikun.eu\\\/de\\\/zahlungsmethoden\\\/#breadcrumb\",\"itemListElement\":[{\"@type\":\"ListItem\",\"position\":1,\"name\":\"Start\",\"item\":\"https:\\\/\\\/www.bikun.eu\\\/de\\\/home\\\/\"},{\"@type\":\"ListItem\",\"position\":2,\"name\":\"Zahlungsmethoden\"}]},{\"@type\":\"WebSite\",\"@id\":\"https:\\\/\\\/www.bikun.eu\\\/#website\",\"url\":\"https:\\\/\\\/www.bikun.eu\\\/\",\"name\":\"Bikun\",\"description\":\"dimagrire con i bagni derivativi\",\"potentialAction\":[{\"@type\":\"SearchAction\",\"target\":{\"@type\":\"EntryPoint\",\"urlTemplate\":\"https:\\\/\\\/www.bikun.eu\\\/?s={search_term_string}\"},\"query-input\":{\"@type\":\"PropertyValueSpecification\",\"valueRequired\":true,\"valueName\":\"search_term_string\"}}],\"inLanguage\":\"de\"}]}<\/script>\n<!-- \/ Yoast SEO plugin. -->","yoast_head_json":{"title":"Modalit\u00e0 di pagamento","robots":{"index":"index","follow":"follow","max-snippet":"max-snippet:-1","max-image-preview":"max-image-preview:large","max-video-preview":"max-video-preview:-1"},"canonical":"https:\/\/www.bikun.eu\/de\/zahlungsmethoden\/","og_locale":"de_DE","og_type":"article","og_title":"Modalit\u00e0 di pagamento","og_description":"[vc_row][vc_column][vc_row_inner][vc_column_inner width=&#8220;2\/3&#8243;][vc_column_text] Zahlungsmethoden [\/vc_column_text][vc_empty_space height=&#8220;16px&#8220;][vc_column_text] BIKUN.EU bietet 3 Modi der Zahlung am Ende der Bestellung gew\u00e4hlt werden: Online-Zahlung per Kreditkarte \u00fcber PayPal-System; Online-Zahlung \u00fcber PayPal-Konten Zahlung per \u00dcberweisung; Die \u00dcbertragung muss zugunsten der cc vorgenommen werden: Beg\u00fcnstigter: Punto Salute Srls IBAN: IT 92 T 02008 12105 000105562782 N.B. Die Ware wird nach Zahlungseingang verschickt. Um&hellip;","og_url":"https:\/\/www.bikun.eu\/de\/zahlungsmethoden\/","og_site_name":"Bikun","article_modified_time":"2025-02-14T09:53:21+00:00","twitter_misc":{"Gesch\u00e4tzte Lesezeit":"2\u00a0Minuten"},"schema":{"@context":"https:\/\/schema.org","@graph":[{"@type":"WebPage","@id":"https:\/\/www.bikun.eu\/de\/zahlungsmethoden\/","url":"https:\/\/www.bikun.eu\/de\/zahlungsmethoden\/","name":"Modalit\u00e0 di pagamento","isPartOf":{"@id":"https:\/\/www.bikun.eu\/#website"},"datePublished":"2015-05-16T13:07:49+00:00","dateModified":"2025-02-14T09:53:21+00:00","breadcrumb":{"@id":"https:\/\/www.bikun.eu\/de\/zahlungsmethoden\/#breadcrumb"},"inLanguage":"de","potentialAction":[{"@type":"ReadAction","target":["https:\/\/www.bikun.eu\/de\/zahlungsmethoden\/"]}]},{"@type":"BreadcrumbList","@id":"https:\/\/www.bikun.eu\/de\/zahlungsmethoden\/#breadcrumb","itemListElement":[{"@type":"ListItem","position":1,"name":"Start","item":"https:\/\/www.bikun.eu\/de\/home\/"},{"@type":"ListItem","position":2,"name":"Zahlungsmethoden"}]},{"@type":"WebSite","@id":"https:\/\/www.bikun.eu\/#website","url":"https:\/\/www.bikun.eu\/","name":"Bikun","description":"dimagrire con i bagni derivativi","potentialAction":[{"@type":"SearchAction","target":{"@type":"EntryPoint","urlTemplate":"https:\/\/www.bikun.eu\/?s={search_term_string}"},"query-input":{"@type":"PropertyValueSpecification","valueRequired":true,"valueName":"search_term_string"}}],"inLanguage":"de"}]}},"_links":{"self":[{"href":"https:\/\/www.bikun.eu\/de\/wp-json\/wp\/v2\/pages\/31932","targetHints":{"allow":["GET"]}}],"collection":[{"href":"https:\/\/www.bikun.eu\/de\/wp-json\/wp\/v2\/pages"}],"about":[{"href":"https:\/\/www.bikun.eu\/de\/wp-json\/wp\/v2\/types\/page"}],"author":[{"embeddable":true,"href":"https:\/\/www.bikun.eu\/de\/wp-json\/wp\/v2\/users\/1"}],"replies":[{"embeddable":true,"href":"https:\/\/www.bikun.eu\/de\/wp-json\/wp\/v2\/comments?post=31932"}],"version-history":[{"count":4,"href":"https:\/\/www.bikun.eu\/de\/wp-json\/wp\/v2\/pages\/31932\/revisions"}],"predecessor-version":[{"id":39217,"href":"https:\/\/www.bikun.eu\/de\/wp-json\/wp\/v2\/pages\/31932\/revisions\/39217"}],"wp:attachment":[{"href":"https:\/\/www.bikun.eu\/de\/wp-json\/wp\/v2\/media?parent=31932"}],"curies":[{"name":"wp","href":"https:\/\/api.w.org\/{rel}","templated":true}]}}