{"id":31445,"date":"2014-08-14T10:15:08","date_gmt":"2014-08-14T08:15:08","guid":{"rendered":"http:\/\/www.bikun.eu\/home-2\/"},"modified":"2017-07-18T17:53:17","modified_gmt":"2017-07-18T15:53:17","slug":"home","status":"publish","type":"page","link":"https:\/\/www.bikun.eu\/es\/","title":{"rendered":"Home"},"content":{"rendered":"<div class=\"wpb-content-wrapper\"><p>[vc_row margin_top=\u00bb-50px\u00bb type=\u00bb1&#8243; bg_repeat=\u00bbrepeat\u00bb min_height=\u00bb350px\u00bb el_class=\u00bbhomeslidetop\u00bb][vc_column][vc_column_text css_animation=\u00bbfadeInUpBig\u00bb css=\u00bb.vc_custom_1467289871564{margin-top: 32px !important;}\u00bb]<\/p>\n<p><img decoding=\"async\" class=\"aligncenter wp-image-32848 size-full\" src=\"https:\/\/www.bikun.eu\/wp-content\/uploads\/2014\/08\/home_img.png\" alt=\"\" width=\"1177\" height=\"340\" srcset=\"https:\/\/www.bikun.eu\/wp-content\/uploads\/2014\/08\/home_img.png 1177w, https:\/\/www.bikun.eu\/wp-content\/uploads\/2014\/08\/home_img-600x173.png 600w\" sizes=\"(max-width: 1177px) 100vw, 1177px\" \/><\/p>\n<p>[\/vc_column_text][vc_single_image image=\u00bb32854&#8243; img_size=\u00bbfull\u00bb alignment=\u00bbcenter\u00bb css_animation=\u00bbfadeInDownBig\u00bb el_class=\u00bbcnbutton\u00bb][\/vc_column][\/vc_row][vc_row type=\u00bb5&#8243; bg_color=\u00bb#f0f0f0&#8243; bg_repeat=\u00bbrepeat-y\u00bb padding_top=\u00bb80&#8243; padding_bottom=\u00bb40&#8243; enable_parallax=\u00bbfalse\u00bb parallax_speed=\u00bb0.25&#8243;][vc_column offset=\u00bbvc_col-lg-12 vc_col-md-12 vc_col-xs-12&#8243;][vc_column_text css_animation=\u00bbfadeIn\u00bb]<\/p>\n<h1 style=\"text-align: center; font-weight: 200;\">Be Cool, Be Cold<\/h1>\n<p>[\/vc_column_text][vc_empty_space height=\u00bb30px\u00bb][\/vc_column][vc_column offset=\u00bbvc_hidden-xs\u00bb][vc_empty_space height=\u00bb40px\u00bb][\/vc_column][vc_column width=\u00bb1\/2&#8243; offset=\u00bbvc_col-lg-4 vc_col-md-4 vc_col-xs-12&#8243;][vc_empty_space height=\u00bb5px\u00bb][vc_column_text]<\/p>\n<h4 style=\"line-height: 30px;\">Regenera el bienestar de tu cuerpo con Bikun, una agradable frescura!<\/h4>\n<p>[\/vc_column_text][vc_empty_space height=\u00bb26px\u00bb]<div class=\"standard-arrow bullet-top\"><ul>\n<li>Reactiva la circulaci\u00f3n<\/li>\n<li>Alivia las inflamaciones<\/li>\n<li>Reactiva el sistema linf\u00e1tico<\/li>\n<li>Libera las toxinas de tu cuerpo<\/li>\n<li>Te aporta energ\u00eda vital<\/li>\n<li>Drena los l\u00edquidos en excesos<\/li>\n<li>Aplica los ba\u00f1os derivativos<\/li>\n<\/ul>\n<\/div>[vc_empty_space height=\u00bb50px\u00bb][vc_column_text]<\/p>\n<p style=\"text-align: left;\"><a href=\"\/es\/los-banos-derivativos\" class=\"dt-btn-l dt-btn\">LOS BA\u00d1OS DERIVATIVOS<\/a><\/p>\n<p>[\/vc_column_text][\/vc_column][vc_column width=\u00bb1\/2&#8243; animation=\u00bbzoomIn\u00bb offset=\u00bbvc_col-lg-4 vc_col-md-4 vc_col-xs-12&#8243;][vc_empty_space height=\u00bb10px\u00bb][vc_column_text]<\/p>\n<p><img decoding=\"async\" class=\"aligncenter wp-image-28915 size-full\" src=\"https:\/\/www.bikun.eu\/wp-content\/uploads\/2015\/04\/bikun_326.png\" alt=\"\" \/><\/p>\n<p>[\/vc_column_text][vc_empty_space height=\u00bb30px\u00bb][\/vc_column][vc_column offset=\u00bbvc_col-lg-4 vc_col-md-4 vc_col-xs-12&#8243;][vc_empty_space height=\u00bb10px\u00bb][vc_column_text css_animation=\u00bbfadeIn\u00bb]<\/p>\n<h2 style=\"text-align: center;\"><strong>62375<\/strong><\/h2>\n<p>[\/vc_column_text][vc_empty_space height=\u00bb30px\u00bb][vc_column_text]<\/p>\n<h4 style=\"text-align: center;\"><span style=\"color: #3dd1c6;\">Bikun en el mundo<\/span><\/h4>\n<p>[\/vc_column_text][vc_empty_space height=\u00bb50px\u00bb][vc_column_text css_animation=\u00bbfadeIn\u00bb]<\/p>\n<h2 style=\"text-align: center;\"><strong>19<br \/>\n<\/strong><\/h2>\n<p>[\/vc_column_text][vc_empty_space height=\u00bb30px\u00bb][vc_column_text]<\/p>\n<h4 style=\"text-align: center;\"><span style=\"color: #3dd1c6;\">Los pa\u00edses en los que est\u00e1 presente<br \/>\n<\/span><\/h4>\n<p>[\/vc_column_text][vc_empty_space height=\u00bb50px\u00bb][vc_column_text css_animation=\u00bbfadeIn\u00bb]<\/p>\n<h2 style=\"text-align: center;\"><strong>23400<br \/>\n<\/strong><\/h2>\n<p>[\/vc_column_text][vc_empty_space height=\u00bb30px\u00bb][vc_column_text]<\/p>\n<h4 style=\"text-align: center;\"><span style=\"color: #3dd1c6;\">Los clientes que lo utilizan<br \/>\n<\/span><\/h4>\n<p>[\/vc_column_text][vc_empty_space height=\u00bb10px\u00bb][\/vc_column][\/vc_row][vc_row type=\u00bb5&#8243; bg_color=\u00bb#ffffff\u00bb bg_position=\u00bbcenter\u00bb bg_repeat=\u00bbrepeat\u00bb padding_top=\u00bb75&#8243; padding_bottom=\u00bb75&#8243; enable_parallax=\u00bbfalse\u00bb parallax_speed=\u00bb0.5&#8243;][vc_column animation=\u00bbzoomIn\u00bb offset=\u00bbvc_col-lg-12 vc_col-md-12 vc_col-xs-12&#8243;][vc_column_text]<\/p>\n<h1 style=\"font-weight: 200; text-align: center;\">Super promo -10%<\/h1>\n<p style=\"text-align: center;\">Para celebrar los 50 a\u00f1os de la marca SEB todos los productos en la p\u00e1gina web tendr\u00e1n un descuento del 10%.<\/p>\n<p>[\/vc_column_text][vc_empty_space height=\u00bb36px\u00bb][vc_column_text]<\/p>\n<p style=\"text-align: center;\"><a href=\"\/es\/bikun\/\" class=\"dt-btn-l dt-btn\">Comprar Bikun<\/a><\/p>\n<p>[\/vc_column_text][\/vc_column][\/vc_row][vc_row type=\u00bb5&#8243; bg_color=\u00bb#f0f0f0&#8243; padding_bottom=\u00bb50px\u00bb][vc_column width=\u00bb2\/3&#8243;][vc_empty_space height=\u00bb80px\u00bb][vc_column_text css_animation=\u00bbfadeInLeft\u00bb]<\/p>\n<h1 style=\"text-align: left; font-weight: 200;\">Bolsillo refrescante<\/h1>\n<p>[\/vc_column_text][vc_empty_space height=\u00bb16px\u00bb][vc_column_text css_animation=\u00bbfadeInLeftBig\u00bb]<\/p>\n<h4 style=\"line-height: 30px;\">Un antiguo remedio trasformado en vanguardia tecnolog\u00edca!<\/h4>\n<p>[\/vc_column_text][vc_empty_space height=\u00bb34px\u00bb]<section id=\"benefits-grid-1\" class=\"benefits-grid wf-container benefits-style-one icons-bg accent-bg accent-hover-bg custom-icon-color custom-icon-hover-color\" data-width=\"200px\" data-columns=\"2\"><style type=\"text\/css\">#benefits-grid-1.icons-bg .benefits-grid-ico { height: 36px; line-height: 36px; width: 36px;-webkit-border-radius: 100px;-moz-border-radius: 100px;-ms-border-radius: 100px;-o-border-radius: 100px;border-radius: 100px; }#benefits-grid-1.icons-bg .benefits-grid-ico > .fa { font-size: 20px; line-height: 36px; }#benefits-grid-1.custom-icon-color .benefits-grid-ico > .fa,\n\t\t\t\t\t#benefits-grid-1.custom-icon-color .benefits-grid-ico > .fa:before { color: #ffffff; }#benefits-grid-1.custom-icon-hover-color a.benefits-grid-ico:hover > .fa,\n\t\t\t\t\t#benefits-grid-1.custom-icon-hover-color a.benefits-grid-ico:hover > .fa:before { color: #ffffff; -webkit-text-fill-color: #ffffff; }<\/style><div class=\"wf-cell\"><div><div class=\"text-big\"><div class=\"wf-table\"><div class=\"wf-td\"><a href=\"#\" class=\"benefits-grid-ico fadeInLeft animate-element\"><i class=\"fa icon-help\"><\/i><\/a><\/div><div class=\"wf-td\"><h5>Ba\u00f1os Derivativos<\/h5><\/div><\/div><p>Es un <strong>m\u00e9todo completamente natural<\/strong> que permite que el cuerpo para<strong> excretar productos de desecho<\/strong> y el <strong>exceso<\/strong> de responsables de muchas enfermedades.<\/p>\n<\/div><\/div><\/div><div class=\"wf-cell\"><div><div class=\"text-big\"><div class=\"wf-table\"><div class=\"wf-td\"><a href=\"#\" class=\"benefits-grid-ico fadeInLeft animate-element\"><i class=\"fa fa-sun-o\"><\/i><\/a><\/div><div class=\"wf-td\"><h5>Beneficios<\/h5><\/div><\/div><p style=\"text-align: justify;\">El <strong>uso constante<\/strong> de Bikun <strong>favorece el natural reequilibro<\/strong> del estado psicof\u00edsico del cuerpo y aporta una renovada <strong>energ\u00eda vital<\/strong><\/p>\n<\/div><\/div><\/div><div class=\"wf-cell\"><div><div class=\"text-big\"><div class=\"wf-table\"><div class=\"wf-td\"><a href=\"#\" class=\"benefits-grid-ico fadeInLeft animate-element\"><i class=\"fa fa-clock-o\"><\/i><\/a><\/div><div class=\"wf-td\"><h5>Cuando<\/h5><\/div><\/div><p style=\"text-align: justify;\">El <strong>m\u00e1ximo beneficio<\/strong> de la practica de los <strong>ba\u00f1os derivativos<\/strong> se obtiene aplicando el <strong>Bikun<\/strong> todos los d\u00edas durante unos <strong>15 minutos<\/strong><\/p>\n<\/div><\/div><\/div><div class=\"wf-cell\"><div><div class=\"text-big\"><div class=\"wf-table\"><div class=\"wf-td\"><a href=\"#\" class=\"benefits-grid-ico fadeInLeft animate-element\"><i class=\"fa fa-tint\"><\/i><\/a><\/div><div class=\"wf-td\"><h5>Preparaci\u00f3n<\/h5><\/div><\/div><p style=\"text-align: justify;\">Poner el bolsillo de gel en el <strong>congelador<\/strong> al menos <strong>60 minutos<\/strong> antes del tratamiento<\/p>\n<\/div><\/div><\/div><div class=\"wf-cell\"><div><div class=\"text-big\"><div class=\"wf-table\"><div class=\"wf-td\"><a href=\"#\" class=\"benefits-grid-ico fadeInLeft animate-element\"><i class=\"fa icon-check\"><\/i><\/a><\/div><div class=\"wf-td\"><h5>Aplicaciones<\/h5><\/div><\/div><p style=\"text-align: justify;\">Ponere el <strong>bolsillo de gel<\/strong> en su carcasa hecha en tejido y luego <strong>aplicarlo<\/strong> directamente en las <strong>\u00e1reas inguinales<\/strong><\/p>\n<\/div><\/div><\/div><div class=\"wf-cell\"><div><div class=\"text-big\"><div class=\"wf-table\"><div class=\"wf-td\"><a href=\"#\" class=\"benefits-grid-ico fadeInLeft animate-element\"><i class=\"fa fa-plus\"><\/i><\/a><\/div><div class=\"wf-td\"><h5>Dispositivo m\u00e9dico<\/h5><\/div><\/div><p style=\"text-align: justify;\">Bikun es <strong>creado y producido en Italia<\/strong> adem\u00e1s de ser certificado del Ministerio de la Salud como <strong>dispositivo m\u00e9dico<\/strong> de primera clase<\/p>\n<\/div><\/div><\/div><\/section>[vc_empty_space height=\u00bb80px\u00bb][\/vc_column][vc_column width=\u00bb1\/3&#8243;][vc_empty_space height=\u00bb80px\u00bb][vc_column_text css_animation=\u00bbfadeInRight\u00bb css=\u00bb.vc_custom_1429541078021{margin-top: 65px !important;margin-right: -40px !important;margin-left: -170px !important;}\u00bb]<\/p>\n<p><img decoding=\"async\" class=\"alignright wp-image-25613 size-full\" src=\"https:\/\/www.bikun.eu\/wp-content\/uploads\/2015\/04\/bikun_421.jpg\" alt=\"\" \/><\/p>\n<p>[\/vc_column_text][\/vc_column][\/vc_row][vc_row][vc_column][vc_raw_js]<\/p>\n<p>JTNDc2NyaXB0JTIwdHlwZSUzRCUyMnRleHQlMkZqYXZhc2NyaXB0JTIyJTNFalF1ZXJ5JTI4JTI3LmNuYnV0dG9uJTI3JTI5Lm9uJTI4JTI3Y2xpY2slMjclMkMlMjBmdW5jdGlvbiUyOCUyOSU3QiUyMHdpbmRvdy5vcGVuJTI4JTI3aHR0cCUzQSUyRiUyRnd3dy5jZW50cm9uYXR1cmFsZS5pdCUyNyUyQyUyN19ibGFuayUyNyUyOSUzQiUyMCU3RCUyOSUzQiUzQyUyRnNjcmlwdCUzRQ==<\/p>\n<p>[\/vc_raw_js][\/vc_column][\/vc_row]<\/p>\n<\/div>","protected":false},"excerpt":{"rendered":"<p>[vc_row margin_top=\u00bb-50px\u00bb type=\u00bb1&#8243; bg_repeat=\u00bbrepeat\u00bb min_height=\u00bb350px\u00bb el_class=\u00bbhomeslidetop\u00bb][vc_column][vc_column_text css_animation=\u00bbfadeInUpBig\u00bb css=\u00bb.vc_custom_1467289871564{margin-top: 32px !important;}\u00bb] [\/vc_column_text][vc_single_image image=\u00bb32854&#8243; img_size=\u00bbfull\u00bb alignment=\u00bbcenter\u00bb css_animation=\u00bbfadeInDownBig\u00bb el_class=\u00bbcnbutton\u00bb][\/vc_column][\/vc_row][vc_row type=\u00bb5&#8243; bg_color=\u00bb#f0f0f0&#8243; bg_repeat=\u00bbrepeat-y\u00bb padding_top=\u00bb80&#8243; padding_bottom=\u00bb40&#8243; enable_parallax=\u00bbfalse\u00bb parallax_speed=\u00bb0.25&#8243;][vc_column offset=\u00bbvc_col-lg-12 vc_col-md-12 vc_col-xs-12&#8243;][vc_column_text css_animation=\u00bbfadeIn\u00bb] Be Cool, Be Cold [\/vc_column_text][vc_empty_space height=\u00bb30px\u00bb][\/vc_column][vc_column offset=\u00bbvc_hidden-xs\u00bb][vc_empty_space height=\u00bb40px\u00bb][\/vc_column][vc_column width=\u00bb1\/2&#8243; offset=\u00bbvc_col-lg-4 vc_col-md-4 vc_col-xs-12&#8243;][vc_empty_space height=\u00bb5px\u00bb][vc_column_text] Regenera el bienestar de tu cuerpo con Bikun, una agradable frescura! [\/vc_column_text][vc_empty_space height=\u00bb26px\u00bb][vc_empty_space height=\u00bb50px\u00bb][vc_column_text] [\/vc_column_text][\/vc_column][vc_column&hellip;<\/p>\n","protected":false},"author":1,"featured_media":0,"parent":0,"menu_order":0,"comment_status":"closed","ping_status":"closed","template":"","meta":{"footnotes":""},"class_list":["post-31445","page","type-page","status-publish","hentry","description-off"],"yoast_head":"<!-- This site is optimized with the Yoast SEO plugin v27.3 - https:\/\/yoast.com\/product\/yoast-seo-wordpress\/ -->\n<title>Bikun - Ba\u00f1os Derivativos<\/title>\n<meta name=\"description\" content=\"Bikun - Ba\u00f1os Derivativos: Regenera el bienestar de tu cuerpo con Bikun, una agradable frescura!\" \/>\n<meta name=\"robots\" content=\"index, follow, max-snippet:-1, max-image-preview:large, max-video-preview:-1\" \/>\n<link rel=\"canonical\" href=\"https:\/\/www.bikun.eu\/es\/home\/\" \/>\n<meta property=\"og:locale\" content=\"es_ES\" \/>\n<meta property=\"og:type\" content=\"article\" \/>\n<meta property=\"og:title\" content=\"Bikun - Ba\u00f1os Derivativos\" \/>\n<meta property=\"og:description\" content=\"Bikun - Ba\u00f1os Derivativos: Regenera el bienestar de tu cuerpo con Bikun, una agradable frescura!\" \/>\n<meta property=\"og:url\" content=\"https:\/\/www.bikun.eu\/es\/home\/\" \/>\n<meta property=\"og:site_name\" content=\"Bikun\" \/>\n<meta property=\"article:modified_time\" content=\"2017-07-18T15:53:17+00:00\" \/>\n<meta property=\"og:image\" content=\"https:\/\/www.bikun.eu\/wp-content\/uploads\/2014\/08\/home_img.png\" \/>\n\t<meta property=\"og:image:width\" content=\"1177\" \/>\n\t<meta property=\"og:image:height\" content=\"340\" \/>\n\t<meta property=\"og:image:type\" content=\"image\/png\" \/>\n<meta name=\"twitter:label1\" content=\"Tiempo de lectura\" \/>\n\t<meta name=\"twitter:data1\" content=\"3 minutos\" \/>\n<script type=\"application\/ld+json\" class=\"yoast-schema-graph\">{\"@context\":\"https:\\\/\\\/schema.org\",\"@graph\":[{\"@type\":\"WebPage\",\"@id\":\"https:\\\/\\\/www.bikun.eu\\\/es\\\/home\\\/\",\"url\":\"https:\\\/\\\/www.bikun.eu\\\/es\\\/home\\\/\",\"name\":\"Bikun - Ba\u00f1os Derivativos\",\"isPartOf\":{\"@id\":\"https:\\\/\\\/www.bikun.eu\\\/#website\"},\"primaryImageOfPage\":{\"@id\":\"https:\\\/\\\/www.bikun.eu\\\/es\\\/home\\\/#primaryimage\"},\"image\":{\"@id\":\"https:\\\/\\\/www.bikun.eu\\\/es\\\/home\\\/#primaryimage\"},\"thumbnailUrl\":\"https:\\\/\\\/www.bikun.eu\\\/wp-content\\\/uploads\\\/2014\\\/08\\\/home_img.png\",\"datePublished\":\"2014-08-14T08:15:08+00:00\",\"dateModified\":\"2017-07-18T15:53:17+00:00\",\"description\":\"Bikun - Ba\u00f1os Derivativos: Regenera el bienestar de tu cuerpo con Bikun, una agradable frescura!\",\"breadcrumb\":{\"@id\":\"https:\\\/\\\/www.bikun.eu\\\/es\\\/home\\\/#breadcrumb\"},\"inLanguage\":\"es\",\"potentialAction\":[{\"@type\":\"ReadAction\",\"target\":[\"https:\\\/\\\/www.bikun.eu\\\/es\\\/home\\\/\"]}]},{\"@type\":\"ImageObject\",\"inLanguage\":\"es\",\"@id\":\"https:\\\/\\\/www.bikun.eu\\\/es\\\/home\\\/#primaryimage\",\"url\":\"https:\\\/\\\/www.bikun.eu\\\/wp-content\\\/uploads\\\/2014\\\/08\\\/home_img.png\",\"contentUrl\":\"https:\\\/\\\/www.bikun.eu\\\/wp-content\\\/uploads\\\/2014\\\/08\\\/home_img.png\"},{\"@type\":\"BreadcrumbList\",\"@id\":\"https:\\\/\\\/www.bikun.eu\\\/es\\\/home\\\/#breadcrumb\",\"itemListElement\":[{\"@type\":\"ListItem\",\"position\":1,\"name\":\"Portada\",\"item\":\"https:\\\/\\\/www.bikun.eu\\\/es\\\/home\\\/\"},{\"@type\":\"ListItem\",\"position\":2,\"name\":\"Home\"}]},{\"@type\":\"WebSite\",\"@id\":\"https:\\\/\\\/www.bikun.eu\\\/#website\",\"url\":\"https:\\\/\\\/www.bikun.eu\\\/\",\"name\":\"Bikun\",\"description\":\"dimagrire con i bagni derivativi\",\"potentialAction\":[{\"@type\":\"SearchAction\",\"target\":{\"@type\":\"EntryPoint\",\"urlTemplate\":\"https:\\\/\\\/www.bikun.eu\\\/?s={search_term_string}\"},\"query-input\":{\"@type\":\"PropertyValueSpecification\",\"valueRequired\":true,\"valueName\":\"search_term_string\"}}],\"inLanguage\":\"es\"}]}<\/script>\n<!-- \/ Yoast SEO plugin. -->","yoast_head_json":{"title":"Bikun - Ba\u00f1os Derivativos","description":"Bikun - Ba\u00f1os Derivativos: Regenera el bienestar de tu cuerpo con Bikun, una agradable frescura!","robots":{"index":"index","follow":"follow","max-snippet":"max-snippet:-1","max-image-preview":"max-image-preview:large","max-video-preview":"max-video-preview:-1"},"canonical":"https:\/\/www.bikun.eu\/es\/home\/","og_locale":"es_ES","og_type":"article","og_title":"Bikun - Ba\u00f1os Derivativos","og_description":"Bikun - Ba\u00f1os Derivativos: Regenera el bienestar de tu cuerpo con Bikun, una agradable frescura!","og_url":"https:\/\/www.bikun.eu\/es\/home\/","og_site_name":"Bikun","article_modified_time":"2017-07-18T15:53:17+00:00","og_image":[{"width":1177,"height":340,"url":"https:\/\/www.bikun.eu\/wp-content\/uploads\/2014\/08\/home_img.png","type":"image\/png"}],"twitter_misc":{"Tiempo de lectura":"3 minutos"},"schema":{"@context":"https:\/\/schema.org","@graph":[{"@type":"WebPage","@id":"https:\/\/www.bikun.eu\/es\/home\/","url":"https:\/\/www.bikun.eu\/es\/home\/","name":"Bikun - Ba\u00f1os Derivativos","isPartOf":{"@id":"https:\/\/www.bikun.eu\/#website"},"primaryImageOfPage":{"@id":"https:\/\/www.bikun.eu\/es\/home\/#primaryimage"},"image":{"@id":"https:\/\/www.bikun.eu\/es\/home\/#primaryimage"},"thumbnailUrl":"https:\/\/www.bikun.eu\/wp-content\/uploads\/2014\/08\/home_img.png","datePublished":"2014-08-14T08:15:08+00:00","dateModified":"2017-07-18T15:53:17+00:00","description":"Bikun - Ba\u00f1os Derivativos: Regenera el bienestar de tu cuerpo con Bikun, una agradable frescura!","breadcrumb":{"@id":"https:\/\/www.bikun.eu\/es\/home\/#breadcrumb"},"inLanguage":"es","potentialAction":[{"@type":"ReadAction","target":["https:\/\/www.bikun.eu\/es\/home\/"]}]},{"@type":"ImageObject","inLanguage":"es","@id":"https:\/\/www.bikun.eu\/es\/home\/#primaryimage","url":"https:\/\/www.bikun.eu\/wp-content\/uploads\/2014\/08\/home_img.png","contentUrl":"https:\/\/www.bikun.eu\/wp-content\/uploads\/2014\/08\/home_img.png"},{"@type":"BreadcrumbList","@id":"https:\/\/www.bikun.eu\/es\/home\/#breadcrumb","itemListElement":[{"@type":"ListItem","position":1,"name":"Portada","item":"https:\/\/www.bikun.eu\/es\/home\/"},{"@type":"ListItem","position":2,"name":"Home"}]},{"@type":"WebSite","@id":"https:\/\/www.bikun.eu\/#website","url":"https:\/\/www.bikun.eu\/","name":"Bikun","description":"dimagrire con i bagni derivativi","potentialAction":[{"@type":"SearchAction","target":{"@type":"EntryPoint","urlTemplate":"https:\/\/www.bikun.eu\/?s={search_term_string}"},"query-input":{"@type":"PropertyValueSpecification","valueRequired":true,"valueName":"search_term_string"}}],"inLanguage":"es"}]}},"_links":{"self":[{"href":"https:\/\/www.bikun.eu\/es\/wp-json\/wp\/v2\/pages\/31445","targetHints":{"allow":["GET"]}}],"collection":[{"href":"https:\/\/www.bikun.eu\/es\/wp-json\/wp\/v2\/pages"}],"about":[{"href":"https:\/\/www.bikun.eu\/es\/wp-json\/wp\/v2\/types\/page"}],"author":[{"embeddable":true,"href":"https:\/\/www.bikun.eu\/es\/wp-json\/wp\/v2\/users\/1"}],"replies":[{"embeddable":true,"href":"https:\/\/www.bikun.eu\/es\/wp-json\/wp\/v2\/comments?post=31445"}],"version-history":[{"count":0,"href":"https:\/\/www.bikun.eu\/es\/wp-json\/wp\/v2\/pages\/31445\/revisions"}],"wp:attachment":[{"href":"https:\/\/www.bikun.eu\/es\/wp-json\/wp\/v2\/media?parent=31445"}],"curies":[{"name":"wp","href":"https:\/\/api.w.org\/{rel}","templated":true}]}}