{"id":31449,"date":"2015-06-30T10:20:58","date_gmt":"2015-06-30T08:20:58","guid":{"rendered":"http:\/\/www.bikun.eu\/bikun-family-2\/"},"modified":"2023-05-15T11:03:59","modified_gmt":"2023-05-15T09:03:59","slug":"bikun-family","status":"publish","type":"page","link":"https:\/\/www.bikun.eu\/es\/bikun-family\/","title":{"rendered":"Bikun Family"},"content":{"rendered":"<div class=\"wpb-content-wrapper\"><p>[vc_row margin_top=\u00bb60&#8243; margin_bottom=\u00bb60&#8243;][vc_column offset=\u00bbvc_col-lg-6 vc_col-md-12 vc_col-xs-12&#8243;][vc_column_text css_animation=\u00bbfadeInLeft\u00bb]<\/p>\n<h2>Se hace en tres&#8230;<\/h2>\n<p>[\/vc_column_text][vc_empty_space height=\u00bb16px\u00bb][vc_column_text]<\/p>\n<p style=\"text-align: justify;\"><strong>BIKUN<\/strong> se hace entre tres y propone un nuevo <strong>formato familia<\/strong>! El paquete incluye <strong>3 bolsillos bikun, 2 carcasas<\/strong> en blando algod\u00f3n para cubrir el bolsillo durante las aplicaciones y el <strong>nuevo manual<\/strong> para profundizar el conocimiento de esta pr\u00e1ctica sencilla pero de eficaz.<\/p>\n<p style=\"text-align: justify;\">Las ventajas no terminan porque el <strong>family pack <\/strong>se suministra en un pr\u00e1ctico e higi\u00e9nico <strong>contenedor<\/strong> el cual se conserva en <strong>congelador<\/strong>, con un precio al p\u00fablico absolutamente ventajoso.<\/p>\n<p>[\/vc_column_text][vc_empty_space height=\u00bb60px\u00bb][vc_column_text css_animation=\u00bbfadeInLeftBig\u00bb]<\/p>\n<h2>El manual<\/h2>\n<p>[\/vc_column_text][vc_empty_space height=\u00bb16px\u00bb][vc_column_text]<\/p>\n<p style=\"text-align: justify;\"><strong>BIKUN<\/strong> es un c\u00f3modo <strong>bolsillo en gel natural<\/strong> no t\u00f3xico, <strong>ideal<\/strong> para la pr\u00e1ctica de los <strong>ba\u00f1os derivativos<\/strong> seg\u00fan el sistema de Louis Kuhne. Innumerables son los beneficios, cientificamente probados, derivados da esta pr\u00e1ctica sencilla pero de eficaz , es suficiente un simple gesto y algunos momentos de descanso.<\/p>\n<p style=\"text-align: justify;\">Si quiere saber m\u00e1s cosas haga clic abajo.<\/p>\n<p>[\/vc_column_text][vc_empty_space height=\u00bb20&#8243;][vc_column_text css_animation=\u00bbfadeInUp\u00bb]<\/p>\n<p style=\"text-align: left;\"><a href=\"https:\/\/www.bikun.eu\/wp-content\/uploads\/2015\/06\/nuovo_manuale_bikun_web.pdf\" class=\"dt-btn-l dt-btn\" target=\"_blank\">Descarga el nuevo manual<\/a><\/p>\n<p>[\/vc_column_text][vc_empty_space height=\u00bb40px\u00bb][\/vc_column][vc_column offset=\u00bbvc_col-lg-6 vc_col-md-12 vc_col-xs-12&#8243;][vc_single_image image=\u00bb31595&#8243; img_size=\u00bbfull\u00bb alignment=\u00bbcenter\u00bb css_animation=\u00bbfadeInRight\u00bb css=\u00bb.vc_custom_1436973798666{margin-top: -60px !important;}\u00bb][vc_empty_space height=\u00bb40px\u00bb][\/vc_column][\/vc_row][vc_row animation=\u00bbzoomIn\u00bb type=\u00bb5&#8243; bg_color=\u00bb#f0f0f0&#8243; padding_top=\u00bb60px\u00bb padding_bottom=\u00bb60px\u00bb][vc_column width=\u00bb1\/3&#8243;][vc_column_text css_animation=\u00bbfadeIn\u00bb]<\/p>\n<h2 style=\"text-align: center;\"><span style=\"font-size: 27px;\">Compra ahora el Family Pack<\/span><\/h2>\n<h2 style=\"text-align: center;\"><\/h2>\n<p>[\/vc_column_text][vc_empty_space][vc_column_text css_animation=\u00bbfadeInUp\u00bb]<\/p>\n<p style=\"text-align: center;\"><a href=\"\/es\/carro\/?add-to-cart=31682\" class=\"dt-btn-l dt-btn\">A\u00f1adir al carrito &#8211; \u20ac <del>88,70<\/del> &#8211; 79,80<\/a><\/p>\n<p>[\/vc_column_text][\/vc_column][vc_column width=\u00bb1\/3&#8243;]<div class=\"standard-arrow bullet-top\"><ul>\n<li style=\"text-align: justify;\">3 Bikun<\/li>\n<li style=\"text-align: justify;\">2\u00a0Carcasas el algod\u00f3n<\/li>\n<li style=\"text-align: justify;\">Manual explicativo<\/li>\n<li style=\"text-align: justify;\">Estuche para el cogelador<\/li>\n<\/ul>\n<\/div>[\/vc_column][\/vc_row][vc_row][vc_column][vc_empty_space height=\u00bb60px\u00bb][vc_column_text css_animation=\u00bbfadeInDown\u00bb]<\/p>\n<h2 style=\"text-align: center;\">Aplicaciones<\/h2>\n<p style=\"text-align: center;\">Algunos ejemplos de las numerosas y beneficas aplicaciones<\/p>\n<p>[\/vc_column_text][vc_empty_space height=\u00bb60px\u00bb][\/vc_column][\/vc_row][vc_row][vc_column width=\u00bb1\/4&#8243;]<div class=\"standard-arrow list-divider bullet-top\"><ul>\n<li>Acn\u00e9<\/li>\n<li>Fatiga<\/li>\n<li>Alergias<\/li>\n<li>Hambre<\/li>\n<li>Artrosis<\/li>\n<li>Artritis<\/li>\n<\/ul>\n<\/div>[vc_empty_space height=\u00bb60px\u00bb][\/vc_column][vc_column width=\u00bb1\/4&#8243;]<div class=\"standard-arrow list-divider bullet-top\"><ul>\n<li>Asma<\/li>\n<li>Ca\u00edda del pelo<\/li>\n<li>Celulitis<\/li>\n<li>Dolor de cuello<\/li>\n<li>Eczema<\/li>\n<li>Hemorroides<\/li>\n<\/ul>\n<\/div>[vc_empty_space height=\u00bb60px\u00bb][\/vc_column][vc_column width=\u00bb1\/4&#8243;]<div class=\"standard-arrow list-divider bullet-top\"><ul>\n<li>Fibromialgia<\/li>\n<li>Herpes<\/li>\n<li>Incontinencia<\/li>\n<li>Influencia<\/li>\n<li>Insomnio<\/li>\n<li>Menopausa<\/li>\n<\/ul>\n<\/div>[vc_empty_space height=\u00bb60px\u00bb][\/vc_column][vc_column width=\u00bb1\/4&#8243;]<div class=\"standard-arrow list-divider bullet-top\"><ul>\n<li>Menstru\u00f3<\/li>\n<li>Regulaci\u00f3n del peso<\/li>\n<li>Sexualidad<\/li>\n<li>Sue\u00f1o<\/li>\n<li>Estre\u00f1imiento<\/li>\n<li>Quemaduras Solares<\/li>\n<\/ul>\n<\/div>[vc_empty_space height=\u00bb60px\u00bb][\/vc_column][\/vc_row][vc_row margin_bottom=\u00bb-30px\u00bb type=\u00bb5&#8243; bg_color=\u00bb#f0f0f0&#8243; padding_top=\u00bb60px\u00bb padding_bottom=\u00bb60px\u00bb][vc_column width=\u00bb1\/3&#8243;][vc_column_text css_animation=\u00bbfadeInLeft\u00bb]<\/p>\n<h3>Certificaciones<\/h3>\n<p>[\/vc_column_text][vc_empty_space height=\u00bb24px\u00bb][vc_single_image image=\u00bb30848&#8243; img_size=\u00bbfull\u00bb css_animation=\u00bbzoomInLeft\u00bb el_class=\u00bbcertific\u00bb][\/vc_column][vc_column width=\u00bb2\/3&#8243; animation=\u00bbzoomInRight\u00bb][vc_accordion][vc_accordion_tab title=\u00bbUso\u00bb][vc_column_text]<\/p>\n<p style=\"text-align: justify;\">Enfriar el bolsillo\u00a0de gel por lo menos <strong>60 min en un congelador<\/strong>, luego aplicarlo sobre las <strong>areas inguinales e intimas no directamente sobre la piel<\/strong> sino poniendolo en el estuche de microfibra obteniendo as\u00ed el alivio y el beneficio de los ba\u00f1os derivativos. Las <strong>aplicaciones<\/strong> pueden ser hechas <strong>m\u00e1s veces en un d\u00eda<\/strong> y tambi\u00e9n durante momentos de descanso y relax.<\/p>\n<p>[\/vc_column_text][vc_empty_space height=\u00bb20px\u00bb][\/vc_accordion_tab][vc_accordion_tab title=\u00bbComposici\u00f3n\u00bb][vc_column_text]<\/p>\n<p style=\"text-align: justify;\"><strong>GEL no t\u00f3xico: <\/strong>agua destilado, celulosa, colorante alimentario y aditivos. En caso de contacto accidental con la piel enjuague con agua sin frotar.<\/p>\n<p style=\"text-align: justify;\"><strong>Cubierta externa<\/strong>: cojinete anatomico, totalmente as\u00e9ptico e hipoalerg\u00e9nico, tiene una alta resistencia mecanica a frotar continuamente, soldada de alta frecuencia a dibujo y rellenado con casi <strong>100 gr de gel viscoso<\/strong>.<\/p>\n<p style=\"text-align: justify;\">A garant\u00eda de la m\u00e1xima higi\u00e9ne el producto est\u00e1 cerrado en un envaso al vac\u00edo.<\/p>\n<p>[\/vc_column_text][vc_empty_space height=\u00bb20px\u00bb][\/vc_accordion_tab][vc_accordion_tab title=\u00bbAdvertencias y Certificaciones\u00bb][vc_column_text]<\/p>\n<p style=\"text-align: justify;\">Adecuado tanto para hombres y para mujeres el cojinete <strong>Bikun tiene que ser aplicado seg\u00fan las indicaciones descritas arriba<\/strong> y no tiene que ser utilizado para propositos diferentes de los indicados.<\/p>\n<p style=\"text-align: justify;\">El producto es <strong>certificado<\/strong> del Ministero de la Salud como <strong>Dispositivo Medico de clase 1\u00a0<\/strong>&#8211; numero de grabaci\u00f3n 1242252.<\/p>\n<p>[\/vc_column_text][vc_empty_space height=\u00bb20px\u00bb][\/vc_accordion_tab][\/vc_accordion][\/vc_column][\/vc_row][vc_row][vc_column][vc_empty_space height=\u00bb24px\u00bb][vc_column width=\u00bb2\/3&#8243; animation=\u00bbzoomInRight\u00bb][\/vc_column][vc_column_text]<br \/>\n[\/vc_column_text][\/vc_column][\/vc_row]<\/p>\n<\/div>","protected":false},"excerpt":{"rendered":"<p>[vc_row margin_top=\u00bb60&#8243; margin_bottom=\u00bb60&#8243;][vc_column offset=\u00bbvc_col-lg-6 vc_col-md-12 vc_col-xs-12&#8243;][vc_column_text css_animation=\u00bbfadeInLeft\u00bb] Se hace en tres&#8230; [\/vc_column_text][vc_empty_space height=\u00bb16px\u00bb][vc_column_text] BIKUN se hace entre tres y propone un nuevo formato familia! El paquete incluye 3 bolsillos bikun, 2 carcasas en blando algod\u00f3n para cubrir el bolsillo durante las aplicaciones y el nuevo manual para profundizar el conocimiento de esta pr\u00e1ctica sencilla pero&hellip;<\/p>\n","protected":false},"author":1,"featured_media":0,"parent":0,"menu_order":0,"comment_status":"closed","ping_status":"closed","template":"","meta":{"footnotes":""},"class_list":["post-31449","page","type-page","status-publish","hentry","description-off"],"yoast_head":"<!-- This site is optimized with the Yoast SEO plugin v27.3 - https:\/\/yoast.com\/product\/yoast-seo-wordpress\/ -->\n<title>- Bikun<\/title>\n<meta name=\"robots\" content=\"index, follow, max-snippet:-1, max-image-preview:large, max-video-preview:-1\" \/>\n<link rel=\"canonical\" href=\"https:\/\/www.bikun.eu\/es\/bikun-family\/\" \/>\n<meta property=\"og:locale\" content=\"es_ES\" \/>\n<meta property=\"og:type\" content=\"article\" \/>\n<meta property=\"og:title\" content=\"- Bikun\" \/>\n<meta property=\"og:description\" content=\"[vc_row margin_top=\u00bb60&#8243; margin_bottom=\u00bb60&#8243;][vc_column offset=\u00bbvc_col-lg-6 vc_col-md-12 vc_col-xs-12&#8243;][vc_column_text css_animation=\u00bbfadeInLeft\u00bb] Se hace en tres&#8230; [\/vc_column_text][vc_empty_space height=\u00bb16px\u00bb][vc_column_text] BIKUN se hace entre tres y propone un nuevo formato familia! El paquete incluye 3 bolsillos bikun, 2 carcasas en blando algod\u00f3n para cubrir el bolsillo durante las aplicaciones y el nuevo manual para profundizar el conocimiento de esta pr\u00e1ctica sencilla pero&hellip;\" \/>\n<meta property=\"og:url\" content=\"https:\/\/www.bikun.eu\/es\/bikun-family\/\" \/>\n<meta property=\"og:site_name\" content=\"Bikun\" \/>\n<meta property=\"article:modified_time\" content=\"2023-05-15T09:03:59+00:00\" \/>\n<meta name=\"twitter:label1\" content=\"Tiempo de lectura\" \/>\n\t<meta name=\"twitter:data1\" content=\"4 minutos\" \/>\n<script type=\"application\/ld+json\" class=\"yoast-schema-graph\">{\"@context\":\"https:\\\/\\\/schema.org\",\"@graph\":[{\"@type\":\"WebPage\",\"@id\":\"https:\\\/\\\/www.bikun.eu\\\/es\\\/bikun-family\\\/\",\"url\":\"https:\\\/\\\/www.bikun.eu\\\/es\\\/bikun-family\\\/\",\"name\":\"- Bikun\",\"isPartOf\":{\"@id\":\"https:\\\/\\\/www.bikun.eu\\\/#website\"},\"datePublished\":\"2015-06-30T08:20:58+00:00\",\"dateModified\":\"2023-05-15T09:03:59+00:00\",\"breadcrumb\":{\"@id\":\"https:\\\/\\\/www.bikun.eu\\\/es\\\/bikun-family\\\/#breadcrumb\"},\"inLanguage\":\"es\",\"potentialAction\":[{\"@type\":\"ReadAction\",\"target\":[\"https:\\\/\\\/www.bikun.eu\\\/es\\\/bikun-family\\\/\"]}]},{\"@type\":\"BreadcrumbList\",\"@id\":\"https:\\\/\\\/www.bikun.eu\\\/es\\\/bikun-family\\\/#breadcrumb\",\"itemListElement\":[{\"@type\":\"ListItem\",\"position\":1,\"name\":\"Portada\",\"item\":\"https:\\\/\\\/www.bikun.eu\\\/es\\\/home\\\/\"},{\"@type\":\"ListItem\",\"position\":2,\"name\":\"Bikun Family\"}]},{\"@type\":\"WebSite\",\"@id\":\"https:\\\/\\\/www.bikun.eu\\\/#website\",\"url\":\"https:\\\/\\\/www.bikun.eu\\\/\",\"name\":\"Bikun\",\"description\":\"dimagrire con i bagni derivativi\",\"potentialAction\":[{\"@type\":\"SearchAction\",\"target\":{\"@type\":\"EntryPoint\",\"urlTemplate\":\"https:\\\/\\\/www.bikun.eu\\\/?s={search_term_string}\"},\"query-input\":{\"@type\":\"PropertyValueSpecification\",\"valueRequired\":true,\"valueName\":\"search_term_string\"}}],\"inLanguage\":\"es\"}]}<\/script>\n<!-- \/ Yoast SEO plugin. -->","yoast_head_json":{"title":"- Bikun","robots":{"index":"index","follow":"follow","max-snippet":"max-snippet:-1","max-image-preview":"max-image-preview:large","max-video-preview":"max-video-preview:-1"},"canonical":"https:\/\/www.bikun.eu\/es\/bikun-family\/","og_locale":"es_ES","og_type":"article","og_title":"- Bikun","og_description":"[vc_row margin_top=\u00bb60&#8243; margin_bottom=\u00bb60&#8243;][vc_column offset=\u00bbvc_col-lg-6 vc_col-md-12 vc_col-xs-12&#8243;][vc_column_text css_animation=\u00bbfadeInLeft\u00bb] Se hace en tres&#8230; [\/vc_column_text][vc_empty_space height=\u00bb16px\u00bb][vc_column_text] BIKUN se hace entre tres y propone un nuevo formato familia! El paquete incluye 3 bolsillos bikun, 2 carcasas en blando algod\u00f3n para cubrir el bolsillo durante las aplicaciones y el nuevo manual para profundizar el conocimiento de esta pr\u00e1ctica sencilla pero&hellip;","og_url":"https:\/\/www.bikun.eu\/es\/bikun-family\/","og_site_name":"Bikun","article_modified_time":"2023-05-15T09:03:59+00:00","twitter_misc":{"Tiempo de lectura":"4 minutos"},"schema":{"@context":"https:\/\/schema.org","@graph":[{"@type":"WebPage","@id":"https:\/\/www.bikun.eu\/es\/bikun-family\/","url":"https:\/\/www.bikun.eu\/es\/bikun-family\/","name":"- Bikun","isPartOf":{"@id":"https:\/\/www.bikun.eu\/#website"},"datePublished":"2015-06-30T08:20:58+00:00","dateModified":"2023-05-15T09:03:59+00:00","breadcrumb":{"@id":"https:\/\/www.bikun.eu\/es\/bikun-family\/#breadcrumb"},"inLanguage":"es","potentialAction":[{"@type":"ReadAction","target":["https:\/\/www.bikun.eu\/es\/bikun-family\/"]}]},{"@type":"BreadcrumbList","@id":"https:\/\/www.bikun.eu\/es\/bikun-family\/#breadcrumb","itemListElement":[{"@type":"ListItem","position":1,"name":"Portada","item":"https:\/\/www.bikun.eu\/es\/home\/"},{"@type":"ListItem","position":2,"name":"Bikun Family"}]},{"@type":"WebSite","@id":"https:\/\/www.bikun.eu\/#website","url":"https:\/\/www.bikun.eu\/","name":"Bikun","description":"dimagrire con i bagni derivativi","potentialAction":[{"@type":"SearchAction","target":{"@type":"EntryPoint","urlTemplate":"https:\/\/www.bikun.eu\/?s={search_term_string}"},"query-input":{"@type":"PropertyValueSpecification","valueRequired":true,"valueName":"search_term_string"}}],"inLanguage":"es"}]}},"_links":{"self":[{"href":"https:\/\/www.bikun.eu\/es\/wp-json\/wp\/v2\/pages\/31449","targetHints":{"allow":["GET"]}}],"collection":[{"href":"https:\/\/www.bikun.eu\/es\/wp-json\/wp\/v2\/pages"}],"about":[{"href":"https:\/\/www.bikun.eu\/es\/wp-json\/wp\/v2\/types\/page"}],"author":[{"embeddable":true,"href":"https:\/\/www.bikun.eu\/es\/wp-json\/wp\/v2\/users\/1"}],"replies":[{"embeddable":true,"href":"https:\/\/www.bikun.eu\/es\/wp-json\/wp\/v2\/comments?post=31449"}],"version-history":[{"count":1,"href":"https:\/\/www.bikun.eu\/es\/wp-json\/wp\/v2\/pages\/31449\/revisions"}],"predecessor-version":[{"id":38513,"href":"https:\/\/www.bikun.eu\/es\/wp-json\/wp\/v2\/pages\/31449\/revisions\/38513"}],"wp:attachment":[{"href":"https:\/\/www.bikun.eu\/es\/wp-json\/wp\/v2\/media?parent=31449"}],"curies":[{"name":"wp","href":"https:\/\/api.w.org\/{rel}","templated":true}]}}