{"id":31451,"date":"2015-05-15T15:11:34","date_gmt":"2015-05-15T13:11:34","guid":{"rendered":"http:\/\/www.bikun.eu\/i-bagni-derivativi-2\/"},"modified":"2015-10-14T10:07:28","modified_gmt":"2015-10-14T08:07:28","slug":"los-banos-derivativos","status":"publish","type":"page","link":"https:\/\/www.bikun.eu\/es\/los-banos-derivativos\/","title":{"rendered":"Los ba\u00f1os derivativos"},"content":{"rendered":"<div class=\"wpb-content-wrapper\"><p>[vc_row][vc_column width=\u00bb2\/3&#8243;][vc_column_text css_animation=\u00bbfadeInUp\u00bb]<\/p>\n<h2 style=\"text-align: justify;\">Los ba\u00f1os derivativos<\/h2>\n<p>[\/vc_column_text][vc_empty_space height=\u00bb16px\u00bb][vc_column_text]<\/p>\n<p style=\"text-align: justify;\">Son cientos de miles las personas que lo practican. La <strong>digesti\u00f3n nos provoca cada d\u00eda una gran cantidad de \u201cexcesos\u201d<\/strong> que deben ser eliminados a trav\u00e9s de los medios naturales y la transpiraci\u00f3n; sin embargo el estilo de vida sedentario y el uso de ropas estrechas evitan al sistema de fajas \u00a0y de los intestinos de autoregularse para expulsar toxinas. <strong>El resultado es un estorbo general desastroso para nuestra salud.<\/strong><\/p>\n<p style=\"text-align: justify;\"><span style=\"color: #3dd1c6;\"><strong>Una\u00a0soluci\u00f3n natural<\/strong><\/span><\/p>\n<p style=\"text-align: justify;\">El ba\u00f1o derivativo es un <strong>m\u00e9todo natural que reactiva este sistema y restablece las capacidades del organismo de eliminar cualquier residuo<\/strong>.\u00a0 Favoreciendo la limpieza interna , <strong>el ba\u00f1o derivativo dinamiza diferentes funciones<\/strong> que aseguran una mejor resistencia a las variaciones de temperatura, una mayor energ\u00eda, sue\u00f1o m\u00e1s profundo y restaurador y un contorno corporal.<\/p>\n<p style=\"text-align: justify;\"><span style=\"color: #3dd1c6;\"><strong>Aplicaci\u00f3n<\/strong><\/span><\/p>\n<p style=\"text-align: justify;\">La practica de los Ba\u00f1os Derivativos es para <strong>refrescar con agua la zona inferior de las dos arrugas de la ingle<\/strong>, en cada lado tanto para los hombres que para las mujeres. Para ser m\u00e1s claro: el Ba\u00f1o Derivativo significa refrescar con regularidad el perineo, la ingle, la arruga de derecha y de izquierda de la ingle durante un tiempo determinado. Es un <strong>m\u00e9todo natural y gratuito<\/strong> que permite expulsar del cuerpo residuos y excesos responsable de muchas patolog\u00edas.<\/p>\n<p style=\"text-align: justify;\"><span style=\"color: #3dd1c6;\"><strong>Beneficios<\/strong><\/span><\/p>\n<p style=\"text-align: justify;\">La pr\u00e1ctica diaria de los ba\u00f1os derivativos <strong>reactiva la circulaci\u00f3n<\/strong>. Seg\u00fan <strong>Kuhne, ( el padre de los ba\u00f1os derivativos<\/strong>) el calor de la persona, desde el movimiento, de la digesti\u00f3n, del estr\u00e9s, del choque etc\u2026 empuja las grasas depositadas y las toxinas generadas desde el est\u00f3mago y el intestino a la periferia del cuerpo donde no pueden ser eliminadas. <strong>A trav\u00e9s del proceso de los ba\u00f1os derivativos (choque t\u00e9rmico) se crea un movimiento de la faja<\/strong> ( el tejido conectivo que cubre todos los organos internos), que<strong> acelera la eliminaci\u00f3n de toxinas y de grasas .<\/strong><\/p>\n<p>[\/vc_column_text][vc_empty_space height=\u00bb32px\u00bb][vc_column_text css_animation=\u00bbfadeInUp\u00bb]<\/p>\n<h2>Eliges el producto adecuado para ti!<\/h2>\n<p>[\/vc_column_text][vc_empty_space height=\u00bb16px\u00bb][vc_column_text]<a title=\"bagni derivativi bikun\" href=\"https:\/\/www.bikun.eu\/en\/bikun\/\"><img decoding=\"async\" class=\"alignleft size-thumbnail wp-image-31141\" style=\"margin: 0 28px 10px 0;\" src=\"https:\/\/www.bikun.eu\/wp-content\/uploads\/2015\/04\/bikun_product_image-150x150.jpg\" alt=\"bikun_product_image\" width=\"150\" height=\"150\" srcset=\"https:\/\/www.bikun.eu\/wp-content\/uploads\/2015\/04\/bikun_product_image-150x150.jpg 150w, https:\/\/www.bikun.eu\/wp-content\/uploads\/2015\/04\/bikun_product_image-100x100.jpg 100w, https:\/\/www.bikun.eu\/wp-content\/uploads\/2015\/04\/bikun_product_image.jpg 300w\" sizes=\"(max-width: 150px) 100vw, 150px\" \/><\/a> <a title=\"bagni derivativi b-bikun\" href=\"https:\/\/www.bikun.eu\/en\/b-bikun\/\"><img decoding=\"async\" class=\"alignleft size-thumbnail wp-image-31143\" style=\"margin: 0 28px 10px 0;\" src=\"https:\/\/www.bikun.eu\/wp-content\/uploads\/2015\/05\/b-bikun_product_image-150x150.jpg\" alt=\"b-bikun_product_image\" width=\"150\" height=\"150\" srcset=\"https:\/\/www.bikun.eu\/wp-content\/uploads\/2015\/05\/b-bikun_product_image-150x150.jpg 150w, https:\/\/www.bikun.eu\/wp-content\/uploads\/2015\/05\/b-bikun_product_image-100x100.jpg 100w, https:\/\/www.bikun.eu\/wp-content\/uploads\/2015\/05\/b-bikun_product_image.jpg 300w\" sizes=\"(max-width: 150px) 100vw, 150px\" \/><\/a><a title=\"bracciale in gel mykun\" href=\"https:\/\/www.bikun.eu\/en\/mykun\/\"><img decoding=\"async\" class=\"alignleft size-thumbnail wp-image-31147\" style=\"margin: 0 28px 10px 0;\" src=\"https:\/\/www.bikun.eu\/wp-content\/uploads\/2015\/05\/mykun_product_image-150x150.jpg\" alt=\"mykun_product_image\" width=\"150\" height=\"150\" srcset=\"https:\/\/www.bikun.eu\/wp-content\/uploads\/2015\/05\/mykun_product_image-150x150.jpg 150w, https:\/\/www.bikun.eu\/wp-content\/uploads\/2015\/05\/mykun_product_image-100x100.jpg 100w, https:\/\/www.bikun.eu\/wp-content\/uploads\/2015\/05\/mykun_product_image.jpg 300w\" sizes=\"(max-width: 150px) 100vw, 150px\" \/><\/a><a title=\"cuscinetto in gel per il viso eyelife\" href=\"https:\/\/www.bikun.eu\/en\/eyelife\/\"><img decoding=\"async\" class=\"alignleft size-thumbnail wp-image-31145\" style=\"margin: 0 28px 10px 0;\" src=\"https:\/\/www.bikun.eu\/wp-content\/uploads\/2015\/05\/eyelife_product_image-150x150.jpg\" alt=\"eyelife_product_image\" width=\"150\" height=\"150\" srcset=\"https:\/\/www.bikun.eu\/wp-content\/uploads\/2015\/05\/eyelife_product_image-150x150.jpg 150w, https:\/\/www.bikun.eu\/wp-content\/uploads\/2015\/05\/eyelife_product_image-100x100.jpg 100w, https:\/\/www.bikun.eu\/wp-content\/uploads\/2015\/05\/eyelife_product_image.jpg 300w\" sizes=\"(max-width: 150px) 100vw, 150px\" \/><\/a>[\/vc_column_text][\/vc_column][vc_column width=\u00bb1\/3&#8243;][vc_column_text css_animation=\u00bbfadeInUp\u00bb]<\/p>\n<h2>Ventajas terap\u00e9uticas<\/h2>\n<p>[\/vc_column_text][vc_empty_space height=\u00bb16px\u00bb][vc_column_text]<\/p>\n<p style=\"text-align: justify;\">Esta t\u00e9cnica se dirige a la <strong>zona de la ingle, una de las \u00e1reas del cuerpo con mayor concentraci\u00f3n de los nervios<\/strong>. Por lo tanto resulta un efecto positivo sobre el estado de humor, el sue\u00f1o y las energ\u00edas. En esta zona pasan tambi\u00e9n las principales arterias y esta pr\u00e1ctica <strong>aumenta en gran medida la circulaci\u00f3n de la sangre, la eliminaci\u00f3n de las toxinas y la digesti\u00f3n<\/strong>. Los Ba\u00f1os Derivativos estimulan directamente el plexo sacro que controla la energ\u00eda sexual y los \u00f3rganos reproductivos.<\/p>\n<p style=\"text-align: justify;\"><span style=\"color: #3dd1c6;\"><strong>Algunos ejemplos de las innumerables y ben\u00e9ficas\u00a0 aplicaciones:<\/strong><\/span><\/p>\n<p>[\/vc_column_text][vc_empty_space height=\u00bb16px\u00bb]<div class=\"standard-arrow list-divider bullet-top\"><ul>\n<li style=\"text-align: justify;\">Fatiga<\/li>\n<li style=\"text-align: justify;\">Alergias<\/li>\n<li style=\"text-align: justify;\">Hambre<\/li>\n<li style=\"text-align: justify;\">Artosis<\/li>\n<li style=\"text-align: justify;\">Asma<\/li>\n<li style=\"text-align: justify;\">Celulitis<\/li>\n<li style=\"text-align: justify;\">Hemorroides<\/li>\n<li style=\"text-align: justify;\">Insomnio<\/li>\n<li style=\"text-align: justify;\">Menopausia<\/li>\n<li style=\"text-align: justify;\">Menstruaci\u00f3n<\/li>\n<li style=\"text-align: justify;\">Sobrepeso<\/li>\n<li style=\"text-align: justify;\">Quemaduras solares<\/li>\n<\/ul>\n<\/div>[\/vc_column][\/vc_row][vc_row][vc_column width=\u00bb2\/3&#8243;][\/vc_column][vc_column width=\u00bb1\/3&#8243;][\/vc_column][\/vc_row][vc_row][vc_column width=\u00bb1\/1&#8243;][vc_raw_js]JTNDc2NyaXB0JTIwdHlwZSUzRCUyMnRleHQlMkZqYXZhc2NyaXB0JTIyJTNFJTBBdmFyJTIwJTI0aiUyMCUzRCUyMGpRdWVyeSUzQiUwQSUyNGolMjglMjIlMjNmYW5jeS1oZWFkZXIlMjBoMSUyMHNwYW4lM0Fjb250YWlucyUyOCUyN0JhZ25pJTIwZGVyaXZhdGl2aSUyNyUyOSUyMiUyOS5odG1sJTI4JTIyQmElQzMlQjFvcyUyMERlcml2YXRpdm9zJTIyJTI5JTNCJTBBJTNDJTJGc2NyaXB0JTNF[\/vc_raw_js][\/vc_column][\/vc_row]<\/p>\n<\/div>","protected":false},"excerpt":{"rendered":"<p>[vc_row][vc_column width=\u00bb2\/3&#8243;][vc_column_text css_animation=\u00bbfadeInUp\u00bb] Los ba\u00f1os derivativos [\/vc_column_text][vc_empty_space height=\u00bb16px\u00bb][vc_column_text] Son cientos de miles las personas que lo practican. La digesti\u00f3n nos provoca cada d\u00eda una gran cantidad de \u201cexcesos\u201d que deben ser eliminados a trav\u00e9s de los medios naturales y la transpiraci\u00f3n; sin embargo el estilo de vida sedentario y el uso de ropas estrechas evitan&hellip;<\/p>\n","protected":false},"author":1,"featured_media":0,"parent":0,"menu_order":0,"comment_status":"closed","ping_status":"closed","template":"","meta":{"footnotes":""},"class_list":["post-31451","page","type-page","status-publish","hentry","description-off"],"yoast_head":"<!-- This site is optimized with the Yoast SEO plugin v27.3 - https:\/\/yoast.com\/product\/yoast-seo-wordpress\/ -->\n<title>Ba\u00f1os Derivativos - applicazioni e benefici<\/title>\n<meta name=\"description\" content=\"Cu\u00e1les son los ba\u00f1os y m\u00e9todo derivado Kuhne para el bienestar del cuerpo. Promueve el equilibrio natural del cuerpo y restaura la vitalidad.\" \/>\n<meta name=\"robots\" content=\"index, follow, max-snippet:-1, max-image-preview:large, max-video-preview:-1\" \/>\n<link rel=\"canonical\" href=\"https:\/\/www.bikun.eu\/es\/los-banos-derivativos\/\" \/>\n<meta property=\"og:locale\" content=\"es_ES\" \/>\n<meta property=\"og:type\" content=\"article\" \/>\n<meta property=\"og:title\" content=\"Ba\u00f1os Derivativos - applicazioni e benefici\" \/>\n<meta property=\"og:description\" content=\"Cu\u00e1les son los ba\u00f1os y m\u00e9todo derivado Kuhne para el bienestar del cuerpo. Promueve el equilibrio natural del cuerpo y restaura la vitalidad.\" \/>\n<meta property=\"og:url\" content=\"https:\/\/www.bikun.eu\/es\/los-banos-derivativos\/\" \/>\n<meta property=\"og:site_name\" content=\"Bikun\" \/>\n<meta property=\"article:modified_time\" content=\"2015-10-14T08:07:28+00:00\" \/>\n<meta property=\"og:image\" content=\"https:\/\/www.bikun.eu\/wp-content\/uploads\/2015\/04\/bikun_product_image.jpg\" \/>\n\t<meta property=\"og:image:width\" content=\"300\" \/>\n\t<meta property=\"og:image:height\" content=\"300\" \/>\n\t<meta property=\"og:image:type\" content=\"image\/jpeg\" \/>\n<meta name=\"twitter:label1\" content=\"Tiempo de lectura\" \/>\n\t<meta name=\"twitter:data1\" content=\"3 minutos\" \/>\n<script type=\"application\/ld+json\" class=\"yoast-schema-graph\">{\"@context\":\"https:\\\/\\\/schema.org\",\"@graph\":[{\"@type\":\"WebPage\",\"@id\":\"https:\\\/\\\/www.bikun.eu\\\/es\\\/los-banos-derivativos\\\/\",\"url\":\"https:\\\/\\\/www.bikun.eu\\\/es\\\/los-banos-derivativos\\\/\",\"name\":\"Ba\u00f1os Derivativos - applicazioni e benefici\",\"isPartOf\":{\"@id\":\"https:\\\/\\\/www.bikun.eu\\\/#website\"},\"primaryImageOfPage\":{\"@id\":\"https:\\\/\\\/www.bikun.eu\\\/es\\\/los-banos-derivativos\\\/#primaryimage\"},\"image\":{\"@id\":\"https:\\\/\\\/www.bikun.eu\\\/es\\\/los-banos-derivativos\\\/#primaryimage\"},\"thumbnailUrl\":\"https:\\\/\\\/www.bikun.eu\\\/wp-content\\\/uploads\\\/2015\\\/04\\\/bikun_product_image-150x150.jpg\",\"datePublished\":\"2015-05-15T13:11:34+00:00\",\"dateModified\":\"2015-10-14T08:07:28+00:00\",\"description\":\"Cu\u00e1les son los ba\u00f1os y m\u00e9todo derivado Kuhne para el bienestar del cuerpo. Promueve el equilibrio natural del cuerpo y restaura la vitalidad.\",\"breadcrumb\":{\"@id\":\"https:\\\/\\\/www.bikun.eu\\\/es\\\/los-banos-derivativos\\\/#breadcrumb\"},\"inLanguage\":\"es\",\"potentialAction\":[{\"@type\":\"ReadAction\",\"target\":[\"https:\\\/\\\/www.bikun.eu\\\/es\\\/los-banos-derivativos\\\/\"]}]},{\"@type\":\"ImageObject\",\"inLanguage\":\"es\",\"@id\":\"https:\\\/\\\/www.bikun.eu\\\/es\\\/los-banos-derivativos\\\/#primaryimage\",\"url\":\"https:\\\/\\\/www.bikun.eu\\\/wp-content\\\/uploads\\\/2015\\\/04\\\/bikun_product_image-150x150.jpg\",\"contentUrl\":\"https:\\\/\\\/www.bikun.eu\\\/wp-content\\\/uploads\\\/2015\\\/04\\\/bikun_product_image-150x150.jpg\"},{\"@type\":\"BreadcrumbList\",\"@id\":\"https:\\\/\\\/www.bikun.eu\\\/es\\\/los-banos-derivativos\\\/#breadcrumb\",\"itemListElement\":[{\"@type\":\"ListItem\",\"position\":1,\"name\":\"Portada\",\"item\":\"https:\\\/\\\/www.bikun.eu\\\/es\\\/home\\\/\"},{\"@type\":\"ListItem\",\"position\":2,\"name\":\"Los ba\u00f1os derivativos\"}]},{\"@type\":\"WebSite\",\"@id\":\"https:\\\/\\\/www.bikun.eu\\\/#website\",\"url\":\"https:\\\/\\\/www.bikun.eu\\\/\",\"name\":\"Bikun\",\"description\":\"dimagrire con i bagni derivativi\",\"potentialAction\":[{\"@type\":\"SearchAction\",\"target\":{\"@type\":\"EntryPoint\",\"urlTemplate\":\"https:\\\/\\\/www.bikun.eu\\\/?s={search_term_string}\"},\"query-input\":{\"@type\":\"PropertyValueSpecification\",\"valueRequired\":true,\"valueName\":\"search_term_string\"}}],\"inLanguage\":\"es\"}]}<\/script>\n<!-- \/ Yoast SEO plugin. -->","yoast_head_json":{"title":"Ba\u00f1os Derivativos - applicazioni e benefici","description":"Cu\u00e1les son los ba\u00f1os y m\u00e9todo derivado Kuhne para el bienestar del cuerpo. Promueve el equilibrio natural del cuerpo y restaura la vitalidad.","robots":{"index":"index","follow":"follow","max-snippet":"max-snippet:-1","max-image-preview":"max-image-preview:large","max-video-preview":"max-video-preview:-1"},"canonical":"https:\/\/www.bikun.eu\/es\/los-banos-derivativos\/","og_locale":"es_ES","og_type":"article","og_title":"Ba\u00f1os Derivativos - applicazioni e benefici","og_description":"Cu\u00e1les son los ba\u00f1os y m\u00e9todo derivado Kuhne para el bienestar del cuerpo. Promueve el equilibrio natural del cuerpo y restaura la vitalidad.","og_url":"https:\/\/www.bikun.eu\/es\/los-banos-derivativos\/","og_site_name":"Bikun","article_modified_time":"2015-10-14T08:07:28+00:00","og_image":[{"width":300,"height":300,"url":"https:\/\/www.bikun.eu\/wp-content\/uploads\/2015\/04\/bikun_product_image.jpg","type":"image\/jpeg"}],"twitter_misc":{"Tiempo de lectura":"3 minutos"},"schema":{"@context":"https:\/\/schema.org","@graph":[{"@type":"WebPage","@id":"https:\/\/www.bikun.eu\/es\/los-banos-derivativos\/","url":"https:\/\/www.bikun.eu\/es\/los-banos-derivativos\/","name":"Ba\u00f1os Derivativos - applicazioni e benefici","isPartOf":{"@id":"https:\/\/www.bikun.eu\/#website"},"primaryImageOfPage":{"@id":"https:\/\/www.bikun.eu\/es\/los-banos-derivativos\/#primaryimage"},"image":{"@id":"https:\/\/www.bikun.eu\/es\/los-banos-derivativos\/#primaryimage"},"thumbnailUrl":"https:\/\/www.bikun.eu\/wp-content\/uploads\/2015\/04\/bikun_product_image-150x150.jpg","datePublished":"2015-05-15T13:11:34+00:00","dateModified":"2015-10-14T08:07:28+00:00","description":"Cu\u00e1les son los ba\u00f1os y m\u00e9todo derivado Kuhne para el bienestar del cuerpo. Promueve el equilibrio natural del cuerpo y restaura la vitalidad.","breadcrumb":{"@id":"https:\/\/www.bikun.eu\/es\/los-banos-derivativos\/#breadcrumb"},"inLanguage":"es","potentialAction":[{"@type":"ReadAction","target":["https:\/\/www.bikun.eu\/es\/los-banos-derivativos\/"]}]},{"@type":"ImageObject","inLanguage":"es","@id":"https:\/\/www.bikun.eu\/es\/los-banos-derivativos\/#primaryimage","url":"https:\/\/www.bikun.eu\/wp-content\/uploads\/2015\/04\/bikun_product_image-150x150.jpg","contentUrl":"https:\/\/www.bikun.eu\/wp-content\/uploads\/2015\/04\/bikun_product_image-150x150.jpg"},{"@type":"BreadcrumbList","@id":"https:\/\/www.bikun.eu\/es\/los-banos-derivativos\/#breadcrumb","itemListElement":[{"@type":"ListItem","position":1,"name":"Portada","item":"https:\/\/www.bikun.eu\/es\/home\/"},{"@type":"ListItem","position":2,"name":"Los ba\u00f1os derivativos"}]},{"@type":"WebSite","@id":"https:\/\/www.bikun.eu\/#website","url":"https:\/\/www.bikun.eu\/","name":"Bikun","description":"dimagrire con i bagni derivativi","potentialAction":[{"@type":"SearchAction","target":{"@type":"EntryPoint","urlTemplate":"https:\/\/www.bikun.eu\/?s={search_term_string}"},"query-input":{"@type":"PropertyValueSpecification","valueRequired":true,"valueName":"search_term_string"}}],"inLanguage":"es"}]}},"_links":{"self":[{"href":"https:\/\/www.bikun.eu\/es\/wp-json\/wp\/v2\/pages\/31451","targetHints":{"allow":["GET"]}}],"collection":[{"href":"https:\/\/www.bikun.eu\/es\/wp-json\/wp\/v2\/pages"}],"about":[{"href":"https:\/\/www.bikun.eu\/es\/wp-json\/wp\/v2\/types\/page"}],"author":[{"embeddable":true,"href":"https:\/\/www.bikun.eu\/es\/wp-json\/wp\/v2\/users\/1"}],"replies":[{"embeddable":true,"href":"https:\/\/www.bikun.eu\/es\/wp-json\/wp\/v2\/comments?post=31451"}],"version-history":[{"count":0,"href":"https:\/\/www.bikun.eu\/es\/wp-json\/wp\/v2\/pages\/31451\/revisions"}],"wp:attachment":[{"href":"https:\/\/www.bikun.eu\/es\/wp-json\/wp\/v2\/media?parent=31451"}],"curies":[{"name":"wp","href":"https:\/\/api.w.org\/{rel}","templated":true}]}}