{"id":31462,"date":"2013-10-30T09:23:07","date_gmt":"2013-10-30T08:23:07","guid":{"rendered":"http:\/\/www.bikun.eu\/eyelife-2\/"},"modified":"2023-05-15T11:19:54","modified_gmt":"2023-05-15T09:19:54","slug":"eyelife","status":"publish","type":"page","link":"https:\/\/www.bikun.eu\/es\/eyelife\/","title":{"rendered":"Eyelife"},"content":{"rendered":"<div class=\"wpb-content-wrapper\"><p>[vc_row margin_top=\u00bb60&#8243; margin_bottom=\u00bb60&#8243;][vc_column offset=\u00bbvc_col-lg-6 vc_col-md-12 vc_col-xs-12&#8243;][vc_column_text css_animation=\u00bbfadeInLeft\u00bb]<\/p>\n<h2>Bienestar para tu ojos<\/h2>\n<p>[\/vc_column_text][vc_empty_space height=\u00bb16px\u00bb][vc_column_text]<\/p>\n<p style=\"text-align: justify;\"><strong>Eyelife<\/strong> es un <strong>bolsillo\u00a0en gel refrescante<\/strong> para el <strong>bienestar de los ojos<\/strong> que realiza en el mismo tiempo una actividad refrescante, <strong>relajante<\/strong> y <strong>revitalizante<\/strong>. Eyelife es un sistema eficaz que <strong>aplica el principio de los ba\u00f1os derivativos<\/strong> para regalar a la zona de los ojos y de la cara en general todos los beneficios de esta disciplina.<\/p>\n<p style=\"text-align: justify;\">Su <strong>aplicaci\u00f3n<\/strong> es adecuada en momentos de descanso con funci\u00f3n relajante y revitalizante o como <strong>asistente al bienestar de los ojos<\/strong> en momentos de congesti\u00f3n o de alta tensi\u00f3n ocular.<\/p>\n<p>[\/vc_column_text][vc_empty_space height=\u00bb20&#8243;][vc_empty_space height=\u00bb20px\u00bb]<div class=\"standard-arrow bullet-top\"><ul>\n<li>Da alivio y frescura a los ojos y a la cara<\/li>\n<li>Revitaliza ojos hinchados, cansados, pesados, irritados<\/li>\n<li>Alivia el estr\u00e9s ocular causado por cansancio<\/li>\n<li>Calma en caso de lesiones a los ojos o a los p\u00e1rpados<\/li>\n<li>Calma la inflamaci\u00f3n de los senos paranasales<\/li>\n<li>Refresca, vigoriza y desinfla las areas de los ojos<\/li>\n<\/ul>\n<\/div>[\/vc_column][vc_column offset=\u00bbvc_col-lg-6 vc_col-md-12 vc_col-xs-12&#8243;][vc_single_image image=\u00bb31126&#8243; img_size=\u00bbfull\u00bb alignment=\u00bbcenter\u00bb css_animation=\u00bbfadeInRight\u00bb css=\u00bb.vc_custom_1431622655726{margin-top: -60px !important;}\u00bb][vc_empty_space height=\u00bb40px\u00bb][\/vc_column][\/vc_row][vc_row animation=\u00bbzoomIn\u00bb type=\u00bb5&#8243; bg_color=\u00bb#f0f0f0&#8243; padding_top=\u00bb60px\u00bb padding_bottom=\u00bb60px\u00bb][vc_column width=\u00bb1\/2&#8243;][vc_column_text css_animation=\u00bbfadeIn\u00bb]<\/p>\n<h2 style=\"text-align: center;\">Compra Ahora EyeLife<\/h2>\n<p>[\/vc_column_text][vc_empty_space][vc_column_text css_animation=\u00bbfadeInUp\u00bb]<\/p>\n<p style=\"text-align: center;\"><a href=\"\/es\/carro\/?add-to-cart=31681\" class=\"dt-btn-l dt-btn\">A\u00f1adir al carrito &#8211; \u20ac <del>19,90<\/del> &#8211; 17,90<\/a><\/p>\n<p>[\/vc_column_text][\/vc_column][vc_column width=\u00bb1\/2&#8243;][vc_column_text]<\/p>\n<p style=\"text-align: justify;\">Creado, desarollado y producto en Italia, la aplicaci\u00f3n de EYELIFE es<strong> ideal en los momentos de relax<\/strong> o <strong>en estados de inflamaci\u00f3n o de alta tensi\u00f3n ocular.<\/strong><\/p>\n<p style=\"text-align: justify;\">Despu\u00e9s de haber resfriado el bolsillo\u00a0en el congelador<strong> aplicarlo en la cara<\/strong> para obtener un <strong>refrescante y relajante bienestar a los ojos<\/strong>. Las aplicacciones pueden ser hechas tambi\u00e9n m\u00e1s que una vez cada d\u00eda.<\/p>\n<p>[\/vc_column_text][\/vc_column][\/vc_row][vc_row][vc_column][vc_empty_space height=\u00bb60px\u00bb][vc_column_text css_animation=\u00bbfadeInDown\u00bb]<\/p>\n<h2 style=\"text-align: center;\">Aplicaciones<\/h2>\n<p>[\/vc_column_text][vc_empty_space height=\u00bb60px\u00bb][\/vc_column][\/vc_row][vc_row][vc_column]<section id=\"benefits-grid-1\" class=\"benefits-grid wf-container benefits-style-one icons-bg accent-bg accent-hover-bg custom-icon-color custom-icon-hover-color\" data-width=\"350px\" data-columns=\"2\"><style type=\"text\/css\">#benefits-grid-1.icons-bg .benefits-grid-ico { height: 36px; line-height: 36px; width: 36px;-webkit-border-radius: 100px;-moz-border-radius: 100px;-ms-border-radius: 100px;-o-border-radius: 100px;border-radius: 100px; }#benefits-grid-1.icons-bg .benefits-grid-ico > .fa { font-size: 20px; line-height: 36px; }#benefits-grid-1.custom-icon-color .benefits-grid-ico > .fa,\n\t\t\t\t\t#benefits-grid-1.custom-icon-color .benefits-grid-ico > .fa:before { color: #ffffff; }#benefits-grid-1.custom-icon-hover-color a.benefits-grid-ico:hover > .fa,\n\t\t\t\t\t#benefits-grid-1.custom-icon-hover-color a.benefits-grid-ico:hover > .fa:before { color: #dddddd; -webkit-text-fill-color: #dddddd; }<\/style><div class=\"wf-cell\"><div><div class=\"text-big\"><div class=\"wf-table\"><div class=\"wf-td\"><a href=\"#\" class=\"benefits-grid-ico fadeInLeft animate-element\"><i class=\"fa fa-magic\"><\/i><\/a><\/div><div class=\"wf-td\"><h5>Uso estetico<\/h5><\/div><\/div><p style=\"text-align: justify;\">Ideal para las mujeres es la <strong>aplicaci\u00f3n de EYELIFE en la cara sin maquillaje<\/strong>, refrigerado en refrigerador o congelador, depende de la tolerabilidad personal , porque <strong>favorece el maquillaje<\/strong>, <strong>fortalece los p\u00e1rpados<\/strong> y la <strong>zona ocular<\/strong>. Aplicando el principio de los <strong>ba\u00f1os derivativos<\/strong>, la <strong>piel de la cara<\/strong> parece <strong>tonica<\/strong>, <strong>vigorizada<\/strong> y <strong>se evita la formaci\u00f3n de arrugas.<\/strong><\/p>\n<\/div><\/div><\/div><div class=\"wf-cell\"><div><div class=\"text-big\"><div class=\"wf-table\"><div class=\"wf-td\"><a href=\"#\" class=\"benefits-grid-ico fadeInLeft animate-element\"><i class=\"fa fa-user\"><\/i><\/a><\/div><div class=\"wf-td\"><h5>Dolor de cabeza<\/h5><\/div><\/div><p style=\"text-align: justify;\">Lo que comunmente se define \u00ab<strong> dolor de cabeza<\/strong>\u00bb puede ser<strong> causado por muchos factores<\/strong> relacionados con las condiciones de estr\u00e9s o de mala salud. Uno de estos es financiado por la obstrucci\u00f3n de los senos nasales, a menudo causa de migra\u00f1as y dolores de cabeza, tambi\u00e9n en asociaci\u00f3n con sinusitis y rinitis alergica al polen. La aplicaci\u00f3n de <strong>Eyelife alivia los sintomos.<\/strong><\/p>\n<\/div><\/div><\/div><div class=\"wf-cell\"><div><div class=\"text-big\"><div class=\"wf-table\"><div class=\"wf-td\"><a href=\"#\" class=\"benefits-grid-ico fadeInLeft animate-element\"><i class=\"fa fa-eye\"><\/i><\/a><\/div><div class=\"wf-td\"><h5>Afectos de los ojos<\/h5><\/div><\/div><p style=\"text-align: justify;\">Ideal para la <strong>prevenci\u00f3n<\/strong> o como eficaz <strong>resoluci\u00f3n<\/strong> de las <strong>cuestiones<\/strong> que pueden tener los <strong>ojos<\/strong> pero tambi\u00e9n los p\u00e1rpados y los bordes de los p\u00e1rpados, como por ejemplo: <strong>conjuntivitis, orzuelos, blefaritis y calazio. Aplicar Eyelife<\/strong> despu\u00e9s de haberlo resfriado por lo menos 60 minutos en el refrigerador o en congelador depende de la tolerabilidad personal.<\/p>\n<\/div><\/div><\/div><div class=\"wf-cell\"><div><div class=\"text-big\"><div class=\"wf-table\"><div class=\"wf-td\"><a href=\"#\" class=\"benefits-grid-ico fadeInLeft animate-element\"><i class=\"fa fa-plus\"><\/i><\/a><\/div><div class=\"wf-td\"><h5>Hinchaz\u00f3n y Enrojecimiento<\/h5><\/div><\/div><p style=\"text-align: justify;\"><strong>Eyelife<\/strong> opera una<strong> acci\u00f3n decongestionante, calmante y de drenaje de los globos oculares<\/strong> y del <strong>alrededor de los ojos<\/strong>. Ayuda a relajar y desinflar los bolsos bajo los ojos. Ofrece un <strong>alivio debido a circumstancias de excesivo estr\u00e9s y alta tensi\u00f3n a los ojos<\/strong> como exposici\u00f3n a la pantalla del ordenador, al viento, al exceso de sol y al uso de las lentillas.<\/p>\n<\/div><\/div><\/div><\/section>[vc_empty_space height=\u00bb60px\u00bb][\/vc_column][\/vc_row][vc_row margin_bottom=\u00bb-30px\u00bb type=\u00bb5&#8243; bg_color=\u00bb#f0f0f0&#8243; padding_top=\u00bb60px\u00bb padding_bottom=\u00bb60px\u00bb][vc_column width=\u00bb1\/3&#8243;][vc_column_text css_animation=\u00bbfadeInLeft\u00bb]<\/p>\n<h3>Certificaciones<\/h3>\n<p>[\/vc_column_text][vc_empty_space height=\u00bb24px\u00bb][vc_single_image image=\u00bb30848&#8243; img_size=\u00bbfull\u00bb css_animation=\u00bbzoomInLeft\u00bb el_class=\u00bbcertific\u00bb][\/vc_column][vc_column width=\u00bb2\/3&#8243; animation=\u00bbzoomInRight\u00bb][vc_accordion][vc_accordion_tab title=\u00bbUso\u00bb][vc_column_text]<\/p>\n<p style=\"text-align: justify;\">Enfriar el bolsillo\u00a0de gel por lo menos<strong> 60 min en un congelador o en refrigerador<\/strong> depende de la tolerabilidad personal, <strong>aplicarlo<\/strong> despu\u00e9s<strong> en la cara<\/strong>. Las <strong>aplicaciones<\/strong> pueden ser hechas<strong> m\u00e1s que una vez al d\u00eda<\/strong> y tambi\u00e9n durante momentos de descanso y de relax<strong>.<\/strong><\/p>\n<p>[\/vc_column_text][vc_empty_space height=\u00bb20px\u00bb][\/vc_accordion_tab][vc_accordion_tab title=\u00bbComposici\u00f3n\u00bb][vc_column_text]<\/p>\n<p style=\"text-align: justify;\"><strong>GEL no t\u00f3xico<\/strong>: agua destilado, celulosa, colorante alimentario y aditivos. En caso de contacto accidental con la piel enjuague con agua sin frotar.<\/p>\n<p style=\"text-align: justify;\"><strong>Cubierta externa<\/strong>: bolsillo\u00a0anatomico, totalmente as\u00e9ptico e hipoalerg\u00e9nico,tiene una alta resistencia mecanica al frotar coninuo,soldada de alta frecuencia a dibujo y rellenado con casi <strong>90 gr de gel viscoso.<\/strong><\/p>\n<p style=\"text-align: justify;\">A garant\u00eda de la m\u00e1xima higiene el producto est\u00e1 cerrado en un envaso al vac\u00edo.<\/p>\n<p>[\/vc_column_text][vc_empty_space height=\u00bb20px\u00bb][\/vc_accordion_tab][vc_accordion_tab title=\u00bbAdvertencias y Certificaciones\u00bb][vc_column_text]<\/p>\n<p style=\"text-align: justify;\"><strong>Adecuado tanto para hombres y para mujeres<\/strong> el bolsillo\u00a0por la cara EYELIFE tiene que ser aplicada seg\u00fan las indicaciones descritas arriba y<strong> no tiene que ser utilizada para propositos diferentes de los indicados.<\/strong><\/p>\n<p style=\"text-align: justify;\">El producto es <strong>certificado del Ministero de la Salud<\/strong> como Dispositivo Medico de clase 1- numero de grabaci\u00f3n 1269624.<\/p>\n<p>[\/vc_column_text][vc_empty_space height=\u00bb20px\u00bb][\/vc_accordion_tab][\/vc_accordion][\/vc_column][\/vc_row]<\/p>\n<\/div>","protected":false},"excerpt":{"rendered":"<p>[vc_row margin_top=\u00bb60&#8243; margin_bottom=\u00bb60&#8243;][vc_column offset=\u00bbvc_col-lg-6 vc_col-md-12 vc_col-xs-12&#8243;][vc_column_text css_animation=\u00bbfadeInLeft\u00bb] Bienestar para tu ojos [\/vc_column_text][vc_empty_space height=\u00bb16px\u00bb][vc_column_text] Eyelife es un bolsillo\u00a0en gel refrescante para el bienestar de los ojos que realiza en el mismo tiempo una actividad refrescante, relajante y revitalizante. Eyelife es un sistema eficaz que aplica el principio de los ba\u00f1os derivativos para regalar a la zona&hellip;<\/p>\n","protected":false},"author":1,"featured_media":0,"parent":0,"menu_order":4,"comment_status":"closed","ping_status":"closed","template":"","meta":{"footnotes":""},"class_list":["post-31462","page","type-page","status-publish","hentry","description-off"],"yoast_head":"<!-- This site is optimized with the Yoast SEO plugin v27.3 - https:\/\/yoast.com\/product\/yoast-seo-wordpress\/ -->\n<title>Eyelife - Cuscino rinfrescante per gli occhi - Bagni derivativi<\/title>\n<meta name=\"description\" content=\"Cuscinetto rinfrescante Eyelife per gli occhi. Contribuisce ad alleviare i disturbi degli occhi, la febbre e produce effetti benefici per l&#039;organismo.\" \/>\n<meta name=\"robots\" content=\"index, follow, max-snippet:-1, max-image-preview:large, max-video-preview:-1\" \/>\n<link rel=\"canonical\" href=\"https:\/\/www.bikun.eu\/es\/eyelife\/\" \/>\n<meta property=\"og:locale\" content=\"es_ES\" \/>\n<meta property=\"og:type\" content=\"article\" \/>\n<meta property=\"og:title\" content=\"Eyelife - Cuscino rinfrescante per gli occhi - Bagni derivativi\" \/>\n<meta property=\"og:description\" content=\"Cuscinetto rinfrescante Eyelife per gli occhi. Contribuisce ad alleviare i disturbi degli occhi, la febbre e produce effetti benefici per l&#039;organismo.\" \/>\n<meta property=\"og:url\" content=\"https:\/\/www.bikun.eu\/es\/eyelife\/\" \/>\n<meta property=\"og:site_name\" content=\"Bikun\" \/>\n<meta property=\"article:modified_time\" content=\"2023-05-15T09:19:54+00:00\" \/>\n<meta name=\"twitter:label1\" content=\"Tiempo de lectura\" \/>\n\t<meta name=\"twitter:data1\" content=\"4 minutos\" \/>\n<script type=\"application\/ld+json\" class=\"yoast-schema-graph\">{\"@context\":\"https:\\\/\\\/schema.org\",\"@graph\":[{\"@type\":\"WebPage\",\"@id\":\"https:\\\/\\\/www.bikun.eu\\\/es\\\/eyelife\\\/\",\"url\":\"https:\\\/\\\/www.bikun.eu\\\/es\\\/eyelife\\\/\",\"name\":\"Eyelife - Cuscino rinfrescante per gli occhi - Bagni derivativi\",\"isPartOf\":{\"@id\":\"https:\\\/\\\/www.bikun.eu\\\/#website\"},\"datePublished\":\"2013-10-30T08:23:07+00:00\",\"dateModified\":\"2023-05-15T09:19:54+00:00\",\"description\":\"Cuscinetto rinfrescante Eyelife per gli occhi. Contribuisce ad alleviare i disturbi degli occhi, la febbre e produce effetti benefici per l'organismo.\",\"breadcrumb\":{\"@id\":\"https:\\\/\\\/www.bikun.eu\\\/es\\\/eyelife\\\/#breadcrumb\"},\"inLanguage\":\"es\",\"potentialAction\":[{\"@type\":\"ReadAction\",\"target\":[\"https:\\\/\\\/www.bikun.eu\\\/es\\\/eyelife\\\/\"]}]},{\"@type\":\"BreadcrumbList\",\"@id\":\"https:\\\/\\\/www.bikun.eu\\\/es\\\/eyelife\\\/#breadcrumb\",\"itemListElement\":[{\"@type\":\"ListItem\",\"position\":1,\"name\":\"Portada\",\"item\":\"https:\\\/\\\/www.bikun.eu\\\/es\\\/home\\\/\"},{\"@type\":\"ListItem\",\"position\":2,\"name\":\"Eyelife\"}]},{\"@type\":\"WebSite\",\"@id\":\"https:\\\/\\\/www.bikun.eu\\\/#website\",\"url\":\"https:\\\/\\\/www.bikun.eu\\\/\",\"name\":\"Bikun\",\"description\":\"dimagrire con i bagni derivativi\",\"potentialAction\":[{\"@type\":\"SearchAction\",\"target\":{\"@type\":\"EntryPoint\",\"urlTemplate\":\"https:\\\/\\\/www.bikun.eu\\\/?s={search_term_string}\"},\"query-input\":{\"@type\":\"PropertyValueSpecification\",\"valueRequired\":true,\"valueName\":\"search_term_string\"}}],\"inLanguage\":\"es\"}]}<\/script>\n<!-- \/ Yoast SEO plugin. -->","yoast_head_json":{"title":"Eyelife - Cuscino rinfrescante per gli occhi - Bagni derivativi","description":"Cuscinetto rinfrescante Eyelife per gli occhi. Contribuisce ad alleviare i disturbi degli occhi, la febbre e produce effetti benefici per l'organismo.","robots":{"index":"index","follow":"follow","max-snippet":"max-snippet:-1","max-image-preview":"max-image-preview:large","max-video-preview":"max-video-preview:-1"},"canonical":"https:\/\/www.bikun.eu\/es\/eyelife\/","og_locale":"es_ES","og_type":"article","og_title":"Eyelife - Cuscino rinfrescante per gli occhi - Bagni derivativi","og_description":"Cuscinetto rinfrescante Eyelife per gli occhi. Contribuisce ad alleviare i disturbi degli occhi, la febbre e produce effetti benefici per l'organismo.","og_url":"https:\/\/www.bikun.eu\/es\/eyelife\/","og_site_name":"Bikun","article_modified_time":"2023-05-15T09:19:54+00:00","twitter_misc":{"Tiempo de lectura":"4 minutos"},"schema":{"@context":"https:\/\/schema.org","@graph":[{"@type":"WebPage","@id":"https:\/\/www.bikun.eu\/es\/eyelife\/","url":"https:\/\/www.bikun.eu\/es\/eyelife\/","name":"Eyelife - Cuscino rinfrescante per gli occhi - Bagni derivativi","isPartOf":{"@id":"https:\/\/www.bikun.eu\/#website"},"datePublished":"2013-10-30T08:23:07+00:00","dateModified":"2023-05-15T09:19:54+00:00","description":"Cuscinetto rinfrescante Eyelife per gli occhi. Contribuisce ad alleviare i disturbi degli occhi, la febbre e produce effetti benefici per l'organismo.","breadcrumb":{"@id":"https:\/\/www.bikun.eu\/es\/eyelife\/#breadcrumb"},"inLanguage":"es","potentialAction":[{"@type":"ReadAction","target":["https:\/\/www.bikun.eu\/es\/eyelife\/"]}]},{"@type":"BreadcrumbList","@id":"https:\/\/www.bikun.eu\/es\/eyelife\/#breadcrumb","itemListElement":[{"@type":"ListItem","position":1,"name":"Portada","item":"https:\/\/www.bikun.eu\/es\/home\/"},{"@type":"ListItem","position":2,"name":"Eyelife"}]},{"@type":"WebSite","@id":"https:\/\/www.bikun.eu\/#website","url":"https:\/\/www.bikun.eu\/","name":"Bikun","description":"dimagrire con i bagni derivativi","potentialAction":[{"@type":"SearchAction","target":{"@type":"EntryPoint","urlTemplate":"https:\/\/www.bikun.eu\/?s={search_term_string}"},"query-input":{"@type":"PropertyValueSpecification","valueRequired":true,"valueName":"search_term_string"}}],"inLanguage":"es"}]}},"_links":{"self":[{"href":"https:\/\/www.bikun.eu\/es\/wp-json\/wp\/v2\/pages\/31462","targetHints":{"allow":["GET"]}}],"collection":[{"href":"https:\/\/www.bikun.eu\/es\/wp-json\/wp\/v2\/pages"}],"about":[{"href":"https:\/\/www.bikun.eu\/es\/wp-json\/wp\/v2\/types\/page"}],"author":[{"embeddable":true,"href":"https:\/\/www.bikun.eu\/es\/wp-json\/wp\/v2\/users\/1"}],"replies":[{"embeddable":true,"href":"https:\/\/www.bikun.eu\/es\/wp-json\/wp\/v2\/comments?post=31462"}],"version-history":[{"count":1,"href":"https:\/\/www.bikun.eu\/es\/wp-json\/wp\/v2\/pages\/31462\/revisions"}],"predecessor-version":[{"id":38526,"href":"https:\/\/www.bikun.eu\/es\/wp-json\/wp\/v2\/pages\/31462\/revisions\/38526"}],"wp:attachment":[{"href":"https:\/\/www.bikun.eu\/es\/wp-json\/wp\/v2\/media?parent=31462"}],"curies":[{"name":"wp","href":"https:\/\/api.w.org\/{rel}","templated":true}]}}