{"id":31476,"date":"2015-05-16T15:55:23","date_gmt":"2015-05-16T13:55:23","guid":{"rendered":"http:\/\/www.bikun.eu\/diritto-di-recesso-2\/"},"modified":"2020-05-04T01:52:40","modified_gmt":"2020-05-03T23:52:40","slug":"derecho-de-desistimiento","status":"publish","type":"page","link":"https:\/\/www.bikun.eu\/es\/derecho-de-desistimiento\/","title":{"rendered":"Derecho de desistimiento"},"content":{"rendered":"<div class=\"wpb-content-wrapper\"><p>[vc_row][vc_column][vc_row_inner][vc_column_inner width=\u00bb2\/3&#8243;][vc_column_text]<\/p>\n<h3>Condiciones generales<\/h3>\n<p>[\/vc_column_text][vc_empty_space height=\u00bb16px\u00bb][vc_column_text]<\/p>\n<p style=\"text-align: justify;\">La retirada derecho puede ejercerse en cualquier momento despu\u00e9s de completar el proceso de compra y en todo caso d<strong>entro de los 20 d\u00edas naturales consecutivos siguientes a la recepci\u00f3n de los bienes<\/strong> , mediante notificaci\u00f3n al se\u00f1alar a <strong>Punto Salute e Benessere\u00a0de Busca Sergio<\/strong> la voluntad\u00a0 de ejercer este derecho y proporcionar la siguientes datos:<\/p>\n<ul style=\"text-align: justify;\">\n<li style=\"text-align: justify;\">\n<p id=\"tw-target-text\" class=\"tw-data-text vk_txt tw-ta tw-text-small\" dir=\"ltr\" data-placeholder=\"Traduzione\"><span lang=\"es\">N\u00famero y fecha de recepci\u00f3n de la factura;<\/span><\/p>\n<\/li>\n<li style=\"text-align: justify;\">\n<p id=\"tw-target-text\" class=\"tw-data-text vk_txt tw-ta tw-text-small\" dir=\"ltr\" style=\"text-align: justify;\" data-placeholder=\"Traduzione\"><span lang=\"es\">En caso de retirada parcial , descripci\u00f3n y cantidad \u00bb de los productos que desea devolver y el banco en el que obtener la transferencia de la devoluci\u00f3n ( ABI C\u00d3DIGO CAB- c\u00f3digo C \/ C BANK) .<\/span><\/p>\n<\/li>\n<\/ul>\n<p style=\"text-align: justify;\">En el caso de que el titular de la cuenta era diferente de la de la factura debe ser mencionado.<\/p>\n<p class=\"tw-data-text vk_txt tw-ta tw-text-small\" dir=\"ltr\" style=\"text-align: justify;\" data-placeholder=\"Traduzione\"><span lang=\"es\">Como alternativa a la devoluci\u00f3n por transferencia bancaria el consumidor puede elegir , dando aviso de que la misma se har\u00e1 mediante la entrega de un cheque bancario .<\/span><\/p>\n<p style=\"text-align: justify;\">La notificaci\u00f3n de retiro y los datos solicitados anteriormente puede ser transmitida a Bikun.eu de las siguientes maneras:<\/p>\n<ul style=\"text-align: justify;\">\n<li>\n<p id=\"tw-target-text\" class=\"tw-data-text vk_txt tw-ta tw-text-small\" dir=\"ltr\" data-placeholder=\"Traduzione\"><span lang=\"es\">El env\u00edo de un e- mail a: <strong>info@bikun.eu<\/strong>;<\/span><\/p>\n<\/li>\n<li>\n<p id=\"tw-target-text\" class=\"tw-data-text vk_txt tw-ta tw-text-small\" dir=\"ltr\" data-placeholder=\"Traduzione\"><span lang=\"es\">Llamando al siguiente n\u00famero: +39.049.57.36.975 ; Mediante el env\u00edo de una carta por correo certificado con acuse de recibo a la siguiente direcci\u00f3n: <strong>Punto Salute e Benessere di\u00a0 Busca Sergio con sede legale in Padova (PD) Piazza del Santo 14A &#8211; CAP 35123.<\/strong><\/span><\/p>\n<\/li>\n<\/ul>\n<p style=\"text-align: justify;\">Al mismo bikun.eu direcci\u00f3n , dentro de los 20 d\u00edas de la recepci\u00f3n de los bienes , el consumidor tendr\u00e1 que hacer arreglos para su regreso (total o parcial ) por paquete postal ordinario.<\/p>\n<p id=\"tw-target-text\" class=\"tw-data-text vk_txt tw-ta tw-text-small\" dir=\"ltr\" style=\"text-align: justify;\" data-placeholder=\"Traduzione\"><span lang=\"es\">El reembolso de cualquier cantidad ya abonada y que corresponde a la totalidad del pedido (incluyendo los gastos de env\u00edo de cotizaci\u00f3n) , o la parte de los productos para los que se retira ( en este caso, excluidos los gastos de env\u00edo de la contribuci\u00f3n ) se realizar\u00e1 con el m\u00e9todo elegido y de forma gratuita, dentro de los 14 d\u00edas del env\u00edo de la mercanc\u00eda por parte del consumidor .<\/span><\/p>\n<p>[\/vc_column_text][\/vc_column_inner][vc_column_inner width=\u00bb1\/3&#8243;][vc_column_text]<\/p>\n<h3>Derecho de desistimiento<\/h3>\n<p>[\/vc_column_text][vc_empty_space height=\u00bb16px\u00bb][vc_column_text]<\/p>\n<div id=\"tw-target-text-container\" class=\"tw-ta-container tw-nfl\">\n<p id=\"tw-target-text\" class=\"tw-data-text vk_txt tw-ta tw-text-small\" dir=\"ltr\" style=\"text-align: justify;\" data-placeholder=\"Traduzione\"><span lang=\"es\">El Decreto Legislativo 22\/05\/1999 n.185 sobre la protecci\u00f3n de los consumidores en materia de contratos a distancia , el art\u00edculo 5 ofrece la oportunidad para que el consumidor ejerza el derecho de desistimiento.<\/span><\/p>\n<p id=\"tw-target-text\" class=\"tw-data-text vk_txt tw-ta tw-text-small\" dir=\"ltr\" style=\"text-align: justify;\" data-placeholder=\"Traduzione\"><span lang=\"es\">Este derecho es la posibilidad , exclusivamente en favor del consumidor a rescindir el modo incondicional , es decir, sin costo alguno y sin tener que dar ninguna explicaci\u00f3n bikun.eu . Sin embargo, el cliente debe devolver los productos comprados pueden ya han recibido.<\/span><\/p>\n<\/div>\n<p style=\"text-align: justify;\"><strong>Bikun.eu\u00a0<\/strong>reembolsar\u00e1 al consumidor la suma finalmente ya pagado en concepto de pago del precio de los productos y la contribuci\u00f3n de env\u00edo.<\/p>\n<p>[\/vc_column_text][\/vc_column_inner][\/vc_row_inner][\/vc_column][\/vc_row][vc_row][vc_column][vc_raw_js]JTNDc2NyaXB0JTIwdHlwZSUzRCUyMnRleHQlMkZqYXZhc2NyaXB0JTIyJTNFJTBBdmFyJTIwJTI0aiUyMCUzRCUyMGpRdWVyeSUzQiUwQSUyNGolMjglMjIlMjNmYW5jeS1oZWFkZXIlMjBoMSUyMHNwYW4lM0Fjb250YWlucyUyOCUyN0Rpcml0dG8lMjBkaSUyMHJlY2Vzc28lMjclMjklMjIlMjkuaHRtbCUyOCUyMkRlcmVjaG8lMjBkZSUyMGRlc2lzdGltaWVudG8lMjIlMjklM0IlMEElM0MlMkZzY3JpcHQlM0U=[\/vc_raw_js][\/vc_column][\/vc_row]<\/p>\n<\/div>","protected":false},"excerpt":{"rendered":"<p>[vc_row][vc_column][vc_row_inner][vc_column_inner width=\u00bb2\/3&#8243;][vc_column_text] Condiciones generales [\/vc_column_text][vc_empty_space height=\u00bb16px\u00bb][vc_column_text] La retirada derecho puede ejercerse en cualquier momento despu\u00e9s de completar el proceso de compra y en todo caso dentro de los 20 d\u00edas naturales consecutivos siguientes a la recepci\u00f3n de los bienes , mediante notificaci\u00f3n al se\u00f1alar a Punto Salute e Benessere\u00a0de Busca Sergio la voluntad\u00a0 de ejercer&hellip;<\/p>\n","protected":false},"author":1,"featured_media":0,"parent":0,"menu_order":0,"comment_status":"closed","ping_status":"closed","template":"","meta":{"footnotes":""},"class_list":["post-31476","page","type-page","status-publish","hentry","description-off"],"yoast_head":"<!-- This site is optimized with the Yoast SEO plugin v27.3 - https:\/\/yoast.com\/product\/yoast-seo-wordpress\/ -->\n<title>Derecho de desistimiento<\/title>\n<meta name=\"description\" content=\"Los tiempos y las condiciones de ejercicio del derecho de desistimiento sobre la compra de productos Bikun.\" \/>\n<meta name=\"robots\" content=\"index, follow, max-snippet:-1, max-image-preview:large, max-video-preview:-1\" \/>\n<link rel=\"canonical\" href=\"https:\/\/www.bikun.eu\/es\/derecho-de-desistimiento\/\" \/>\n<meta property=\"og:locale\" content=\"es_ES\" \/>\n<meta property=\"og:type\" content=\"article\" \/>\n<meta property=\"og:title\" content=\"Derecho de desistimiento\" \/>\n<meta property=\"og:description\" content=\"Los tiempos y las condiciones de ejercicio del derecho de desistimiento sobre la compra de productos Bikun.\" \/>\n<meta property=\"og:url\" content=\"https:\/\/www.bikun.eu\/es\/derecho-de-desistimiento\/\" \/>\n<meta property=\"og:site_name\" content=\"Bikun\" \/>\n<meta property=\"article:modified_time\" content=\"2020-05-03T23:52:40+00:00\" \/>\n<meta name=\"twitter:label1\" content=\"Tiempo de lectura\" \/>\n\t<meta name=\"twitter:data1\" content=\"3 minutos\" \/>\n<script type=\"application\/ld+json\" class=\"yoast-schema-graph\">{\"@context\":\"https:\\\/\\\/schema.org\",\"@graph\":[{\"@type\":\"WebPage\",\"@id\":\"https:\\\/\\\/www.bikun.eu\\\/es\\\/derecho-de-desistimiento\\\/\",\"url\":\"https:\\\/\\\/www.bikun.eu\\\/es\\\/derecho-de-desistimiento\\\/\",\"name\":\"Derecho de desistimiento\",\"isPartOf\":{\"@id\":\"https:\\\/\\\/www.bikun.eu\\\/#website\"},\"datePublished\":\"2015-05-16T13:55:23+00:00\",\"dateModified\":\"2020-05-03T23:52:40+00:00\",\"description\":\"Los tiempos y las condiciones de ejercicio del derecho de desistimiento sobre la compra de productos Bikun.\",\"breadcrumb\":{\"@id\":\"https:\\\/\\\/www.bikun.eu\\\/es\\\/derecho-de-desistimiento\\\/#breadcrumb\"},\"inLanguage\":\"es\",\"potentialAction\":[{\"@type\":\"ReadAction\",\"target\":[\"https:\\\/\\\/www.bikun.eu\\\/es\\\/derecho-de-desistimiento\\\/\"]}]},{\"@type\":\"BreadcrumbList\",\"@id\":\"https:\\\/\\\/www.bikun.eu\\\/es\\\/derecho-de-desistimiento\\\/#breadcrumb\",\"itemListElement\":[{\"@type\":\"ListItem\",\"position\":1,\"name\":\"Portada\",\"item\":\"https:\\\/\\\/www.bikun.eu\\\/es\\\/home\\\/\"},{\"@type\":\"ListItem\",\"position\":2,\"name\":\"Derecho de desistimiento\"}]},{\"@type\":\"WebSite\",\"@id\":\"https:\\\/\\\/www.bikun.eu\\\/#website\",\"url\":\"https:\\\/\\\/www.bikun.eu\\\/\",\"name\":\"Bikun\",\"description\":\"dimagrire con i bagni derivativi\",\"potentialAction\":[{\"@type\":\"SearchAction\",\"target\":{\"@type\":\"EntryPoint\",\"urlTemplate\":\"https:\\\/\\\/www.bikun.eu\\\/?s={search_term_string}\"},\"query-input\":{\"@type\":\"PropertyValueSpecification\",\"valueRequired\":true,\"valueName\":\"search_term_string\"}}],\"inLanguage\":\"es\"}]}<\/script>\n<!-- \/ Yoast SEO plugin. -->","yoast_head_json":{"title":"Derecho de desistimiento","description":"Los tiempos y las condiciones de ejercicio del derecho de desistimiento sobre la compra de productos Bikun.","robots":{"index":"index","follow":"follow","max-snippet":"max-snippet:-1","max-image-preview":"max-image-preview:large","max-video-preview":"max-video-preview:-1"},"canonical":"https:\/\/www.bikun.eu\/es\/derecho-de-desistimiento\/","og_locale":"es_ES","og_type":"article","og_title":"Derecho de desistimiento","og_description":"Los tiempos y las condiciones de ejercicio del derecho de desistimiento sobre la compra de productos Bikun.","og_url":"https:\/\/www.bikun.eu\/es\/derecho-de-desistimiento\/","og_site_name":"Bikun","article_modified_time":"2020-05-03T23:52:40+00:00","twitter_misc":{"Tiempo de lectura":"3 minutos"},"schema":{"@context":"https:\/\/schema.org","@graph":[{"@type":"WebPage","@id":"https:\/\/www.bikun.eu\/es\/derecho-de-desistimiento\/","url":"https:\/\/www.bikun.eu\/es\/derecho-de-desistimiento\/","name":"Derecho de desistimiento","isPartOf":{"@id":"https:\/\/www.bikun.eu\/#website"},"datePublished":"2015-05-16T13:55:23+00:00","dateModified":"2020-05-03T23:52:40+00:00","description":"Los tiempos y las condiciones de ejercicio del derecho de desistimiento sobre la compra de productos Bikun.","breadcrumb":{"@id":"https:\/\/www.bikun.eu\/es\/derecho-de-desistimiento\/#breadcrumb"},"inLanguage":"es","potentialAction":[{"@type":"ReadAction","target":["https:\/\/www.bikun.eu\/es\/derecho-de-desistimiento\/"]}]},{"@type":"BreadcrumbList","@id":"https:\/\/www.bikun.eu\/es\/derecho-de-desistimiento\/#breadcrumb","itemListElement":[{"@type":"ListItem","position":1,"name":"Portada","item":"https:\/\/www.bikun.eu\/es\/home\/"},{"@type":"ListItem","position":2,"name":"Derecho de desistimiento"}]},{"@type":"WebSite","@id":"https:\/\/www.bikun.eu\/#website","url":"https:\/\/www.bikun.eu\/","name":"Bikun","description":"dimagrire con i bagni derivativi","potentialAction":[{"@type":"SearchAction","target":{"@type":"EntryPoint","urlTemplate":"https:\/\/www.bikun.eu\/?s={search_term_string}"},"query-input":{"@type":"PropertyValueSpecification","valueRequired":true,"valueName":"search_term_string"}}],"inLanguage":"es"}]}},"_links":{"self":[{"href":"https:\/\/www.bikun.eu\/es\/wp-json\/wp\/v2\/pages\/31476","targetHints":{"allow":["GET"]}}],"collection":[{"href":"https:\/\/www.bikun.eu\/es\/wp-json\/wp\/v2\/pages"}],"about":[{"href":"https:\/\/www.bikun.eu\/es\/wp-json\/wp\/v2\/types\/page"}],"author":[{"embeddable":true,"href":"https:\/\/www.bikun.eu\/es\/wp-json\/wp\/v2\/users\/1"}],"replies":[{"embeddable":true,"href":"https:\/\/www.bikun.eu\/es\/wp-json\/wp\/v2\/comments?post=31476"}],"version-history":[{"count":2,"href":"https:\/\/www.bikun.eu\/es\/wp-json\/wp\/v2\/pages\/31476\/revisions"}],"predecessor-version":[{"id":34884,"href":"https:\/\/www.bikun.eu\/es\/wp-json\/wp\/v2\/pages\/31476\/revisions\/34884"}],"wp:attachment":[{"href":"https:\/\/www.bikun.eu\/es\/wp-json\/wp\/v2\/media?parent=31476"}],"curies":[{"name":"wp","href":"https:\/\/api.w.org\/{rel}","templated":true}]}}