{"id":31697,"date":"2015-05-15T19:16:48","date_gmt":"2015-05-15T17:16:48","guid":{"rendered":"http:\/\/www.bikun.eu\/spedizioni-e-consegne-2\/"},"modified":"2022-04-26T09:43:14","modified_gmt":"2022-04-26T07:43:14","slug":"envios-y-entregas","status":"publish","type":"page","link":"https:\/\/www.bikun.eu\/es\/envios-y-entregas\/","title":{"rendered":"Env\u00edos y entregas"},"content":{"rendered":"<div class=\"wpb-content-wrapper\"><p>[vc_row][vc_column][vc_row_inner][vc_column_inner width=\u00bb2\/3&#8243;][vc_column_text]<\/p>\n<h3>Env\u00edos<\/h3>\n<p>[\/vc_column_text][vc_empty_space height=\u00bb16px\u00bb][vc_column_text]<\/p>\n<p id=\"tw-target-text\" class=\"tw-data-text vk_txt tw-ta tw-text-small\" dir=\"ltr\" style=\"text-align: justify;\" data-placeholder=\"Traduzione\"><span lang=\"es\"><strong>BIKUN.EU<\/strong> har\u00e1, despu\u00e9s de la conclusi\u00f3n de la orden, un correo electr\u00f3nico confirmando la recepci\u00f3n del pedido ; se invita al cliente para imprimir el correo electr\u00f3nico y almacenarlo.<\/span><\/p>\n<p id=\"tw-target-text\" class=\"tw-data-text vk_txt tw-ta tw-text-small\" dir=\"ltr\" style=\"text-align: justify;\" data-placeholder=\"Traduzione\"><span lang=\"es\">Si no se recibe , se le pide al cliente en contacto con <strong>BIKUN.EU<\/strong> . En el caso de un posible fallo , aunque sea temporalmente , para procesar su pedido en un <strong>BIKUN.EU<\/strong> parcial o total enviar\u00e1 inmediatamente un e -mail para hacer los arreglos con el cliente , siempre que la oportunidad para que el cliente pueda solicitar la anulaci\u00f3n parcial orden.<\/span><\/p>\n<p style=\"text-align: justify;\"><span style=\"color: #3dd1c6;\"><strong>Entregas<\/strong><\/span><\/p>\n<p id=\"tw-target-text\" class=\"tw-data-text vk_txt tw-ta tw-text-small\" dir=\"ltr\" style=\"text-align: justify;\" data-placeholder=\"Traduzione\"><span lang=\"es\"><strong>BIKUN.EU<\/strong> para la prestaci\u00f3n de servicios en toda Italia y en el mundo utiliza un socio de prestigio absoluto:\u00a0BRT-DPD y DHL.<\/span><\/p>\n<p id=\"tw-target-text\" class=\"tw-data-text vk_txt tw-ta tw-text-small\" dir=\"ltr\" style=\"text-align: justify;\" data-placeholder=\"Traduzione\"><span lang=\"es\">Normalmente para los pedidos recibidos antes de las 10.30 del procesamiento de pedidos se realiza en el mismo d\u00eda y la entrega se realiza dentro de 4 d\u00edas laborables. Para los pedidos recibidos despu\u00e9s de las 10:30 de procesamiento tiene lugar el d\u00eda siguiente <\/span><\/p>\n<p id=\"tw-target-text\" class=\"tw-data-text vk_txt tw-ta tw-text-small\" dir=\"ltr\" style=\"text-align: justify;\" data-placeholder=\"Traduzione\"><strong><span lang=\"es\">Entregamos hasta un m\u00e1ximo de 2.000 gramos.<\/span><\/strong><\/p>\n<p style=\"text-align: justify;\"><strong>N.B.<br \/>\n<\/strong><\/p>\n<p id=\"tw-target-text\" class=\"tw-data-text vk_txt tw-ta tw-text-small\" dir=\"ltr\" style=\"text-align: justify;\" data-placeholder=\"Traduzione\"><span lang=\"es\">Los tiempos son como indica el <strong>Poste Italiane SPA<\/strong>\u00a0y por lo tanto no podemos garantizar que , aunque la experiencia demuestra que casi siempre son respetados. Los pedidos se sirven de lunes a viernes durante los husos horarios de trabajo normales.<\/span><\/p>\n<p class=\"tw-data-text vk_txt tw-ta tw-text-small\" dir=\"ltr\" style=\"text-align: justify;\" data-placeholder=\"Traduzione\">El Correo de la entrega el primer paso ; si usted no puede encontrar a nadie en su casa el paquete ser\u00e1 recoger en la oficina de correos responsable<\/p>\n<p id=\"tw-target-text\" class=\"tw-data-text vk_txt tw-ta tw-text-small\" dir=\"ltr\" style=\"text-align: justify;\" data-placeholder=\"Traduzione\"><strong><span lang=\"es\">BIKUN.EU har\u00e1 todo lo posible para entregar los productos al consumidor dentro del tiempo especificado.<\/span><\/strong><\/p>\n<p id=\"tw-target-text\" class=\"tw-data-text vk_txt tw-ta tw-text-small\" dir=\"ltr\" style=\"text-align: justify;\" data-placeholder=\"Traduzione\"><span lang=\"es\">Se le pide al consumidor para contactar <strong>BIKUN.EU<\/strong> en caso de retraso en la entrega y no para reportar cualquier anomal\u00eda detectada.<\/span><\/p>\n<p>[\/vc_column_text][vc_empty_space height=\u00bb16px\u00bb][vc_column_text]<\/p>\n<p style=\"text-align: justify;\"><span style=\"color: #3dd1c6;\"><strong>Notas<\/strong><\/span><\/p>\n<p id=\"tw-target-text\" class=\"tw-data-text vk_txt tw-ta tw-text-small\" dir=\"ltr\" style=\"text-align: justify;\" data-placeholder=\"Traduzione\"><span lang=\"es\">Entregamos hasta un m\u00e1ximo de paquete 2.000ga . El precio mostrado en la factura se muestra al lado del producto en el momento de la celebraci\u00f3n del fin , adem\u00e1s de la contribuci\u00f3n a los gastos de env\u00edo , sin tener en cuenta las actualizaciones ocurrieron despu\u00e9s.<\/span><\/p>\n<p class=\"tw-data-text vk_txt tw-ta tw-text-small\" dir=\"ltr\" style=\"text-align: justify;\" data-placeholder=\"Traduzione\"><span lang=\"es\"><strong>BIKUN.EU<\/strong> se reserva el derecho de modificar sin previo aviso los precios de los productos y los gastos de env\u00edo contribuci\u00f3n. Cualquier nueva cantidades ser\u00e1n efectivos desde el momento en que se publiquen en el sitio web Centronaturale.it y se aplicar\u00e1 a las ventas realizadas desde ese momento .<\/span><\/p>\n<p>[\/vc_column_text][\/vc_column_inner][vc_column_inner width=\u00bb1\/3&#8243;][vc_column_text]<\/p>\n<h3>Costo de env\u00edo<\/h3>\n<p>[\/vc_column_text][vc_empty_space height=\u00bb16px\u00bb][vc_column_text]<\/p>\n<p id=\"tw-target-text\" class=\"tw-data-text vk_txt tw-ta tw-text-small\" dir=\"ltr\" style=\"text-align: justify;\" data-placeholder=\"Traduzione\"><span lang=\"es\">Todos los precios que figuran a continuaci\u00f3n incluyen el IVA.<\/span><\/p>\n<p>[\/vc_column_text][vc_empty_space height=\u00bb16px\u00bb]<div class=\"standard-arrow list-divider bullet-top\"><p style=\"text-align: justify;\"><span style=\"color: #3dd1c6;\"><strong>TRANSPORTE A ITALIA Y LAS ISLAS<\/strong><\/span><\/p>\n<ul style=\"text-align: justify;\">\n<li><span style=\"color: #333333;\"><strong>\u20ac 3,99<\/strong><\/span><\/li>\n<\/ul>\n<p>&nbsp;<\/p>\n<p style=\"text-align: justify;\"><span style=\"color: #3dd1c6;\"><strong>TRANSPORTE DE LA UE<\/strong><\/span><\/p>\n<ul style=\"text-align: justify;\">\n<li><span style=\"color: #333333;\"><strong>\u20ac 11,99<\/strong><\/span><\/li>\n<\/ul>\n<p>&nbsp;<\/p>\n<p style=\"text-align: justify;\"><span style=\"color: #3dd1c6;\"><strong>TRANSPORTE A USA y Canada<\/strong><\/span><\/p>\n<ul style=\"text-align: justify;\">\n<li><span style=\"color: #333333;\"><strong>\u20ac 21,99<\/strong><\/span><\/li>\n<\/ul>\n<p>&nbsp;<\/p>\n<p style=\"text-align: justify;\"><span style=\"color: #3dd1c6;\"><strong>TRANSPORTE GRATIS<\/strong><\/span><\/p>\n<p id=\"tw-target-text\" class=\"tw-data-text vk_txt tw-ta tw-text-small\" dir=\"ltr\" style=\"text-align: justify;\" data-placeholder=\"Traduzione\"><strong><span lang=\"es\">Para todos los pedidos superiores a \u20ac 39,00 env\u00edo es gratuito para Italia.<\/span><\/strong><\/p>\n<\/div>[\/vc_column_inner][\/vc_row_inner][\/vc_column][\/vc_row][vc_row][vc_column][vc_raw_js]JTNDc2NyaXB0JTIwdHlwZSUzRCUyMnRleHQlMkZqYXZhc2NyaXB0JTIyJTNFJTBBdmFyJTIwJTI0aiUyMCUzRCUyMGpRdWVyeSUzQiUwQSUyNGolMjglMjIlMjNmYW5jeS1oZWFkZXIlMjBoMSUyMHNwYW4lM0Fjb250YWlucyUyOCUyN0Nvc3RpJTIwZGklMjBzcGVkaXppb25lJTIwZSUyMGNvbnNlZ25lJTI3JTI5JTIyJTI5Lmh0bWwlMjglMjJFbnYlQzMlQURvcyUyMHklMjBlbnRyZWdhcyUyMiUyOSUzQiUwQSUzQyUyRnNjcmlwdCUzRQ==[\/vc_raw_js][\/vc_column][\/vc_row]<\/p>\n<\/div>","protected":false},"excerpt":{"rendered":"<p>[vc_row][vc_column][vc_row_inner][vc_column_inner width=\u00bb2\/3&#8243;][vc_column_text] Env\u00edos [\/vc_column_text][vc_empty_space height=\u00bb16px\u00bb][vc_column_text] BIKUN.EU har\u00e1, despu\u00e9s de la conclusi\u00f3n de la orden, un correo electr\u00f3nico confirmando la recepci\u00f3n del pedido ; se invita al cliente para imprimir el correo electr\u00f3nico y almacenarlo. Si no se recibe , se le pide al cliente en contacto con BIKUN.EU . En el caso de un posible&hellip;<\/p>\n","protected":false},"author":1,"featured_media":0,"parent":0,"menu_order":0,"comment_status":"closed","ping_status":"closed","template":"","meta":{"footnotes":""},"class_list":["post-31697","page","type-page","status-publish","hentry","description-off"],"yoast_head":"<!-- This site is optimized with the Yoast SEO plugin v27.3 - https:\/\/yoast.com\/product\/yoast-seo-wordpress\/ -->\n<title>Env\u00edos y entregas<\/title>\n<meta name=\"description\" content=\"Env\u00edos y entregas\" \/>\n<meta name=\"robots\" content=\"index, follow, max-snippet:-1, max-image-preview:large, max-video-preview:-1\" \/>\n<link rel=\"canonical\" href=\"https:\/\/www.bikun.eu\/es\/envios-y-entregas\/\" \/>\n<meta property=\"og:locale\" content=\"es_ES\" \/>\n<meta property=\"og:type\" content=\"article\" \/>\n<meta property=\"og:title\" content=\"Env\u00edos y entregas\" \/>\n<meta property=\"og:description\" content=\"Env\u00edos y entregas\" \/>\n<meta property=\"og:url\" content=\"https:\/\/www.bikun.eu\/es\/envios-y-entregas\/\" \/>\n<meta property=\"og:site_name\" content=\"Bikun\" \/>\n<meta property=\"article:modified_time\" content=\"2022-04-26T07:43:14+00:00\" \/>\n<meta name=\"twitter:label1\" content=\"Tiempo de lectura\" \/>\n\t<meta name=\"twitter:data1\" content=\"3 minutos\" \/>\n<script type=\"application\/ld+json\" class=\"yoast-schema-graph\">{\"@context\":\"https:\\\/\\\/schema.org\",\"@graph\":[{\"@type\":\"WebPage\",\"@id\":\"https:\\\/\\\/www.bikun.eu\\\/es\\\/envios-y-entregas\\\/\",\"url\":\"https:\\\/\\\/www.bikun.eu\\\/es\\\/envios-y-entregas\\\/\",\"name\":\"Env\u00edos y entregas\",\"isPartOf\":{\"@id\":\"https:\\\/\\\/www.bikun.eu\\\/#website\"},\"datePublished\":\"2015-05-15T17:16:48+00:00\",\"dateModified\":\"2022-04-26T07:43:14+00:00\",\"description\":\"Env\u00edos y entregas\",\"breadcrumb\":{\"@id\":\"https:\\\/\\\/www.bikun.eu\\\/es\\\/envios-y-entregas\\\/#breadcrumb\"},\"inLanguage\":\"es\",\"potentialAction\":[{\"@type\":\"ReadAction\",\"target\":[\"https:\\\/\\\/www.bikun.eu\\\/es\\\/envios-y-entregas\\\/\"]}]},{\"@type\":\"BreadcrumbList\",\"@id\":\"https:\\\/\\\/www.bikun.eu\\\/es\\\/envios-y-entregas\\\/#breadcrumb\",\"itemListElement\":[{\"@type\":\"ListItem\",\"position\":1,\"name\":\"Portada\",\"item\":\"https:\\\/\\\/www.bikun.eu\\\/es\\\/home\\\/\"},{\"@type\":\"ListItem\",\"position\":2,\"name\":\"Env\u00edos y entregas\"}]},{\"@type\":\"WebSite\",\"@id\":\"https:\\\/\\\/www.bikun.eu\\\/#website\",\"url\":\"https:\\\/\\\/www.bikun.eu\\\/\",\"name\":\"Bikun\",\"description\":\"dimagrire con i bagni derivativi\",\"potentialAction\":[{\"@type\":\"SearchAction\",\"target\":{\"@type\":\"EntryPoint\",\"urlTemplate\":\"https:\\\/\\\/www.bikun.eu\\\/?s={search_term_string}\"},\"query-input\":{\"@type\":\"PropertyValueSpecification\",\"valueRequired\":true,\"valueName\":\"search_term_string\"}}],\"inLanguage\":\"es\"}]}<\/script>\n<!-- \/ Yoast SEO plugin. -->","yoast_head_json":{"title":"Env\u00edos y entregas","description":"Env\u00edos y entregas","robots":{"index":"index","follow":"follow","max-snippet":"max-snippet:-1","max-image-preview":"max-image-preview:large","max-video-preview":"max-video-preview:-1"},"canonical":"https:\/\/www.bikun.eu\/es\/envios-y-entregas\/","og_locale":"es_ES","og_type":"article","og_title":"Env\u00edos y entregas","og_description":"Env\u00edos y entregas","og_url":"https:\/\/www.bikun.eu\/es\/envios-y-entregas\/","og_site_name":"Bikun","article_modified_time":"2022-04-26T07:43:14+00:00","twitter_misc":{"Tiempo de lectura":"3 minutos"},"schema":{"@context":"https:\/\/schema.org","@graph":[{"@type":"WebPage","@id":"https:\/\/www.bikun.eu\/es\/envios-y-entregas\/","url":"https:\/\/www.bikun.eu\/es\/envios-y-entregas\/","name":"Env\u00edos y entregas","isPartOf":{"@id":"https:\/\/www.bikun.eu\/#website"},"datePublished":"2015-05-15T17:16:48+00:00","dateModified":"2022-04-26T07:43:14+00:00","description":"Env\u00edos y entregas","breadcrumb":{"@id":"https:\/\/www.bikun.eu\/es\/envios-y-entregas\/#breadcrumb"},"inLanguage":"es","potentialAction":[{"@type":"ReadAction","target":["https:\/\/www.bikun.eu\/es\/envios-y-entregas\/"]}]},{"@type":"BreadcrumbList","@id":"https:\/\/www.bikun.eu\/es\/envios-y-entregas\/#breadcrumb","itemListElement":[{"@type":"ListItem","position":1,"name":"Portada","item":"https:\/\/www.bikun.eu\/es\/home\/"},{"@type":"ListItem","position":2,"name":"Env\u00edos y entregas"}]},{"@type":"WebSite","@id":"https:\/\/www.bikun.eu\/#website","url":"https:\/\/www.bikun.eu\/","name":"Bikun","description":"dimagrire con i bagni derivativi","potentialAction":[{"@type":"SearchAction","target":{"@type":"EntryPoint","urlTemplate":"https:\/\/www.bikun.eu\/?s={search_term_string}"},"query-input":{"@type":"PropertyValueSpecification","valueRequired":true,"valueName":"search_term_string"}}],"inLanguage":"es"}]}},"_links":{"self":[{"href":"https:\/\/www.bikun.eu\/es\/wp-json\/wp\/v2\/pages\/31697","targetHints":{"allow":["GET"]}}],"collection":[{"href":"https:\/\/www.bikun.eu\/es\/wp-json\/wp\/v2\/pages"}],"about":[{"href":"https:\/\/www.bikun.eu\/es\/wp-json\/wp\/v2\/types\/page"}],"author":[{"embeddable":true,"href":"https:\/\/www.bikun.eu\/es\/wp-json\/wp\/v2\/users\/1"}],"replies":[{"embeddable":true,"href":"https:\/\/www.bikun.eu\/es\/wp-json\/wp\/v2\/comments?post=31697"}],"version-history":[{"count":5,"href":"https:\/\/www.bikun.eu\/es\/wp-json\/wp\/v2\/pages\/31697\/revisions"}],"predecessor-version":[{"id":37974,"href":"https:\/\/www.bikun.eu\/es\/wp-json\/wp\/v2\/pages\/31697\/revisions\/37974"}],"wp:attachment":[{"href":"https:\/\/www.bikun.eu\/es\/wp-json\/wp\/v2\/media?parent=31697"}],"curies":[{"name":"wp","href":"https:\/\/api.w.org\/{rel}","templated":true}]}}