{"id":31703,"date":"2015-05-16T15:07:49","date_gmt":"2015-05-16T13:07:49","guid":{"rendered":"http:\/\/www.bikun.eu\/modalita-di-pagamento-2\/"},"modified":"2025-02-14T10:53:16","modified_gmt":"2025-02-14T09:53:16","slug":"metodos-de-pago","status":"publish","type":"page","link":"https:\/\/www.bikun.eu\/es\/metodos-de-pago\/","title":{"rendered":"Metodos de pago"},"content":{"rendered":"<div class=\"wpb-content-wrapper\"><p>[vc_row][vc_column][vc_row_inner][vc_column_inner width=\u00bb2\/3&#8243;][vc_column_text]<\/p>\n<h3>Metodos de pago<\/h3>\n<p>[\/vc_column_text][vc_empty_space height=\u00bb16px\u00bb][vc_column_text]<\/p>\n<p style=\"text-align: justify;\"><span lang=\"es\"><strong>BIKUN.EU<\/strong> ofrece 3 modos de pago para ser elegidos al final de la orden :<\/span><\/p>\n<ul style=\"text-align: justify;\">\n<li>El pago en l\u00ednea con tarjeta de cr\u00e9dito a trav\u00e9s del sistema PayPal ;<\/li>\n<li><span lang=\"es\">Cuenta PayPal Pago en l\u00ednea<\/span><\/li>\n<li><span lang=\"es\">Pago por transferencia bancaria <\/span><\/li>\n<\/ul>\n<p style=\"text-align: justify;\"><span lang=\"es\">La transferencia debe hacerse en favor de cc:<\/span><\/p>\n<p style=\"text-align: justify;\"><strong>Beneficiario: Punto salute e benessere Srls<\/strong><br \/>\n<strong>IBAN: IT 92 T 02008 12105 000105562782<br \/>\n<\/strong><\/p>\n<p style=\"text-align: justify;\"><strong>N.B.<\/strong><\/p>\n<p style=\"text-align: justify;\">Las mercanc\u00edas ser\u00e1n enviadas despu\u00e9s del pago. Para acelerar el proceso puede enviar a trav\u00e9s del n\u00famero faxal <strong>049.57.36.975<\/strong>\u00a0o por correo electr\u00f3nico a <strong>info@bikun.eu<\/strong> copia de la cup\u00f3n del banco.<\/p>\n<p>[\/vc_column_text][\/vc_column_inner][vc_column_inner width=\u00bb1\/3&#8243;][vc_column_text]<\/p>\n<h3>Que es PayPal<\/h3>\n<p>[\/vc_column_text][vc_empty_space height=\u00bb16px\u00bb][vc_column_text]<\/p>\n<p style=\"font-size: 12px; text-align: justify;\"><strong>PayPal<\/strong> es el m\u00e9todo de pago recomendado por Bikun.eu . Permite que cualquier persona con una direcci\u00f3n de correo electr\u00f3nico para hacer pagos en l\u00ednea a trav\u00e9s de tarjetas de cr\u00e9dito , tambi\u00e9n pagados. Bikun.eu usuarios pueden utilizar PayPal para recibir el pago de los productos comprados de forma r\u00e1pida y sencilla.<\/p>\n<p style=\"font-size: 12px; text-align: justify;\"><strong>PayPal<\/strong> protege la privacidad y protege su informaci\u00f3n financiera y personal con sistemas avanzados de encriptaci\u00f3n autom\u00e1tica . Adem\u00e1s , un equipo de lucha contra el fraude controla transacciones<strong> 24 horas 24<\/strong> y , cuando compre en tiendas en l\u00ednea , usted puede contar con la protecci\u00f3n del comprador de PayPal .<\/p>\n<p id=\"tw-target-text\" class=\"tw-data-text vk_txt tw-ta tw-text-small\" dir=\"ltr\" style=\"text-align: justify;\" data-placeholder=\"Traduzione\"><span lang=\"es\">Cuando usted compra con <strong>PayPal<\/strong> , beneficios de altos niveles de protecci\u00f3n para tu compra on line . Cada vez que usted compra un art\u00edculo, usted recibir\u00e1 un correo electr\u00f3nico de confirmaci\u00f3n para realizar un seguimiento de la transacci\u00f3n que usted ha hecho . Si usted compra en l\u00ednea y no recibe el art\u00edculo comprado , puede estar protegido por el valor total de la compra.<\/span><\/p>\n<p>[\/vc_column_text][\/vc_column_inner][\/vc_row_inner][\/vc_column][\/vc_row][vc_row][vc_column][vc_raw_js]JTNDc2NyaXB0JTIwdHlwZSUzRCUyMnRleHQlMkZqYXZhc2NyaXB0JTIyJTNFJTBBdmFyJTIwJTI0aiUyMCUzRCUyMGpRdWVyeSUzQiUwQSUyNGolMjglMjIlMjNmYW5jeS1oZWFkZXIlMjBoMSUyMHNwYW4lM0Fjb250YWlucyUyOCUyN01vZGFsaXQlQzMlQTAlMjBkaSUyMHBhZ2FtZW50byUyNyUyOSUyMiUyOS5odG1sJTI4JTIyTWV0b2RvcyUyMGRlJTIwcGFnbyUyMiUyOSUzQiUwQSUzQyUyRnNjcmlwdCUzRQ==[\/vc_raw_js][\/vc_column][\/vc_row]<\/p>\n<\/div>","protected":false},"excerpt":{"rendered":"<p>[vc_row][vc_column][vc_row_inner][vc_column_inner width=\u00bb2\/3&#8243;][vc_column_text] Metodos de pago [\/vc_column_text][vc_empty_space height=\u00bb16px\u00bb][vc_column_text] BIKUN.EU ofrece 3 modos de pago para ser elegidos al final de la orden : El pago en l\u00ednea con tarjeta de cr\u00e9dito a trav\u00e9s del sistema PayPal ; Cuenta PayPal Pago en l\u00ednea Pago por transferencia bancaria La transferencia debe hacerse en favor de cc: Beneficiario: Punto&hellip;<\/p>\n","protected":false},"author":1,"featured_media":0,"parent":0,"menu_order":0,"comment_status":"closed","ping_status":"closed","template":"","meta":{"footnotes":""},"class_list":["post-31703","page","type-page","status-publish","hentry","description-off"],"yoast_head":"<!-- This site is optimized with the Yoast SEO plugin v27.3 - https:\/\/yoast.com\/product\/yoast-seo-wordpress\/ -->\n<title>Metodos de pago - Bikun<\/title>\n<meta name=\"description\" content=\"Ayuda sobre el m\u00e9todo de pago para los pedidos de productos Bikun, B-Bikun, Mykun, Eyelife y Bikun family.\" \/>\n<meta name=\"robots\" content=\"index, follow, max-snippet:-1, max-image-preview:large, max-video-preview:-1\" \/>\n<link rel=\"canonical\" href=\"https:\/\/www.bikun.eu\/es\/metodos-de-pago\/\" \/>\n<meta property=\"og:locale\" content=\"es_ES\" \/>\n<meta property=\"og:type\" content=\"article\" \/>\n<meta property=\"og:title\" content=\"Metodos de pago - Bikun\" \/>\n<meta property=\"og:description\" content=\"Ayuda sobre el m\u00e9todo de pago para los pedidos de productos Bikun, B-Bikun, Mykun, Eyelife y Bikun family.\" \/>\n<meta property=\"og:url\" content=\"https:\/\/www.bikun.eu\/es\/metodos-de-pago\/\" \/>\n<meta property=\"og:site_name\" content=\"Bikun\" \/>\n<meta property=\"article:modified_time\" content=\"2025-02-14T09:53:16+00:00\" \/>\n<meta name=\"twitter:label1\" content=\"Tiempo de lectura\" \/>\n\t<meta name=\"twitter:data1\" content=\"2 minutos\" \/>\n<script type=\"application\/ld+json\" class=\"yoast-schema-graph\">{\"@context\":\"https:\\\/\\\/schema.org\",\"@graph\":[{\"@type\":\"WebPage\",\"@id\":\"https:\\\/\\\/www.bikun.eu\\\/es\\\/metodos-de-pago\\\/\",\"url\":\"https:\\\/\\\/www.bikun.eu\\\/es\\\/metodos-de-pago\\\/\",\"name\":\"Metodos de pago - Bikun\",\"isPartOf\":{\"@id\":\"https:\\\/\\\/www.bikun.eu\\\/#website\"},\"datePublished\":\"2015-05-16T13:07:49+00:00\",\"dateModified\":\"2025-02-14T09:53:16+00:00\",\"description\":\"Ayuda sobre el m\u00e9todo de pago para los pedidos de productos Bikun, B-Bikun, Mykun, Eyelife y Bikun family.\",\"breadcrumb\":{\"@id\":\"https:\\\/\\\/www.bikun.eu\\\/es\\\/metodos-de-pago\\\/#breadcrumb\"},\"inLanguage\":\"es\",\"potentialAction\":[{\"@type\":\"ReadAction\",\"target\":[\"https:\\\/\\\/www.bikun.eu\\\/es\\\/metodos-de-pago\\\/\"]}]},{\"@type\":\"BreadcrumbList\",\"@id\":\"https:\\\/\\\/www.bikun.eu\\\/es\\\/metodos-de-pago\\\/#breadcrumb\",\"itemListElement\":[{\"@type\":\"ListItem\",\"position\":1,\"name\":\"Portada\",\"item\":\"https:\\\/\\\/www.bikun.eu\\\/es\\\/home\\\/\"},{\"@type\":\"ListItem\",\"position\":2,\"name\":\"Metodos de pago\"}]},{\"@type\":\"WebSite\",\"@id\":\"https:\\\/\\\/www.bikun.eu\\\/#website\",\"url\":\"https:\\\/\\\/www.bikun.eu\\\/\",\"name\":\"Bikun\",\"description\":\"dimagrire con i bagni derivativi\",\"potentialAction\":[{\"@type\":\"SearchAction\",\"target\":{\"@type\":\"EntryPoint\",\"urlTemplate\":\"https:\\\/\\\/www.bikun.eu\\\/?s={search_term_string}\"},\"query-input\":{\"@type\":\"PropertyValueSpecification\",\"valueRequired\":true,\"valueName\":\"search_term_string\"}}],\"inLanguage\":\"es\"}]}<\/script>\n<!-- \/ Yoast SEO plugin. -->","yoast_head_json":{"title":"Metodos de pago - Bikun","description":"Ayuda sobre el m\u00e9todo de pago para los pedidos de productos Bikun, B-Bikun, Mykun, Eyelife y Bikun family.","robots":{"index":"index","follow":"follow","max-snippet":"max-snippet:-1","max-image-preview":"max-image-preview:large","max-video-preview":"max-video-preview:-1"},"canonical":"https:\/\/www.bikun.eu\/es\/metodos-de-pago\/","og_locale":"es_ES","og_type":"article","og_title":"Metodos de pago - Bikun","og_description":"Ayuda sobre el m\u00e9todo de pago para los pedidos de productos Bikun, B-Bikun, Mykun, Eyelife y Bikun family.","og_url":"https:\/\/www.bikun.eu\/es\/metodos-de-pago\/","og_site_name":"Bikun","article_modified_time":"2025-02-14T09:53:16+00:00","twitter_misc":{"Tiempo de lectura":"2 minutos"},"schema":{"@context":"https:\/\/schema.org","@graph":[{"@type":"WebPage","@id":"https:\/\/www.bikun.eu\/es\/metodos-de-pago\/","url":"https:\/\/www.bikun.eu\/es\/metodos-de-pago\/","name":"Metodos de pago - Bikun","isPartOf":{"@id":"https:\/\/www.bikun.eu\/#website"},"datePublished":"2015-05-16T13:07:49+00:00","dateModified":"2025-02-14T09:53:16+00:00","description":"Ayuda sobre el m\u00e9todo de pago para los pedidos de productos Bikun, B-Bikun, Mykun, Eyelife y Bikun family.","breadcrumb":{"@id":"https:\/\/www.bikun.eu\/es\/metodos-de-pago\/#breadcrumb"},"inLanguage":"es","potentialAction":[{"@type":"ReadAction","target":["https:\/\/www.bikun.eu\/es\/metodos-de-pago\/"]}]},{"@type":"BreadcrumbList","@id":"https:\/\/www.bikun.eu\/es\/metodos-de-pago\/#breadcrumb","itemListElement":[{"@type":"ListItem","position":1,"name":"Portada","item":"https:\/\/www.bikun.eu\/es\/home\/"},{"@type":"ListItem","position":2,"name":"Metodos de pago"}]},{"@type":"WebSite","@id":"https:\/\/www.bikun.eu\/#website","url":"https:\/\/www.bikun.eu\/","name":"Bikun","description":"dimagrire con i bagni derivativi","potentialAction":[{"@type":"SearchAction","target":{"@type":"EntryPoint","urlTemplate":"https:\/\/www.bikun.eu\/?s={search_term_string}"},"query-input":{"@type":"PropertyValueSpecification","valueRequired":true,"valueName":"search_term_string"}}],"inLanguage":"es"}]}},"_links":{"self":[{"href":"https:\/\/www.bikun.eu\/es\/wp-json\/wp\/v2\/pages\/31703","targetHints":{"allow":["GET"]}}],"collection":[{"href":"https:\/\/www.bikun.eu\/es\/wp-json\/wp\/v2\/pages"}],"about":[{"href":"https:\/\/www.bikun.eu\/es\/wp-json\/wp\/v2\/types\/page"}],"author":[{"embeddable":true,"href":"https:\/\/www.bikun.eu\/es\/wp-json\/wp\/v2\/users\/1"}],"replies":[{"embeddable":true,"href":"https:\/\/www.bikun.eu\/es\/wp-json\/wp\/v2\/comments?post=31703"}],"version-history":[{"count":4,"href":"https:\/\/www.bikun.eu\/es\/wp-json\/wp\/v2\/pages\/31703\/revisions"}],"predecessor-version":[{"id":39216,"href":"https:\/\/www.bikun.eu\/es\/wp-json\/wp\/v2\/pages\/31703\/revisions\/39216"}],"wp:attachment":[{"href":"https:\/\/www.bikun.eu\/es\/wp-json\/wp\/v2\/media?parent=31703"}],"curies":[{"name":"wp","href":"https:\/\/api.w.org\/{rel}","templated":true}]}}