{"id":32223,"date":"2014-08-14T10:15:08","date_gmt":"2014-08-14T08:15:08","guid":{"rendered":"http:\/\/www.bikun.eu\/fr\/home\/"},"modified":"2018-07-13T17:17:00","modified_gmt":"2018-07-13T15:17:00","slug":"home","status":"publish","type":"page","link":"https:\/\/www.bikun.eu\/fr\/","title":{"rendered":"Home"},"content":{"rendered":"<div class=\"wpb-content-wrapper\"><p>[vc_row parallax=\u00a0\u00bbcontent-moving\u00a0\u00bb parallax_image=\u00a0\u00bb33732&Prime;][vc_column][rev_slider_vc alias=\u00a0\u00bbhome-en\u00a0\u00bb][\/vc_column][\/vc_row][vc_row type=\u00a0\u00bb1&Prime; bg_position=\u00a0\u00bbcenter\u00a0\u00bb bg_cover=\u00a0\u00bbtrue\u00a0\u00bb padding_top=\u00a0\u00bb50px\u00a0\u00bb padding_bottom=\u00a0\u00bb50px\u00a0\u00bb parallax=\u00a0\u00bbcontent-moving\u00a0\u00bb parallax_image=\u00a0\u00bb33732&Prime; bg_image=\u00a0\u00bbhttps:\/\/www.bikun.eu\/wp-content\/uploads\/2018\/04\/1920&#215;1000.jpg\u00a0\u00bb anchor=\u00a0\u00bbprodotti\u00a0\u00bb][vc_column][vc_row_inner el_class=\u00a0\u00bbbanner-home\u00a0\u00bb css=\u00a0\u00bb.vc_custom_1524066170817{margin-bottom: 20px !important;}\u00a0\u00bb][vc_column_inner width=\u00a0\u00bb1\/3&Prime;]<div class=\"shortcode-banner shortcode-banner-link\" style=\"min-height: 150px;background-image: url(https:\/\/www.bikun.eu\/wp-content\/uploads\/2018\/04\/01-1.jpg)\" onclick=\"window.location.href='https:\/\/www.bikun.eu\/fr\/bikun\/';\"><div class=\"shortcode-banner-bg wf-table\" style=\"padding: 2px;min-height: 150px\"><div class=\"shortcode-banner-inside wf-table text-normal\" style=\"background-color: rgb(255,255,255);background-color: rgba(255,255,255,0.01);border: solid 0px transparent;outline: solid 2px;outline-color: #6ecfdf;height: 150px\"><div><p>BIKUN<\/p>\n<\/div><\/div><\/div><\/div>[\/vc_column_inner][vc_column_inner width=\u00a0\u00bb1\/3&Prime;]<div class=\"shortcode-banner shortcode-banner-link\" style=\"min-height: 150px;background-image: url(https:\/\/www.bikun.eu\/wp-content\/uploads\/2018\/04\/02.jpg)\" onclick=\"window.location.href='https:\/\/www.bikun.eu\/fr\/b-bikun\/';\"><div class=\"shortcode-banner-bg wf-table\" style=\"padding: 2px;min-height: 150px\"><div class=\"shortcode-banner-inside wf-table text-normal\" style=\"background-color: rgb(255,255,255);background-color: rgba(255,255,255,0.01);border: solid 0px transparent;outline: solid 2px;outline-color: #6ecfdf;height: 150px\"><div><p>B-BIKUN<\/p>\n<\/div><\/div><\/div><\/div>[\/vc_column_inner][vc_column_inner width=\u00a0\u00bb1\/3&Prime;]<div class=\"shortcode-banner shortcode-banner-link\" style=\"min-height: 150px;background-image: url(https:\/\/www.bikun.eu\/wp-content\/uploads\/2018\/04\/03.jpg)\" onclick=\"window.location.href='https:\/\/www.bikun.eu\/fr\/bikun-family\/';\"><div class=\"shortcode-banner-bg wf-table\" style=\"padding: 2px;min-height: 150px\"><div class=\"shortcode-banner-inside wf-table text-normal\" style=\"background-color: rgb(255,255,255);background-color: rgba(255,255,255,0.01);border: solid 0px transparent;outline: solid 2px;outline-color: #6ecfdf;height: 150px\"><div><p>BIKUN<br \/>\nFAMILY<\/p>\n<\/div><\/div><\/div><\/div>[\/vc_column_inner][\/vc_row_inner][vc_row_inner el_class=\u00a0\u00bbbanner-home\u00a0\u00bb css=\u00a0\u00bb.vc_custom_1524066175898{margin-bottom: 20px !important;}\u00a0\u00bb][vc_column_inner width=\u00a0\u00bb1\/3&Prime;]<div class=\"shortcode-banner shortcode-banner-link\" style=\"min-height: 150px;background-image: url(https:\/\/www.bikun.eu\/wp-content\/uploads\/2018\/04\/07.jpg)\" onclick=\"window.location.href='https:\/\/www.bikun.eu\/fr\/mykun\/';\"><div class=\"shortcode-banner-bg wf-table\" style=\"padding: 2px;min-height: 150px\"><div class=\"shortcode-banner-inside wf-table text-normal\" style=\"background-color: rgb(255,255,255);background-color: rgba(255,255,255,0.01);border: solid 0px transparent;outline: solid 2px;outline-color: #6ecfdf;height: 150px\"><div><p>BIKUN<br \/>\nMYKUN<\/p>\n<\/div><\/div><\/div><\/div>[\/vc_column_inner][vc_column_inner width=\u00a0\u00bb1\/3&Prime;]<div class=\"shortcode-banner shortcode-banner-link\" style=\"min-height: 150px;background-image: url(https:\/\/www.bikun.eu\/wp-content\/uploads\/2018\/04\/08.jpg)\" onclick=\"window.location.href='https:\/\/www.bikun.eu\/fr\/eyelife\/';\"><div class=\"shortcode-banner-bg wf-table\" style=\"padding: 2px;min-height: 150px\"><div class=\"shortcode-banner-inside wf-table text-normal\" style=\"background-color: rgb(255,255,255);background-color: rgba(255,255,255,0.01);border: solid 0px transparent;outline: solid 2px;outline-color: #6ecfdf;height: 150px\"><div><p>BIKUN<br \/>\nEYELIFE<\/p>\n<\/div><\/div><\/div><\/div>[\/vc_column_inner][vc_column_inner width=\u00a0\u00bb1\/3&Prime;][\/vc_column_inner][\/vc_row_inner][\/vc_column][\/vc_row][vc_row type=\u00a0\u00bb5&Prime; bg_color=\u00a0\u00bb#eceded\u00a0\u00bb bg_position=\u00a0\u00bbcenter\u00a0\u00bb bg_repeat=\u00a0\u00bbrepeat\u00a0\u00bb padding_top=\u00a0\u00bb75&Prime; padding_bottom=\u00a0\u00bb75&Prime;][vc_column width=\u00a0\u00bb2\/3&Prime;][vc_column_text]<\/p>\n<h1 style=\"text-align: left; font-weight: 600;\">Super promo \u2013 10%<\/h1>\n<h4>Pour c\u00e9l\u00e9brer les 50 ans de la marque SEB<br \/>\ntous les produits sur le site seront r\u00e9duits de 10%.<\/h4>\n<p>[\/vc_column_text][\/vc_column][vc_column width=\u00a0\u00bb1\/3&Prime; animation=\u00a0\u00bbzoomIn\u00a0\u00bb][vc_empty_space][vc_btn title=\u00a0\u00bbACHETE BIKUN\u00a0\u00bb style=\u00a0\u00bbcustom\u00a0\u00bb custom_background=\u00a0\u00bb#63d0df\u00a0\u00bb custom_text=\u00a0\u00bb#ffffff\u00a0\u00bb shape=\u00a0\u00bbsquare\u00a0\u00bb align=\u00a0\u00bbright\u00a0\u00bb el_class=\u00a0\u00bbbikun-btn\u00a0\u00bb link=\u00a0\u00bburl:https%3A%2F%2Fwww.bikun.eu%2Ffr%2Fles-bains-derivatifs%2F|||\u00a0\u00bb][\/vc_column][\/vc_row][vc_row type=\u00a0\u00bb5&Prime; padding_top=\u00a0\u00bb75&Prime; padding_bottom=\u00a0\u00bb75&Prime;][vc_column width=\u00a0\u00bb1\/4&Prime;][vc_single_image image=\u00a0\u00bb30913&Prime; img_size=\u00a0\u00bbfull\u00a0\u00bb][\/vc_column][vc_column width=\u00a0\u00bb3\/4&Prime;][vc_row_inner][vc_column_inner width=\u00a0\u00bb1\/2&Prime;][vc_column_text]<\/p>\n<h2 style=\"color: #6ecdb2; font-size: 42px; font-weight: 600;\">Be Cool, Be Cold<\/h2>\n<p><strong style=\"font-size: 20px;\">Revitalise le bien-\u00eatre de ton corps avec Bikun, une fra\u00eecheur tr\u00e8s agreable!<\/strong><\/p>\n<ul>\n<li>R\u00e9active la circulation sanguine<\/li>\n<li>Soulage les inflammations<\/li>\n<li>R\u00e9active le syst\u00e8me lymphatique<\/li>\n<li>Chasse les toxines du corps<\/li>\n<li>Redonne \u00e9nergie vitale<\/li>\n<li>Aide le drainage de liquides en exc\u00e8s<\/li>\n<li>Applique les Bains D\u00e9rivatifs<\/li>\n<\/ul>\n<p>[\/vc_column_text][\/vc_column_inner][vc_column_inner width=\u00a0\u00bb1\/2&Prime;][vc_column_text]C\u2019est un m\u00e9thode compl\u00e8tement naturel qui permet d\u2019expulser du corps les d\u00e9chets et les exc\u00e9dents responsables de plusieurs pathologies.<\/p>\n<p>Utiliser Bikun constamment favorise l\u2019\u00e9quilibre naturel et la sant\u00e9 physique et mentale et en plus redonne une extraordinaire force vitale.<\/p>\n<p>Bikun est invent\u00e9 et produit en Italie et certifi\u00e9 par le Minist\u00e8re de la Sant\u00e9 comme dispositif m\u00e9dical classe 1.<\/p>\n<p>Le meilleur b\u00e9n\u00e9fice des Bains D\u00e9rivatifs est obtenu par l\u2019application quotidienne de Bikun pour environ 15 minutes[\/vc_column_text][\/vc_column_inner][\/vc_row_inner][\/vc_column][\/vc_row][vc_row type=\u00a0\u00bb5&Prime; bg_color=\u00a0\u00bb#d7f1e9&Prime; padding_top=\u00a0\u00bb50&Prime; padding_bottom=\u00a0\u00bb50&Prime;][vc_column][vc_custom_heading text=\u00a0\u00bb- NUM\u00c9ROS DE BIKUN &#8211;\u00a0\u00bb font_container=\u00a0\u00bbtag:h3|font_size:30px|text_align:center|color:%236ecdb2&Prime; use_theme_fonts=\u00a0\u00bbyes\u00a0\u00bb css=\u00a0\u00bb.vc_custom_1527860021170{margin-bottom: 30px !important;}\u00a0\u00bb][vc_row_inner el_class=\u00a0\u00bbcounter\u00a0\u00bb][vc_column_inner width=\u00a0\u00bb1\/3&Prime;][vc_column_text el_class=\u00a0\u00bbnumber\u00a0\u00bb]<\/p>\n<h2 style=\"text-align: center;\">62969<\/h2>\n<p>[\/vc_column_text][vc_column_text el_class=\u00a0\u00bbtitle-counter\u00a0\u00bb]<\/p>\n<p style=\"text-align: center;\">Bikun dans le monde<\/p>\n<p>[\/vc_column_text][\/vc_column_inner][vc_column_inner width=\u00a0\u00bb1\/3&Prime;][vc_column_text el_class=\u00a0\u00bbnumber\u00a0\u00bb]<\/p>\n<h2 style=\"text-align: center;\">19<\/h2>\n<p>[\/vc_column_text][vc_column_text el_class=\u00a0\u00bbtitle-counter\u00a0\u00bb]<\/p>\n<p style=\"text-align: center;\">Les pays o\u00f9 il est disponible<\/p>\n<p>[\/vc_column_text][\/vc_column_inner][vc_column_inner width=\u00a0\u00bb1\/3&Prime;][vc_column_text el_class=\u00a0\u00bbnumber\u00a0\u00bb]<\/p>\n<h2 style=\"text-align: center;\">23994<\/h2>\n<p>[\/vc_column_text][vc_column_text el_class=\u00a0\u00bbtitle-counter\u00a0\u00bb]<\/p>\n<p style=\"text-align: center;\">Les clients qui l\u2019utilisent<\/p>\n<p>[\/vc_column_text][\/vc_column_inner][\/vc_row_inner][\/vc_column][\/vc_row][vc_row type=\u00a0\u00bb5&Prime; bg_color=\u00a0\u00bb#ffffff\u00a0\u00bb padding_bottom=\u00a0\u00bb50px\u00a0\u00bb][vc_column][vc_empty_space height=\u00a0\u00bb80px\u00a0\u00bb][vc_row_inner][vc_column_inner width=\u00a0\u00bb1\/3&Prime;][vc_video link=\u00a0\u00bbhttps:\/\/www.youtube.com\/watch?v=WNEco1v-uFs\u00a0\u00bb][\/vc_column_inner][vc_column_inner width=\u00a0\u00bb1\/3&Prime;][vc_video link=\u00a0\u00bbhttps:\/\/www.youtube.com\/watch?v=0m6We3JPPFE\u00a0\u00bb][\/vc_column_inner][vc_column_inner width=\u00a0\u00bb1\/3&Prime;][vc_video link=\u00a0\u00bbhttps:\/\/www.youtube.com\/watch?v=hGpNGBvXuak\u00a0\u00bb][\/vc_column_inner][\/vc_row_inner][vc_empty_space height=\u00a0\u00bb50px\u00a0\u00bb][\/vc_column][\/vc_row][vc_row type=\u00a0\u00bb5&Prime; bg_color=\u00a0\u00bb#6ecdb2&Prime; bg_position=\u00a0\u00bbcenter\u00a0\u00bb bg_repeat=\u00a0\u00bbrepeat\u00a0\u00bb padding_top=\u00a0\u00bb50&Prime; padding_bottom=\u00a0\u00bb50&Prime; enable_parallax=\u00a0\u00bbfalse\u00a0\u00bb parallax_speed=\u00a0\u00bb0.5&Prime;][vc_column width=\u00a0\u00bb1\/6&Prime; animation=\u00a0\u00bbzoomIn\u00a0\u00bb][vc_single_image image=\u00a0\u00bb33877&Prime; img_size=\u00a0\u00bbfull\u00a0\u00bb alignment=\u00a0\u00bbright\u00a0\u00bb][\/vc_column][vc_column width=\u00a0\u00bb2\/3&Prime; css=\u00a0\u00bb.vc_custom_1524142989751{background-position: center !important;background-repeat: no-repeat !important;background-size: cover !important;}\u00a0\u00bb][vc_empty_space height=\u00a0\u00bb18px\u00a0\u00bb][vc_custom_heading text=\u00a0\u00bbLIVRAISON GRATUITE\u00a0\u00bb font_container=\u00a0\u00bbtag:h2|font_size:46px|text_align:center|color:%23ffffff\u00a0\u00bb use_theme_fonts=\u00a0\u00bbyes\u00a0\u00bb][vc_custom_heading text=\u00a0\u00bbPour toute commande sup\u00e9rieure \u00e0 49,00 \u20ac, la livraison est gratuite pour toutes les destinations\u00a0\u00bb font_container=\u00a0\u00bbtag:h4|text_align:center|color:%23ffffff\u00a0\u00bb use_theme_fonts=\u00a0\u00bbyes\u00a0\u00bb css=\u00a0\u00bb.vc_custom_1527860124679{margin-bottom: 0px !important;padding-bottom: 0px !important;}\u00a0\u00bb][\/vc_column][vc_column width=\u00a0\u00bb1\/6&Prime;][vc_single_image image=\u00a0\u00bb33882&Prime; img_size=\u00a0\u00bbfull\u00a0\u00bb alignment=\u00a0\u00bbright\u00a0\u00bb][\/vc_column][\/vc_row][vc_row margin_bottom=\u00a0\u00bb-1&Prime;][vc_column][vc_raw_js]<\/p>\n<p>JTNDc2NyaXB0JTIwdHlwZSUzRCUyMnRleHQlMkZqYXZhc2NyaXB0JTIyJTNFalF1ZXJ5JTI4JTI3LmNuYnV0dG9uJTI3JTI5Lm9uJTI4JTI3Y2xpY2slMjclMkMlMjBmdW5jdGlvbiUyOCUyOSU3QiUwQXdpbmRvdy5vcGVuJTI4JTI3aHR0cCUzQSUyRiUyRnd3dy5jZW50cm9uYXR1cmFsZS5pdCUyNyUyQyUyN19ibGFuayUyNyUyOSUzQiUwQSU3RCUyOSUzQiUzQyUyRnNjcmlwdCUzRQ==<\/p>\n<p>[\/vc_raw_js][\/vc_column][\/vc_row]<\/p>\n<\/div>","protected":false},"excerpt":{"rendered":"<p>[vc_row parallax=\u00a0\u00bbcontent-moving\u00a0\u00bb parallax_image=\u00a0\u00bb33732&Prime;][vc_column][rev_slider_vc alias=\u00a0\u00bbhome-en\u00a0\u00bb][\/vc_column][\/vc_row][vc_row type=\u00a0\u00bb1&Prime; bg_position=\u00a0\u00bbcenter\u00a0\u00bb bg_cover=\u00a0\u00bbtrue\u00a0\u00bb padding_top=\u00a0\u00bb50px\u00a0\u00bb padding_bottom=\u00a0\u00bb50px\u00a0\u00bb parallax=\u00a0\u00bbcontent-moving\u00a0\u00bb parallax_image=\u00a0\u00bb33732&Prime; bg_image=\u00a0\u00bbhttps:\/\/www.bikun.eu\/wp-content\/uploads\/2018\/04\/1920&#215;1000.jpg\u00a0\u00bb anchor=\u00a0\u00bbprodotti\u00a0\u00bb][vc_column][vc_row_inner el_class=\u00a0\u00bbbanner-home\u00a0\u00bb css=\u00a0\u00bb.vc_custom_1524066170817{margin-bottom: 20px !important;}\u00a0\u00bb][vc_column_inner width=\u00a0\u00bb1\/3&Prime;][\/vc_column_inner][vc_column_inner width=\u00a0\u00bb1\/3&Prime;][\/vc_column_inner][vc_column_inner width=\u00a0\u00bb1\/3&Prime;][\/vc_column_inner][\/vc_row_inner][vc_row_inner el_class=\u00a0\u00bbbanner-home\u00a0\u00bb css=\u00a0\u00bb.vc_custom_1524066175898{margin-bottom: 20px !important;}\u00a0\u00bb][vc_column_inner width=\u00a0\u00bb1\/3&Prime;][\/vc_column_inner][vc_column_inner width=\u00a0\u00bb1\/3&Prime;][\/vc_column_inner][vc_column_inner width=\u00a0\u00bb1\/3&Prime;][\/vc_column_inner][\/vc_row_inner][\/vc_column][\/vc_row][vc_row type=\u00a0\u00bb5&Prime; bg_color=\u00a0\u00bb#eceded\u00a0\u00bb bg_position=\u00a0\u00bbcenter\u00a0\u00bb bg_repeat=\u00a0\u00bbrepeat\u00a0\u00bb padding_top=\u00a0\u00bb75&Prime; padding_bottom=\u00a0\u00bb75&Prime;][vc_column width=\u00a0\u00bb2\/3&Prime;][vc_column_text] Super promo \u2013 10% Pour c\u00e9l\u00e9brer les 50 ans de la marque SEB tous les produits sur le site seront r\u00e9duits&hellip;<\/p>\n","protected":false},"author":1,"featured_media":0,"parent":0,"menu_order":0,"comment_status":"closed","ping_status":"closed","template":"","meta":{"footnotes":""},"class_list":["post-32223","page","type-page","status-publish","hentry","description-off"],"yoast_head":"<!-- This site is optimized with the Yoast SEO plugin v27.3 - https:\/\/yoast.com\/product\/yoast-seo-wordpress\/ -->\n<title>Bikun et Les Bains D\u00e9rivatifs<\/title>\n<meta name=\"robots\" content=\"index, follow, max-snippet:-1, max-image-preview:large, max-video-preview:-1\" \/>\n<link rel=\"canonical\" href=\"https:\/\/www.bikun.eu\/fr\/home\/\" \/>\n<meta property=\"og:locale\" content=\"fr_FR\" \/>\n<meta property=\"og:type\" content=\"article\" \/>\n<meta property=\"og:title\" content=\"Bikun et Les Bains D\u00e9rivatifs\" \/>\n<meta property=\"og:description\" content=\"[vc_row parallax=\u00a0\u00bbcontent-moving\u00a0\u00bb parallax_image=\u00a0\u00bb33732&Prime;][vc_column][rev_slider_vc alias=\u00a0\u00bbhome-en\u00a0\u00bb][\/vc_column][\/vc_row][vc_row type=\u00a0\u00bb1&Prime; bg_position=\u00a0\u00bbcenter\u00a0\u00bb bg_cover=\u00a0\u00bbtrue\u00a0\u00bb padding_top=\u00a0\u00bb50px\u00a0\u00bb padding_bottom=\u00a0\u00bb50px\u00a0\u00bb parallax=\u00a0\u00bbcontent-moving\u00a0\u00bb parallax_image=\u00a0\u00bb33732&Prime; bg_image=\u00a0\u00bbhttps:\/\/www.bikun.eu\/wp-content\/uploads\/2018\/04\/1920&#215;1000.jpg\u00a0\u00bb anchor=\u00a0\u00bbprodotti\u00a0\u00bb][vc_column][vc_row_inner el_class=\u00a0\u00bbbanner-home\u00a0\u00bb css=\u00a0\u00bb.vc_custom_1524066170817{margin-bottom: 20px !important;}\u00a0\u00bb][vc_column_inner width=\u00a0\u00bb1\/3&Prime;][\/vc_column_inner][vc_column_inner width=\u00a0\u00bb1\/3&Prime;][\/vc_column_inner][vc_column_inner width=\u00a0\u00bb1\/3&Prime;][\/vc_column_inner][\/vc_row_inner][vc_row_inner el_class=\u00a0\u00bbbanner-home\u00a0\u00bb css=\u00a0\u00bb.vc_custom_1524066175898{margin-bottom: 20px !important;}\u00a0\u00bb][vc_column_inner width=\u00a0\u00bb1\/3&Prime;][\/vc_column_inner][vc_column_inner width=\u00a0\u00bb1\/3&Prime;][\/vc_column_inner][vc_column_inner width=\u00a0\u00bb1\/3&Prime;][\/vc_column_inner][\/vc_row_inner][\/vc_column][\/vc_row][vc_row type=\u00a0\u00bb5&Prime; bg_color=\u00a0\u00bb#eceded\u00a0\u00bb bg_position=\u00a0\u00bbcenter\u00a0\u00bb bg_repeat=\u00a0\u00bbrepeat\u00a0\u00bb padding_top=\u00a0\u00bb75&Prime; padding_bottom=\u00a0\u00bb75&Prime;][vc_column width=\u00a0\u00bb2\/3&Prime;][vc_column_text] Super promo \u2013 10% Pour c\u00e9l\u00e9brer les 50 ans de la marque SEB tous les produits sur le site seront r\u00e9duits&hellip;\" \/>\n<meta property=\"og:url\" content=\"https:\/\/www.bikun.eu\/fr\/home\/\" \/>\n<meta property=\"og:site_name\" content=\"Bikun\" \/>\n<meta property=\"article:modified_time\" content=\"2018-07-13T15:17:00+00:00\" \/>\n<meta name=\"twitter:label1\" content=\"Dur\u00e9e de lecture estim\u00e9e\" \/>\n\t<meta name=\"twitter:data1\" content=\"5 minutes\" \/>\n<script type=\"application\/ld+json\" class=\"yoast-schema-graph\">{\"@context\":\"https:\\\/\\\/schema.org\",\"@graph\":[{\"@type\":\"WebPage\",\"@id\":\"https:\\\/\\\/www.bikun.eu\\\/fr\\\/home\\\/\",\"url\":\"https:\\\/\\\/www.bikun.eu\\\/fr\\\/home\\\/\",\"name\":\"Bikun et Les Bains D\u00e9rivatifs\",\"isPartOf\":{\"@id\":\"https:\\\/\\\/www.bikun.eu\\\/#website\"},\"datePublished\":\"2014-08-14T08:15:08+00:00\",\"dateModified\":\"2018-07-13T15:17:00+00:00\",\"breadcrumb\":{\"@id\":\"https:\\\/\\\/www.bikun.eu\\\/fr\\\/home\\\/#breadcrumb\"},\"inLanguage\":\"fr-FR\",\"potentialAction\":[{\"@type\":\"ReadAction\",\"target\":[\"https:\\\/\\\/www.bikun.eu\\\/fr\\\/home\\\/\"]}]},{\"@type\":\"BreadcrumbList\",\"@id\":\"https:\\\/\\\/www.bikun.eu\\\/fr\\\/home\\\/#breadcrumb\",\"itemListElement\":[{\"@type\":\"ListItem\",\"position\":1,\"name\":\"Accueil\",\"item\":\"https:\\\/\\\/www.bikun.eu\\\/fr\\\/home\\\/\"},{\"@type\":\"ListItem\",\"position\":2,\"name\":\"Home\"}]},{\"@type\":\"WebSite\",\"@id\":\"https:\\\/\\\/www.bikun.eu\\\/#website\",\"url\":\"https:\\\/\\\/www.bikun.eu\\\/\",\"name\":\"Bikun\",\"description\":\"dimagrire con i bagni derivativi\",\"potentialAction\":[{\"@type\":\"SearchAction\",\"target\":{\"@type\":\"EntryPoint\",\"urlTemplate\":\"https:\\\/\\\/www.bikun.eu\\\/?s={search_term_string}\"},\"query-input\":{\"@type\":\"PropertyValueSpecification\",\"valueRequired\":true,\"valueName\":\"search_term_string\"}}],\"inLanguage\":\"fr-FR\"}]}<\/script>\n<!-- \/ Yoast SEO plugin. -->","yoast_head_json":{"title":"Bikun et Les Bains D\u00e9rivatifs","robots":{"index":"index","follow":"follow","max-snippet":"max-snippet:-1","max-image-preview":"max-image-preview:large","max-video-preview":"max-video-preview:-1"},"canonical":"https:\/\/www.bikun.eu\/fr\/home\/","og_locale":"fr_FR","og_type":"article","og_title":"Bikun et Les Bains D\u00e9rivatifs","og_description":"[vc_row parallax=\u00a0\u00bbcontent-moving\u00a0\u00bb parallax_image=\u00a0\u00bb33732&Prime;][vc_column][rev_slider_vc alias=\u00a0\u00bbhome-en\u00a0\u00bb][\/vc_column][\/vc_row][vc_row type=\u00a0\u00bb1&Prime; bg_position=\u00a0\u00bbcenter\u00a0\u00bb bg_cover=\u00a0\u00bbtrue\u00a0\u00bb padding_top=\u00a0\u00bb50px\u00a0\u00bb padding_bottom=\u00a0\u00bb50px\u00a0\u00bb parallax=\u00a0\u00bbcontent-moving\u00a0\u00bb parallax_image=\u00a0\u00bb33732&Prime; bg_image=\u00a0\u00bbhttps:\/\/www.bikun.eu\/wp-content\/uploads\/2018\/04\/1920&#215;1000.jpg\u00a0\u00bb anchor=\u00a0\u00bbprodotti\u00a0\u00bb][vc_column][vc_row_inner el_class=\u00a0\u00bbbanner-home\u00a0\u00bb css=\u00a0\u00bb.vc_custom_1524066170817{margin-bottom: 20px !important;}\u00a0\u00bb][vc_column_inner width=\u00a0\u00bb1\/3&Prime;][\/vc_column_inner][vc_column_inner width=\u00a0\u00bb1\/3&Prime;][\/vc_column_inner][vc_column_inner width=\u00a0\u00bb1\/3&Prime;][\/vc_column_inner][\/vc_row_inner][vc_row_inner el_class=\u00a0\u00bbbanner-home\u00a0\u00bb css=\u00a0\u00bb.vc_custom_1524066175898{margin-bottom: 20px !important;}\u00a0\u00bb][vc_column_inner width=\u00a0\u00bb1\/3&Prime;][\/vc_column_inner][vc_column_inner width=\u00a0\u00bb1\/3&Prime;][\/vc_column_inner][vc_column_inner width=\u00a0\u00bb1\/3&Prime;][\/vc_column_inner][\/vc_row_inner][\/vc_column][\/vc_row][vc_row type=\u00a0\u00bb5&Prime; bg_color=\u00a0\u00bb#eceded\u00a0\u00bb bg_position=\u00a0\u00bbcenter\u00a0\u00bb bg_repeat=\u00a0\u00bbrepeat\u00a0\u00bb padding_top=\u00a0\u00bb75&Prime; padding_bottom=\u00a0\u00bb75&Prime;][vc_column width=\u00a0\u00bb2\/3&Prime;][vc_column_text] Super promo \u2013 10% Pour c\u00e9l\u00e9brer les 50 ans de la marque SEB tous les produits sur le site seront r\u00e9duits&hellip;","og_url":"https:\/\/www.bikun.eu\/fr\/home\/","og_site_name":"Bikun","article_modified_time":"2018-07-13T15:17:00+00:00","twitter_misc":{"Dur\u00e9e de lecture estim\u00e9e":"5 minutes"},"schema":{"@context":"https:\/\/schema.org","@graph":[{"@type":"WebPage","@id":"https:\/\/www.bikun.eu\/fr\/home\/","url":"https:\/\/www.bikun.eu\/fr\/home\/","name":"Bikun et Les Bains D\u00e9rivatifs","isPartOf":{"@id":"https:\/\/www.bikun.eu\/#website"},"datePublished":"2014-08-14T08:15:08+00:00","dateModified":"2018-07-13T15:17:00+00:00","breadcrumb":{"@id":"https:\/\/www.bikun.eu\/fr\/home\/#breadcrumb"},"inLanguage":"fr-FR","potentialAction":[{"@type":"ReadAction","target":["https:\/\/www.bikun.eu\/fr\/home\/"]}]},{"@type":"BreadcrumbList","@id":"https:\/\/www.bikun.eu\/fr\/home\/#breadcrumb","itemListElement":[{"@type":"ListItem","position":1,"name":"Accueil","item":"https:\/\/www.bikun.eu\/fr\/home\/"},{"@type":"ListItem","position":2,"name":"Home"}]},{"@type":"WebSite","@id":"https:\/\/www.bikun.eu\/#website","url":"https:\/\/www.bikun.eu\/","name":"Bikun","description":"dimagrire con i bagni derivativi","potentialAction":[{"@type":"SearchAction","target":{"@type":"EntryPoint","urlTemplate":"https:\/\/www.bikun.eu\/?s={search_term_string}"},"query-input":{"@type":"PropertyValueSpecification","valueRequired":true,"valueName":"search_term_string"}}],"inLanguage":"fr-FR"}]}},"_links":{"self":[{"href":"https:\/\/www.bikun.eu\/fr\/wp-json\/wp\/v2\/pages\/32223","targetHints":{"allow":["GET"]}}],"collection":[{"href":"https:\/\/www.bikun.eu\/fr\/wp-json\/wp\/v2\/pages"}],"about":[{"href":"https:\/\/www.bikun.eu\/fr\/wp-json\/wp\/v2\/types\/page"}],"author":[{"embeddable":true,"href":"https:\/\/www.bikun.eu\/fr\/wp-json\/wp\/v2\/users\/1"}],"replies":[{"embeddable":true,"href":"https:\/\/www.bikun.eu\/fr\/wp-json\/wp\/v2\/comments?post=32223"}],"version-history":[{"count":3,"href":"https:\/\/www.bikun.eu\/fr\/wp-json\/wp\/v2\/pages\/32223\/revisions"}],"predecessor-version":[{"id":34136,"href":"https:\/\/www.bikun.eu\/fr\/wp-json\/wp\/v2\/pages\/32223\/revisions\/34136"}],"wp:attachment":[{"href":"https:\/\/www.bikun.eu\/fr\/wp-json\/wp\/v2\/media?parent=32223"}],"curies":[{"name":"wp","href":"https:\/\/api.w.org\/{rel}","templated":true}]}}