{"id":32540,"date":"2014-04-23T11:18:35","date_gmt":"2014-04-23T09:18:35","guid":{"rendered":"http:\/\/www.bikun.eu\/fr\/b-bikun\/"},"modified":"2023-05-15T10:58:56","modified_gmt":"2023-05-15T08:58:56","slug":"b-bikun","status":"publish","type":"page","link":"https:\/\/www.bikun.eu\/fr\/b-bikun\/","title":{"rendered":"B-Bikun"},"content":{"rendered":"<div class=\"wpb-content-wrapper\"><p>[vc_row animation=\u00a0\u00bbzoomIn\u00a0\u00bb type=\u00a0\u00bb5&Prime; bg_color=\u00a0\u00bb#d7f1e9&Prime; padding_top=\u00a0\u00bb60px\u00a0\u00bb padding_bottom=\u00a0\u00bb60px\u00a0\u00bb][vc_column width=\u00a0\u00bb1\/2&Prime;][vc_empty_space][vc_column_text css_animation=\u00a0\u00bbfadeInUp\u00a0\u00bb]<\/p>\n<p style=\"text-align: center;\"><a href=\"\/fr\/panier\/?add-to-cart=32545\" class=\"dt-btn-l dt-btn\"><span lang=\"fr\">AJOUTER AU PANIER<\/span> &#8211; \u20ac <del>45,00<\/del> &#8211; 40,50<\/a><\/p>\n<p>[\/vc_column_text][\/vc_column][vc_column width=\u00a0\u00bb1\/2&Prime;][vc_column_text]<\/p>\n<p style=\"text-align: justify;\">Invent\u00e9, d\u00e9velopp\u00e9 et produit en Italie, B-bikun est compos\u00e9 de <strong>gel naturel<\/strong>,<strong> pas toxique<\/strong> et rhabill\u00e9 par une <strong>enveloppe aseptique et antibact\u00e9rienne<\/strong>.<\/p>\n<p style=\"text-align: justify;\">Refroidir la Poche en cong\u00e9lateur pour environ 60 minutes et <strong>l&rsquo;appliquer sur les zones inguinales<\/strong> pour obtenir <strong>tout le soulagement et le b\u00e9n\u00e9fice du Bain D\u00e9rivatif.<\/strong> Les applications peuvent se repetir plusieurs fois par jour.<\/p>\n<p>[\/vc_column_text][\/vc_column][\/vc_row][vc_row margin_top=\u00a0\u00bb60&Prime; margin_bottom=\u00a0\u00bb60&Prime;][vc_column offset=\u00a0\u00bbvc_col-lg-6 vc_col-md-12 vc_col-xs-12&Prime;][vc_column_text css_animation=\u00a0\u00bbfadeInLeft\u00a0\u00bb]<\/p>\n<h2>Bains D\u00e9rivatifs<\/h2>\n<p>[\/vc_column_text][vc_empty_space height=\u00a0\u00bb16px\u00a0\u00bb][vc_column_text]<\/p>\n<p style=\"text-align: justify;\">Selon le syst\u00e8me de Louis Khune, <strong>B-Bikun<\/strong> permet d&rsquo;obtenir les <strong>b\u00e9n\u00e9fices<\/strong> et le <strong>soulagement des Bains D\u00e9rivatifs<\/strong>. Un <strong>technique naturel<\/strong> \u00e0 travers le <strong>refroidissement<\/strong> de la zone <strong>perineale<\/strong> contribue \u00e0 <strong>soulager douleurs et embarras<\/strong> unis soit au domaine pelvien qui \u00e0 l&rsquo;<strong>organisme<\/strong> entier. Un usage constant favorise la r\u00e9activation des tissus connectifs, am\u00e9liore la circulation, r\u00e9tablit le syst\u00e8me lympho\u00efde et donne \u00e0 notre corps une <strong>renouvel\u00e9e \u00e9nergie vitale<\/strong>.<\/p>\n<p>[\/vc_column_text][vc_empty_space height=\u00a0\u00bb60px\u00a0\u00bb][vc_column_text css_animation=\u00a0\u00bbfadeInLeftBig\u00a0\u00bb]<\/p>\n<h2>Quand l&rsquo;utiliser<\/h2>\n<p>[\/vc_column_text][vc_empty_space height=\u00a0\u00bb16px\u00a0\u00bb][vc_column_text]<\/p>\n<p style=\"text-align: justify;\">La Poche anatomique <strong>B-bikun<\/strong> contrairement \u00e0 Bikun est plus grande et contient le <strong>80% en plus de gel<\/strong>. Cela permet une meilleure couverture de la zone trait\u00e9e et un <strong>refroidissement<\/strong> prolong\u00e9, jusqu&rsquo;\u00e0 les <strong>40 minutes<\/strong>.<\/p>\n<p style=\"text-align: justify;\"><strong>B-Bikun<\/strong> n&rsquo;a pas de contre-indication, il peut \u00eatre appliqu\u00e9 pendant les <strong>moments de repos ou de relax<\/strong> ou comme <strong>revigorant apr\u00e8s l&rsquo;activit\u00e9 sportive<\/strong>. Fait soit pour hommes que pour femmes.<\/p>\n<p>[\/vc_column_text][vc_empty_space height=\u00a0\u00bb40px\u00a0\u00bb][\/vc_column][vc_column offset=\u00a0\u00bbvc_col-lg-6 vc_col-md-12 vc_col-xs-12&Prime;][vc_single_image image=\u00a0\u00bb30938&Prime; img_size=\u00a0\u00bbfull\u00a0\u00bb alignment=\u00a0\u00bbcenter\u00a0\u00bb css_animation=\u00a0\u00bbfadeInRight\u00a0\u00bb css=\u00a0\u00bb.vc_custom_1429607443426{margin-top: -60px !important;}\u00a0\u00bb][vc_empty_space height=\u00a0\u00bb40px\u00a0\u00bb][\/vc_column][\/vc_row][vc_row][vc_column][vc_empty_space height=\u00a0\u00bb60px\u00a0\u00bb][vc_column_text css_animation=\u00a0\u00bbfadeInDown\u00a0\u00bb]<\/p>\n<h2 style=\"text-align: center;\">Application<\/h2>\n<p>[\/vc_column_text][vc_empty_space height=\u00a0\u00bb60px\u00a0\u00bb][\/vc_column][\/vc_row][vc_row][vc_column width=\u00a0\u00bb1\/4&Prime;]<div class=\"standard-arrow list-divider bullet-top\"><ul>\n<li>Acn\u00e9<\/li>\n<li>Fatigue<\/li>\n<li>Allergies<\/li>\n<li>App\u00e9tit<\/li>\n<li>Arthrose<\/li>\n<li>Arthrite<\/li>\n<\/ul>\n<\/div>[vc_empty_space height=\u00a0\u00bb60px\u00a0\u00bb][\/vc_column][vc_column width=\u00a0\u00bb1\/4&Prime;]<div class=\"standard-arrow list-divider bullet-top\"><ul>\n<li>Asthme<\/li>\n<li>Chute de cheveux<\/li>\n<li>Cellulite<\/li>\n<li>Mal \u00e0 la nuque<\/li>\n<li>Ecz\u00e9ma<\/li>\n<li>H\u00e9morro\u00efdes<\/li>\n<\/ul>\n<\/div>[vc_empty_space height=\u00a0\u00bb60px\u00a0\u00bb][\/vc_column][vc_column width=\u00a0\u00bb1\/4&Prime;]<div class=\"standard-arrow list-divider bullet-top\"><ul>\n<li>Fibromyalgie<\/li>\n<li>Herpes<\/li>\n<li>Incontinence<\/li>\n<li>Grippe<\/li>\n<li>Insomnie<\/li>\n<li>M\u00e9nopause<\/li>\n<\/ul>\n<\/div>[vc_empty_space height=\u00a0\u00bb60px\u00a0\u00bb][\/vc_column][vc_column width=\u00a0\u00bb1\/4&Prime;]<div class=\"standard-arrow list-divider bullet-top\"><ul>\n<li>R\u00e8gles<\/li>\n<li>Poids<\/li>\n<li>Sexualit\u00e9<\/li>\n<li>Sommeil<\/li>\n<li>Constipation<\/li>\n<li>Coups de soleil<\/li>\n<\/ul>\n<\/div>[vc_empty_space height=\u00a0\u00bb60px\u00a0\u00bb][\/vc_column][\/vc_row][vc_row margin_bottom=\u00a0\u00bb-30px\u00a0\u00bb type=\u00a0\u00bb5&Prime; bg_color=\u00a0\u00bb#f0f0f0&Prime; padding_top=\u00a0\u00bb60px\u00a0\u00bb padding_bottom=\u00a0\u00bb60px\u00a0\u00bb][vc_column width=\u00a0\u00bb1\/3&Prime;][vc_column_text css_animation=\u00a0\u00bbfadeInLeft\u00a0\u00bb]<\/p>\n<h3>Certifications<\/h3>\n<p>[\/vc_column_text][vc_empty_space height=\u00a0\u00bb24px\u00a0\u00bb][vc_single_image image=\u00a0\u00bb30848&Prime; img_size=\u00a0\u00bbfull\u00a0\u00bb css_animation=\u00a0\u00bbzoomInLeft\u00a0\u00bb el_class=\u00a0\u00bbcertific\u00a0\u00bb][\/vc_column][vc_column width=\u00a0\u00bb2\/3&Prime; animation=\u00a0\u00bbzoomInRight\u00a0\u00bb][vc_accordion][vc_accordion_tab title=\u00a0\u00bbUtilisation\u00a0\u00bb][vc_column_text]<\/p>\n<p style=\"text-align: justify;\">Refroidir la Poche en gel pour au moins <strong>60 minutes en cong\u00e9lateur.<\/strong> Appliquer ensuite sur les <strong>zones inguinales et intimes<\/strong>, <strong>pas directement sur la peau<\/strong> mais en l&rsquo;ins\u00e9rant dans la garde sp\u00e9ciale de tissu, en obtenant ainsi le soulagement et le b\u00e9n\u00e9fice du Bain D\u00e9rivatif. Les <strong>applications<\/strong> peuvent \u00eatre faites aussi <strong>plusieurs fois par jour<\/strong> pendant le repos et les moments de relax.<\/p>\n<p>[\/vc_column_text][vc_empty_space height=\u00a0\u00bb20px\u00a0\u00bb][\/vc_accordion_tab][vc_accordion_tab title=\u00a0\u00bbComposition\u00a0\u00bb][vc_column_text]<\/p>\n<p style=\"text-align: justify;\"><strong>GEL pas toxique<\/strong>: eau distill\u00e9e, cellulose, colorants alimentaires et additifs. En cas de contact accidentel avec la peau rincer avec eau sans frotter.<\/p>\n<p style=\"text-align: justify;\"><strong>Rev\u00eatement ext\u00e9rieur<\/strong>: tampon anatomique totalement aseptique et hypoallerg\u00e9nique, avec haute r\u00e9sistance \u00e0 la jouissance; soud\u00e9 \u00e0 haute fr\u00e9quence et rempli avec 100 g de gel visqueux.<\/p>\n<p style=\"text-align: justify;\">Le produit est ferm\u00e9 dans un emballage sous vide pour garantir l&rsquo;hygi\u00e8ne.<\/p>\n<p>[\/vc_column_text][vc_empty_space height=\u00a0\u00bb20px\u00a0\u00bb][\/vc_accordion_tab][vc_accordion_tab title=\u00a0\u00bbInstructions et Certifications\u00a0\u00bb][vc_column_text]<\/p>\n<p style=\"text-align: justify;\">Fait soit pour l&rsquo;homme qui pour la femme la Poche<strong> B- bikun doit \u00eatre appliqu\u00e9 selon les indications sur d\u00e9crite<\/strong> et il ne doit pas \u00eatre utilis\u00e9 pour buts diff\u00e9rents de ces indiqu\u00e9s.<\/p>\n<p style=\"text-align: justify;\">Le produit est <strong>certifi\u00e9<\/strong> par le Minist\u00e8re de la Sant\u00e9 comme <strong>Dispositif M\u00e9dical de classe 1<\/strong> num\u00e9ro d&rsquo;enregistrement 1242252.<\/p>\n<p>[\/vc_column_text][vc_empty_space height=\u00a0\u00bb20px\u00a0\u00bb][\/vc_accordion_tab][\/vc_accordion][\/vc_column][\/vc_row]<\/p>\n<\/div>","protected":false},"excerpt":{"rendered":"<p>[vc_row animation=\u00a0\u00bbzoomIn\u00a0\u00bb type=\u00a0\u00bb5&Prime; bg_color=\u00a0\u00bb#d7f1e9&Prime; padding_top=\u00a0\u00bb60px\u00a0\u00bb padding_bottom=\u00a0\u00bb60px\u00a0\u00bb][vc_column width=\u00a0\u00bb1\/2&Prime;][vc_empty_space][vc_column_text css_animation=\u00a0\u00bbfadeInUp\u00a0\u00bb] [\/vc_column_text][\/vc_column][vc_column width=\u00a0\u00bb1\/2&Prime;][vc_column_text] Invent\u00e9, d\u00e9velopp\u00e9 et produit en Italie, B-bikun est compos\u00e9 de gel naturel, pas toxique et rhabill\u00e9 par une enveloppe aseptique et antibact\u00e9rienne. Refroidir la Poche en cong\u00e9lateur pour environ 60 minutes et l&rsquo;appliquer sur les zones inguinales pour obtenir tout le soulagement et le b\u00e9n\u00e9fice&hellip;<\/p>\n","protected":false},"author":1,"featured_media":0,"parent":0,"menu_order":2,"comment_status":"closed","ping_status":"closed","template":"","meta":{"footnotes":""},"class_list":["post-32540","page","type-page","status-publish","hentry","description-off"],"yoast_head":"<!-- This site is optimized with the Yoast SEO plugin v27.3 - https:\/\/yoast.com\/product\/yoast-seo-wordpress\/ -->\n<title>B-Bikun - Cuscino rinfrescante<\/title>\n<meta name=\"description\" content=\"Il cuscinetto B-Bikun \u00e8 una versione allargata di ......, il cuscino in gel rinfrescante per il benessere del corpo, dedicato alla zona perineale.\" \/>\n<meta name=\"robots\" content=\"index, follow, max-snippet:-1, max-image-preview:large, max-video-preview:-1\" \/>\n<link rel=\"canonical\" href=\"https:\/\/www.bikun.eu\/fr\/b-bikun\/\" \/>\n<meta property=\"og:locale\" content=\"fr_FR\" \/>\n<meta property=\"og:type\" content=\"article\" \/>\n<meta property=\"og:title\" content=\"B-Bikun - Cuscino rinfrescante\" \/>\n<meta property=\"og:description\" content=\"Il cuscinetto B-Bikun \u00e8 una versione allargata di ......, il cuscino in gel rinfrescante per il benessere del corpo, dedicato alla zona perineale.\" \/>\n<meta property=\"og:url\" content=\"https:\/\/www.bikun.eu\/fr\/b-bikun\/\" \/>\n<meta property=\"og:site_name\" content=\"Bikun\" \/>\n<meta property=\"article:modified_time\" content=\"2023-05-15T08:58:56+00:00\" \/>\n<meta name=\"twitter:label1\" content=\"Dur\u00e9e de lecture estim\u00e9e\" \/>\n\t<meta name=\"twitter:data1\" content=\"4 minutes\" \/>\n<script type=\"application\/ld+json\" class=\"yoast-schema-graph\">{\"@context\":\"https:\\\/\\\/schema.org\",\"@graph\":[{\"@type\":\"WebPage\",\"@id\":\"https:\\\/\\\/www.bikun.eu\\\/fr\\\/b-bikun\\\/\",\"url\":\"https:\\\/\\\/www.bikun.eu\\\/fr\\\/b-bikun\\\/\",\"name\":\"B-Bikun - Cuscino rinfrescante\",\"isPartOf\":{\"@id\":\"https:\\\/\\\/www.bikun.eu\\\/#website\"},\"datePublished\":\"2014-04-23T09:18:35+00:00\",\"dateModified\":\"2023-05-15T08:58:56+00:00\",\"description\":\"Il cuscinetto B-Bikun \u00e8 una versione allargata di ......, il cuscino in gel rinfrescante per il benessere del corpo, dedicato alla zona perineale.\",\"breadcrumb\":{\"@id\":\"https:\\\/\\\/www.bikun.eu\\\/fr\\\/b-bikun\\\/#breadcrumb\"},\"inLanguage\":\"fr-FR\",\"potentialAction\":[{\"@type\":\"ReadAction\",\"target\":[\"https:\\\/\\\/www.bikun.eu\\\/fr\\\/b-bikun\\\/\"]}]},{\"@type\":\"BreadcrumbList\",\"@id\":\"https:\\\/\\\/www.bikun.eu\\\/fr\\\/b-bikun\\\/#breadcrumb\",\"itemListElement\":[{\"@type\":\"ListItem\",\"position\":1,\"name\":\"Accueil\",\"item\":\"https:\\\/\\\/www.bikun.eu\\\/fr\\\/home\\\/\"},{\"@type\":\"ListItem\",\"position\":2,\"name\":\"B-Bikun\"}]},{\"@type\":\"WebSite\",\"@id\":\"https:\\\/\\\/www.bikun.eu\\\/#website\",\"url\":\"https:\\\/\\\/www.bikun.eu\\\/\",\"name\":\"Bikun\",\"description\":\"dimagrire con i bagni derivativi\",\"potentialAction\":[{\"@type\":\"SearchAction\",\"target\":{\"@type\":\"EntryPoint\",\"urlTemplate\":\"https:\\\/\\\/www.bikun.eu\\\/?s={search_term_string}\"},\"query-input\":{\"@type\":\"PropertyValueSpecification\",\"valueRequired\":true,\"valueName\":\"search_term_string\"}}],\"inLanguage\":\"fr-FR\"}]}<\/script>\n<!-- \/ Yoast SEO plugin. -->","yoast_head_json":{"title":"B-Bikun - Cuscino rinfrescante","description":"Il cuscinetto B-Bikun \u00e8 una versione allargata di ......, il cuscino in gel rinfrescante per il benessere del corpo, dedicato alla zona perineale.","robots":{"index":"index","follow":"follow","max-snippet":"max-snippet:-1","max-image-preview":"max-image-preview:large","max-video-preview":"max-video-preview:-1"},"canonical":"https:\/\/www.bikun.eu\/fr\/b-bikun\/","og_locale":"fr_FR","og_type":"article","og_title":"B-Bikun - Cuscino rinfrescante","og_description":"Il cuscinetto B-Bikun \u00e8 una versione allargata di ......, il cuscino in gel rinfrescante per il benessere del corpo, dedicato alla zona perineale.","og_url":"https:\/\/www.bikun.eu\/fr\/b-bikun\/","og_site_name":"Bikun","article_modified_time":"2023-05-15T08:58:56+00:00","twitter_misc":{"Dur\u00e9e de lecture estim\u00e9e":"4 minutes"},"schema":{"@context":"https:\/\/schema.org","@graph":[{"@type":"WebPage","@id":"https:\/\/www.bikun.eu\/fr\/b-bikun\/","url":"https:\/\/www.bikun.eu\/fr\/b-bikun\/","name":"B-Bikun - Cuscino rinfrescante","isPartOf":{"@id":"https:\/\/www.bikun.eu\/#website"},"datePublished":"2014-04-23T09:18:35+00:00","dateModified":"2023-05-15T08:58:56+00:00","description":"Il cuscinetto B-Bikun \u00e8 una versione allargata di ......, il cuscino in gel rinfrescante per il benessere del corpo, dedicato alla zona perineale.","breadcrumb":{"@id":"https:\/\/www.bikun.eu\/fr\/b-bikun\/#breadcrumb"},"inLanguage":"fr-FR","potentialAction":[{"@type":"ReadAction","target":["https:\/\/www.bikun.eu\/fr\/b-bikun\/"]}]},{"@type":"BreadcrumbList","@id":"https:\/\/www.bikun.eu\/fr\/b-bikun\/#breadcrumb","itemListElement":[{"@type":"ListItem","position":1,"name":"Accueil","item":"https:\/\/www.bikun.eu\/fr\/home\/"},{"@type":"ListItem","position":2,"name":"B-Bikun"}]},{"@type":"WebSite","@id":"https:\/\/www.bikun.eu\/#website","url":"https:\/\/www.bikun.eu\/","name":"Bikun","description":"dimagrire con i bagni derivativi","potentialAction":[{"@type":"SearchAction","target":{"@type":"EntryPoint","urlTemplate":"https:\/\/www.bikun.eu\/?s={search_term_string}"},"query-input":{"@type":"PropertyValueSpecification","valueRequired":true,"valueName":"search_term_string"}}],"inLanguage":"fr-FR"}]}},"_links":{"self":[{"href":"https:\/\/www.bikun.eu\/fr\/wp-json\/wp\/v2\/pages\/32540","targetHints":{"allow":["GET"]}}],"collection":[{"href":"https:\/\/www.bikun.eu\/fr\/wp-json\/wp\/v2\/pages"}],"about":[{"href":"https:\/\/www.bikun.eu\/fr\/wp-json\/wp\/v2\/types\/page"}],"author":[{"embeddable":true,"href":"https:\/\/www.bikun.eu\/fr\/wp-json\/wp\/v2\/users\/1"}],"replies":[{"embeddable":true,"href":"https:\/\/www.bikun.eu\/fr\/wp-json\/wp\/v2\/comments?post=32540"}],"version-history":[{"count":3,"href":"https:\/\/www.bikun.eu\/fr\/wp-json\/wp\/v2\/pages\/32540\/revisions"}],"predecessor-version":[{"id":38506,"href":"https:\/\/www.bikun.eu\/fr\/wp-json\/wp\/v2\/pages\/32540\/revisions\/38506"}],"wp:attachment":[{"href":"https:\/\/www.bikun.eu\/fr\/wp-json\/wp\/v2\/media?parent=32540"}],"curies":[{"name":"wp","href":"https:\/\/api.w.org\/{rel}","templated":true}]}}