{"id":32564,"date":"2014-04-23T14:50:39","date_gmt":"2014-04-23T12:50:39","guid":{"rendered":"http:\/\/www.bikun.eu\/fr\/mykun-colpo-di-sole\/"},"modified":"2023-05-15T11:07:43","modified_gmt":"2023-05-15T09:07:43","slug":"mykun","status":"publish","type":"page","link":"https:\/\/www.bikun.eu\/fr\/mykun\/","title":{"rendered":"Mykun"},"content":{"rendered":"<div class=\"wpb-content-wrapper\"><p>[vc_row animation=\u00a0\u00bbzoomIn\u00a0\u00bb type=\u00a0\u00bb5&Prime; bg_color=\u00a0\u00bb#d7f1e9&Prime; padding_top=\u00a0\u00bb60px\u00a0\u00bb padding_bottom=\u00a0\u00bb60px\u00a0\u00bb][vc_column width=\u00a0\u00bb1\/2&Prime;][vc_empty_space][vc_column_text css_animation=\u00a0\u00bbfadeInUp\u00a0\u00bb]<\/p>\n<p style=\"text-align: center;\"><a href=\"\/fr\/panier\/?add-to-cart=32547\" class=\"dt-btn-l dt-btn\"><span lang=\"fr\">AJOUTER AU PANIER<\/span> &#8211; \u20ac <del>19,90<\/del> &#8211; 17,90<\/a><\/p>\n<p>[\/vc_column_text][\/vc_column][vc_column width=\u00a0\u00bb1\/2&Prime;][vc_column_text]<\/p>\n<p style=\"text-align: justify;\">Invent\u00e9, d\u00e9velopp\u00e9 et produit en Italie.<\/p>\n<p style=\"text-align: justify;\">Apr\u00e8s avoir refroidi le bracelet en cong\u00e9lateur ou en r\u00e9frig\u00e9rateur, selon le tol\u00e9rance personnel, l<strong>&lsquo;appliquer au poignet<\/strong> pour obtenir <strong>tout le soulagement et le b\u00e9n\u00e9fice rafra\u00eechissant<\/strong>. Les applications peuvent \u00eatre faites aussi plusieurs fois par jour.<\/p>\n<p>[\/vc_column_text][\/vc_column][\/vc_row][vc_row margin_top=\u00a0\u00bb60&Prime; margin_bottom=\u00a0\u00bb60&Prime;][vc_column offset=\u00a0\u00bbvc_col-lg-6 vc_col-md-12 vc_col-xs-12&Prime;][vc_column_text css_animation=\u00a0\u00bbfadeInLeft\u00a0\u00bb]<\/p>\n<h2>Pour ton bien-\u00eatre<\/h2>\n<p>[\/vc_column_text][vc_empty_space height=\u00a0\u00bb16px\u00a0\u00bb][vc_column_text]<\/p>\n<p style=\"text-align: justify;\"><strong>Mykun est un bracelet en gel rafra\u00eechissant qui donne une sensation agr\u00e9able de fra\u00eecheur et fournit un precieux et efficace aide en beaucoup d&rsquo;occasions.<\/strong><\/p>\n<p>[\/vc_column_text][vc_empty_space height=\u00a0\u00bb20&Prime;][vc_empty_space height=\u00a0\u00bb40px\u00a0\u00bb]<div class=\"standard-arrow bullet-top\"><ul>\n<li>Il r\u00e9tablit l&rsquo;\u00e9tat de bien-\u00eatre apr\u00e8s un coup de chaleur<\/li>\n<li>Il att\u00e9nue le sens de malaise en pr\u00e9sence d&rsquo;\u00e9tats fi\u00e9vreux<\/li>\n<li>Il favorise une sensation de bien-\u00eatre en \u00e9tats de naus\u00e9e<\/li>\n<li>Reactive l&rsquo;\u00e9nergie vitale en cas de fatigue<\/li>\n<\/ul>\n<\/div>[\/vc_column][vc_column offset=\u00a0\u00bbvc_col-lg-6 vc_col-md-12 vc_col-xs-12&Prime;][vc_single_image image=\u00a0\u00bb31123&Prime; img_size=\u00a0\u00bbfull\u00a0\u00bb alignment=\u00a0\u00bbcenter\u00a0\u00bb css_animation=\u00a0\u00bbfadeInRight\u00a0\u00bb css=\u00a0\u00bb.vc_custom_1431620833211{margin-top: -60px !important;}\u00a0\u00bb][vc_empty_space height=\u00a0\u00bb40px\u00a0\u00bb][\/vc_column][\/vc_row][vc_row][vc_column][vc_empty_space height=\u00a0\u00bb60px\u00a0\u00bb][vc_column_text css_animation=\u00a0\u00bbfadeInDown\u00a0\u00bb]<\/p>\n<h2 style=\"text-align: center;\">Applications<\/h2>\n<p style=\"text-align: center;\"><strong>Mykun est un rem\u00e8de simple mais efficace pour les naus\u00e9es , d&rsquo; insolation, de la fi\u00e8vre et une entorse du poignet.<\/strong> Pour en savoir plus <a title=\"bikun facebook fan page\" href=\"https:\/\/www.facebook.com\/pages\/Bikun\/129081187207070?fref=ts\" target=\"_blank\" rel=\"noopener\">cliquez ici,<\/a> aller \u00e0 <strong>facebook page officielle <\/strong> et cliquez sur \u00ab\u00a0Like\u00a0\u00bb pour mieux comprendre tous les avantages d&rsquo;un thermiques produits d\u00e9riv\u00e9s et suivez les conseils simples et utiles pour une vie saine, \u00e9quilibr\u00e9e et toujours \u00e9nergiques.<\/p>\n<p>[\/vc_column_text][vc_empty_space height=\u00a0\u00bb60px\u00a0\u00bb][\/vc_column][\/vc_row][vc_row][vc_column]<section id=\"benefits-grid-1\" class=\"benefits-grid wf-container benefits-style-one icons-bg accent-bg accent-hover-bg custom-icon-color custom-icon-hover-color\" data-width=\"350px\" data-columns=\"2\"><style type=\"text\/css\">#benefits-grid-1.icons-bg .benefits-grid-ico { height: 36px; line-height: 36px; width: 36px;-webkit-border-radius: 100px;-moz-border-radius: 100px;-ms-border-radius: 100px;-o-border-radius: 100px;border-radius: 100px; }#benefits-grid-1.icons-bg .benefits-grid-ico > .fa { font-size: 20px; line-height: 36px; }#benefits-grid-1.custom-icon-color .benefits-grid-ico > .fa,\n\t\t\t\t\t#benefits-grid-1.custom-icon-color .benefits-grid-ico > .fa:before { color: #ffffff; }#benefits-grid-1.custom-icon-hover-color a.benefits-grid-ico:hover > .fa,\n\t\t\t\t\t#benefits-grid-1.custom-icon-hover-color a.benefits-grid-ico:hover > .fa:before { color: #dddddd; -webkit-text-fill-color: #dddddd; }<\/style><div class=\"wf-cell\"><div><div class=\"text-big\"><div class=\"wf-table\"><div class=\"wf-td\"><a href=\"#\" class=\"benefits-grid-ico fadeInLeft animate-element\"><i class=\"fa fa-users\"><\/i><\/a><\/div><div class=\"wf-td\"><h5>Naus\u00e9e de grossesse<\/h5><\/div><\/div><p style=\"text-align: justify;\">Les naus\u00e9es sont d\u00e9rangements typiques de la grossesse; ils sont sympt\u00f4mes absolument pas alarmants mais qu&rsquo;ils peuvent devenir <strong>insupportables et fatiguer la maman future<\/strong>. Une solution est <strong>mouiller les poignets avec l&rsquo;eau froide<\/strong> ou, en alternative, <strong>appliquer Mykun<\/strong> apr\u00e8s l&rsquo;avoir <strong>rafra\u00eechi pour environ 60 minutes<\/strong> \u00e0 l&rsquo;int\u00e9rieur du cong\u00e9lateur ou en r\u00e9frig\u00e9rateur selon le tol\u00e9rance personnel.<\/p>\n<\/div><\/div><\/div><div class=\"wf-cell\"><div><div class=\"text-big\"><div class=\"wf-table\"><div class=\"wf-td\"><a href=\"#\" class=\"benefits-grid-ico fadeInLeft animate-element\"><i class=\"fa fa-times\"><\/i><\/a><\/div><div class=\"wf-td\"><h5>Entorse du poignet<\/h5><\/div><\/div><p style=\"text-align: justify;\"><strong>L&rsquo;inflammation des tendons<\/strong>, r\u00e9sultant de mouvements faux ou activit\u00e9s sportives extr\u00eames, comporte une <strong>augmentation du flux sanguin<\/strong> en <strong>provoquant douleur<\/strong> et <strong>r\u00e9duction de la mobilit\u00e9<\/strong>. Une solution efficace est<strong> lier le mouvement du poignet dans une position<\/strong> de repos <strong>et utiliser Mykun<\/strong> pour environ 10-15 minutes <strong>plusieurs fois par jour<\/strong>.<\/p>\n<\/div><\/div><\/div><div class=\"wf-cell\"><div><div class=\"text-big\"><div class=\"wf-table\"><div class=\"wf-td\"><a href=\"#\" class=\"benefits-grid-ico fadeInLeft animate-element\"><i class=\"fa fa-tint\"><\/i><\/a><\/div><div class=\"wf-td\"><h5>Coups de chaleur<\/h5><\/div><\/div><p style=\"text-align: justify;\"><strong>L&rsquo;\u00e9l\u00e9vation rapide de la temp\u00e9rature<\/strong> int\u00e9rieure <strong>du corps<\/strong> provoque le \u00ab\u00a0<strong>coup de chaleur<\/strong>\u00ab\u00a0; l&rsquo;organisme ralentit l&rsquo;activit\u00e9 de transpiration et d&rsquo;\u00e9change thermique vers l&rsquo;ext\u00e9rieur. Une<strong> solution efficace<\/strong> est intervenir\u00a0 avec du bain \u00e0 l&rsquo;\u00e9ponge avec eau froide ou <strong>application de Mykun<\/strong>. Dans ces circonstances <strong>la combinaison de Mykun au Bikun<\/strong> rend encore<strong> plus efficace et imm\u00e9diate la dispersion de la chaleur<\/strong> accumul\u00e9e.<\/p>\n<\/div><\/div><\/div><div class=\"wf-cell\"><div><div class=\"text-big\"><div class=\"wf-table\"><div class=\"wf-td\"><a href=\"#\" class=\"benefits-grid-ico fadeInLeft animate-element\"><i class=\"fa fa-magic\"><\/i><\/a><\/div><div class=\"wf-td\"><h5>Fi\u00e8vre<\/h5><\/div><\/div><p style=\"text-align: justify;\">En tous les cas de fi\u00e8vre c&rsquo;est indispensable d&rsquo;utiliser le sac de glace. Tr\u00e8s souvent cette simple intervention permet de baisser la temp\u00e9rature et donne s\u00fbrement un peu de lucidit\u00e9 en att\u00e9nuant les effets de la fi\u00e8vre m\u00eame. Les bains \u00e0 l&rsquo;\u00e9ponge ou l&rsquo;usage de Mykun sur le corps, en particulier sur les poignets, ou l&rsquo;application de Bikun, peuvent \u00eatre une aide valide pour r\u00e9duire la temp\u00e9rature.<\/p>\n<\/div><\/div><\/div><\/section>[vc_empty_space height=\u00a0\u00bb60px\u00a0\u00bb][\/vc_column][\/vc_row][vc_row margin_bottom=\u00a0\u00bb-30px\u00a0\u00bb type=\u00a0\u00bb5&Prime; bg_color=\u00a0\u00bb#f0f0f0&Prime; padding_top=\u00a0\u00bb60px\u00a0\u00bb padding_bottom=\u00a0\u00bb60px\u00a0\u00bb][vc_column width=\u00a0\u00bb1\/3&Prime;][vc_column_text css_animation=\u00a0\u00bbfadeInLeft\u00a0\u00bb]<\/p>\n<h3>Certifications<\/h3>\n<p>[\/vc_column_text][vc_empty_space height=\u00a0\u00bb24px\u00a0\u00bb][vc_single_image image=\u00a0\u00bb30848&Prime; img_size=\u00a0\u00bbfull\u00a0\u00bb css_animation=\u00a0\u00bbzoomInLeft\u00a0\u00bb el_class=\u00a0\u00bbcertific\u00a0\u00bb][\/vc_column][vc_column width=\u00a0\u00bb2\/3&Prime; animation=\u00a0\u00bbzoomInRight\u00a0\u00bb][vc_accordion][vc_accordion_tab title=\u00a0\u00bbUtilisation\u00a0\u00bb][vc_column_text]<\/p>\n<p style=\"text-align: justify;\">Refroidir <strong>le bracelet en gel<\/strong> pour au moins <strong>60 minutes en cong\u00e9lateur<\/strong> ou r\u00e9frig\u00e9rateur, selon la tol\u00e9rance personnel, et l&rsquo;appliquer ensuite <strong>au poignet<\/strong> (fermer avec le velcro). Les applications peuvent se repetir plusieurs fois par jour, aussi pendant le r\u00e9pos et les moments de relax.<\/p>\n<p>[\/vc_column_text][vc_empty_space height=\u00a0\u00bb20px\u00a0\u00bb][\/vc_accordion_tab][vc_accordion_tab title=\u00a0\u00bbComposition\u00a0\u00bb][vc_column_text]<\/p>\n<p style=\"text-align: justify;\"><strong>GEL pas toxique<\/strong>: eau distill\u00e9e, cellulose, colorants alimentaires et additifs. En cas de contact accidentel avec la peau rincer avec eau sans frotter.<\/p>\n<p style=\"text-align: justify;\"><strong>Rev\u00eatement ext\u00e9rieur<\/strong>: tampon anatomique totalement aseptique et hypoall\u00e9rgenique, avec haute r\u00e9sistance \u00e0 la jouissance; soud\u00e9 \u00e0 haute fr\u00e9quence et rempli avec <strong>50 g de gel visqueux.<\/strong><\/p>\n<p style=\"text-align: justify;\">Le produit est ferm\u00e9 dans un emballage sous vide pour garantir l&rsquo;hygi\u00e8ne.<\/p>\n<p>[\/vc_column_text][vc_empty_space height=\u00a0\u00bb20px\u00a0\u00bb][\/vc_accordion_tab][vc_accordion_tab title=\u00a0\u00bbInstructions et Certifications\u00a0\u00bb][vc_column_text]<\/p>\n<p style=\"text-align: justify;\">Fait soit pour l&rsquo;homme qui pour la femme le <strong>bracelet Mykun doit \u00eatre appliqu\u00e9 selon les indications sur d\u00e9crite<\/strong> et il ne doit pas \u00eatre utilis\u00e9 pour buts diff\u00e9rents de ces indiqu\u00e9s.<\/p>\n<p style=\"text-align: justify;\">Le produit est <strong>certifi\u00e9<\/strong> par le Minist\u00e8re de la Sant\u00e9 comme <strong>Dispositif M\u00e9dical de classe 1<\/strong> num\u00e9ro d&rsquo;enregistrement 1269622.<\/p>\n<p>[\/vc_column_text][vc_empty_space height=\u00a0\u00bb20px\u00a0\u00bb][\/vc_accordion_tab][\/vc_accordion][\/vc_column][\/vc_row]<\/p>\n<\/div>","protected":false},"excerpt":{"rendered":"<p>[vc_row animation=\u00a0\u00bbzoomIn\u00a0\u00bb type=\u00a0\u00bb5&Prime; bg_color=\u00a0\u00bb#d7f1e9&Prime; padding_top=\u00a0\u00bb60px\u00a0\u00bb padding_bottom=\u00a0\u00bb60px\u00a0\u00bb][vc_column width=\u00a0\u00bb1\/2&Prime;][vc_empty_space][vc_column_text css_animation=\u00a0\u00bbfadeInUp\u00a0\u00bb] [\/vc_column_text][\/vc_column][vc_column width=\u00a0\u00bb1\/2&Prime;][vc_column_text] Invent\u00e9, d\u00e9velopp\u00e9 et produit en Italie. Apr\u00e8s avoir refroidi le bracelet en cong\u00e9lateur ou en r\u00e9frig\u00e9rateur, selon le tol\u00e9rance personnel, l&lsquo;appliquer au poignet pour obtenir tout le soulagement et le b\u00e9n\u00e9fice rafra\u00eechissant. Les applications peuvent \u00eatre faites aussi plusieurs fois par jour. [\/vc_column_text][\/vc_column][\/vc_row][vc_row margin_top=\u00a0\u00bb60&Prime; margin_bottom=\u00a0\u00bb60&Prime;][vc_column&hellip;<\/p>\n","protected":false},"author":1,"featured_media":0,"parent":0,"menu_order":3,"comment_status":"closed","ping_status":"closed","template":"","meta":{"footnotes":""},"class_list":["post-32564","page","type-page","status-publish","hentry","description-off"],"yoast_head":"<!-- This site is optimized with the Yoast SEO plugin v27.3 - https:\/\/yoast.com\/product\/yoast-seo-wordpress\/ -->\n<title>Colpo di sole o di calore? un rimedio semplice ed efficace.<\/title>\n<meta name=\"description\" content=\"Mykun, un bracciale in gel ideale per il ripristino del naturale stato di benessere del corpo. Efficace dopo un colpo di sole o di calore.\" \/>\n<meta name=\"robots\" content=\"index, follow, max-snippet:-1, max-image-preview:large, max-video-preview:-1\" \/>\n<link rel=\"canonical\" href=\"https:\/\/www.bikun.eu\/fr\/mykun\/\" \/>\n<meta property=\"og:locale\" content=\"fr_FR\" \/>\n<meta property=\"og:type\" content=\"article\" \/>\n<meta property=\"og:title\" content=\"Colpo di sole o di calore? un rimedio semplice ed efficace.\" \/>\n<meta property=\"og:description\" content=\"Mykun, un bracciale in gel ideale per il ripristino del naturale stato di benessere del corpo. Efficace dopo un colpo di sole o di calore.\" \/>\n<meta property=\"og:url\" content=\"https:\/\/www.bikun.eu\/fr\/mykun\/\" \/>\n<meta property=\"og:site_name\" content=\"Bikun\" \/>\n<meta property=\"article:modified_time\" content=\"2023-05-15T09:07:43+00:00\" \/>\n<meta name=\"twitter:label1\" content=\"Dur\u00e9e de lecture estim\u00e9e\" \/>\n\t<meta name=\"twitter:data1\" content=\"4 minutes\" \/>\n<script type=\"application\/ld+json\" class=\"yoast-schema-graph\">{\"@context\":\"https:\\\/\\\/schema.org\",\"@graph\":[{\"@type\":\"WebPage\",\"@id\":\"https:\\\/\\\/www.bikun.eu\\\/fr\\\/mykun\\\/\",\"url\":\"https:\\\/\\\/www.bikun.eu\\\/fr\\\/mykun\\\/\",\"name\":\"Colpo di sole o di calore? un rimedio semplice ed efficace.\",\"isPartOf\":{\"@id\":\"https:\\\/\\\/www.bikun.eu\\\/#website\"},\"datePublished\":\"2014-04-23T12:50:39+00:00\",\"dateModified\":\"2023-05-15T09:07:43+00:00\",\"description\":\"Mykun, un bracciale in gel ideale per il ripristino del naturale stato di benessere del corpo. Efficace dopo un colpo di sole o di calore.\",\"breadcrumb\":{\"@id\":\"https:\\\/\\\/www.bikun.eu\\\/fr\\\/mykun\\\/#breadcrumb\"},\"inLanguage\":\"fr-FR\",\"potentialAction\":[{\"@type\":\"ReadAction\",\"target\":[\"https:\\\/\\\/www.bikun.eu\\\/fr\\\/mykun\\\/\"]}]},{\"@type\":\"BreadcrumbList\",\"@id\":\"https:\\\/\\\/www.bikun.eu\\\/fr\\\/mykun\\\/#breadcrumb\",\"itemListElement\":[{\"@type\":\"ListItem\",\"position\":1,\"name\":\"Accueil\",\"item\":\"https:\\\/\\\/www.bikun.eu\\\/fr\\\/home\\\/\"},{\"@type\":\"ListItem\",\"position\":2,\"name\":\"Mykun\"}]},{\"@type\":\"WebSite\",\"@id\":\"https:\\\/\\\/www.bikun.eu\\\/#website\",\"url\":\"https:\\\/\\\/www.bikun.eu\\\/\",\"name\":\"Bikun\",\"description\":\"dimagrire con i bagni derivativi\",\"potentialAction\":[{\"@type\":\"SearchAction\",\"target\":{\"@type\":\"EntryPoint\",\"urlTemplate\":\"https:\\\/\\\/www.bikun.eu\\\/?s={search_term_string}\"},\"query-input\":{\"@type\":\"PropertyValueSpecification\",\"valueRequired\":true,\"valueName\":\"search_term_string\"}}],\"inLanguage\":\"fr-FR\"}]}<\/script>\n<!-- \/ Yoast SEO plugin. -->","yoast_head_json":{"title":"Colpo di sole o di calore? un rimedio semplice ed efficace.","description":"Mykun, un bracciale in gel ideale per il ripristino del naturale stato di benessere del corpo. Efficace dopo un colpo di sole o di calore.","robots":{"index":"index","follow":"follow","max-snippet":"max-snippet:-1","max-image-preview":"max-image-preview:large","max-video-preview":"max-video-preview:-1"},"canonical":"https:\/\/www.bikun.eu\/fr\/mykun\/","og_locale":"fr_FR","og_type":"article","og_title":"Colpo di sole o di calore? un rimedio semplice ed efficace.","og_description":"Mykun, un bracciale in gel ideale per il ripristino del naturale stato di benessere del corpo. Efficace dopo un colpo di sole o di calore.","og_url":"https:\/\/www.bikun.eu\/fr\/mykun\/","og_site_name":"Bikun","article_modified_time":"2023-05-15T09:07:43+00:00","twitter_misc":{"Dur\u00e9e de lecture estim\u00e9e":"4 minutes"},"schema":{"@context":"https:\/\/schema.org","@graph":[{"@type":"WebPage","@id":"https:\/\/www.bikun.eu\/fr\/mykun\/","url":"https:\/\/www.bikun.eu\/fr\/mykun\/","name":"Colpo di sole o di calore? un rimedio semplice ed efficace.","isPartOf":{"@id":"https:\/\/www.bikun.eu\/#website"},"datePublished":"2014-04-23T12:50:39+00:00","dateModified":"2023-05-15T09:07:43+00:00","description":"Mykun, un bracciale in gel ideale per il ripristino del naturale stato di benessere del corpo. Efficace dopo un colpo di sole o di calore.","breadcrumb":{"@id":"https:\/\/www.bikun.eu\/fr\/mykun\/#breadcrumb"},"inLanguage":"fr-FR","potentialAction":[{"@type":"ReadAction","target":["https:\/\/www.bikun.eu\/fr\/mykun\/"]}]},{"@type":"BreadcrumbList","@id":"https:\/\/www.bikun.eu\/fr\/mykun\/#breadcrumb","itemListElement":[{"@type":"ListItem","position":1,"name":"Accueil","item":"https:\/\/www.bikun.eu\/fr\/home\/"},{"@type":"ListItem","position":2,"name":"Mykun"}]},{"@type":"WebSite","@id":"https:\/\/www.bikun.eu\/#website","url":"https:\/\/www.bikun.eu\/","name":"Bikun","description":"dimagrire con i bagni derivativi","potentialAction":[{"@type":"SearchAction","target":{"@type":"EntryPoint","urlTemplate":"https:\/\/www.bikun.eu\/?s={search_term_string}"},"query-input":{"@type":"PropertyValueSpecification","valueRequired":true,"valueName":"search_term_string"}}],"inLanguage":"fr-FR"}]}},"_links":{"self":[{"href":"https:\/\/www.bikun.eu\/fr\/wp-json\/wp\/v2\/pages\/32564","targetHints":{"allow":["GET"]}}],"collection":[{"href":"https:\/\/www.bikun.eu\/fr\/wp-json\/wp\/v2\/pages"}],"about":[{"href":"https:\/\/www.bikun.eu\/fr\/wp-json\/wp\/v2\/types\/page"}],"author":[{"embeddable":true,"href":"https:\/\/www.bikun.eu\/fr\/wp-json\/wp\/v2\/users\/1"}],"replies":[{"embeddable":true,"href":"https:\/\/www.bikun.eu\/fr\/wp-json\/wp\/v2\/comments?post=32564"}],"version-history":[{"count":3,"href":"https:\/\/www.bikun.eu\/fr\/wp-json\/wp\/v2\/pages\/32564\/revisions"}],"predecessor-version":[{"id":38517,"href":"https:\/\/www.bikun.eu\/fr\/wp-json\/wp\/v2\/pages\/32564\/revisions\/38517"}],"wp:attachment":[{"href":"https:\/\/www.bikun.eu\/fr\/wp-json\/wp\/v2\/media?parent=32564"}],"curies":[{"name":"wp","href":"https:\/\/api.w.org\/{rel}","templated":true}]}}