{"id":32584,"date":"2015-06-30T10:20:58","date_gmt":"2015-06-30T08:20:58","guid":{"rendered":"http:\/\/www.bikun.eu\/fr\/bikun-family-salute-naturale\/"},"modified":"2023-05-15T11:02:42","modified_gmt":"2023-05-15T09:02:42","slug":"bikun-family","status":"publish","type":"page","link":"https:\/\/www.bikun.eu\/fr\/bikun-family\/","title":{"rendered":"Bikun Family"},"content":{"rendered":"<div class=\"wpb-content-wrapper\"><p>[vc_row animation=\u00a0\u00bbzoomIn\u00a0\u00bb type=\u00a0\u00bb5&Prime; bg_color=\u00a0\u00bb#d7f1e9&Prime; padding_top=\u00a0\u00bb60px\u00a0\u00bb padding_bottom=\u00a0\u00bb60px\u00a0\u00bb][vc_column width=\u00a0\u00bb1\/2&Prime;][vc_empty_space][vc_column_text css_animation=\u00a0\u00bbfadeInUp\u00a0\u00bb]<\/p>\n<p style=\"text-align: center;\"><a href=\"\/fr\/panier\/?add-to-cart=32551\" class=\"dt-btn-l dt-btn\">AJOUTER AU PANIER &#8211;\u00a0\u20ac <del>88,70<\/del> &#8211; 79,80<\/a><\/p>\n<p>[\/vc_column_text][\/vc_column][vc_column width=\u00a0\u00bb1\/2&Prime;]<div class=\"standard-arrow bullet-top\"><ul>\n<li>3 Bikun<\/li>\n<li>2 Cover en coton<\/li>\n<li>Manuel explicatif<\/li>\n<li>Garde pour freezer<\/li>\n<\/ul>\n<\/div>[\/vc_column][\/vc_row][vc_row margin_top=\u00a0\u00bb60&Prime; margin_bottom=\u00a0\u00bb60&Prime;][vc_column offset=\u00a0\u00bbvc_col-lg-6 vc_col-md-12 vc_col-xs-12&Prime;][vc_column_text css_animation=\u00a0\u00bbfadeInLeft\u00a0\u00bb]<\/p>\n<h2>Bikun se fait en trois &#8230;<\/h2>\n<p>[\/vc_column_text][vc_empty_space height=\u00a0\u00bb16px\u00a0\u00bb][vc_column_text]<\/p>\n<p style=\"text-align: justify;\"><strong>Bikun <\/strong>se fait en trois et propose le nouveau <strong>format familial<\/strong>! L&#8217;emballage inclut <strong>3 Poches Bikun, 2 covers<\/strong> en coton doux pour rhabiller la poche pendant les applications <strong>et le nouveau manuel<\/strong> pour approfondir la connaissance de cette pratique simple mais efficace.<\/p>\n<p style=\"text-align: justify;\">Les avantages ne finissent pas pourquoi le <strong>family pack<\/strong> est fourni dans un pratique et hygi\u00e9nique<strong> conteneur pour freezer<\/strong>, \u00e0 un prix absolument comp\u00e9titif.<\/p>\n<p>[\/vc_column_text][vc_empty_space height=\u00a0\u00bb60px\u00a0\u00bb][vc_column_text css_animation=\u00a0\u00bbfadeInLeftBig\u00a0\u00bb]<\/p>\n<h2>Le manuel<\/h2>\n<p>[\/vc_column_text][vc_empty_space height=\u00a0\u00bb16px\u00a0\u00bb][vc_column_text]<\/p>\n<p style=\"text-align: justify;\"><strong>Bikun <\/strong>est une confortable <strong>Poche de gel naturel <\/strong>pas toxique, parfait pour pratiquer les<strong> Bains D\u00e9rivatifs<\/strong> selon le syst\u00e8me Louis Kuhne. Nombreux sont les b\u00e9n\u00e9fice, scientifiquement justifi\u00e9es, derivants de cette pratique simple mais efficace; \u00e7a suffit un geste simple et quelque moment de relax.<\/p>\n<p style=\"text-align: justify;\">Pour en savoir en plus cliquer en bas.<\/p>\n<p>[\/vc_column_text][vc_empty_space height=\u00a0\u00bb20&Prime;][vc_column_text css_animation=\u00a0\u00bbfadeInUp\u00a0\u00bb]<\/p>\n<p style=\"text-align: left;\"><a href=\"https:\/\/www.bikun.eu\/wp-content\/uploads\/2015\/06\/nuovo_manuale_bikun_web.pdf\" class=\"dt-btn-l dt-btn\" target=\"_blank\">DECHARGE LE NOUVEAU MANUEL<\/a><\/p>\n<p>[\/vc_column_text][vc_empty_space height=\u00a0\u00bb40px\u00a0\u00bb][\/vc_column][vc_column offset=\u00a0\u00bbvc_col-lg-6 vc_col-md-12 vc_col-xs-12&Prime;][vc_single_image image=\u00a0\u00bb31594&Prime; img_size=\u00a0\u00bbfull\u00a0\u00bb alignment=\u00a0\u00bbcenter\u00a0\u00bb css_animation=\u00a0\u00bbfadeInRight\u00a0\u00bb css=\u00a0\u00bb.vc_custom_1436973275603{margin-top: -60px !important;}\u00a0\u00bb][vc_empty_space height=\u00a0\u00bb40px\u00a0\u00bb][\/vc_column][\/vc_row][vc_row][vc_column][vc_empty_space height=\u00a0\u00bb60px\u00a0\u00bb][vc_column_text css_animation=\u00a0\u00bbfadeInDown\u00a0\u00bb]<\/p>\n<h2 style=\"text-align: center;\">Applications<\/h2>\n<p style=\"text-align: center;\"><strong>Quelques exemples des innombrables et positives applications<\/strong>.<\/p>\n<p>[\/vc_column_text][vc_empty_space height=\u00a0\u00bb60px\u00a0\u00bb][\/vc_column][\/vc_row][vc_row][vc_column width=\u00a0\u00bb1\/4&Prime;]<div class=\"standard-arrow list-divider bullet-top\"><ul>\n<li>Acn\u00e9<\/li>\n<li>Fatigue<\/li>\n<li>Allergies<\/li>\n<li>App\u00e9tit<\/li>\n<li>Arthrose<\/li>\n<li>Arthrite<\/li>\n<\/ul>\n<\/div>[vc_empty_space height=\u00a0\u00bb60px\u00a0\u00bb][\/vc_column][vc_column width=\u00a0\u00bb1\/4&Prime;]<div class=\"standard-arrow list-divider bullet-top\"><ul>\n<li>Asthme<\/li>\n<li>Chute de cheveux<\/li>\n<li>Cellulite<\/li>\n<li>Mal \u00e0 la nuque<\/li>\n<li>Ecz\u00e9ma<\/li>\n<li>H\u00e9morro\u00efdes<\/li>\n<\/ul>\n<\/div>[vc_empty_space height=\u00a0\u00bb60px\u00a0\u00bb][\/vc_column][vc_column width=\u00a0\u00bb1\/4&Prime;]<div class=\"standard-arrow list-divider bullet-top\"><ul>\n<li>Fibromyalgie<\/li>\n<li>Herpes<\/li>\n<li>Incontinence<\/li>\n<li>Grippe<\/li>\n<li>Insomnie<\/li>\n<li>M\u00e9nopause<\/li>\n<\/ul>\n<\/div>[vc_empty_space height=\u00a0\u00bb60px\u00a0\u00bb][\/vc_column][vc_column width=\u00a0\u00bb1\/4&Prime;]<div class=\"standard-arrow list-divider bullet-top\"><ul>\n<li>R\u00e8gles<\/li>\n<li>Poids<\/li>\n<li>Sexualit\u00e9<\/li>\n<li>Sommeil<\/li>\n<li>Constipation<\/li>\n<li>Coups de soleil<\/li>\n<\/ul>\n<\/div>[vc_empty_space height=\u00a0\u00bb60px\u00a0\u00bb][\/vc_column][\/vc_row][vc_row margin_bottom=\u00a0\u00bb-30px\u00a0\u00bb type=\u00a0\u00bb5&Prime; bg_color=\u00a0\u00bb#f0f0f0&Prime; padding_top=\u00a0\u00bb60px\u00a0\u00bb padding_bottom=\u00a0\u00bb60px\u00a0\u00bb][vc_column width=\u00a0\u00bb1\/3&Prime;][vc_column_text css_animation=\u00a0\u00bbfadeInLeft\u00a0\u00bb]<\/p>\n<h3>Certifications<\/h3>\n<p>[\/vc_column_text][vc_empty_space height=\u00a0\u00bb24px\u00a0\u00bb][vc_single_image image=\u00a0\u00bb30848&Prime; img_size=\u00a0\u00bbfull\u00a0\u00bb css_animation=\u00a0\u00bbzoomInLeft\u00a0\u00bb el_class=\u00a0\u00bbcertific\u00a0\u00bb][\/vc_column][vc_column width=\u00a0\u00bb2\/3&Prime; animation=\u00a0\u00bbzoomInRight\u00a0\u00bb][vc_accordion][vc_accordion_tab title=\u00a0\u00bbUtilisation\u00a0\u00bb][vc_column_text]<\/p>\n<p style=\"text-align: justify;\">Refroidir la Poche en gel pour au moins <strong>60 minutes en cong\u00e9lateur<\/strong>. Appliquer ensuite sur les <strong>zones inguinales et intimes, pas directement sur la peau<\/strong> mais en l&rsquo;ins\u00e9rant dans la garde sp\u00e9ciale de tissu, en obtenant ainsi le soulagement et le b\u00e9n\u00e9fice du Bain D\u00e9rivatif. Les <strong>applications<\/strong> peuvent \u00eatre faites aussi <strong>plusieurs fois par jour<\/strong> pendant le repos et les moments de relax.<\/p>\n<p>[\/vc_column_text][vc_empty_space height=\u00a0\u00bb20px\u00a0\u00bb][\/vc_accordion_tab][vc_accordion_tab title=\u00a0\u00bbComposition\u00a0\u00bb][vc_column_text]<\/p>\n<p style=\"text-align: justify;\"><strong>GEL pas toxique<\/strong>: eau distill\u00e9e, cellulose, colorants alimentaires et additifs. En cas de contact accidentel avec la peau rincer avec eau sans frotter.<\/p>\n<p style=\"text-align: justify;\"><strong>Rev\u00eatement ext\u00e9rieur<\/strong>: tampon anatomique totalement aseptique et hypoallerg\u00e9nique, avec haute r\u00e9sistance \u00e0 la jouissance; soud\u00e9 \u00e0 haute fr\u00e9quence et rempli avec <strong>100 g de gel visqueux<\/strong>.<\/p>\n<p style=\"text-align: justify;\">Le produit est ferm\u00e9 dans un emballage sous vide pour garantir l&rsquo;hygi\u00e8ne.<\/p>\n<p>[\/vc_column_text][vc_empty_space height=\u00a0\u00bb20px\u00a0\u00bb][\/vc_accordion_tab][vc_accordion_tab title=\u00a0\u00bbInstructions et Certifications\u00a0\u00bb][vc_column_text]<\/p>\n<p style=\"text-align: justify;\">Fait soit pour l&rsquo;homme qui pour la femme la Poche Bikun <strong>doit \u00eatre appliqu\u00e9 selon les indications sur d\u00e9crite<\/strong> et il ne doit pas \u00eatre utilis\u00e9 pour buts diff\u00e9rents de ces indiqu\u00e9s.<\/p>\n<p style=\"text-align: justify;\">Le produit est <strong>certifi\u00e9<\/strong> par le Minist\u00e8re de la Sant\u00e9 comme <strong>Dispositif M\u00e9dical de classe 1<\/strong> num\u00e9ro d&rsquo;enregistrement 1242252.<\/p>\n<p>[\/vc_column_text][vc_empty_space height=\u00a0\u00bb20px\u00a0\u00bb][\/vc_accordion_tab][\/vc_accordion][\/vc_column][\/vc_row]<\/p>\n<\/div>","protected":false},"excerpt":{"rendered":"<p>[vc_row animation=\u00a0\u00bbzoomIn\u00a0\u00bb type=\u00a0\u00bb5&Prime; bg_color=\u00a0\u00bb#d7f1e9&Prime; padding_top=\u00a0\u00bb60px\u00a0\u00bb padding_bottom=\u00a0\u00bb60px\u00a0\u00bb][vc_column width=\u00a0\u00bb1\/2&Prime;][vc_empty_space][vc_column_text css_animation=\u00a0\u00bbfadeInUp\u00a0\u00bb] [\/vc_column_text][\/vc_column][vc_column width=\u00a0\u00bb1\/2&Prime;][\/vc_column][\/vc_row][vc_row margin_top=\u00a0\u00bb60&Prime; margin_bottom=\u00a0\u00bb60&Prime;][vc_column offset=\u00a0\u00bbvc_col-lg-6 vc_col-md-12 vc_col-xs-12&Prime;][vc_column_text css_animation=\u00a0\u00bbfadeInLeft\u00a0\u00bb] Bikun se fait en trois &#8230; [\/vc_column_text][vc_empty_space height=\u00a0\u00bb16px\u00a0\u00bb][vc_column_text] Bikun se fait en trois et propose le nouveau format familial! L&#8217;emballage inclut 3 Poches Bikun, 2 covers en coton doux pour rhabiller la poche pendant les applications et le nouveau&hellip;<\/p>\n","protected":false},"author":1,"featured_media":0,"parent":0,"menu_order":0,"comment_status":"closed","ping_status":"closed","template":"","meta":{"footnotes":""},"class_list":["post-32584","page","type-page","status-publish","hentry","description-off"],"yoast_head":"<!-- This site is optimized with the Yoast SEO plugin v27.3 - https:\/\/yoast.com\/product\/yoast-seo-wordpress\/ -->\n<title>Salute naturale tuo corpo, come preservarla e migliorarla<\/title>\n<meta name=\"description\" content=\"Bikun \u00e8 un cuscinetto anatomico in gel che applicato nella zona perineale\/genitale produce effetti benefici a favore della salute naturale del nostro corpo.\" \/>\n<meta name=\"robots\" content=\"index, follow, max-snippet:-1, max-image-preview:large, max-video-preview:-1\" \/>\n<link rel=\"canonical\" href=\"https:\/\/www.bikun.eu\/fr\/bikun-family\/\" \/>\n<meta property=\"og:locale\" content=\"fr_FR\" \/>\n<meta property=\"og:type\" content=\"article\" \/>\n<meta property=\"og:title\" content=\"Salute naturale tuo corpo, come preservarla e migliorarla\" \/>\n<meta property=\"og:description\" content=\"Bikun \u00e8 un cuscinetto anatomico in gel che applicato nella zona perineale\/genitale produce effetti benefici a favore della salute naturale del nostro corpo.\" \/>\n<meta property=\"og:url\" content=\"https:\/\/www.bikun.eu\/fr\/bikun-family\/\" \/>\n<meta property=\"og:site_name\" content=\"Bikun\" \/>\n<meta property=\"article:modified_time\" content=\"2023-05-15T09:02:42+00:00\" \/>\n<meta name=\"twitter:label1\" content=\"Dur\u00e9e de lecture estim\u00e9e\" \/>\n\t<meta name=\"twitter:data1\" content=\"4 minutes\" \/>\n<script type=\"application\/ld+json\" class=\"yoast-schema-graph\">{\"@context\":\"https:\\\/\\\/schema.org\",\"@graph\":[{\"@type\":\"WebPage\",\"@id\":\"https:\\\/\\\/www.bikun.eu\\\/fr\\\/bikun-family\\\/\",\"url\":\"https:\\\/\\\/www.bikun.eu\\\/fr\\\/bikun-family\\\/\",\"name\":\"Salute naturale tuo corpo, come preservarla e migliorarla\",\"isPartOf\":{\"@id\":\"https:\\\/\\\/www.bikun.eu\\\/#website\"},\"datePublished\":\"2015-06-30T08:20:58+00:00\",\"dateModified\":\"2023-05-15T09:02:42+00:00\",\"description\":\"Bikun \u00e8 un cuscinetto anatomico in gel che applicato nella zona perineale\\\/genitale produce effetti benefici a favore della salute naturale del nostro corpo.\",\"breadcrumb\":{\"@id\":\"https:\\\/\\\/www.bikun.eu\\\/fr\\\/bikun-family\\\/#breadcrumb\"},\"inLanguage\":\"fr-FR\",\"potentialAction\":[{\"@type\":\"ReadAction\",\"target\":[\"https:\\\/\\\/www.bikun.eu\\\/fr\\\/bikun-family\\\/\"]}]},{\"@type\":\"BreadcrumbList\",\"@id\":\"https:\\\/\\\/www.bikun.eu\\\/fr\\\/bikun-family\\\/#breadcrumb\",\"itemListElement\":[{\"@type\":\"ListItem\",\"position\":1,\"name\":\"Accueil\",\"item\":\"https:\\\/\\\/www.bikun.eu\\\/fr\\\/home\\\/\"},{\"@type\":\"ListItem\",\"position\":2,\"name\":\"Bikun Family\"}]},{\"@type\":\"WebSite\",\"@id\":\"https:\\\/\\\/www.bikun.eu\\\/#website\",\"url\":\"https:\\\/\\\/www.bikun.eu\\\/\",\"name\":\"Bikun\",\"description\":\"dimagrire con i bagni derivativi\",\"potentialAction\":[{\"@type\":\"SearchAction\",\"target\":{\"@type\":\"EntryPoint\",\"urlTemplate\":\"https:\\\/\\\/www.bikun.eu\\\/?s={search_term_string}\"},\"query-input\":{\"@type\":\"PropertyValueSpecification\",\"valueRequired\":true,\"valueName\":\"search_term_string\"}}],\"inLanguage\":\"fr-FR\"}]}<\/script>\n<!-- \/ Yoast SEO plugin. -->","yoast_head_json":{"title":"Salute naturale tuo corpo, come preservarla e migliorarla","description":"Bikun \u00e8 un cuscinetto anatomico in gel che applicato nella zona perineale\/genitale produce effetti benefici a favore della salute naturale del nostro corpo.","robots":{"index":"index","follow":"follow","max-snippet":"max-snippet:-1","max-image-preview":"max-image-preview:large","max-video-preview":"max-video-preview:-1"},"canonical":"https:\/\/www.bikun.eu\/fr\/bikun-family\/","og_locale":"fr_FR","og_type":"article","og_title":"Salute naturale tuo corpo, come preservarla e migliorarla","og_description":"Bikun \u00e8 un cuscinetto anatomico in gel che applicato nella zona perineale\/genitale produce effetti benefici a favore della salute naturale del nostro corpo.","og_url":"https:\/\/www.bikun.eu\/fr\/bikun-family\/","og_site_name":"Bikun","article_modified_time":"2023-05-15T09:02:42+00:00","twitter_misc":{"Dur\u00e9e de lecture estim\u00e9e":"4 minutes"},"schema":{"@context":"https:\/\/schema.org","@graph":[{"@type":"WebPage","@id":"https:\/\/www.bikun.eu\/fr\/bikun-family\/","url":"https:\/\/www.bikun.eu\/fr\/bikun-family\/","name":"Salute naturale tuo corpo, come preservarla e migliorarla","isPartOf":{"@id":"https:\/\/www.bikun.eu\/#website"},"datePublished":"2015-06-30T08:20:58+00:00","dateModified":"2023-05-15T09:02:42+00:00","description":"Bikun \u00e8 un cuscinetto anatomico in gel che applicato nella zona perineale\/genitale produce effetti benefici a favore della salute naturale del nostro corpo.","breadcrumb":{"@id":"https:\/\/www.bikun.eu\/fr\/bikun-family\/#breadcrumb"},"inLanguage":"fr-FR","potentialAction":[{"@type":"ReadAction","target":["https:\/\/www.bikun.eu\/fr\/bikun-family\/"]}]},{"@type":"BreadcrumbList","@id":"https:\/\/www.bikun.eu\/fr\/bikun-family\/#breadcrumb","itemListElement":[{"@type":"ListItem","position":1,"name":"Accueil","item":"https:\/\/www.bikun.eu\/fr\/home\/"},{"@type":"ListItem","position":2,"name":"Bikun Family"}]},{"@type":"WebSite","@id":"https:\/\/www.bikun.eu\/#website","url":"https:\/\/www.bikun.eu\/","name":"Bikun","description":"dimagrire con i bagni derivativi","potentialAction":[{"@type":"SearchAction","target":{"@type":"EntryPoint","urlTemplate":"https:\/\/www.bikun.eu\/?s={search_term_string}"},"query-input":{"@type":"PropertyValueSpecification","valueRequired":true,"valueName":"search_term_string"}}],"inLanguage":"fr-FR"}]}},"_links":{"self":[{"href":"https:\/\/www.bikun.eu\/fr\/wp-json\/wp\/v2\/pages\/32584","targetHints":{"allow":["GET"]}}],"collection":[{"href":"https:\/\/www.bikun.eu\/fr\/wp-json\/wp\/v2\/pages"}],"about":[{"href":"https:\/\/www.bikun.eu\/fr\/wp-json\/wp\/v2\/types\/page"}],"author":[{"embeddable":true,"href":"https:\/\/www.bikun.eu\/fr\/wp-json\/wp\/v2\/users\/1"}],"replies":[{"embeddable":true,"href":"https:\/\/www.bikun.eu\/fr\/wp-json\/wp\/v2\/comments?post=32584"}],"version-history":[{"count":4,"href":"https:\/\/www.bikun.eu\/fr\/wp-json\/wp\/v2\/pages\/32584\/revisions"}],"predecessor-version":[{"id":38511,"href":"https:\/\/www.bikun.eu\/fr\/wp-json\/wp\/v2\/pages\/32584\/revisions\/38511"}],"wp:attachment":[{"href":"https:\/\/www.bikun.eu\/fr\/wp-json\/wp\/v2\/media?parent=32584"}],"curies":[{"name":"wp","href":"https:\/\/api.w.org\/{rel}","templated":true}]}}