{"id":32613,"date":"2015-05-15T15:11:34","date_gmt":"2015-05-15T13:11:34","guid":{"rendered":"http:\/\/www.bikun.eu\/fr\/bagni-derivativi\/"},"modified":"2018-06-01T16:02:24","modified_gmt":"2018-06-01T14:02:24","slug":"les-bains-derivatifs","status":"publish","type":"page","link":"https:\/\/www.bikun.eu\/fr\/les-bains-derivatifs\/","title":{"rendered":"Les Bains D\u00e9rivatifs"},"content":{"rendered":"<div class=\"wpb-content-wrapper\"><p>[vc_row][vc_column width=\u00a0\u00bb2\/3&Prime;][vc_column_text css_animation=\u00a0\u00bbfadeInUp\u00a0\u00bb]<\/p>\n<h2>Le Produit<\/h2>\n<p>[\/vc_column_text][vc_empty_space height=\u00a0\u00bb16px\u00a0\u00bb][vc_column_text]<\/p>\n<p style=\"text-align: justify;\">Des centaines de milliers de personnes qui le pratiquent. Digestion nous offre chaque jour une grande quantit\u00e9 de \u00absurplus\u00bb qui devrait \u00eatre \u00e9limin\u00e9 par les voies naturelles et la transpiration; Cependant, un mode de vie s\u00e9dentaire et l\u2019utilisation de v\u00eatements constrictive emp\u00eachent le syst\u00e8me de bandes et des intestins vibrer r\u00e9guli\u00e8rement pour expulser les toxines. Le r\u00e9sultat est un ensemble compact d\u00e9sastreuse pour notre sant\u00e9.<\/p>\n<p>&nbsp;<\/p>\n<h2 style=\"text-align: justify; font-size: 35px;\"><span style=\"color: #6ecdb2;\">Une solution naturelle<\/span><\/h2>\n<p style=\"text-align: justify;\">Le d\u00e9riv\u00e9 de salle de bain est une m\u00e9thode naturelle qui r\u00e9active le syst\u00e8me et restaurer la capacit\u00e9 de l\u2019organisme \u00e0 \u00e9liminer tout r\u00e9sidu. Promouvoir le nettoyage interne, d\u00e9riv\u00e9 de bain dynamise plusieurs caract\u00e9ristiques qui fournissent une r\u00e9sistance accrue aux changements de temp\u00e9rature, augmentation de l\u2019\u00e9nergie, un sommeil plus profond et restaurateur et le remodelage du corps.<\/p>\n<p>&nbsp;<\/p>\n<h2 style=\"text-align: justify; font-size: 35px;\"><span style=\"color: #6ecdb2;\">Application<\/span><\/h2>\n<p style=\"text-align: justify;\">La pratique du d\u00e9riv\u00e9 de Bath est \u00e0 rafra\u00eechir avec de l\u2019eau la partie inf\u00e9rieure des deux plis de l\u2019aine, de chaque c\u00f4t\u00e9 comme chez l\u2019homme, comme chez la femme. Pour \u00eatre clair: les moyens de d\u00e9riv\u00e9s de bain refroidir r\u00e9guli\u00e8rement le p\u00e9rin\u00e9e, l\u2019aine, le pli droit et gauche de l\u2019aine pendant une dur\u00e9e d\u00e9termin\u00e9e. Il \u2018une m\u00e9thode naturelle et gratuit qui permet au corps d\u2019excr\u00e9ter l\u2019exc\u00e8s de produits et de d\u00e9chets sont responsables pour une longue s\u00e9rie de maladies.<\/p>\n<p>&nbsp;<\/p>\n<h2 style=\"text-align: justify; font-size: 35px;\"><span style=\"color: #6ecdb2;\">Advantages<\/span><\/h2>\n<p style=\"text-align: justify;\">La pratique quotidienne de d\u00e9riv\u00e9 de bains am\u00e9liore la circulation. Selon Kuhne, (le p\u00e8re de salles de bain d\u00e9riv\u00e9e) la chaleur de la personne, de la circulation, la digestion, le stress, choc etc \u2026 pousse graisse et les toxines d\u00e9pos\u00e9 g\u00e9n\u00e9r\u00e9 \u00e0 partir de l\u2019estomac et des intestins \u00e0 la p\u00e9riph\u00e9rie du corps o\u00f9 ils ne peuvent pas \u00eatre \u00e9limin\u00e9s. Gr\u00e2ce au processus de d\u00e9riv\u00e9 de bains (choc thermique), il cr\u00e9e une vibration dans le fascia (tissu conjonctif couvrant tous les organes internes), qui acc\u00e9l\u00e8re l\u2019\u00e9limination des toxines et des graisses.<\/p>\n<p>[\/vc_column_text][vc_column_text css_animation=\u00a0\u00bbfadeInUp\u00a0\u00bb css=\u00a0\u00bb.vc_custom_1527860943877{margin-top: 48px !important;margin-bottom: 10px !important;}\u00a0\u00bb]<\/p>\n<h2>Les avantages th\u00e9rapeutiques<\/h2>\n<p>[\/vc_column_text][vc_column_text]<\/p>\n<p style=\"text-align: justify;\">Cette technique porte sur la r\u00e9gion de l\u2019aine , l\u2019une des r\u00e9gions du corps avec la plus forte concentration nerveux . Il en r\u00e9sulte , par cons\u00e9quent , son effet positif sur l\u2019humeur , le sommeil et l\u2019\u00e9nergie . Dans ce domaine aussi passer les art\u00e8res principales et cette technique augmente consid\u00e9rablement la circulation sanguine , d\u2019\u00e9liminer les toxines et la digestion . Bains d\u00e9riv\u00e9s stimulent directement le plexus sacr\u00e9 qui gouverne l\u2019\u00e9nergie sexuelle et les organes reproducteurs<\/p>\n<p>&nbsp;<\/p>\n<p><span style=\"color: #6ecdb2;\"><strong>Quelques exemples de innumerevori et applications b\u00e9n\u00e9fiques:<\/strong><\/span>[\/vc_column_text][vc_row_inner css=\u00a0\u00bb.vc_custom_1524214639399{margin-top: 10px !important;}\u00a0\u00bb][vc_column_inner width=\u00a0\u00bb1\/2&Prime;]<div class=\"standard-arrow list-divider bullet-top\"><ul>\n<li>Fatiguer<\/li>\n<li>Allergies<\/li>\n<li>App\u00e9tit<\/li>\n<li>Arthrose<\/li>\n<li>Asthme<\/li>\n<li>Cellulite<\/li>\n<\/ul>\n<\/div>[\/vc_column_inner][vc_column_inner width=\u00a0\u00bb1\/2&Prime;]<div class=\"standard-arrow list-divider bullet-top\"><ul>\n<li>H\u00e9morro\u00efdes<\/li>\n<li>Insomnie<\/li>\n<li>M\u00e9nopause<\/li>\n<li>Menstrues<\/li>\n<li>Poids<\/li>\n<li>Coup de soleil<\/li>\n<\/ul>\n<\/div>[\/vc_column_inner][\/vc_row_inner][\/vc_column][vc_column width=\u00a0\u00bb1\/3&Prime; el_class=\u00a0\u00bbbanner-home\u00a0\u00bb][vc_column_text css_animation=\u00a0\u00bbfadeInUp\u00a0\u00bb css=\u00a0\u00bb.vc_custom_1527861196193{margin-bottom: 20px !important;}\u00a0\u00bb]<\/p>\n<h2>Choisir le bon produit pour vous!<\/h2>\n<p>[\/vc_column_text]<div class=\"standard-arrow list-divider\"><ul>\n<li><a href=\"https:\/\/www.bikun.eu\/fr\/bikun-bains-derivatifs\/\">Bikun Bains Derivatifs<\/a><\/li>\n<li><a href=\"https:\/\/www.bikun.eu\/fr\/b-bikun\/\">B-Bikun<\/a><\/li>\n<li><a href=\"https:\/\/www.bikun.eu\/fr\/mykun\/\">Bikun Mykun<\/a><\/li>\n<li><a href=\"https:\/\/www.bikun.eu\/fr\/eyelife\/\">Bikun Eyelife<\/a><\/li>\n<\/ul>\n<\/div>[\/vc_column][\/vc_row]<\/p>\n<\/div>","protected":false},"excerpt":{"rendered":"<p>[vc_row][vc_column width=\u00a0\u00bb2\/3&Prime;][vc_column_text css_animation=\u00a0\u00bbfadeInUp\u00a0\u00bb] Le Produit [\/vc_column_text][vc_empty_space height=\u00a0\u00bb16px\u00a0\u00bb][vc_column_text] Des centaines de milliers de personnes qui le pratiquent. Digestion nous offre chaque jour une grande quantit\u00e9 de \u00absurplus\u00bb qui devrait \u00eatre \u00e9limin\u00e9 par les voies naturelles et la transpiration; Cependant, un mode de vie s\u00e9dentaire et l\u2019utilisation de v\u00eatements constrictive emp\u00eachent le syst\u00e8me de bandes et des&hellip;<\/p>\n","protected":false},"author":1,"featured_media":0,"parent":0,"menu_order":0,"comment_status":"closed","ping_status":"closed","template":"","meta":{"footnotes":""},"class_list":["post-32613","page","type-page","status-publish","hentry","description-off"],"yoast_head":"<!-- This site is optimized with the Yoast SEO plugin v27.3 - https:\/\/yoast.com\/product\/yoast-seo-wordpress\/ -->\n<title>Bagni Derivativi - cosa sono e perch\u00e8 fanno bene<\/title>\n<meta name=\"description\" content=\"l Bagni Derivativi consistono nel raffreddare la zona perineale e le parti intime, un metodo naturale che produce all&#039;organismo numerosi benefici\" \/>\n<meta name=\"robots\" content=\"index, follow, max-snippet:-1, max-image-preview:large, max-video-preview:-1\" \/>\n<link rel=\"canonical\" href=\"https:\/\/www.bikun.eu\/fr\/les-bains-derivatifs\/\" \/>\n<meta property=\"og:locale\" content=\"fr_FR\" \/>\n<meta property=\"og:type\" content=\"article\" \/>\n<meta property=\"og:title\" content=\"Bagni Derivativi - cosa sono e perch\u00e8 fanno bene\" \/>\n<meta property=\"og:description\" content=\"l Bagni Derivativi consistono nel raffreddare la zona perineale e le parti intime, un metodo naturale che produce all&#039;organismo numerosi benefici\" \/>\n<meta property=\"og:url\" content=\"https:\/\/www.bikun.eu\/fr\/les-bains-derivatifs\/\" \/>\n<meta property=\"og:site_name\" content=\"Bikun\" \/>\n<meta property=\"article:modified_time\" content=\"2018-06-01T14:02:24+00:00\" \/>\n<meta name=\"twitter:label1\" content=\"Dur\u00e9e de lecture estim\u00e9e\" \/>\n\t<meta name=\"twitter:data1\" content=\"3 minutes\" \/>\n<script type=\"application\/ld+json\" class=\"yoast-schema-graph\">{\"@context\":\"https:\\\/\\\/schema.org\",\"@graph\":[{\"@type\":\"WebPage\",\"@id\":\"https:\\\/\\\/www.bikun.eu\\\/fr\\\/les-bains-derivatifs\\\/\",\"url\":\"https:\\\/\\\/www.bikun.eu\\\/fr\\\/les-bains-derivatifs\\\/\",\"name\":\"Bagni Derivativi - cosa sono e perch\u00e8 fanno bene\",\"isPartOf\":{\"@id\":\"https:\\\/\\\/www.bikun.eu\\\/#website\"},\"datePublished\":\"2015-05-15T13:11:34+00:00\",\"dateModified\":\"2018-06-01T14:02:24+00:00\",\"description\":\"l Bagni Derivativi consistono nel raffreddare la zona perineale e le parti intime, un metodo naturale che produce all'organismo numerosi benefici\",\"breadcrumb\":{\"@id\":\"https:\\\/\\\/www.bikun.eu\\\/fr\\\/les-bains-derivatifs\\\/#breadcrumb\"},\"inLanguage\":\"fr-FR\",\"potentialAction\":[{\"@type\":\"ReadAction\",\"target\":[\"https:\\\/\\\/www.bikun.eu\\\/fr\\\/les-bains-derivatifs\\\/\"]}]},{\"@type\":\"BreadcrumbList\",\"@id\":\"https:\\\/\\\/www.bikun.eu\\\/fr\\\/les-bains-derivatifs\\\/#breadcrumb\",\"itemListElement\":[{\"@type\":\"ListItem\",\"position\":1,\"name\":\"Accueil\",\"item\":\"https:\\\/\\\/www.bikun.eu\\\/fr\\\/home\\\/\"},{\"@type\":\"ListItem\",\"position\":2,\"name\":\"Les Bains D\u00e9rivatifs\"}]},{\"@type\":\"WebSite\",\"@id\":\"https:\\\/\\\/www.bikun.eu\\\/#website\",\"url\":\"https:\\\/\\\/www.bikun.eu\\\/\",\"name\":\"Bikun\",\"description\":\"dimagrire con i bagni derivativi\",\"potentialAction\":[{\"@type\":\"SearchAction\",\"target\":{\"@type\":\"EntryPoint\",\"urlTemplate\":\"https:\\\/\\\/www.bikun.eu\\\/?s={search_term_string}\"},\"query-input\":{\"@type\":\"PropertyValueSpecification\",\"valueRequired\":true,\"valueName\":\"search_term_string\"}}],\"inLanguage\":\"fr-FR\"}]}<\/script>\n<!-- \/ Yoast SEO plugin. -->","yoast_head_json":{"title":"Bagni Derivativi - cosa sono e perch\u00e8 fanno bene","description":"l Bagni Derivativi consistono nel raffreddare la zona perineale e le parti intime, un metodo naturale che produce all'organismo numerosi benefici","robots":{"index":"index","follow":"follow","max-snippet":"max-snippet:-1","max-image-preview":"max-image-preview:large","max-video-preview":"max-video-preview:-1"},"canonical":"https:\/\/www.bikun.eu\/fr\/les-bains-derivatifs\/","og_locale":"fr_FR","og_type":"article","og_title":"Bagni Derivativi - cosa sono e perch\u00e8 fanno bene","og_description":"l Bagni Derivativi consistono nel raffreddare la zona perineale e le parti intime, un metodo naturale che produce all'organismo numerosi benefici","og_url":"https:\/\/www.bikun.eu\/fr\/les-bains-derivatifs\/","og_site_name":"Bikun","article_modified_time":"2018-06-01T14:02:24+00:00","twitter_misc":{"Dur\u00e9e de lecture estim\u00e9e":"3 minutes"},"schema":{"@context":"https:\/\/schema.org","@graph":[{"@type":"WebPage","@id":"https:\/\/www.bikun.eu\/fr\/les-bains-derivatifs\/","url":"https:\/\/www.bikun.eu\/fr\/les-bains-derivatifs\/","name":"Bagni Derivativi - cosa sono e perch\u00e8 fanno bene","isPartOf":{"@id":"https:\/\/www.bikun.eu\/#website"},"datePublished":"2015-05-15T13:11:34+00:00","dateModified":"2018-06-01T14:02:24+00:00","description":"l Bagni Derivativi consistono nel raffreddare la zona perineale e le parti intime, un metodo naturale che produce all'organismo numerosi benefici","breadcrumb":{"@id":"https:\/\/www.bikun.eu\/fr\/les-bains-derivatifs\/#breadcrumb"},"inLanguage":"fr-FR","potentialAction":[{"@type":"ReadAction","target":["https:\/\/www.bikun.eu\/fr\/les-bains-derivatifs\/"]}]},{"@type":"BreadcrumbList","@id":"https:\/\/www.bikun.eu\/fr\/les-bains-derivatifs\/#breadcrumb","itemListElement":[{"@type":"ListItem","position":1,"name":"Accueil","item":"https:\/\/www.bikun.eu\/fr\/home\/"},{"@type":"ListItem","position":2,"name":"Les Bains D\u00e9rivatifs"}]},{"@type":"WebSite","@id":"https:\/\/www.bikun.eu\/#website","url":"https:\/\/www.bikun.eu\/","name":"Bikun","description":"dimagrire con i bagni derivativi","potentialAction":[{"@type":"SearchAction","target":{"@type":"EntryPoint","urlTemplate":"https:\/\/www.bikun.eu\/?s={search_term_string}"},"query-input":{"@type":"PropertyValueSpecification","valueRequired":true,"valueName":"search_term_string"}}],"inLanguage":"fr-FR"}]}},"_links":{"self":[{"href":"https:\/\/www.bikun.eu\/fr\/wp-json\/wp\/v2\/pages\/32613","targetHints":{"allow":["GET"]}}],"collection":[{"href":"https:\/\/www.bikun.eu\/fr\/wp-json\/wp\/v2\/pages"}],"about":[{"href":"https:\/\/www.bikun.eu\/fr\/wp-json\/wp\/v2\/types\/page"}],"author":[{"embeddable":true,"href":"https:\/\/www.bikun.eu\/fr\/wp-json\/wp\/v2\/users\/1"}],"replies":[{"embeddable":true,"href":"https:\/\/www.bikun.eu\/fr\/wp-json\/wp\/v2\/comments?post=32613"}],"version-history":[{"count":3,"href":"https:\/\/www.bikun.eu\/fr\/wp-json\/wp\/v2\/pages\/32613\/revisions"}],"predecessor-version":[{"id":34058,"href":"https:\/\/www.bikun.eu\/fr\/wp-json\/wp\/v2\/pages\/32613\/revisions\/34058"}],"wp:attachment":[{"href":"https:\/\/www.bikun.eu\/fr\/wp-json\/wp\/v2\/media?parent=32613"}],"curies":[{"name":"wp","href":"https:\/\/api.w.org\/{rel}","templated":true}]}}