{"id":32650,"date":"2015-05-15T19:16:48","date_gmt":"2015-05-15T17:16:48","guid":{"rendered":"http:\/\/www.bikun.eu\/fr\/spedizioni-e-consegne\/"},"modified":"2022-04-26T09:42:35","modified_gmt":"2022-04-26T07:42:35","slug":"expedition-et-de-livraison","status":"publish","type":"page","link":"https:\/\/www.bikun.eu\/fr\/expedition-et-de-livraison\/","title":{"rendered":"Exp\u00e9dition et de livraison"},"content":{"rendered":"<div class=\"wpb-content-wrapper\"><p>[vc_row][vc_column][vc_row_inner][vc_column_inner width=\u00a0\u00bb2\/3&Prime;][vc_column_text]<\/p>\n<h3><span id=\"result_box\" class=\"short_text\" lang=\"fr\" tabindex=\"-1\"><span class=\"hps\">Exp\u00e9ditions<\/span><\/span><\/h3>\n<p>[\/vc_column_text][vc_empty_space height=\u00a0\u00bb16px\u00a0\u00bb][vc_column_text]<\/p>\n<p style=\"text-align: justify;\"><span id=\"result_box\" class=\"\" lang=\"fr\" tabindex=\"-1\"><span title=\"BIKUN.EU invier\u00e0, dopo la conclusione dell'ordine, una e-mail di conferma ricevimento ordine;\"><strong>BIKUN.EU<\/strong> sera, apr\u00e8s la conclusion de la commande, un e-mail de confirmation de r\u00e9ception de la commande; <\/span><span title=\"il cliente \u00e8 invitato a stampare la e-mail ea conservarla. \">le client est invit\u00e9 \u00e0 imprimer le courriel et le garder.<\/span><\/span><\/p>\n<p style=\"text-align: justify;\"><span title=\"Nel caso non la ricevesse, il cliente \u00e8 invitato a prendere contatto con BIKUN.EU.\">Si pas re\u00e7u, le client est invit\u00e9 \u00e0 contacter <strong>BIKUN.EU<\/strong>. <\/span><span title=\"In caso di eventuale impossibilit\u00e0, anche temporanea, di evadere l'ordine in modo parziale o totale BIKUN.EU invier\u00e0 immediatamente una e-mail per prendere accordi con il cliente, fermo restando la possibilit\u00e0 per il cliente di chiedere l'annullamento, anche parziale\">Dans le cas d&rsquo;une d\u00e9faillance possible, m\u00eame temporairement, pour traiter votre commande dans un <strong>BIKUN.EU<\/strong> partielle ou totale sera imm\u00e9diatement envoyer un e-mail \u00e0 prendre des arrangements avec le client, \u00e0 condition que la possibilit\u00e9 pour le client de demander l&rsquo;annulation, partielle <\/span><span title=\"dell'ordine stesso. \">Afin.<\/span><\/p>\n<p><span title=\"Consegne \"><strong>Retours<\/strong><\/span><\/p>\n<p style=\"text-align: justify;\"><span title=\"BIKUN.EU per il servizio di consegna in tutta Italia e nel mondo si avvale di un partner di assoluto prestigio.\"><strong>BIKUN.EU<\/strong> pour la prestation de services dans toute l&rsquo;Italie et dans le monde utilise un partenaire de prestige absolu:\u00a0BRT-DPD et DHL.<\/span><\/p>\n<p style=\"text-align: justify;\"><span title=\"Normalmente per gli ordini pervenuti entro le 10.30 la lavorazione dell'ordine avviene il giorno stesso e la consegna avviene entro 4 giorni lavorativi. \">Normalement, pour les commandes re\u00e7ues avant 10h30 le traitement de la commande a lieu le m\u00eame jour et la livraison a lieu dans les 4 jours ouvrables.<br \/>\n<\/span><span title=\"Per gli ordini pervenuti oltre le 10.30 la lavorazione avviene il giorno successivo. \">Pour les commandes re\u00e7ues apr\u00e8s 10h30 transformation a lieu le jour suivant.<\/span><\/p>\n<p><span title=\"Si effettuano spedizioni fino a massimo 2.000 gr. \"><strong>Ils d\u00e9livrent jusqu&rsquo;\u00e0 un maximum de 2.000 grammes<\/strong>.<\/span><\/p>\n<p style=\"text-align: justify;\"><span title=\"N.B. \"><strong>N.B.<\/strong><br \/>\n<\/span><span title=\"I tempi sono quelli indicati da Poste Italiane Spa e quindi noi non possiamo garantirli, anche se l'esperienza ci insegna che quasi sempre sono rispettati. \">Les temps sont comme indiqu\u00e9 par la poste italienne Bureau Spa et donc nous ne pouvons pas leur garantir, bien que l&rsquo;exp\u00e9rience montre que presque toujours sont respect\u00e9s.<br \/>\n<\/span><span title=\"La consegna avviene dal luned\u00ec al venerd\u00ec nelle consuete fascie orarie lavorative. \">La livraison a lieu du lundi au vendredi pendant les temps de travail normales zones.<\/span><\/p>\n<p style=\"text-align: justify;\"><span title=\"Il Corriere effettua la consegna al primo passaggio;\">Le courrier d\u00e9livre la premi\u00e8re passe; <\/span><span title=\"se non trova nessuno al domicilio il pacco sar\u00e0 ritirabile presso l'ufficio postale competente \">si vous ne pouvez pas trouver quelqu&rsquo;un \u00e0 la maison le colis sera recueilli au bureau de poste de responsabilit\u00e9<br \/>\n<\/span><span title=\"BIKUN.EU far\u00e0 quanto \u00e8 possibile per far consegnare i prodotti al consumatore entro i termini indicati. \"><strong>BIKUN.EU fera tout son possible pour livrer les produits au consommateur dans le d\u00e9lai imparti.<\/strong><\/span><\/p>\n<p><span title=\"Il consumatore \u00e8 invitato a prendere contatto con BIKUN.EU in caso di ritardo nella consegna e comunque a segnalare ogni disservizio rilevato.\">Le consommateur est pri\u00e9 de communiquer avec<strong> BIKUN.EU<\/strong> des retards de livraison et non de signaler tout mauvais service.<\/span>[\/vc_column_text][vc_empty_space height=\u00a0\u00bb16px\u00a0\u00bb][vc_column_text]<\/p>\n<div id=\"tts_button\"><strong><span class=\"hps\">Remarques<\/span><\/strong><\/div>\n<div id=\"gt-res-c\" class=\"g-unit\">\n<div id=\"gt-res-p\">\n<div id=\"gt-res-data\">\n<div id=\"gt-res-wrap\">\n<div id=\"gt-res-content\" class=\"almost_half_cell\">\n<div dir=\"ltr\" style=\"text-align: justify;\"><span id=\"result_box\" class=\"\" lang=\"fr\" tabindex=\"-1\"><br \/>\n<span class=\"hps\">Nous livrons<\/span> <span class=\"hps\">jusqu&rsquo;\u00e0<\/span> <span class=\"hps\">un maximum de<\/span> <span class=\"hps\">pack<\/span> <span class=\"hps\">2.000ga<\/span>.<br \/>\n<span class=\"hps\">Le prix indiqu\u00e9<\/span> <span class=\"hps\">sur la facture<\/span> <span class=\"hps\">est affich\u00e9e<\/span> <span class=\"hps\">\u00e0 c\u00f4t\u00e9 du produit<\/span> <span class=\"hps\">au moment de la<\/span> <span class=\"hps\">conclusion de la commande<\/span>, en plus de <span class=\"hps\">la contribution<\/span> <span class=\"hps\">aux<\/span> <span class=\"hps\">frais d&rsquo;exp\u00e9dition<\/span>, <span class=\"hps\">sans prendre en compte<\/span> <span class=\"hps\">les mises \u00e0 jour<\/span> <span class=\"hps\">se sont produites apr\u00e8s<\/span>.<br \/>\n<span class=\"hps\">BIKUN.EU<\/span> <span class=\"hps\">se r\u00e9serve<\/span> <span class=\"hps\">le droit de modifier<\/span> <span class=\"hps\">sans pr\u00e9avis<\/span>, <span class=\"hps\">les prix des produits<\/span> <span class=\"hps\">et<\/span> <span class=\"hps\">des co\u00fbts des intrants<\/span>. <span class=\"hps\">Tous les<\/span> <span class=\"hps\">nouveaux montants seront<\/span> <span class=\"hps\">en vigueur \u00e0 partir<\/span> <span class=\"hps\">du moment o\u00f9 ils<\/span> <span class=\"hps\">sont<\/span> <span class=\"hps\">publi\u00e9s sur le site<\/span> <span class=\"hps\">Centronaturale.it<\/span> <span class=\"hps\">et<\/span> <span class=\"hps\">seront applicables<\/span> <span class=\"hps\">aux ventes effectu\u00e9es depuis<\/span> <span class=\"hps\">ce moment<\/span>.<\/span><\/div>\n<\/div>\n<\/div>\n<\/div>\n<\/div>\n<\/div>\n<p>[\/vc_column_text][\/vc_column_inner][vc_column_inner width=\u00a0\u00bb1\/3&Prime;][vc_column_text]<\/p>\n<h3><span id=\"result_box\" class=\"short_text\" lang=\"fr\" tabindex=\"-1\"><span class=\"hps\">Frais d&rsquo;exp\u00e9dition<\/span><\/span><\/h3>\n<p>[\/vc_column_text][vc_empty_space height=\u00a0\u00bb16px\u00a0\u00bb][vc_column_text]<\/p>\n<div id=\"tts_button\"><span id=\"result_box\" class=\"short_text\" lang=\"fr\" tabindex=\"-1\"><span class=\"hps\">Tous les prix indiqu\u00e9s<\/span> <span class=\"hps\">ci-dessous<\/span> <span class=\"hps\">incluent la TVA<\/span>.<\/span><\/div>\n<p>[\/vc_column_text][vc_empty_space height=\u00a0\u00bb16px\u00a0\u00bb]<div class=\"standard-arrow list-divider bullet-top\"><p><span style=\"color: #3dd1c6;\"><strong><span id=\"result_box\" class=\"short_text\" lang=\"fr\" tabindex=\"-1\"><span class=\"hps\">TRANSPORT<\/span> <span class=\"hps\">POUR L&rsquo;ITALIE<\/span> <span class=\"hps\">ET DES ILES<\/span><\/span><\/strong><\/span><\/p>\n<ul>\n<li><span style=\"color: #333333;\"><strong>\u20ac 3,99<\/strong><\/span><\/li>\n<\/ul>\n<p>&nbsp;<\/p>\n<p><span style=\"color: #3dd1c6;\"><strong><span id=\"result_box\" class=\"short_text\" lang=\"fr\" tabindex=\"-1\"><span class=\"hps\">TRANSPORT<\/span> <span class=\"hps\">POUR<\/span> <span class=\"hps\">UE<\/span><\/span><\/strong><\/span><\/p>\n<ul>\n<li><span style=\"color: #333333;\"><strong>\u20ac 11,99<\/strong><\/span><\/li>\n<\/ul>\n<p>&nbsp;<\/p>\n<p><span style=\"color: #3dd1c6;\"><strong><span id=\"result_box\" class=\"short_text\" lang=\"fr\" tabindex=\"-1\"><span class=\"hps\">TRANSPORT<\/span> pour USA et Canada<\/span><\/strong><\/span><\/p>\n<ul>\n<li><span style=\"color: #333333;\"><strong>\u20ac 21,99<\/strong><\/span><\/li>\n<\/ul>\n<p>&nbsp;<\/p>\n<p><span style=\"color: #3dd1c6;\"><strong><span id=\"result_box\" class=\"short_text\" lang=\"fr\" tabindex=\"-1\"><span class=\"hps\">TRANSPORT<\/span> <span class=\"hps\">GRATUIT<\/span><\/span><\/strong><\/span><\/p>\n<p><span style=\"color: #333333;\"><strong><span id=\"result_box\" class=\"\" lang=\"fr\" tabindex=\"-1\"><span class=\"hps\">Pour toutes les<\/span> <span class=\"hps\">commandes de plus de<\/span> <span class=\"hps\">\u20ac 39,00<\/span> <span class=\"hps\">livraison est gratuite pour l&rsquo;Italie.<\/span><\/span><\/strong><\/span><\/p>\n<\/div>[\/vc_column_inner][\/vc_row_inner][\/vc_column][\/vc_row]<\/p>\n<\/div>","protected":false},"excerpt":{"rendered":"<p>[vc_row][vc_column][vc_row_inner][vc_column_inner width=\u00a0\u00bb2\/3&Prime;][vc_column_text] Exp\u00e9ditions [\/vc_column_text][vc_empty_space height=\u00a0\u00bb16px\u00a0\u00bb][vc_column_text] BIKUN.EU sera, apr\u00e8s la conclusion de la commande, un e-mail de confirmation de r\u00e9ception de la commande; le client est invit\u00e9 \u00e0 imprimer le courriel et le garder. Si pas re\u00e7u, le client est invit\u00e9 \u00e0 contacter BIKUN.EU. Dans le cas d&rsquo;une d\u00e9faillance possible, m\u00eame temporairement, pour traiter votre commande&hellip;<\/p>\n","protected":false},"author":1,"featured_media":0,"parent":0,"menu_order":0,"comment_status":"closed","ping_status":"closed","template":"","meta":{"footnotes":""},"class_list":["post-32650","page","type-page","status-publish","hentry","description-off"],"yoast_head":"<!-- This site is optimized with the Yoast SEO plugin v27.3 - https:\/\/yoast.com\/product\/yoast-seo-wordpress\/ -->\n<title>- Bikun<\/title>\n<meta name=\"robots\" content=\"index, follow, max-snippet:-1, max-image-preview:large, max-video-preview:-1\" \/>\n<link rel=\"canonical\" href=\"https:\/\/www.bikun.eu\/fr\/expedition-et-de-livraison\/\" \/>\n<meta property=\"og:locale\" content=\"fr_FR\" \/>\n<meta property=\"og:type\" content=\"article\" \/>\n<meta property=\"og:title\" content=\"- Bikun\" \/>\n<meta property=\"og:description\" content=\"[vc_row][vc_column][vc_row_inner][vc_column_inner width=\u00a0\u00bb2\/3&Prime;][vc_column_text] Exp\u00e9ditions [\/vc_column_text][vc_empty_space height=\u00a0\u00bb16px\u00a0\u00bb][vc_column_text] BIKUN.EU sera, apr\u00e8s la conclusion de la commande, un e-mail de confirmation de r\u00e9ception de la commande; le client est invit\u00e9 \u00e0 imprimer le courriel et le garder. Si pas re\u00e7u, le client est invit\u00e9 \u00e0 contacter BIKUN.EU. Dans le cas d&rsquo;une d\u00e9faillance possible, m\u00eame temporairement, pour traiter votre commande&hellip;\" \/>\n<meta property=\"og:url\" content=\"https:\/\/www.bikun.eu\/fr\/expedition-et-de-livraison\/\" \/>\n<meta property=\"og:site_name\" content=\"Bikun\" \/>\n<meta property=\"article:modified_time\" content=\"2022-04-26T07:42:35+00:00\" \/>\n<meta name=\"twitter:label1\" content=\"Dur\u00e9e de lecture estim\u00e9e\" \/>\n\t<meta name=\"twitter:data1\" content=\"3 minutes\" \/>\n<script type=\"application\/ld+json\" class=\"yoast-schema-graph\">{\"@context\":\"https:\\\/\\\/schema.org\",\"@graph\":[{\"@type\":\"WebPage\",\"@id\":\"https:\\\/\\\/www.bikun.eu\\\/fr\\\/expedition-et-de-livraison\\\/\",\"url\":\"https:\\\/\\\/www.bikun.eu\\\/fr\\\/expedition-et-de-livraison\\\/\",\"name\":\"- Bikun\",\"isPartOf\":{\"@id\":\"https:\\\/\\\/www.bikun.eu\\\/#website\"},\"datePublished\":\"2015-05-15T17:16:48+00:00\",\"dateModified\":\"2022-04-26T07:42:35+00:00\",\"breadcrumb\":{\"@id\":\"https:\\\/\\\/www.bikun.eu\\\/fr\\\/expedition-et-de-livraison\\\/#breadcrumb\"},\"inLanguage\":\"fr-FR\",\"potentialAction\":[{\"@type\":\"ReadAction\",\"target\":[\"https:\\\/\\\/www.bikun.eu\\\/fr\\\/expedition-et-de-livraison\\\/\"]}]},{\"@type\":\"BreadcrumbList\",\"@id\":\"https:\\\/\\\/www.bikun.eu\\\/fr\\\/expedition-et-de-livraison\\\/#breadcrumb\",\"itemListElement\":[{\"@type\":\"ListItem\",\"position\":1,\"name\":\"Accueil\",\"item\":\"https:\\\/\\\/www.bikun.eu\\\/fr\\\/home\\\/\"},{\"@type\":\"ListItem\",\"position\":2,\"name\":\"Exp\u00e9dition et de livraison\"}]},{\"@type\":\"WebSite\",\"@id\":\"https:\\\/\\\/www.bikun.eu\\\/#website\",\"url\":\"https:\\\/\\\/www.bikun.eu\\\/\",\"name\":\"Bikun\",\"description\":\"dimagrire con i bagni derivativi\",\"potentialAction\":[{\"@type\":\"SearchAction\",\"target\":{\"@type\":\"EntryPoint\",\"urlTemplate\":\"https:\\\/\\\/www.bikun.eu\\\/?s={search_term_string}\"},\"query-input\":{\"@type\":\"PropertyValueSpecification\",\"valueRequired\":true,\"valueName\":\"search_term_string\"}}],\"inLanguage\":\"fr-FR\"}]}<\/script>\n<!-- \/ Yoast SEO plugin. -->","yoast_head_json":{"title":"- Bikun","robots":{"index":"index","follow":"follow","max-snippet":"max-snippet:-1","max-image-preview":"max-image-preview:large","max-video-preview":"max-video-preview:-1"},"canonical":"https:\/\/www.bikun.eu\/fr\/expedition-et-de-livraison\/","og_locale":"fr_FR","og_type":"article","og_title":"- Bikun","og_description":"[vc_row][vc_column][vc_row_inner][vc_column_inner width=\u00a0\u00bb2\/3&Prime;][vc_column_text] Exp\u00e9ditions [\/vc_column_text][vc_empty_space height=\u00a0\u00bb16px\u00a0\u00bb][vc_column_text] BIKUN.EU sera, apr\u00e8s la conclusion de la commande, un e-mail de confirmation de r\u00e9ception de la commande; le client est invit\u00e9 \u00e0 imprimer le courriel et le garder. Si pas re\u00e7u, le client est invit\u00e9 \u00e0 contacter BIKUN.EU. Dans le cas d&rsquo;une d\u00e9faillance possible, m\u00eame temporairement, pour traiter votre commande&hellip;","og_url":"https:\/\/www.bikun.eu\/fr\/expedition-et-de-livraison\/","og_site_name":"Bikun","article_modified_time":"2022-04-26T07:42:35+00:00","twitter_misc":{"Dur\u00e9e de lecture estim\u00e9e":"3 minutes"},"schema":{"@context":"https:\/\/schema.org","@graph":[{"@type":"WebPage","@id":"https:\/\/www.bikun.eu\/fr\/expedition-et-de-livraison\/","url":"https:\/\/www.bikun.eu\/fr\/expedition-et-de-livraison\/","name":"- Bikun","isPartOf":{"@id":"https:\/\/www.bikun.eu\/#website"},"datePublished":"2015-05-15T17:16:48+00:00","dateModified":"2022-04-26T07:42:35+00:00","breadcrumb":{"@id":"https:\/\/www.bikun.eu\/fr\/expedition-et-de-livraison\/#breadcrumb"},"inLanguage":"fr-FR","potentialAction":[{"@type":"ReadAction","target":["https:\/\/www.bikun.eu\/fr\/expedition-et-de-livraison\/"]}]},{"@type":"BreadcrumbList","@id":"https:\/\/www.bikun.eu\/fr\/expedition-et-de-livraison\/#breadcrumb","itemListElement":[{"@type":"ListItem","position":1,"name":"Accueil","item":"https:\/\/www.bikun.eu\/fr\/home\/"},{"@type":"ListItem","position":2,"name":"Exp\u00e9dition et de livraison"}]},{"@type":"WebSite","@id":"https:\/\/www.bikun.eu\/#website","url":"https:\/\/www.bikun.eu\/","name":"Bikun","description":"dimagrire con i bagni derivativi","potentialAction":[{"@type":"SearchAction","target":{"@type":"EntryPoint","urlTemplate":"https:\/\/www.bikun.eu\/?s={search_term_string}"},"query-input":{"@type":"PropertyValueSpecification","valueRequired":true,"valueName":"search_term_string"}}],"inLanguage":"fr-FR"}]}},"_links":{"self":[{"href":"https:\/\/www.bikun.eu\/fr\/wp-json\/wp\/v2\/pages\/32650","targetHints":{"allow":["GET"]}}],"collection":[{"href":"https:\/\/www.bikun.eu\/fr\/wp-json\/wp\/v2\/pages"}],"about":[{"href":"https:\/\/www.bikun.eu\/fr\/wp-json\/wp\/v2\/types\/page"}],"author":[{"embeddable":true,"href":"https:\/\/www.bikun.eu\/fr\/wp-json\/wp\/v2\/users\/1"}],"replies":[{"embeddable":true,"href":"https:\/\/www.bikun.eu\/fr\/wp-json\/wp\/v2\/comments?post=32650"}],"version-history":[{"count":6,"href":"https:\/\/www.bikun.eu\/fr\/wp-json\/wp\/v2\/pages\/32650\/revisions"}],"predecessor-version":[{"id":37972,"href":"https:\/\/www.bikun.eu\/fr\/wp-json\/wp\/v2\/pages\/32650\/revisions\/37972"}],"wp:attachment":[{"href":"https:\/\/www.bikun.eu\/fr\/wp-json\/wp\/v2\/media?parent=32650"}],"curies":[{"name":"wp","href":"https:\/\/api.w.org\/{rel}","templated":true}]}}