{"id":32655,"date":"2015-05-16T15:55:23","date_gmt":"2015-05-16T13:55:23","guid":{"rendered":"http:\/\/www.bikun.eu\/fr\/diritto-di-recesso\/"},"modified":"2020-05-03T17:32:02","modified_gmt":"2020-05-03T15:32:02","slug":"diritto-di-recesso","status":"publish","type":"page","link":"https:\/\/www.bikun.eu\/fr\/diritto-di-recesso\/","title":{"rendered":"Diritto di recesso"},"content":{"rendered":"<div class=\"wpb-content-wrapper\"><p>[vc_row][vc_column][vc_row_inner][vc_column_inner width=\u00a0\u00bb2\/3&Prime;][vc_column_text]<\/p>\n<h3>Condizioni generali<\/h3>\n<p>[\/vc_column_text][vc_empty_space height=\u00a0\u00bb16px\u00a0\u00bb][vc_column_text]<\/p>\n<p style=\"text-align: justify;\">Il diritto di recesso pu\u00f2 essere esercitato in qualsiasi momento dopo aver concluso la procedura di acquisto e comunque <strong>entro 20 giorni consecutivi di calendario dal ricevimento della merce<\/strong>, mediante comunicazione a\u00a0<strong>Punto salute e benessere Srls<\/strong>\u00a0della volont\u00e0 di esercitare il diritto stesso e fornendo i seguenti dati:<\/p>\n<ul>\n<li style=\"text-align: justify;\">Numero e data della scontrino fattura;<\/li>\n<li style=\"text-align: justify;\">In caso di recesso parziale, descrizione e quantit\u00e0\u2019 dei prodotti che si intendono restituire e coordinate bancarie sulle quali ottenere il bonifico del rimborso (CODICE CAB -CODICE ABI- C\/C BANCARIO).<\/li>\n<\/ul>\n<p style=\"text-align: justify;\">Nel caso in cui l\u2019intestatario del conto fosse diverso da quello della fattura occorre indicarlo.<\/p>\n<p style=\"text-align: justify;\">In alternativa al rimborso con bonifico bancario il consumatore pu\u00f2 scegliere, dandone comunicazione, che lo stesso venga effettuato tramite spedizione di assegno circolare.<\/p>\n<p style=\"text-align: justify;\">La comunicazione del recesso e i dati sopra richiesti possono essere trasmessi a Bikun.eu\u00a0nei seguenti modi:<\/p>\n<ul style=\"text-align: justify;\">\n<li>Inviando una e-mail all\u2019indirizzo: info@bikun.eu;<\/li>\n<\/ul>\n<ul style=\"text-align: justify;\">\n<li>Telefonando al seguente numero: \u00a0+39.049.57.36.975;<\/li>\n<li>Inviando una lettera a mezzo raccomandata con avviso di ricevimento al seguente indirizzo: <strong>Punto Salute e Benessere Srls con sede legale in Padova (PD) Piazza del Santo 14A &#8211; CAP 35123.<\/strong><\/li>\n<\/ul>\n<p style=\"text-align: justify;\">Al medesimo indirizzo di bikun.eu, entro 20 giorni dal ricevimento della merce, il consumatore dovr\u00e0 provvedere alla sua restituzione (totale o parziale) a mezzo pacco postale ordinario.<\/p>\n<p style=\"text-align: justify;\">Il rimborso della somma eventualmente gi\u00e0 versata e corrispondente all\u2019intero ordine (compreso il contributo spese di spedizione) o a quella parte di prodotti per la quale si \u00e8 receduto (in questo caso escluso il contributo spese di spedizione) verr\u00e0 effettuato con le modalit\u00e0 prescelte e gratuitamente, entro 14 giorni dalla spedizione della merce da parte del consumatore.<\/p>\n<p>[\/vc_column_text][\/vc_column_inner][vc_column_inner width=\u00a0\u00bb1\/3&Prime;][vc_column_text]<\/p>\n<h3>Diritto di recesso<\/h3>\n<p>[\/vc_column_text][vc_empty_space height=\u00a0\u00bb16px\u00a0\u00bb][vc_column_text]<\/p>\n<p style=\"text-align: justify;\">Il Decreto Legislativo 22\/05\/1999 n.185 relativo alla protezione dei consumatori in materia di contratti a distanza, prevede all\u2019articolo 5 la possibilit\u00e0 per il consumatore di esercitare il diritto di recesso.<br \/>\nTale diritto consiste nella possibilit\u00e0, esclusivamente a favore del consumatore, di recedere dall\u2019acquisto in modo incondizionato, cio\u00e8 senza alcuna spesa e senza dover fornire a bikun.eu\u00a0alcuna spiegazione. Il consumatore dovr\u00e0 per\u00f2 restituire i prodotti acquistati eventualmente gi\u00e0 ricevuti.<br \/>\n<strong>Bikun.eu<\/strong> rimborser\u00e0 al consumatore la somma eventualmente gi\u00e0 versata a titolo di pagamento del prezzo dei prodotti e di contributo spese di spedizione.<\/p>\n<p>[\/vc_column_text][\/vc_column_inner][\/vc_row_inner][\/vc_column][\/vc_row]<\/p>\n<\/div>","protected":false},"excerpt":{"rendered":"<p>[vc_row][vc_column][vc_row_inner][vc_column_inner width=\u00a0\u00bb2\/3&Prime;][vc_column_text] Condizioni generali [\/vc_column_text][vc_empty_space height=\u00a0\u00bb16px\u00a0\u00bb][vc_column_text] Il diritto di recesso pu\u00f2 essere esercitato in qualsiasi momento dopo aver concluso la procedura di acquisto e comunque entro 20 giorni consecutivi di calendario dal ricevimento della merce, mediante comunicazione a\u00a0Punto salute e benessere Srls\u00a0della volont\u00e0 di esercitare il diritto stesso e fornendo i seguenti dati: Numero e&hellip;<\/p>\n","protected":false},"author":1,"featured_media":0,"parent":0,"menu_order":0,"comment_status":"closed","ping_status":"closed","template":"","meta":{"footnotes":""},"class_list":["post-32655","page","type-page","status-publish","hentry","description-off"],"yoast_head":"<!-- This site is optimized with the Yoast SEO plugin v27.3 - https:\/\/yoast.com\/product\/yoast-seo-wordpress\/ -->\n<title>- Bikun<\/title>\n<meta name=\"description\" content=\"Condizioni e tempi per esercitare il diritto di recesso sull&#039;acquisto dei prodotti Bikun.\" \/>\n<meta name=\"robots\" content=\"index, follow, max-snippet:-1, max-image-preview:large, max-video-preview:-1\" \/>\n<link rel=\"canonical\" href=\"https:\/\/www.bikun.eu\/fr\/diritto-di-recesso\/\" \/>\n<meta property=\"og:locale\" content=\"fr_FR\" \/>\n<meta property=\"og:type\" content=\"article\" \/>\n<meta property=\"og:title\" content=\"- Bikun\" \/>\n<meta property=\"og:description\" content=\"Condizioni e tempi per esercitare il diritto di recesso sull&#039;acquisto dei prodotti Bikun.\" \/>\n<meta property=\"og:url\" content=\"https:\/\/www.bikun.eu\/fr\/diritto-di-recesso\/\" \/>\n<meta property=\"og:site_name\" content=\"Bikun\" \/>\n<meta property=\"article:modified_time\" content=\"2020-05-03T15:32:02+00:00\" \/>\n<meta name=\"twitter:label1\" content=\"Dur\u00e9e de lecture estim\u00e9e\" \/>\n\t<meta name=\"twitter:data1\" content=\"2 minutes\" \/>\n<script type=\"application\/ld+json\" class=\"yoast-schema-graph\">{\"@context\":\"https:\\\/\\\/schema.org\",\"@graph\":[{\"@type\":\"WebPage\",\"@id\":\"https:\\\/\\\/www.bikun.eu\\\/fr\\\/diritto-di-recesso\\\/\",\"url\":\"https:\\\/\\\/www.bikun.eu\\\/fr\\\/diritto-di-recesso\\\/\",\"name\":\"- Bikun\",\"isPartOf\":{\"@id\":\"https:\\\/\\\/www.bikun.eu\\\/#website\"},\"datePublished\":\"2015-05-16T13:55:23+00:00\",\"dateModified\":\"2020-05-03T15:32:02+00:00\",\"description\":\"Condizioni e tempi per esercitare il diritto di recesso sull'acquisto dei prodotti Bikun.\",\"breadcrumb\":{\"@id\":\"https:\\\/\\\/www.bikun.eu\\\/fr\\\/diritto-di-recesso\\\/#breadcrumb\"},\"inLanguage\":\"fr-FR\",\"potentialAction\":[{\"@type\":\"ReadAction\",\"target\":[\"https:\\\/\\\/www.bikun.eu\\\/fr\\\/diritto-di-recesso\\\/\"]}]},{\"@type\":\"BreadcrumbList\",\"@id\":\"https:\\\/\\\/www.bikun.eu\\\/fr\\\/diritto-di-recesso\\\/#breadcrumb\",\"itemListElement\":[{\"@type\":\"ListItem\",\"position\":1,\"name\":\"Accueil\",\"item\":\"https:\\\/\\\/www.bikun.eu\\\/fr\\\/home\\\/\"},{\"@type\":\"ListItem\",\"position\":2,\"name\":\"Diritto di recesso\"}]},{\"@type\":\"WebSite\",\"@id\":\"https:\\\/\\\/www.bikun.eu\\\/#website\",\"url\":\"https:\\\/\\\/www.bikun.eu\\\/\",\"name\":\"Bikun\",\"description\":\"dimagrire con i bagni derivativi\",\"potentialAction\":[{\"@type\":\"SearchAction\",\"target\":{\"@type\":\"EntryPoint\",\"urlTemplate\":\"https:\\\/\\\/www.bikun.eu\\\/?s={search_term_string}\"},\"query-input\":{\"@type\":\"PropertyValueSpecification\",\"valueRequired\":true,\"valueName\":\"search_term_string\"}}],\"inLanguage\":\"fr-FR\"}]}<\/script>\n<!-- \/ Yoast SEO plugin. -->","yoast_head_json":{"title":"- Bikun","description":"Condizioni e tempi per esercitare il diritto di recesso sull'acquisto dei prodotti Bikun.","robots":{"index":"index","follow":"follow","max-snippet":"max-snippet:-1","max-image-preview":"max-image-preview:large","max-video-preview":"max-video-preview:-1"},"canonical":"https:\/\/www.bikun.eu\/fr\/diritto-di-recesso\/","og_locale":"fr_FR","og_type":"article","og_title":"- Bikun","og_description":"Condizioni e tempi per esercitare il diritto di recesso sull'acquisto dei prodotti Bikun.","og_url":"https:\/\/www.bikun.eu\/fr\/diritto-di-recesso\/","og_site_name":"Bikun","article_modified_time":"2020-05-03T15:32:02+00:00","twitter_misc":{"Dur\u00e9e de lecture estim\u00e9e":"2 minutes"},"schema":{"@context":"https:\/\/schema.org","@graph":[{"@type":"WebPage","@id":"https:\/\/www.bikun.eu\/fr\/diritto-di-recesso\/","url":"https:\/\/www.bikun.eu\/fr\/diritto-di-recesso\/","name":"- Bikun","isPartOf":{"@id":"https:\/\/www.bikun.eu\/#website"},"datePublished":"2015-05-16T13:55:23+00:00","dateModified":"2020-05-03T15:32:02+00:00","description":"Condizioni e tempi per esercitare il diritto di recesso sull'acquisto dei prodotti Bikun.","breadcrumb":{"@id":"https:\/\/www.bikun.eu\/fr\/diritto-di-recesso\/#breadcrumb"},"inLanguage":"fr-FR","potentialAction":[{"@type":"ReadAction","target":["https:\/\/www.bikun.eu\/fr\/diritto-di-recesso\/"]}]},{"@type":"BreadcrumbList","@id":"https:\/\/www.bikun.eu\/fr\/diritto-di-recesso\/#breadcrumb","itemListElement":[{"@type":"ListItem","position":1,"name":"Accueil","item":"https:\/\/www.bikun.eu\/fr\/home\/"},{"@type":"ListItem","position":2,"name":"Diritto di recesso"}]},{"@type":"WebSite","@id":"https:\/\/www.bikun.eu\/#website","url":"https:\/\/www.bikun.eu\/","name":"Bikun","description":"dimagrire con i bagni derivativi","potentialAction":[{"@type":"SearchAction","target":{"@type":"EntryPoint","urlTemplate":"https:\/\/www.bikun.eu\/?s={search_term_string}"},"query-input":{"@type":"PropertyValueSpecification","valueRequired":true,"valueName":"search_term_string"}}],"inLanguage":"fr-FR"}]}},"_links":{"self":[{"href":"https:\/\/www.bikun.eu\/fr\/wp-json\/wp\/v2\/pages\/32655","targetHints":{"allow":["GET"]}}],"collection":[{"href":"https:\/\/www.bikun.eu\/fr\/wp-json\/wp\/v2\/pages"}],"about":[{"href":"https:\/\/www.bikun.eu\/fr\/wp-json\/wp\/v2\/types\/page"}],"author":[{"embeddable":true,"href":"https:\/\/www.bikun.eu\/fr\/wp-json\/wp\/v2\/users\/1"}],"replies":[{"embeddable":true,"href":"https:\/\/www.bikun.eu\/fr\/wp-json\/wp\/v2\/comments?post=32655"}],"version-history":[{"count":2,"href":"https:\/\/www.bikun.eu\/fr\/wp-json\/wp\/v2\/pages\/32655\/revisions"}],"predecessor-version":[{"id":34860,"href":"https:\/\/www.bikun.eu\/fr\/wp-json\/wp\/v2\/pages\/32655\/revisions\/34860"}],"wp:attachment":[{"href":"https:\/\/www.bikun.eu\/fr\/wp-json\/wp\/v2\/media?parent=32655"}],"curies":[{"name":"wp","href":"https:\/\/api.w.org\/{rel}","templated":true}]}}